{"id":100,"date":"2024-04-16T14:02:54","date_gmt":"2024-04-16T11:02:54","guid":{"rendered":"https:\/\/sisu.ut.ee\/kashialmanahh\/?page_id=100"},"modified":"2025-10-28T16:08:38","modified_gmt":"2025-10-28T14:08:38","slug":"sissejuhatus","status":"publish","type":"page","link":"https:\/\/sisu.ut.ee\/kashialmanahh\/","title":{"rendered":"Tere tulemast KASHi almanahhi!"},"content":{"rendered":"<p><\/p>\n\n\n\n<p>KASH on Tartu \u00dclikooli \u00fchiskonnateaduste instituudi magistri\u00f5ppekava Kogukondade arendamine ja sotsiaalne heaolu (vaata t\u00e4psemalt <a href=\"https:\/\/ut.ee\/et\/oppekavad\/kogukondade-arendamine-ja-sotsiaalne-heaolu\" target=\"_blank\" rel=\"noreferrer noopener\">siit<\/a>). Almanahh on kogumik magistri\u00f5ppes tehtud kirjalikest t\u00f6\u00f6dest, suur osa siinseid artikleid on valminud magisri\u00f5ppe l\u00f5petamiseks. Aga on ka neid, mis on kirjutatud m\u00f5ne \u00f5ppeaine kodut\u00f6\u00f6ks. Tekstide autorid on magistrandid, m\u00f5ned tekstid on kirjutatud kaasautorluses \u00f5ppej\u00f5ududega.<\/p>\n\n\n\n<p>Idee kirjutada kogukonnaga seotud olulistel teemadel sai alguse juba 1. lennu erinevatest aruteludest seminarides ja \u00f5ppet\u00f6\u00f6 v\u00e4liseltki, see tulenes tunnetatud vajadusest oma teadmisi jagada, sest nii nagu \u00fctleb Ingrid Hiisi artiklis \u00fcks intervjueeritud kogukonna arendaja: \u201c<em>Meil on vaja lihtsaid materjale, mis oleksid inimestele k\u00e4ttesaadavad, et nad saaksid ennast kogukonna arendajatena turvalisemalt tunda.<\/em>\u201d Ja nii see idee tuli ja l\u00e4ks kuni KASHi 2. lennu l\u00f5petajad 2022\/23 \u00f5ppeaastal v\u00f5tsid ette hulljulge sammu ning l\u00f5id magistri\u00f5pingute l\u00f5petamiseks formaadi, millist varem polnud proovitud. <\/p>\n\n\n\n<div class=\"wp-block-media-text is-stacked-on-mobile\"><figure class=\"wp-block-media-text__media\"><img loading=\"lazy\" decoding=\"async\" width=\"500\" height=\"500\" src=\"https:\/\/sisu.ut.ee\/wp-content\/uploads\/sites\/681\/Untitled-design-3.png\" alt=\"\" class=\"wp-image-600 size-full\" srcset=\"https:\/\/sisu.ut.ee\/wp-content\/uploads\/sites\/681\/Untitled-design-3.png 500w, https:\/\/sisu.ut.ee\/wp-content\/uploads\/sites\/681\/Untitled-design-3-300x300.png 300w, https:\/\/sisu.ut.ee\/wp-content\/uploads\/sites\/681\/Untitled-design-3-150x150.png 150w\" sizes=\"auto, (max-width: 500px) 100vw, 500px\"><\/figure><div class=\"wp-block-media-text__content\">\n<p>2024 kevadel j\u00f5udsid need tekstid l\u00f5puks kokku almanahhiks. See koht siin saab olema pidevas muutumises, kuhu lisanduvad uued tekstid, mis avavad kogukonnaga seotud olulisi teemasid ja panustavad niimoodi kaasaegse kogukonna k\u00e4sitluse levikule.<mark style=\"background-color:rgba(0, 0, 0, 0)\" class=\"has-inline-color has-primary-color\"> Almanahh on <\/mark><strong><mark style=\"background-color:rgba(0, 0, 0, 0)\" class=\"has-inline-color has-primary-color\">nagu lapitekk<\/mark><\/strong>, kus s\u00f5bralikult koos on tekstid, mis on kirjutatud \u00f5pingute alguses ja \u00f5pingute finaaliks, t\u00e4pselt neil teemadel, mis kirjutajate jaoks olulised on olnud, t\u00e4pselt nii oman\u00e4oline nagu on KASHil \u00f5ppijate seltskond.<\/p>\n<\/div><\/div>\n\n\n\n<div class=\"wp-block-media-text has-media-on-the-right is-stacked-on-mobile\"><div class=\"wp-block-media-text__content\">\n<p>Kui hakkad lugema, hea lugeja, siis pea meeles, et need tekstid siin peegeldavad <strong><mark style=\"background-color:rgba(0, 0, 0, 0)\" class=\"has-inline-color has-primary-color\">kirjutamise hetke tarkust<\/mark><\/strong> ja \u00fchte peatust pidevas teadmiste kogumise ja arengu teekonnal, need tekstid on loodud \u00f5ppimise protsessis. Ja v\u00f5ibolla sellel hetkel kui sina loed, on mingid uued teadmised valdkonnas juba juurde tekkinud.<\/p>\n<\/div><figure class=\"wp-block-media-text__media\"><img loading=\"lazy\" decoding=\"async\" width=\"500\" height=\"500\" src=\"https:\/\/sisu.ut.ee\/wp-content\/uploads\/sites\/681\/Untitled-design-4.png\" alt=\"\" class=\"wp-image-602 size-full\" srcset=\"https:\/\/sisu.ut.ee\/wp-content\/uploads\/sites\/681\/Untitled-design-4.png 500w, https:\/\/sisu.ut.ee\/wp-content\/uploads\/sites\/681\/Untitled-design-4-300x300.png 300w, https:\/\/sisu.ut.ee\/wp-content\/uploads\/sites\/681\/Untitled-design-4-150x150.png 150w\" sizes=\"auto, (max-width: 500px) 100vw, 500px\"><\/figure><\/div>\n\n\n\n<p><strong><mark style=\"background-color:rgba(0, 0, 0, 0)\" class=\"has-inline-color has-primary-color\">Almanahh on samal ajal ajakapsel ja tuleviku teadmiste suunaja<\/mark><\/strong>. Seega \u2013 nendes tekstides avaldatu pole l\u00f5plik t\u00f5de, vaid kirjutajate peatused \u00f5ppimise teekonnal.<\/p>\n\n\n\n<p>Tekstid leiad nii siit vasakust k\u00f5rvalmen\u00fc\u00fcst kui ka lehe \u00fclalservas oleva saki \u201cArtiklid\u201d alt. Lisaks saad kasutada m\u00e4rks\u00f5nade loetelu endale huvipakkuva teema leidmiseks.<\/p>\n\n\n\n<p>Mis siis muud kui inspireerivat lugemist!<\/p>\n\n\n\n<p>Merle Linno<br>KASH \u00f5ppekava programmijuht<\/p>\n\n\n\n<p><\/p>\n","protected":false},"excerpt":{"rendered":"<p>KASH on Tartu \u00dclikooli \u00fchiskonnateaduste instituudi magistri\u00f5ppekava Kogukondade arendamine ja sotsiaalne heaolu (vaata t\u00e4psemalt siit). Almanahh on kogumik magistri\u00f5ppes tehtud kirjalikest t\u00f6\u00f6dest, suur osa siinseid artikleid on valminud magisri\u00f5ppe l\u00f5petamiseks. Aga on ka neid, mis on kirjutatud m\u00f5ne \u00f5ppeaine kodut\u00f6\u00f6ks. &#8230;<\/p>\n","protected":false},"author":336,"featured_media":617,"parent":0,"menu_order":0,"comment_status":"open","ping_status":"closed","template":"","meta":{"_acf_changed":false,"inline_featured_image":false,"footnotes":""},"class_list":["post-100","page","type-page","status-publish","has-post-thumbnail","hentry"],"acf":[],"_links":{"self":[{"href":"https:\/\/sisu.ut.ee\/kashialmanahh\/wp-json\/wp\/v2\/pages\/100","targetHints":{"allow":["GET"]}}],"collection":[{"href":"https:\/\/sisu.ut.ee\/kashialmanahh\/wp-json\/wp\/v2\/pages"}],"about":[{"href":"https:\/\/sisu.ut.ee\/kashialmanahh\/wp-json\/wp\/v2\/types\/page"}],"author":[{"embeddable":true,"href":"https:\/\/sisu.ut.ee\/kashialmanahh\/wp-json\/wp\/v2\/users\/336"}],"replies":[{"embeddable":true,"href":"https:\/\/sisu.ut.ee\/kashialmanahh\/wp-json\/wp\/v2\/comments?post=100"}],"version-history":[{"count":27,"href":"https:\/\/sisu.ut.ee\/kashialmanahh\/wp-json\/wp\/v2\/pages\/100\/revisions"}],"predecessor-version":[{"id":604,"href":"https:\/\/sisu.ut.ee\/kashialmanahh\/wp-json\/wp\/v2\/pages\/100\/revisions\/604"}],"wp:featuredmedia":[{"embeddable":true,"href":"https:\/\/sisu.ut.ee\/kashialmanahh\/wp-json\/wp\/v2\/media\/617"}],"wp:attachment":[{"href":"https:\/\/sisu.ut.ee\/kashialmanahh\/wp-json\/wp\/v2\/media?parent=100"}],"curies":[{"name":"wp","href":"https:\/\/api.w.org\/{rel}","templated":true}]}}