{"id":982,"date":"2025-03-07T15:32:34","date_gmt":"2025-03-07T13:32:34","guid":{"rendered":"https:\/\/sisu.ut.ee\/karjaarivarav\/?page_id=982"},"modified":"2026-01-16T09:06:09","modified_gmt":"2026-01-16T07:06:09","slug":"millised-on-too-otsimise-viisid","status":"publish","type":"page","link":"https:\/\/sisu.ut.ee\/karjaarivarav\/millised-on-too-otsimise-viisid\/","title":{"rendered":"Millised on t\u00f6\u00f6 otsimise viisid?"},"content":{"rendered":"<div style=\"height:28px\" aria-hidden=\"true\" class=\"wp-block-spacer\"><\/div>\n\n\n\n<figure class=\"wp-block-image alignright size-large is-resized\"><img loading=\"lazy\" decoding=\"async\" width=\"1024\" height=\"900\" src=\"https:\/\/sisu.ut.ee\/wp-content\/uploads\/sites\/644\/Too-otsimine-1024x900.jpg\" alt=\"\" class=\"wp-image-137\" style=\"width:258px;height:auto\" srcset=\"https:\/\/sisu.ut.ee\/wp-content\/uploads\/sites\/644\/Too-otsimine-1024x900.jpg 1024w, https:\/\/sisu.ut.ee\/wp-content\/uploads\/sites\/644\/Too-otsimine-300x264.jpg 300w, https:\/\/sisu.ut.ee\/wp-content\/uploads\/sites\/644\/Too-otsimine-768x675.jpg 768w, https:\/\/sisu.ut.ee\/wp-content\/uploads\/sites\/644\/Too-otsimine-1536x1350.jpg 1536w, https:\/\/sisu.ut.ee\/wp-content\/uploads\/sites\/644\/Too-otsimine-2048x1799.jpg 2048w, https:\/\/sisu.ut.ee\/wp-content\/uploads\/sites\/644\/Too-otsimine-1920x1687.jpg 1920w\" sizes=\"auto, (max-width: 1024px) 100vw, 1024px\"><\/figure>\n\n\n\n<p>T\u00f6\u00f6 otsimisel on kasulik valida mitu l\u00e4henemisviisi, sest siis leiad t\u00f5en\u00e4oliselt \u00fcles enamiku Sulle meelep\u00e4rastest t\u00f6\u00f6pakkumistest ja info Sinust j\u00f5uab ka tulevase t\u00f6\u00f6andjani. \u00dcsna suur osa t\u00f6\u00f6tajaid v\u00e4rvatakse avalike konkursside (t\u00f6\u00f6portaalid, ettev\u00f5tete kodulehed, personaliotsingu- ja t\u00f6\u00f6vahendusettev\u00f5tted) teel, aga paljud t\u00f6\u00f6andjad k\u00fcsivad t\u00f6\u00f6taja leidmiseks teavet ka oma tuttavatelt (isiklik ja t\u00f6\u00f6v\u00f5rgustik), vaatavad sotsiaalmeediat (Facebook, LinkedIn jt), korraldavad ettev\u00f5ttesiseseid konkursse ja teevad otsepakkumisi.<\/p>\n\n\n\n<div style=\"height:4px\" aria-hidden=\"true\" class=\"wp-block-spacer\"><\/div>\n\n\n<div class=\"accordion-block mb-3\">\n\t\t<div class=\"accordion \" id=\"accordion-accordion-69da187453c9e\">\n\t\t\t\t\t\t\t<div class=\"accordion-item accordion-item--blue\">\n\t\t\t\t\t<h2 class=\"accordion-header\" id=\"accordion-69da187453c9e-heading-1\">\n\t\t\t\t\t\t<button class=\"accordion-button collapsed\" type=\"button\" data-bs-toggle=\"collapse\" data-bs-target=\"#accordion-69da187453c9e-collapse-1\" aria-expanded=\"true\" aria-controls=\"accordion-69da187453c9e-collapse-1\">\n\t\t\t\t\t\t\tTutvu t\u00f6\u00f6pakkumistega t\u00f6\u00f6vahendusplatvormidel ja -rakendustes\n\t\t\t\t\t\t<\/button>\n\t\t\t\t\t<\/h2>\n\t\t\t\t\t<div id=\"accordion-69da187453c9e-collapse-1\" class=\"accordion-collapse collapse \" aria-labelledby=\"accordion-69da187453c9e-heading-1\">\n\t\t\t\t\t\t<div class=\"accordion-body\">\n\t\t\t\t\t\t\t<p>T\u00f6\u00f6portaalides v\u00f5id teha \u00fcldist otsingut v\u00f5i kitsendada valikut, n\u00e4iteks m\u00e4\u00e4rata huvipakkuva valdkonna, eriala m\u00e4rks\u00f5na, asukoha, t\u00f6\u00f6tamise viisi, t\u00f6\u00f6aja, -keele, -tasu, ettev\u00f5tte v\u00f5i organisatsiooni ja t\u00f6\u00f6pakkumise aegumist\u00e4htaja.<\/p>\n<p>Loo endale t\u00f6\u00f6vahenduskeskkondadesse konto. Kirjelda seal oma huvi, motivatsiooni, \u00f5pi- ja t\u00f6\u00f6kogemusi ning enda tugevamaid p\u00e4devusi. V\u00e4rskenda profiili vastavalt sellele, kuidas end aja jooksul t\u00e4iendad.<\/p>\n<p>T\u00f6\u00f6pakkumisi leiad<\/p>\n<ul>\n<li><a href=\"https:\/\/praktika.ut.ee\/\">T\u00dc praktikaveebist<\/a>,<\/li>\n<li>t\u00f6\u00f6vahendusportaalidest, nt <a href=\"https:\/\/www.cvkeskus.ee\/\">cvkeskus.ee<\/a> ja <a href=\"https:\/\/www.cv.ee\/et\/search?limit=20&amp;offset=0&amp;isHourlySalary=false\">cv.ee<\/a>,<\/li>\n<li>Eesti T\u00f6\u00f6tukassa veebilehe <a href=\"https:\/\/www.tootukassa.ee\/et\/toopakkumised\">t\u00f6\u00f6vahendusrubriigist<\/a>,<\/li>\n<li>\u00e4riv\u00f5rgustikust <a href=\"https:\/\/www.linkedin.com\/jobs\/search\/?currentJobId=3818480691&amp;geoId=102974008&amp;location=Estonia&amp;origin=JOB_SEARCH_PAGE_JOB_FILTER&amp;refresh=true\">linkedin.com<\/a>,<\/li>\n<li>t\u00f6\u00f6vahendusrakendustest, nt <a href=\"https:\/\/meetfrank.com\/\">meetfrank.com<\/a>, <a href=\"https:\/\/www.pocketpro.ee\/\">pocketpro.ee<\/a> ja <a href=\"https:\/\/www.jobbatical.com\/\">jobatical.com<\/a>,<\/li>\n<li>Euroopa t\u00f6\u00f6alase liikuvuse portaalist (EURES) <a href=\"https:\/\/eures.ee\/toootsijale\">eures.ee<\/a>,<\/li>\n<li>paindlikke t\u00f6\u00f6ampse vahendavalt platvormilt <a href=\"https:\/\/promo.goworkabit.com\/ampsaja\/\">goworkabit.com<\/a>,<\/li>\n<li>Rahandusministeeriumi <a href=\"https:\/\/www.fin.ee\/riigihaldus-ja-avalik-teenistus-kinnisvara\/avalik-teenistus\/avalikud-konkursid\">avalike konkursside<\/a> alamlehelt.<\/li>\n<\/ul>\n\n\t\t\t\t\t\t<\/div>\n\t\t\t\t\t<\/div>\n\t\t\t\t<\/div>\n\t\t\t\t\t\t\t<div class=\"accordion-item accordion-item--blue\">\n\t\t\t\t\t<h2 class=\"accordion-header\" id=\"accordion-69da187453c9e-heading-2\">\n\t\t\t\t\t\t<button class=\"accordion-button collapsed\" type=\"button\" data-bs-toggle=\"collapse\" data-bs-target=\"#accordion-69da187453c9e-collapse-2\" aria-expanded=\"true\" aria-controls=\"accordion-69da187453c9e-collapse-2\">\n\t\t\t\t\t\t\tOsale karj\u00e4\u00e4rimessidel\n\t\t\t\t\t\t<\/button>\n\t\t\t\t\t<\/h2>\n\t\t\t\t\t<div id=\"accordion-69da187453c9e-collapse-2\" class=\"accordion-collapse collapse \" aria-labelledby=\"accordion-69da187453c9e-heading-2\">\n\t\t\t\t\t\t<div class=\"accordion-body\">\n\t\t\t\t\t\t\t<p>T\u00f6\u00f6-, karj\u00e4\u00e4ri- v\u00f5i praktikamesse korraldavad igal kevadel nii <a href=\"https:\/\/ut.ee\/et\/sisu\/karjaaripaevad\">Tartu \u00dclikooli valdkonnad ja instituudid<\/a>\u00a0kui ka n\u00e4iteks <a href=\"https:\/\/toomess.ee\/ee\/too-ja-karjaarimess\/\">Eesti T\u00f6\u00f6tukassa<\/a>.<\/p>\n<p>Messidel saad kohtuda t\u00f6\u00f6andjatega silmast silma (m\u00f5nikord ka virtuaalselt), koguda infot t\u00f6\u00f6pakkumiste ja karj\u00e4\u00e4riv\u00f5imaluste, t\u00f6\u00f6andjate ootuste ja valdkonnas toimuva kohta. Sul on v\u00f5imalus tutvustada end t\u00f6\u00f6andjatele ja esitada neile k\u00fcsimusi, et n\u00e4idata \u00fcles oma huvi ja motivatsiooni ehk turundada oma teadmisi, oskusi ja kogemusi. T\u00f6\u00f6andjad omakorda on messidel selleks, et leida \u00fcles ja meelitada kandideerima parimad ja motiveeritumad talendid.<\/p>\n<p>Et j\u00e4\u00e4da v\u00f5imalikule t\u00f6\u00f6andjale positiivselt silma ja meelde, tasub end p\u00f5hjalikult ette valmistada. Selleks m\u00f5tle l\u00e4bi ja koosta plaan ning j\u00e4rgi seda.<\/p>\n<ul>\n<li>Uuri eelnevalt, millised ettev\u00f5tted, asutused ja organisatsioonid messil osalevad.<\/li>\n<li>Tutvu huvipakkuvate t\u00f6\u00f6andjate kodulehtedel oleva infoga l\u00e4hemalt.<\/li>\n<li>M\u00f5tle l\u00e4bi k\u00fcsimused, mida esitada. N\u00e4iteks v\u00f5id uurida t\u00f6\u00f6kultuuri ja -korralduse, alustavale t\u00f6\u00f6taja suhtes seatud ootuste ja tema arenguv\u00f5imaluste, kandideerimisprotsessi jm kohta. Su k\u00fcsimused peaksid aitama Sul aru saada, kas see on koht, kus soovid t\u00f6\u00f6tada. Samal ajal pea meeles, et Sinu k\u00fcsimused n\u00e4itavad ettev\u00f5tte esindajale, milline on Su ettevalmistus, huvi ja motivatsioon.<\/li>\n<li>M\u00f5tle l\u00e4bi, kuidas ennast t\u00f6\u00f6andjale tutvustad. Ole valmis r\u00e4\u00e4kima oma erialast, \u00f5pi- ja t\u00f6\u00f6kogemustest, valdkonnaga seotud huvist, l\u00e4hematest ja kaugematest eesm\u00e4rkidest, ootustest tulevasele t\u00f6\u00f6andjale jne.<\/li>\n<li>Tee vajaduse korral nii valmistudes kui ka t\u00f6\u00f6andjaga vesteldes m\u00e4rkmeid. Talletatud info (sh kontaktandmed) v\u00f5ib Sind hiljem kandideerimisel aidata.<\/li>\n<li>V\u00f5ta t\u00f6\u00f6andjatega julgelt kontakti, suhtle avatult ning n\u00e4ita \u00fcles oma huvi ja uudishimu pakutavate v\u00f5imaluste vastu.<\/li>\n<li>Kui vestluse alustamine tundub hirmutav, siis tuleta endale meelde, et t\u00f6\u00f6andjad osalevad messidel just selleks, et leida uusi motiveeritud talente ja luua kasulikke kontakte.<\/li>\n<li>Pea meeles, et iga vestlus on hea v\u00f5imalus harjutada kontakti loomise, suhtlemise ja ka info kogumise oskusi.<\/li>\n<li>P\u00e4rast messi v\u00f5id julgesti \u00fchendust v\u00f5tta t\u00f6\u00f6andjatega, kellega vesteldes j\u00f5udsid arusaamiseni, et sooviksid nende ettev\u00f5ttes t\u00f6\u00f6tada. Tuleta end neile meelde, uuri t\u00f6\u00f6v\u00f5imaluste kohta jne.<\/li>\n<\/ul>\n\n\t\t\t\t\t\t<\/div>\n\t\t\t\t\t<\/div>\n\t\t\t\t<\/div>\n\t\t\t\t\t\t\t<div class=\"accordion-item accordion-item--blue\">\n\t\t\t\t\t<h2 class=\"accordion-header\" id=\"accordion-69da187453c9e-heading-3\">\n\t\t\t\t\t\t<button class=\"accordion-button collapsed\" type=\"button\" data-bs-toggle=\"collapse\" data-bs-target=\"#accordion-69da187453c9e-collapse-3\" aria-expanded=\"true\" aria-controls=\"accordion-69da187453c9e-collapse-3\">\n\t\t\t\t\t\t\tOtsi t\u00f6\u00f6d v\u00e4rbamisagentuuride ja personaliotsinguettev\u00f5tete kaudu\n\t\t\t\t\t\t<\/button>\n\t\t\t\t\t<\/h2>\n\t\t\t\t\t<div id=\"accordion-69da187453c9e-collapse-3\" class=\"accordion-collapse collapse \" aria-labelledby=\"accordion-69da187453c9e-heading-3\">\n\t\t\t\t\t\t<div class=\"accordion-body\">\n\t\t\t\t\t\t\t<p>V\u00e4rbamis- ja personaliotsingufirmad pakuvad oma teenuseid nii t\u00f6\u00f6andjatele kui ka t\u00f6\u00f6otsijatele. T\u00f6\u00f6d otsides v\u00f5id v\u00f5tta nendega \u00fchendust v\u00f5i liituda nende talendipangaga, et saada infot enda ootustele ja kogemustele vastavatest t\u00f6\u00f6pakkumistest. Kandideerides saad neilt tagasisidet oma v\u00e4ljavaadete ja v\u00e4rbamisprotsessi kohta.<\/p>\n\n\t\t\t\t\t\t<\/div>\n\t\t\t\t\t<\/div>\n\t\t\t\t<\/div>\n\t\t\t\t\t\t\t<div class=\"accordion-item accordion-item--blue\">\n\t\t\t\t\t<h2 class=\"accordion-header\" id=\"accordion-69da187453c9e-heading-4\">\n\t\t\t\t\t\t<button class=\"accordion-button collapsed\" type=\"button\" data-bs-toggle=\"collapse\" data-bs-target=\"#accordion-69da187453c9e-collapse-4\" aria-expanded=\"true\" aria-controls=\"accordion-69da187453c9e-collapse-4\">\n\t\t\t\t\t\t\tTutvu vabade ametikohtadega v\u00f5imaliku t\u00f6\u00f6andja kodulehek\u00fcljel\n\t\t\t\t\t\t<\/button>\n\t\t\t\t\t<\/h2>\n\t\t\t\t\t<div id=\"accordion-69da187453c9e-collapse-4\" class=\"accordion-collapse collapse \" aria-labelledby=\"accordion-69da187453c9e-heading-4\">\n\t\t\t\t\t\t<div class=\"accordion-body\">\n\t\t\t\t\t\t\t<p>Paljudel (suurematel) ettev\u00f5tetel, asutustel ja organisatsioonidel on kodulehel karj\u00e4\u00e4rirubriik, kust v\u00f5id leida infot vabade t\u00f6\u00f6kohtade, praktikav\u00f5imaluste, konkursside ja \u00fcrituste kohta. Hoia silm peal huvipakkuvate ettev\u00f5tete kodulehel avaldatud infol, otsi ootustele vastavaid t\u00f6\u00f6pakkumisi ja nende leidmisel kandideeri. Teavet atraktiivsete ettev\u00f5tete kohta pakub n\u00e4iteks igal aastal uuringufirma Instar korraldatav <a href=\"https:\/\/www.instar.ee\/uuring\/\">t\u00f6\u00f6ootuste ja t\u00f6\u00f6andja maine uuring<\/a>.<\/p>\n\n\t\t\t\t\t\t<\/div>\n\t\t\t\t\t<\/div>\n\t\t\t\t<\/div>\n\t\t\t\t\t\t\t<div class=\"accordion-item accordion-item--blue\">\n\t\t\t\t\t<h2 class=\"accordion-header\" id=\"accordion-69da187453c9e-heading-5\">\n\t\t\t\t\t\t<button class=\"accordion-button collapsed\" type=\"button\" data-bs-toggle=\"collapse\" data-bs-target=\"#accordion-69da187453c9e-collapse-5\" aria-expanded=\"true\" aria-controls=\"accordion-69da187453c9e-collapse-5\">\n\t\t\t\t\t\t\tV\u00f5ta \u00fchendust t\u00f6\u00f6andjaga\n\t\t\t\t\t\t<\/button>\n\t\t\t\t\t<\/h2>\n\t\t\t\t\t<div id=\"accordion-69da187453c9e-collapse-5\" class=\"accordion-collapse collapse \" aria-labelledby=\"accordion-69da187453c9e-heading-5\">\n\t\t\t\t\t\t<div class=\"accordion-body\">\n\t\t\t\t\t\t\t<p>Uuri p\u00f5hjalikult v\u00f5imaliku t\u00f6\u00f6andja kodulehel ja sotsiaalmeedias avaldatud infot. M\u00f5tle sellest l\u00e4htudes l\u00e4bi enda eesm\u00e4rgid, ootused, oskused ja kogemused. Kaalu, mida Sina saad t\u00f6\u00f6andjale pakkuda ja millega kasulik olla, milliseid ettev\u00f5tte eesm\u00e4rke saad aidata t\u00e4ita v\u00f5i milliseid probleeme lahendada, miks soovid nende heaks t\u00f6\u00f6tada, millist kasu loodad sellest koost\u00f6\u00f6st saada jne.<\/p>\n<p>T\u00f6\u00f6andjaga \u00fchendust v\u00f5ttes v\u00f5id n\u00e4iteks uurida, kas ja milliseid t\u00f6\u00f6pakkumisi on neil l\u00e4hiajal tekkimas, milliste \u00fclesannete t\u00e4itmiseks vajaksid nad lisat\u00f6\u00f6j\u00f5udu, milliste teadmiste, oskuste ja kogemustega spetsialiste neil tarvis on jne. Sa v\u00f5id ka saata t\u00f6\u00f6andjale oma CV koos kaaskirjaga. Isegi kui t\u00f6\u00f6andjal pole Sulle hetkel midagi pakkuda, j\u00e4\u00e4b info Sinu kohta tema andmebaasi ja vajaduse tekkides saab ta \u00fchendust v\u00f5tta.<\/p>\n\n\t\t\t\t\t\t<\/div>\n\t\t\t\t\t<\/div>\n\t\t\t\t<\/div>\n\t\t\t\t\t\t\t<div class=\"accordion-item accordion-item--blue\">\n\t\t\t\t\t<h2 class=\"accordion-header\" id=\"accordion-69da187453c9e-heading-6\">\n\t\t\t\t\t\t<button class=\"accordion-button collapsed\" type=\"button\" data-bs-toggle=\"collapse\" data-bs-target=\"#accordion-69da187453c9e-collapse-6\" aria-expanded=\"true\" aria-controls=\"accordion-69da187453c9e-collapse-6\">\n\t\t\t\t\t\t\tKasuta oma suhtlusv\u00f5rgustikku\n\t\t\t\t\t\t<\/button>\n\t\t\t\t\t<\/h2>\n\t\t\t\t\t<div id=\"accordion-69da187453c9e-collapse-6\" class=\"accordion-collapse collapse \" aria-labelledby=\"accordion-69da187453c9e-heading-6\">\n\t\t\t\t\t\t<div class=\"accordion-body\">\n\t\t\t\t\t\t\t<p>R\u00e4\u00e4gi oma kursuse- v\u00f5i r\u00fchmakaaslaste, labori v\u00f5i uuringur\u00fchma liikmete, uurimist\u00f6\u00f6 v\u00f5i praktika juhendajate, pereliikmete, s\u00f5prade, tuttavate, m\u00f5ne projekti kaasosalise, koori- v\u00f5i trennikaaslaste ja teistega sellest, et otsid t\u00f6\u00f6d. Kirjelda, milline v\u00f5iks see t\u00f6\u00f6koht olla, ja palu neil omakorda seda teavet jagada. Alati ei pruugi neil olla t\u00e4pselt seda infot, mida otsid, kuid nende suhtlusringis v\u00f5ib olla inimesi, kellest v\u00f5ib t\u00f6\u00f6 leidmisel kasu olla.<\/p>\n<p>M\u00f5nikord v\u00f5id tunda teistelt inimestelt abi k\u00fcsides ebamugavust, t\u00f5rget, tunnet, et kasutaksid otsekui teisi \u00e4ra. Kuid me k\u00f5ik suhtleme inimestega iga p\u00e4ev isiklikult ja t\u00f6\u00f6alaselt, tunneme \u00fcksteise vastu huvi, jagame ideid, teadmisi ja soovitusi ning aitame vajaduse korral \u00fcksteist. Teabe jagamine oma t\u00f6\u00f6otsingute kohta on \u00fcks osa sellest.<\/p>\n\n\t\t\t\t\t\t<\/div>\n\t\t\t\t\t<\/div>\n\t\t\t\t<\/div>\n\t\t\t\t\t\t\t<div class=\"accordion-item accordion-item--blue\">\n\t\t\t\t\t<h2 class=\"accordion-header\" id=\"accordion-69da187453c9e-heading-7\">\n\t\t\t\t\t\t<button class=\"accordion-button collapsed\" type=\"button\" data-bs-toggle=\"collapse\" data-bs-target=\"#accordion-69da187453c9e-collapse-7\" aria-expanded=\"true\" aria-controls=\"accordion-69da187453c9e-collapse-7\">\n\t\t\t\t\t\t\tKasuta sotsiaalmeedia v\u00f5imalusi\n\t\t\t\t\t\t<\/button>\n\t\t\t\t\t<\/h2>\n\t\t\t\t\t<div id=\"accordion-69da187453c9e-collapse-7\" class=\"accordion-collapse collapse \" aria-labelledby=\"accordion-69da187453c9e-heading-7\">\n\t\t\t\t\t\t<div class=\"accordion-body\">\n\t\t\t\t\t\t\t<p>Sotsiaalmeediaplatvormid LinkedIn, Instagram, Twitter, Facebook, Youtube jt sobivad h\u00e4sti t\u00f6\u00f6alase suhtlusv\u00f5rgustiku loomiseks ja laiendamiseks, info vahetamiseks, eneseturunduseks, erialaliitude v\u00f5i -r\u00fchmadega \u00fchinemiseks, juurdep\u00e4\u00e4suks t\u00f6\u00f6pakkumistele jm. Vaata oma sotsiaalmeedia kontod teadlikult \u00fcle, sest need on otsekui Sinu visiitkaart. M\u00f5tle n\u00e4iteks l\u00e4bi, millist kanalit ja mis eesm\u00e4rgiga Sa peamiselt kasutad; millisena soovid end maailmale n\u00e4idata; mida tahaksid, et inimesed Sinust teaksid nii t\u00f6\u00f6ga seoses kui ka muudel aladel; milles oled v\u00e4ga hea; mille \u00fcle oled uhke; millist sisu ja fotosid Sa jagad jne. Selle p\u00f5hjal saad kujundada sotsiaalmeedias endale sobiva kuvandi. Tee muu hulgas\u00a0 oma konto(de)l l\u00e4bim\u00f5eldud postitus sellest, milliseid t\u00f6\u00f6v\u00f5imalusi otsid ning milliseid oskusi ja kogemusi on Sul t\u00f6\u00f6andjale pakkuda.<\/p>\n<p>Ettev\u00f5tted kasutavad LinkedIni, Twitterit, Instagrami ja teisi platvorme selleks, et tutvustada oma kultuuri, v\u00e4\u00e4rtusi ja arendust\u00f6\u00f6d. J\u00e4lgi Sulle huvipakkuvate ettev\u00f5tete ja juhtide sotsiaalmeediapostitusi.<\/p>\n<p>Erialaliitude sotsialmeediakanalites saad osaleda aruteludes, jagada oma m\u00f5tteid, n\u00e4idata oma motivatsiooni ja huvi, k\u00fcsida asjakohaseid k\u00fcsimusi. T\u00f6\u00f6pakkumiste gruppides ja keskkondades (nt Facebook, LinkedIn) on Sul v\u00f5imalik j\u00e4lgida, mis t\u00f6\u00f6turul toimub.<\/p>\n\n\t\t\t\t\t\t<\/div>\n\t\t\t\t\t<\/div>\n\t\t\t\t<\/div>\n\t\t\t\t\t\t\t<div class=\"accordion-item accordion-item--blue\">\n\t\t\t\t\t<h2 class=\"accordion-header\" id=\"accordion-69da187453c9e-heading-8\">\n\t\t\t\t\t\t<button class=\"accordion-button collapsed\" type=\"button\" data-bs-toggle=\"collapse\" data-bs-target=\"#accordion-69da187453c9e-collapse-8\" aria-expanded=\"true\" aria-controls=\"accordion-69da187453c9e-collapse-8\">\n\t\t\t\t\t\t\tKasuta oma praktikakogemusi\n\t\t\t\t\t\t<\/button>\n\t\t\t\t\t<\/h2>\n\t\t\t\t\t<div id=\"accordion-69da187453c9e-collapse-8\" class=\"accordion-collapse collapse \" aria-labelledby=\"accordion-69da187453c9e-heading-8\">\n\t\t\t\t\t\t<div class=\"accordion-body\">\n\t\t\t\t\t\t\t<p>Vabatahtliku v\u00f5i kohustusliku praktika k\u00e4igus laieneb Su silmaring, Sa saad omandada ja rakendada teadmisi ning eriala- ja \u00fcldoskusi. Praktika on v\u00e4ga hea v\u00f5imalus kogeda, kas ja kuidas konkreetne t\u00f6\u00f6, ettev\u00f5te ja keskkond Sulle sobib.<\/p>\n<p>Veelgi enam, praktikakoha tundma\u00f5ppimine ja seal t\u00f6\u00f6tamine v\u00f5ib pakkuda v\u00e4\u00e4rtuslikke tulevikuv\u00e4ljavaateid: p\u00e4ris sageli juhtub, et t\u00f6\u00f6andja pakub t\u00f6\u00f6kohta asjalikule praktikandile, kelle t\u00f6\u00f6ssesuhtumisest ja t\u00f6\u00f6tamisest, oskustest, meeskonnat\u00f6\u00f6st ja arengukohtadest on tal tekkinud hea ettekujutus.<\/p>\n<p>Kui Sul on seljataga tore praktikakogemus ja sooviksid samas ettev\u00f5ttes ka t\u00f6\u00f6le asuda, p\u00f6\u00f6rdu julgelt oma t\u00f6\u00f6andja poole ja uuri, kas tal on Sulle p\u00e4rast \u00fclikooli l\u00f5petamist sobivat t\u00f6\u00f6d pakkuda.<\/p>\n<p>Kui lisad kirjelduse l\u00e4bitud praktika kohta oma kandideerimisdokumentidesse, n\u00e4itab see t\u00f6\u00f6pakkujale, et oled aktiivne, uudishimulik, motiveeritud ja \u00f5pihimuline ning see v\u00f5ib suurendada Sinu v\u00f5imalusi t\u00f6\u00f6 leidmisel.<\/p>\n\n\t\t\t\t\t\t<\/div>\n\t\t\t\t\t<\/div>\n\t\t\t\t<\/div>\n\t\t\t\t\t\t\t<div class=\"accordion-item accordion-item--blue\">\n\t\t\t\t\t<h2 class=\"accordion-header\" id=\"accordion-69da187453c9e-heading-9\">\n\t\t\t\t\t\t<button class=\"accordion-button collapsed\" type=\"button\" data-bs-toggle=\"collapse\" data-bs-target=\"#accordion-69da187453c9e-collapse-9\" aria-expanded=\"true\" aria-controls=\"accordion-69da187453c9e-collapse-9\">\n\t\t\t\t\t\t\tTee vabatahtlikku t\u00f6\u00f6d\n\t\t\t\t\t\t<\/button>\n\t\t\t\t\t<\/h2>\n\t\t\t\t\t<div id=\"accordion-69da187453c9e-collapse-9\" class=\"accordion-collapse collapse \" aria-labelledby=\"accordion-69da187453c9e-heading-9\">\n\t\t\t\t\t\t<div class=\"accordion-body\">\n\t\t\t\t\t\t\t<p>Vabatahtlikuna tegutsemine pakub positiivset emotsiooni ja avardab maailmapilti, v\u00f5imaldab end arendada ja proovile panna, omandada uusi oskusi, teadmisi ja kogemusi ning luua uusi tutvusi. Lisaks v\u00f5ivad vabatahtliku t\u00f6\u00f6 k\u00e4igus kohatud inimesed ja koost\u00f6\u00f6partnerid jagada Sulle infot m\u00f5nest sobivast t\u00f6\u00f6pakkumisest v\u00f5i olla v\u00e4\u00e4rt soovitajateks kandideerimisel.<\/p>\n<p>T\u00f6\u00f6 otsimisel on kasulik vabatahtlikus tegevuses omandatud kogemused kirja panna <a href=\"https:\/\/vabatahtlikud.ee\/vabatahtlik-tegevus\/vabatahtliku-pass\/\">vabatahtliku passi<\/a>. Seda saad kasutada koos CV-ga enda kogemuse t\u00f5endamiseks.<\/p>\n\n\t\t\t\t\t\t<\/div>\n\t\t\t\t\t<\/div>\n\t\t\t\t<\/div>\n\t\t\t\t\t<\/div>\n\t<\/div>\n","protected":false},"excerpt":{"rendered":"<p>T\u00f6\u00f6 otsimisel on kasulik valida mitu l\u00e4henemisviisi, sest siis leiad t\u00f5en\u00e4oliselt \u00fcles enamiku Sulle meelep\u00e4rastest t\u00f6\u00f6pakkumistest ja info Sinust j\u00f5uab ka tulevase t\u00f6\u00f6andjani. \u00dcsna suur osa t\u00f6\u00f6tajaid v\u00e4rvatakse avalike konkursside (t\u00f6\u00f6portaalid, ettev\u00f5tete kodulehed, personaliotsingu- ja t\u00f6\u00f6vahendusettev\u00f5tted) teel, aga paljud t\u00f6\u00f6andjad &#8230;<\/p>\n","protected":false},"author":346,"featured_media":0,"parent":0,"menu_order":1,"comment_status":"closed","ping_status":"closed","template":"","meta":{"_acf_changed":false,"inline_featured_image":false,"footnotes":""},"class_list":["post-982","page","type-page","status-publish","hentry"],"acf":[],"_links":{"self":[{"href":"https:\/\/sisu.ut.ee\/karjaarivarav\/wp-json\/wp\/v2\/pages\/982","targetHints":{"allow":["GET"]}}],"collection":[{"href":"https:\/\/sisu.ut.ee\/karjaarivarav\/wp-json\/wp\/v2\/pages"}],"about":[{"href":"https:\/\/sisu.ut.ee\/karjaarivarav\/wp-json\/wp\/v2\/types\/page"}],"author":[{"embeddable":true,"href":"https:\/\/sisu.ut.ee\/karjaarivarav\/wp-json\/wp\/v2\/users\/346"}],"replies":[{"embeddable":true,"href":"https:\/\/sisu.ut.ee\/karjaarivarav\/wp-json\/wp\/v2\/comments?post=982"}],"version-history":[{"count":9,"href":"https:\/\/sisu.ut.ee\/karjaarivarav\/wp-json\/wp\/v2\/pages\/982\/revisions"}],"predecessor-version":[{"id":1904,"href":"https:\/\/sisu.ut.ee\/karjaarivarav\/wp-json\/wp\/v2\/pages\/982\/revisions\/1904"}],"wp:attachment":[{"href":"https:\/\/sisu.ut.ee\/karjaarivarav\/wp-json\/wp\/v2\/media?parent=982"}],"curies":[{"name":"wp","href":"https:\/\/api.w.org\/{rel}","templated":true}]}}