{"id":9,"date":"2024-04-04T08:52:35","date_gmt":"2024-04-04T05:52:35","guid":{"rendered":"https:\/\/sisu.ut.ee\/karjaarivarav\/karjaariotsuste-tegemine\/"},"modified":"2024-07-02T16:11:05","modified_gmt":"2024-07-02T13:11:05","slug":"karjaariotsuste-tegemine","status":"publish","type":"page","link":"https:\/\/sisu.ut.ee\/karjaarivarav\/karjaariotsuste-tegemine\/","title":{"rendered":"Kust saada veel teavet karj\u00e4\u00e4riotsuste tegemiseks?"},"content":{"rendered":"<p><\/p>\n\n\n\n<p>Karj\u00e4\u00e4rivalik v\u00f5ib m\u00f5nikord minna \u00fcsna sujuvalt, teinekord \u00fcle kivide ja k\u00e4ndude. On ju tegu kaaluka otsusega. Seda, kuidas otsustamine ja info t\u00f6\u00f6tlemine t\u00e4psemalt toimivad, saad lugeda artiklist <a href=\"https:\/\/ut.ee\/et\/sisu\/kuidas-teha-karjaariotsuseid\" target=\"_blank\" rel=\"noreferrer noopener\">\u201eKuidas teha karj\u00e4\u00e4riotsuseid?\u201c<\/a><\/p>\n\n\n\n<p>Peale selle, et saad arutada oma karj\u00e4\u00e4rivalikut pereliikmete ja s\u00f5pradega, v\u00f5id tulla ka karj\u00e4\u00e4rin\u00f5ustaja vastuv\u00f5tule.<\/p>\n\n\n\n<div class=\"wp-block-buttons is-layout-flex wp-container-core-buttons-is-layout-a74382ec wp-block-buttons-is-layout-flex\">\n<div class=\"wp-block-button\"><a class=\"wp-block-button__link wp-element-button\" href=\"https:\/\/outlook.office365.com\/owa\/calendar\/Tnustamiskeskus-Bookings@TartuUlikool.onmicrosoft.com\/bookings\/?skipRedirect=1\" target=\"_blank\" rel=\"noreferrer noopener\">Broneeri aeg karj\u00e4\u00e4rin\u00f5ustaja juurde<\/a><\/div>\n<\/div>\n","protected":false},"excerpt":{"rendered":"<p>Karj\u00e4\u00e4rivalik v\u00f5ib m\u00f5nikord minna \u00fcsna sujuvalt, teinekord \u00fcle kivide ja k\u00e4ndude. On ju tegu kaaluka otsusega. Seda, kuidas otsustamine ja info t\u00f6\u00f6tlemine t\u00e4psemalt toimivad, saad lugeda artiklist \u201eKuidas teha karj\u00e4\u00e4riotsuseid?\u201c Peale selle, et saad arutada oma karj\u00e4\u00e4rivalikut pereliikmete ja s\u00f5pradega, &#8230;<\/p>\n","protected":false},"author":228,"featured_media":0,"parent":0,"menu_order":0,"comment_status":"closed","ping_status":"closed","template":"","meta":{"_acf_changed":false,"inline_featured_image":false,"footnotes":""},"class_list":["post-9","page","type-page","status-publish","hentry"],"acf":[],"_links":{"self":[{"href":"https:\/\/sisu.ut.ee\/karjaarivarav\/wp-json\/wp\/v2\/pages\/9","targetHints":{"allow":["GET"]}}],"collection":[{"href":"https:\/\/sisu.ut.ee\/karjaarivarav\/wp-json\/wp\/v2\/pages"}],"about":[{"href":"https:\/\/sisu.ut.ee\/karjaarivarav\/wp-json\/wp\/v2\/types\/page"}],"author":[{"embeddable":true,"href":"https:\/\/sisu.ut.ee\/karjaarivarav\/wp-json\/wp\/v2\/users\/228"}],"replies":[{"embeddable":true,"href":"https:\/\/sisu.ut.ee\/karjaarivarav\/wp-json\/wp\/v2\/comments?post=9"}],"version-history":[{"count":4,"href":"https:\/\/sisu.ut.ee\/karjaarivarav\/wp-json\/wp\/v2\/pages\/9\/revisions"}],"predecessor-version":[{"id":928,"href":"https:\/\/sisu.ut.ee\/karjaarivarav\/wp-json\/wp\/v2\/pages\/9\/revisions\/928"}],"wp:attachment":[{"href":"https:\/\/sisu.ut.ee\/karjaarivarav\/wp-json\/wp\/v2\/media?parent=9"}],"curies":[{"name":"wp","href":"https:\/\/api.w.org\/{rel}","templated":true}]}}