{"id":7,"date":"2025-03-07T15:31:24","date_gmt":"2025-03-07T13:31:24","guid":{"rendered":"https:\/\/sisu.ut.ee\/karjaarivarav\/kuidas-laiendada-karjaarivaljavaateid\/"},"modified":"2024-09-20T11:13:46","modified_gmt":"2024-09-20T08:13:46","slug":"kuidas-laiendada-karjaarivaljavaateid","status":"publish","type":"page","link":"https:\/\/sisu.ut.ee\/karjaarivarav\/kuidas-laiendada-karjaarivaljavaateid\/","title":{"rendered":"T\u00f6\u00f6 leidmisega seotud m\u00fc\u00fcdid"},"content":{"rendered":"<div style=\"height:23px\" aria-hidden=\"true\" class=\"wp-block-spacer\"><\/div>\n\n\n\n<figure class=\"wp-block-image alignright size-large is-resized\"><img loading=\"lazy\" decoding=\"async\" width=\"1024\" height=\"900\" src=\"https:\/\/sisu.ut.ee\/wp-content\/uploads\/sites\/644\/Too-otsimine-1024x900.jpg\" alt=\"\" class=\"wp-image-137\" style=\"width:258px;height:auto\" srcset=\"https:\/\/sisu.ut.ee\/wp-content\/uploads\/sites\/644\/Too-otsimine-1024x900.jpg 1024w, https:\/\/sisu.ut.ee\/wp-content\/uploads\/sites\/644\/Too-otsimine-300x264.jpg 300w, https:\/\/sisu.ut.ee\/wp-content\/uploads\/sites\/644\/Too-otsimine-768x675.jpg 768w, https:\/\/sisu.ut.ee\/wp-content\/uploads\/sites\/644\/Too-otsimine-1536x1350.jpg 1536w, https:\/\/sisu.ut.ee\/wp-content\/uploads\/sites\/644\/Too-otsimine-2048x1799.jpg 2048w, https:\/\/sisu.ut.ee\/wp-content\/uploads\/sites\/644\/Too-otsimine-1920x1687.jpg 1920w\" sizes=\"auto, (max-width: 1024px) 100vw, 1024px\"><\/figure>\n\n\n\n<p>T\u00f6\u00f6 otsimist ja karj\u00e4\u00e4riv\u00e4ljavaadete laiendamist v\u00f5ivad takistada mitmesugused m\u00fc\u00fcdid ja uskumused. Vaata l\u00e4hemalt, kas tunned m\u00f5ne neist \u00e4ra ka enda m\u00f5ttemustrites.<\/p>\n\n\n\n<div style=\"height:8px\" aria-hidden=\"true\" class=\"wp-block-spacer\"><\/div>\n\n\n<div class=\"accordion-block mb-3\">\n\t\t<div class=\"accordion \" id=\"accordion-accordion-69da333d4134e\">\n\t\t\t\t\t\t\t<div class=\"accordion-item accordion-item--blue\">\n\t\t\t\t\t<h2 class=\"accordion-header\" id=\"accordion-69da333d4134e-heading-1\">\n\t\t\t\t\t\t<button class=\"accordion-button collapsed\" type=\"button\" data-bs-toggle=\"collapse\" data-bs-target=\"#accordion-69da333d4134e-collapse-1\" aria-expanded=\"true\" aria-controls=\"accordion-69da333d4134e-collapse-1\">\n\t\t\t\t\t\t\t\u00dclikooli l\u00f5petamine garanteerib mulle t\u00f6\u00f6koha\n\t\t\t\t\t\t<\/button>\n\t\t\t\t\t<\/h2>\n\t\t\t\t\t<div id=\"accordion-69da333d4134e-collapse-1\" class=\"accordion-collapse collapse \" aria-labelledby=\"accordion-69da333d4134e-heading-1\">\n\t\t\t\t\t\t<div class=\"accordion-body\">\n\t\t\t\t\t\t\t<p>Ainu\u00fcksi hariduse omandamine ei taga automaatselt t\u00f6\u00f6d, vaid astuda tuleb lisasamme, et t\u00f6\u00f6le saada. Ole uudishimulik ja avatud \u00f5ppija ning uuri oma eriala\u00f5ppe v\u00f5imalusi ja suundi hoolega. Esita \u00f5ppej\u00f5ududele, juhendajatele ja eriala asjatundjatele k\u00fcsimusi ning jaga oma m\u00f5tteid \u00f5pingukaaslastega. Pane end proovile praktikaprogrammides, projektides ja vabatahtlikus t\u00f6\u00f6s. Anal\u00fc\u00fcsi, kuidas seostub \u00f5pitav praktilise eluga ja kus Sa omandatud teadmisi rakendada saaksid. J\u00e4lgi sotsiaalmeedias eksperte, kelle valdkond Sind huvitab.<\/p>\n<p>M\u00f5tle, mis Sulle meeldib ja mis mitte. Uuri, millised oskused on vajalikud, mida peaksid juurde \u00f5ppima ja mis ametikohad Sind huvitavad.<\/p>\n\n\t\t\t\t\t\t<\/div>\n\t\t\t\t\t<\/div>\n\t\t\t\t<\/div>\n\t\t\t\t\t\t\t<div class=\"accordion-item accordion-item--blue\">\n\t\t\t\t\t<h2 class=\"accordion-header\" id=\"accordion-69da333d4134e-heading-2\">\n\t\t\t\t\t\t<button class=\"accordion-button collapsed\" type=\"button\" data-bs-toggle=\"collapse\" data-bs-target=\"#accordion-69da333d4134e-collapse-2\" aria-expanded=\"true\" aria-controls=\"accordion-69da333d4134e-collapse-2\">\n\t\t\t\t\t\t\tMinu peaeriala m\u00e4\u00e4rab, millist t\u00f6\u00f6d saan ja pean tegema\n\t\t\t\t\t\t<\/button>\n\t\t\t\t\t<\/h2>\n\t\t\t\t\t<div id=\"accordion-69da333d4134e-collapse-2\" class=\"accordion-collapse collapse \" aria-labelledby=\"accordion-69da333d4134e-heading-2\">\n\t\t\t\t\t\t<div class=\"accordion-body\">\n\t\t\t\t\t\t\t<p>Paljud inimesed j\u00e4tkavad p\u00e4rast \u00fclikooli l\u00f5petamist t\u00f6\u00f6tamist \u00f5pitud erialal, sest see on neile huvitav ja nad tahavad selles vallas karj\u00e4\u00e4ri teha. Ent kui Sa tunned, et omandatud eriala pole p\u00e4ris Sinu jaoks, saad kasutada \u00f5pingutel ja kogemuste kaudu omandatud <a href=\"https:\/\/oska.kutsekoda.ee\/10-oskust-mida-eesti-tooandjad-enim-hindavad\/\" target=\"_blank\" rel=\"noopener\">\u00fcldoskusi<\/a> ka muudes valdkondades (vt ka karj\u00e4\u00e4riv\u00e4rava <a href=\"https:\/\/sisu.ut.ee\/karjaarivarav\/tulevikuoskused\/\" target=\"_blank\" rel=\"noopener\"><u>tulevikuoskuste osa<\/u><\/a>). Sageli v\u00f5imaldab \u00fcks ja sama peaeriala t\u00f6\u00f6tada mitmel ametikohal ja vastupidi \u2013 sama v\u00f5i sarnast karj\u00e4\u00e4riteed on v\u00f5imalik kujundada eri erialade l\u00f5petajatel.<\/p>\n<p>T\u00f6\u00f6andjat huvitab tavaliselt, miks Sa valisid oma peaeriala ja kuidas oled oma \u00f5pinguid korraldanud, milliseid teadmisi, oskusi ja kogemusi kogunud. Samuti soovib ta teada, kus oled olnud praktikal, kas oled teinud osalise koormusega t\u00f6\u00f6d, osalenud projektides, t\u00f6\u00f6tanud vabatahtlikuna jne. Veelgi enam pakub talle huvi Sinu motivatsioon tegutsemiseks ja teadlikkus oma oskuste pagasist. Arenda vajalikke oskusi ja kogu kogemusi nii eriala \u00f5ppides kui ka muu tegevuse kaudu.<\/p>\n\n\t\t\t\t\t\t<\/div>\n\t\t\t\t\t<\/div>\n\t\t\t\t<\/div>\n\t\t\t\t\t\t\t<div class=\"accordion-item accordion-item--blue\">\n\t\t\t\t\t<h2 class=\"accordion-header\" id=\"accordion-69da333d4134e-heading-3\">\n\t\t\t\t\t\t<button class=\"accordion-button collapsed\" type=\"button\" data-bs-toggle=\"collapse\" data-bs-target=\"#accordion-69da333d4134e-collapse-3\" aria-expanded=\"true\" aria-controls=\"accordion-69da333d4134e-collapse-3\">\n\t\t\t\t\t\t\tMinu esimene t\u00f6\u00f6koht p\u00e4rast \u00fclikooli on t\u00e4htis. Pean hoolega valima ja leidma ainu\u00f5ige ameti\n\t\t\t\t\t\t<\/button>\n\t\t\t\t\t<\/h2>\n\t\t\t\t\t<div id=\"accordion-69da333d4134e-collapse-3\" class=\"accordion-collapse collapse \" aria-labelledby=\"accordion-69da333d4134e-heading-3\">\n\t\t\t\t\t\t<div class=\"accordion-body\">\n\t\t\t\t\t\t\t<p>Muidugi on esimene t\u00f6\u00f6koht p\u00e4rast l\u00f5petamist oluline ja eriline. Enamasti asutakse t\u00f6\u00f6le algtaseme spetsialistina, kuid m\u00f5nikord avaneb v\u00f5imalus alustada kohe kesktaseme spetsialisti v\u00f5i isegi k\u00f5rgemalt ametikohalt. Siiski ei defineeri esimene t\u00f6\u00f6koht Sinu karj\u00e4\u00e4riteekonda nii palju, kui arvata v\u00f5iks. See on pigem kasulik h\u00fcppelaud unistuste karj\u00e4\u00e4ri kujundamisel.<\/p>\n<p>Meil on sageli rohkem kui \u00fcks huviala ja elu jooksul v\u00f5ivad needki muutuda. M\u00f5nikord ammendub eriala meie jaoks v\u00f5i pakub sama valdkonna teine ametikoht enese proovile panekut uuel viisil. Vahel satud elus t\u00e4itma hoopis teistsuguseid \u00fclesandeid, mis vastavad Sinu oskustele, kogemustele ja v\u00e4\u00e4rtustele. Teinekord v\u00f5ib uuest hobist, vabatahtlikust t\u00f6\u00f6st v\u00f5i k\u00f5rvalerialast kasvada v\u00e4lja Sinu uus amet.<\/p>\n<p>Karj\u00e4\u00e4ritee v\u00f5ib olla lineaarne ja valitud erialas v\u00f5idakse \u00e4ra tunda oma kutsumus, mille juurde j\u00e4\u00e4dakse elu l\u00f5puni. Samas v\u00f5ib inimene teha oma elu jooksul ka karj\u00e4\u00e4rimuutusi, vahetades valdkonda ja eriala. K\u00f5ik viisid sobivad, kui kujundad oma t\u00f6\u00f6elu teadlikult ja avatult.<\/p>\n\n\t\t\t\t\t\t<\/div>\n\t\t\t\t\t<\/div>\n\t\t\t\t<\/div>\n\t\t\t\t\t\t\t<div class=\"accordion-item accordion-item--blue\">\n\t\t\t\t\t<h2 class=\"accordion-header\" id=\"accordion-69da333d4134e-heading-4\">\n\t\t\t\t\t\t<button class=\"accordion-button collapsed\" type=\"button\" data-bs-toggle=\"collapse\" data-bs-target=\"#accordion-69da333d4134e-collapse-4\" aria-expanded=\"true\" aria-controls=\"accordion-69da333d4134e-collapse-4\">\n\t\t\t\t\t\t\tKui ma ei leia kiiresti t\u00f6\u00f6d, olen valinud vale eriala\n\t\t\t\t\t\t<\/button>\n\t\t\t\t\t<\/h2>\n\t\t\t\t\t<div id=\"accordion-69da333d4134e-collapse-4\" class=\"accordion-collapse collapse \" aria-labelledby=\"accordion-69da333d4134e-heading-4\">\n\t\t\t\t\t\t<div class=\"accordion-body\">\n\t\t\t\t\t\t\t<p>Osal \u00fclikooli l\u00f5petajatel on t\u00f6\u00f6kohad ootamas ja vahel on nende ees ka mitu valikut. Suurem osa v\u00f5ib otsida aga oma esimest t\u00f6\u00f6kohta pool aastat, teinekord kauemgi. Seep\u00e4rast tasub vaadata t\u00f6\u00f6turu v\u00f5imalusi laiemalt ja avatult. Nii v\u00f5id leida oma karj\u00e4\u00e4rile huvitava alguse endalegi ootamatust kohast.<\/p>\n<p>Pikemaajaline t\u00f6\u00f6otsimine on iseenesest v\u00e4\u00e4rt kogemus. Sul on v\u00f5imalik uurida mitmesuguseid t\u00f6\u00f6pakkumisi, eri ametite sisu ja v\u00e4ljavaateid ning v\u00f5rrelda neid oma ootuste, oskuste ja kogemustega. Samuti saad tutvuda eri ettev\u00f5tete ja organisatsioonide ootuste, v\u00e4\u00e4rtuste ja kultuuriga. Mitmesse kohta kandideerimine laseb Sul end proovile panna, \u00f5ppida oma tugevaid k\u00fclgi veelgi paremini tundma ning esitleda ennast veenvamalt t\u00f6\u00f6andjatele. Teisis\u00f5nu treenib t\u00f6\u00f6 otsimine edu saavutamiseks vajalikke oskusi.<\/p>\n\n\t\t\t\t\t\t<\/div>\n\t\t\t\t\t<\/div>\n\t\t\t\t<\/div>\n\t\t\t\t\t<\/div>\n\t<\/div>\n","protected":false},"excerpt":{"rendered":"<p>T\u00f6\u00f6 otsimist ja karj\u00e4\u00e4riv\u00e4ljavaadete laiendamist v\u00f5ivad takistada mitmesugused m\u00fc\u00fcdid ja uskumused. Vaata l\u00e4hemalt, kas tunned m\u00f5ne neist \u00e4ra ka enda m\u00f5ttemustrites.<\/p>\n","protected":false},"author":228,"featured_media":0,"parent":0,"menu_order":0,"comment_status":"closed","ping_status":"closed","template":"","meta":{"_acf_changed":false,"inline_featured_image":false,"footnotes":""},"class_list":["post-7","page","type-page","status-publish","hentry"],"acf":[],"_links":{"self":[{"href":"https:\/\/sisu.ut.ee\/karjaarivarav\/wp-json\/wp\/v2\/pages\/7","targetHints":{"allow":["GET"]}}],"collection":[{"href":"https:\/\/sisu.ut.ee\/karjaarivarav\/wp-json\/wp\/v2\/pages"}],"about":[{"href":"https:\/\/sisu.ut.ee\/karjaarivarav\/wp-json\/wp\/v2\/types\/page"}],"author":[{"embeddable":true,"href":"https:\/\/sisu.ut.ee\/karjaarivarav\/wp-json\/wp\/v2\/users\/228"}],"replies":[{"embeddable":true,"href":"https:\/\/sisu.ut.ee\/karjaarivarav\/wp-json\/wp\/v2\/comments?post=7"}],"version-history":[{"count":14,"href":"https:\/\/sisu.ut.ee\/karjaarivarav\/wp-json\/wp\/v2\/pages\/7\/revisions"}],"predecessor-version":[{"id":1267,"href":"https:\/\/sisu.ut.ee\/karjaarivarav\/wp-json\/wp\/v2\/pages\/7\/revisions\/1267"}],"wp:attachment":[{"href":"https:\/\/sisu.ut.ee\/karjaarivarav\/wp-json\/wp\/v2\/media?parent=7"}],"curies":[{"name":"wp","href":"https:\/\/api.w.org\/{rel}","templated":true}]}}