{"id":6,"date":"2025-03-07T15:33:33","date_gmt":"2025-03-07T13:33:33","guid":{"rendered":"https:\/\/sisu.ut.ee\/karjaarivarav\/ettevotlus\/"},"modified":"2026-04-09T20:21:56","modified_gmt":"2026-04-09T17:21:56","slug":"ettevotlus","status":"publish","type":"page","link":"https:\/\/sisu.ut.ee\/karjaarivarav\/ettevotlus\/","title":{"rendered":"Ettev\u00f5tlus"},"content":{"rendered":"<div style=\"height:19px\" aria-hidden=\"true\" class=\"wp-block-spacer\"><\/div>\n\n\n\n<h5 class=\"wp-block-heading\">Kas Sinust v\u00f5iks saada ettev\u00f5tja?<\/h5>\n\n\n\n<p>Kui tahaksid saada ettev\u00f5tjaks, siis m\u00f5tle, miks Sa seda soovid ja mis on Sulle oluline. Uuri ettev\u00f5tlusv\u00f5imalusi l\u00e4hemalt, pea n\u00f5u ja v\u00f5ta aega m\u00f5tlemiseks. Ettev\u00f5tjana v\u00f5ib edukalt toimetada nii aastatepikkuse (t\u00f6\u00f6)kogemusega kui ka \u00e4sja kooli l\u00f5petanud inimene. Vaja on vaid alustada, seniseid teadmisi ja oskusi rakendada ning uusi koguda, kogemustest \u00f5ppida ja kasvada.<\/p>\n\n\n\n<p>Kahtlemata on iga ettev\u00f5tja kordumatu oma isikuomaduste ja hoiakutega, kuid neil on ka \u00fchisjooni. N\u00e4iteks hindavad ettev\u00f5tjana tegutsejad k\u00f5rgemalt iseseisvust ja s\u00f5ltumatust, loovust, muutuste ja lahenduste loomist, vastutuse ja riskide v\u00f5tmist jne. Sagedamini kirjeldatakse ettev\u00f5tjaid s\u00f5nadega <em>avatud<\/em>,<em> p\u00fchendunud<\/em>,<em> p\u00fcsiv<\/em>,<em> paindlik<\/em>,<em> motiveeritud<\/em>,<em> ambitsioonikas<\/em>,<em> algatusv\u00f5imeline<\/em>,<em> uudishimulik<\/em>,<em> sihikindel<\/em>,<em> eneseteadlik<\/em>,<em> hea pingetaluvusega<\/em>,<em> valmis ebaeduks ja suuteline sellest \u00f5ppima<\/em> jne.<\/p>\n\n\n\n<figure class=\"wp-block-table\"><table class=\"table table-hover\"><tbody><tr><td><strong>M\u00f5ttehetk. <\/strong>Millised kirjeldused selles loetelus kehtivad Sinu kohta?<\/td><\/tr><\/tbody><\/table><\/figure>\n\n\n\n<p>S\u00f5ltumata tegevusalast on ettev\u00f5tluses vajalikud \u00e4rivaldkonna teadmised ja valmisolek juurde \u00f5ppida, samuti \u00fcldoskused, nagu suhtlemis-, otsustus- ja kohanemisoskus, s\u00fcsteemse m\u00f5tlemise ja \u00f5ppimise oskus ning kahtlemata inimeste ja protsesside juhtimise oskus. Teadmiste ja oskuste arendamine on elukestev protsess, mis toimub \u00fclikoolis, t\u00e4iendus\u00f5ppekursustel, kogenud kolleegide abil, (ettev\u00f5tlus)kogemuse najal jne. Seejuures on t\u00e4htis \u00f5ppida nii edulugudest kui ka ebaedust.<\/p>\n\n\n\n<p>Kaugeltki k\u00f5ik inimesed ei pea hakkama ettev\u00f5tjaks. See ei pea olema ka esimene valik p\u00e4rast k\u00f5rgkooli l\u00f5petamist. V\u00f5imalus on koguda esialgu kogemusi, oskusi ja teadmisi t\u00f6\u00f6v\u00f5tjana ning kasvatada sel viisil eneseusku. Kui aja jooksul\u00a0huvi end proovile panna aina kasvab, on t\u00f5en\u00e4oliselt k\u00e4es aeg ettev\u00f5tlusega alustamise v\u00f5imalusi l\u00e4hemalt uurida.<\/p>\n\n\n\n<p>Kui kaalud ettev\u00f5tlusega alustamist, siis m\u00f5tle l\u00e4bi j\u00e4rgmised teemad, et m\u00f5ista paremini, mis on Sulle tegelikult t\u00e4htis. M\u00f5tle oma senistele kogemustele ja tulevikustsenaariumidele, r\u00e4\u00e4gi oma l\u00e4hedastega ning v\u00f5imaluse korral karj\u00e4\u00e4ri- v\u00f5i ettev\u00f5tlusn\u00f5ustajaga. Oma ettev\u00f5tlusideede arendamiseks ja sammude kavandamiseks v\u00f5ib abi olla ka koost\u00f6\u00f6st mentoriga. Mentorluse vorme on erinevaid ja erinevatel eesm\u00e4rkidel. Vaata n\u00e4iteid ja loe mentorlusest l\u00e4hemalt <a href=\"https:\/\/ut.ee\/et\/mentorlusprogramm\">T\u00dc mentorlusprogrammi<\/a>, <a href=\"https:\/\/mentoritekoda.ee\/\" target=\"_blank\" rel=\"noreferrer noopener\">Eesti Mentorite Koja<\/a>, <a href=\"https:\/\/www.arenduskeskused.ee\/mentorlusprogramm\/\" target=\"_blank\" rel=\"noreferrer noopener\">maakondlike arenduskeskuste<\/a>, <a href=\"https:\/\/nula.kysk.ee\/inkubatsioon\" target=\"_blank\" rel=\"noreferrer noopener\">NULA \u00fchiskondlike algatuste inkubaatori<\/a>, loomemajanduskeskuste jt veebilehtedelt.<\/p>\n\n\n\n<div class=\"wp-block-buttons is-layout-flex wp-block-buttons-is-layout-flex\">\n<div class=\"wp-block-button\"><a class=\"wp-block-button__link wp-element-button\" href=\"https:\/\/sisu.ut.ee\/wp-content\/uploads\/sites\/644\/Kas-minust-voiks-saada-ettevotja-%E2%80%93-toetavad-ja-takistavad-tegurid-1.pdf\" target=\"_blank\" rel=\"noreferrer noopener\">Harjutus. Kas minust v\u00f5iks saada ettev\u00f5tja?<\/a><\/div>\n<\/div>\n\n\n\n<p><\/p>\n\n\n<div class=\"accordion-block mb-3\">\n\t\t<div class=\"accordion \" id=\"accordion-accordion-69da14aa74657\">\n\t\t\t\t\t\t\t<div class=\"accordion-item accordion-item--blue\">\n\t\t\t\t\t<h2 class=\"accordion-header\" id=\"accordion-69da14aa74657-heading-1\">\n\t\t\t\t\t\t<button class=\"accordion-button collapsed\" type=\"button\" data-bs-toggle=\"collapse\" data-bs-target=\"#accordion-69da14aa74657-collapse-1\" aria-expanded=\"true\" aria-controls=\"accordion-69da14aa74657-collapse-1\">\n\t\t\t\t\t\t\tEttev\u00f5tlusvormid\n\t\t\t\t\t\t<\/button>\n\t\t\t\t\t<\/h2>\n\t\t\t\t\t<div id=\"accordion-69da14aa74657-collapse-1\" class=\"accordion-collapse collapse \" aria-labelledby=\"accordion-69da14aa74657-heading-1\">\n\t\t\t\t\t\t<div class=\"accordion-body\">\n\t\t\t\t\t\t\t<p>Ettev\u00f5tjad tegutsevad nii \u00e4ri\u00fchingute kui ka f\u00fc\u00fcsilisest isikust ettev\u00f5tjatena. \u00c4ri\u00fchingud on t\u00e4is\u00fching, usaldus\u00fching, osa\u00fching, aktsiaselts ja tulundus\u00fchistu. Teinekord on m\u00f5ne ettev\u00f5tliku idee teostamiseks kasulik asutada mittetulundus\u00fching.<\/p>\n<ul>\n<li>Riigiportaalist eesti.ee saad lugeda <a href=\"https:\/\/www.eesti.ee\/et\/ettevotlus\/ettevotte-loomine\/ettevotlusvormide-vordlus\" target=\"_blank\" rel=\"noopener\">ettev\u00f5tte loomisest ja erinevatest ettev\u00f5tlusvormidest<\/a>.<\/li>\n<li>Kasulikud soovitused alustavale ettev\u00f5tjale leiad ka <a href=\"https:\/\/www.emta.ee\/eraklient\/e-teenused-maksutarkus\/maksu-ja-tollitarkus\/mida-peab-alustav-ettevotja-teadma\" target=\"_blank\" rel=\"noopener\">Maksu- ja Tolliameti lehelt<\/a>.<\/li>\n<\/ul>\n\n\t\t\t\t\t\t<\/div>\n\t\t\t\t\t<\/div>\n\t\t\t\t<\/div>\n\t\t\t\t\t<\/div>\n\t<\/div>\n\n\n\n<div style=\"height:39px\" aria-hidden=\"true\" class=\"wp-block-spacer\"><\/div>\n\n\n\n<h5 class=\"wp-block-heading has-extra-large-font-size\">Kui oled otsustanud hakata ettev\u00f5tjaks<\/h5>\n\n\n\n<p>Kui oled teinud otsuse ettev\u00f5tjaks hakata, on Sul vaja \u00e4riideed ja \u00e4riplaani. Sama oluline on leida raha, osata oma toodet v\u00f5i teenust turundada ning tegeleda m\u00fc\u00fcgi ja finantsaruannetega. Kui asutad ettev\u00f5tte \u00fcksi, pead t\u00f5en\u00e4oliselt k\u00f5iki \u00fclesandeid enam-v\u00e4hem ise t\u00e4itma. Partneritega koos saad vastutust nende p\u00e4devuse j\u00e4rgi jagada.<\/p>\n\n\n\n<p>Valmistu selleks, et turu ja konkurentide tundma\u00f5ppimiseks, rahastuse ja partnerite leidmiseks, usalduse loomiseks ja vajalike lisateadmiste omandamiseks kulub palju aega ja kannatlikkust.<\/p>\n\n\n<div class=\"accordion-block mb-3\">\n\t\t<div class=\"accordion \" id=\"accordion-accordion-69da14aa74bda\">\n\t\t\t\t\t\t\t<div class=\"accordion-item accordion-item--blue\">\n\t\t\t\t\t<h2 class=\"accordion-header\" id=\"accordion-69da14aa74bda-heading-1\">\n\t\t\t\t\t\t<button class=\"accordion-button collapsed\" type=\"button\" data-bs-toggle=\"collapse\" data-bs-target=\"#accordion-69da14aa74bda-collapse-1\" aria-expanded=\"true\" aria-controls=\"accordion-69da14aa74bda-collapse-1\">\n\t\t\t\t\t\t\tKui tunned, et vajad tuge:\n\t\t\t\t\t\t<\/button>\n\t\t\t\t\t<\/h2>\n\t\t\t\t\t<div id=\"accordion-69da14aa74bda-collapse-1\" class=\"accordion-collapse collapse \" aria-labelledby=\"accordion-69da14aa74bda-heading-1\">\n\t\t\t\t\t\t<div class=\"accordion-body\">\n\t\t\t\t\t\t\t<ul>\n<li>v\u00f5ta ettev\u00f5tliku m\u00f5tlemise ja oskuste arendamiseks \u00fclikoolis ettev\u00f5tluse \u00f5ppeaine(id), vali <a href=\"https:\/\/ut.ee\/et\/sisu\/oppekava-ulesehitus\" target=\"_blank\" rel=\"noopener\">majandusteadus k\u00f5rvalerialaks<\/a> v\u00f5i kasuta <a href=\"https:\/\/ut.ee\/et\/uksikud-ained-tasemeoppe-oppekavadest\" target=\"_blank\" rel=\"noopener\">t\u00e4iendus\u00f5ppev\u00f5imalusi<\/a>, osale huvipakkuvates tudengiprojektides ja -organisatsioonides;<\/li>\n<li>p\u00f6\u00f6rdu n\u00e4iteks <a href=\"https:\/\/www.arenduskeskused.ee\/\" target=\"_blank\" rel=\"noopener\">maakondlike arenduskeskuste v\u00f5rgustiku poole<\/a>, kus pakutakse alustavale ettev\u00f5tjale infot, koolitusi, n\u00f5ustamist ja mentorlusprogrammi, Ettev\u00f5tluse ja Innovatsiooni Sihtasutusse, kes toetab oma <a href=\"https:\/\/eis.ee\/\">teenustega<\/a>, v\u00f5i Eesti T\u00f6\u00f6tukassasse, kust on v\u00f5imalik taotleda <a href=\"https:\/\/www.tootukassa.ee\/et\/teenused\/ettevotlusega-alustamine\" target=\"_blank\" rel=\"noopener\">ettev\u00f5tlusega alustamise toetust<\/a>;<\/li>\n<li>kaasa koost\u00f6\u00f6partnereid, kellel on vajalikud oskused ja vahendid, piisavalt aega ja raha;<\/li>\n<li>alusta p\u00f5hit\u00f6\u00f6 k\u00f5rvalt vabal ajal oma \u00e4riidee katsetamist ja arendamist. Hiljem v\u00f5id otsustada, kas sellest saab Sinu p\u00f5hi- v\u00f5i k\u00f5rvaltegevus;<\/li>\n<li>t\u00f6\u00f6ta enne \u00e4riidee elluviimist m\u00f5nda aega kellegi teise ettev\u00f5ttes ning kogu teadmisi, oskusi, kogemusi, raha ja kontakte.<\/li>\n<\/ul>\n\n\t\t\t\t\t\t<\/div>\n\t\t\t\t\t<\/div>\n\t\t\t\t<\/div>\n\t\t\t\t\t\t\t<div class=\"accordion-item accordion-item--blue\">\n\t\t\t\t\t<h2 class=\"accordion-header\" id=\"accordion-69da14aa74bda-heading-2\">\n\t\t\t\t\t\t<button class=\"accordion-button collapsed\" type=\"button\" data-bs-toggle=\"collapse\" data-bs-target=\"#accordion-69da14aa74bda-collapse-2\" aria-expanded=\"true\" aria-controls=\"accordion-69da14aa74bda-collapse-2\">\n\t\t\t\t\t\t\tKui oled juba oma ettev\u00f5tte asutanud, v\u00f5id saada n\u00f5u ja abi mitmest programmist:\n\t\t\t\t\t\t<\/button>\n\t\t\t\t\t<\/h2>\n\t\t\t\t\t<div id=\"accordion-69da14aa74bda-collapse-2\" class=\"accordion-collapse collapse \" aria-labelledby=\"accordion-69da14aa74bda-heading-2\">\n\t\t\t\t\t\t<div class=\"accordion-body\">\n\t\t\t\t\t\t\t<ul>\n<li>ettev\u00f5tlusinkubaatorid \u00fcle Eesti aitavad arendada Su idee edukaks ettev\u00f5tteks. N\u00e4iteks <a href=\"https:\/\/teaduspark.ee\/\" target=\"_blank\" rel=\"noopener\">Tartu Teaduspark<\/a> ja <a href=\"https:\/\/www.tehnopol.ee\/\" target=\"_blank\" rel=\"noopener\">Tehnopol<\/a> on toeks teadusmahukate ettev\u00f5tete loomisel, Tartus saab osaleda <a href=\"https:\/\/lmk.ee\/inkubatsioon\/\" target=\"_blank\" rel=\"noopener\">Tartu loomemajanduskeskuse inkubaatoris<\/a>, sotsiaalse ettev\u00f5tlusega alustajatele on abiks <a href=\"https:\/\/nula.kysk.ee\/inkubatsioon\" target=\"_blank\" rel=\"noopener\">NULA \u00fchiskondlike algatuste inkubaator<\/a>;<\/li>\n<li>ettev\u00f5tluskiirendid toetavad iduettev\u00f5tluse alustamist ja arendamist. N\u00e4iteks Ettev\u00f5tluse ja Innovatsiooni Sihtasutus pakub <a href=\"https:\/\/eas.ee\/toetused\/rakendusuuringute-programm\/\" target=\"_blank\" rel=\"noopener\">rakendusuuringute programmi<\/a>,<a href=\"https:\/\/eis.ee\/innoveeri-ja-kaitse-ari\/?context=ettevote-eestis\"> teadmus- ja tehnosiirde teenuseid<\/a>, <a href=\"https:\/\/eas.ee\/toetused\/euroopa-horisont\/\" target=\"_blank\" rel=\"noopener\">Euroopa Innovatsioonin\u00f5ukogu rahastamisvahendit Accelerator<\/a>.<\/li>\n<\/ul>\n\n\t\t\t\t\t\t<\/div>\n\t\t\t\t\t<\/div>\n\t\t\t\t<\/div>\n\t\t\t\t\t<\/div>\n\t<\/div>\n","protected":false},"excerpt":{"rendered":"<p>Kas Sinust v\u00f5iks saada ettev\u00f5tja? Kui tahaksid saada ettev\u00f5tjaks, siis m\u00f5tle, miks Sa seda soovid ja mis on Sulle oluline. Uuri ettev\u00f5tlusv\u00f5imalusi l\u00e4hemalt, pea n\u00f5u ja v\u00f5ta aega m\u00f5tlemiseks. Ettev\u00f5tjana v\u00f5ib edukalt toimetada nii aastatepikkuse (t\u00f6\u00f6)kogemusega kui ka \u00e4sja kooli &#8230;<\/p>\n","protected":false},"author":228,"featured_media":0,"parent":0,"menu_order":0,"comment_status":"closed","ping_status":"closed","template":"","meta":{"_acf_changed":false,"inline_featured_image":false,"footnotes":""},"class_list":["post-6","page","type-page","status-publish","hentry"],"acf":[],"_links":{"self":[{"href":"https:\/\/sisu.ut.ee\/karjaarivarav\/wp-json\/wp\/v2\/pages\/6","targetHints":{"allow":["GET"]}}],"collection":[{"href":"https:\/\/sisu.ut.ee\/karjaarivarav\/wp-json\/wp\/v2\/pages"}],"about":[{"href":"https:\/\/sisu.ut.ee\/karjaarivarav\/wp-json\/wp\/v2\/types\/page"}],"author":[{"embeddable":true,"href":"https:\/\/sisu.ut.ee\/karjaarivarav\/wp-json\/wp\/v2\/users\/228"}],"replies":[{"embeddable":true,"href":"https:\/\/sisu.ut.ee\/karjaarivarav\/wp-json\/wp\/v2\/comments?post=6"}],"version-history":[{"count":19,"href":"https:\/\/sisu.ut.ee\/karjaarivarav\/wp-json\/wp\/v2\/pages\/6\/revisions"}],"predecessor-version":[{"id":1929,"href":"https:\/\/sisu.ut.ee\/karjaarivarav\/wp-json\/wp\/v2\/pages\/6\/revisions\/1929"}],"wp:attachment":[{"href":"https:\/\/sisu.ut.ee\/karjaarivarav\/wp-json\/wp\/v2\/media?parent=6"}],"curies":[{"name":"wp","href":"https:\/\/api.w.org\/{rel}","templated":true}]}}