{"id":5,"date":"2025-03-07T15:33:39","date_gmt":"2025-03-07T13:33:39","guid":{"rendered":"https:\/\/sisu.ut.ee\/karjaarivarav\/uuri-ametite-kohta\/"},"modified":"2026-01-16T08:59:38","modified_gmt":"2026-01-16T06:59:38","slug":"uuri-ametite-kohta","status":"publish","type":"page","link":"https:\/\/sisu.ut.ee\/karjaarivarav\/uuri-ametite-kohta\/","title":{"rendered":"Mida teada t\u00f6\u00f6st ja t\u00f6\u00f6andjatest?"},"content":{"rendered":"<div style=\"height:27px\" aria-hidden=\"true\" class=\"wp-block-spacer\"><\/div>\n\n\n\n<h5 class=\"wp-block-heading has-extra-large-font-size\"><strong>T\u00f6\u00f6turu \u00fclevaated ja suundumused<\/strong><\/h5>\n\n\n\n<p>Oma karj\u00e4\u00e4rivalikuid kaaludes p\u00fc\u00fca teadlikult kujundada v\u00f5imalikult mitmek\u00fclgne vaade. Kasulik on teada, mis toimub Sinu \u00f5pitaval erialal, teistes valdkondades ning \u00fcldiselt t\u00f6\u00f6turul. Infot otsides saad aimu ka oma tunnetusest ja eelistustest.<\/p>\n\n\n\n<figure class=\"wp-block-table is-style-regular\"><table class=\"table table-hover\"><tbody><tr><td><strong>M\u00f5ttehetk. <\/strong>Mida Sa juba tead oma eriala rakendusv\u00f5imaluste kohta? Millist infot on Sul juurde vaja?<\/td><\/tr><\/tbody><\/table><\/figure>\n\n\n<div class=\"accordion-block mb-3\">\n\t\t<div class=\"accordion \" id=\"accordion-accordion-69da33349e56d\">\n\t\t\t\t\t\t\t<div class=\"accordion-item accordion-item--white\">\n\t\t\t\t\t<h2 class=\"accordion-header\" id=\"accordion-69da33349e56d-heading-1\">\n\t\t\t\t\t\t<button class=\"accordion-button collapsed\" type=\"button\" data-bs-toggle=\"collapse\" data-bs-target=\"#accordion-69da33349e56d-collapse-1\" aria-expanded=\"true\" aria-controls=\"accordion-69da33349e56d-collapse-1\">\n\t\t\t\t\t\t\tLugemissoovitused\n\t\t\t\t\t\t<\/button>\n\t\t\t\t\t<\/h2>\n\t\t\t\t\t<div id=\"accordion-69da33349e56d-collapse-1\" class=\"accordion-collapse collapse \" aria-labelledby=\"accordion-69da33349e56d-heading-1\">\n\t\t\t\t\t\t<div class=\"accordion-body\">\n\t\t\t\t\t\t\t<p><!-- wp:paragraph --><\/p>\n<ul>\n<li>SA Kutsekoda koostatavad <a href=\"https:\/\/oska.kutsekoda.ee\/\" target=\"_blank\" rel=\"noopener\">OSKA tuleviku t\u00f6\u00f6j\u00f5u- ja oskuste vajaduse uuringud<\/a> pakuvad anal\u00fc\u00fcse ja prognoose selle kohta, kui palju ja milliste oskustega t\u00f6\u00f6tajaid vajatakse Eesti t\u00f6\u00f6turul praegu ja j\u00e4rgneva k\u00fcmne aasta jooksul.<!-- \/wp:paragraph --> <!-- wp:paragraph --><\/li>\n<li><a href=\"https:\/\/oska.kutsekoda.ee\/trendid\/\" target=\"_blank\" rel=\"noopener\">OSKA tulevikutrendide \u00fclevaade<\/a> sisaldab uuemat teavet selle kohta, kuidas kestlikkus muutub normiks, digitehnoloogia ulatub k\u00f5ikjale, \u00fcleilmastumine v\u00f5imendab mitmesuguseid riske, muutused rahvastikus ja v\u00e4\u00e4rtusmaailmas aitavad suurendada paindlikkust, sotsiaalset sidusust, v\u00e4\u00e4rtustada rohkem vaimset ja f\u00fc\u00fcsilist tervist.<!-- \/wp:paragraph --> <!-- wp:paragraph --><\/li>\n<li><a href=\"https:\/\/oska.kutsekoda.ee\/wp-content\/uploads\/2023\/02\/OSKA-Uldprognoos-2022-2031.pdf\" target=\"_blank\" rel=\"noopener\">OSKA \u00fcldprognoosist 2022\u20132031<\/a> leiad \u00fclevaate Eesti majanduse ja t\u00f6\u00f6turu arengusuundadest, nii praegusest kui ka l\u00e4hituleviku t\u00f6\u00f6j\u00f5uvajadusest ning -pakkumisest tervikuna ja ka ametialar\u00fchmade, tegevusalade, haridustasemete ja \u00f5ppevaldkondade kaupa.<\/li>\n<\/ul>\n<p><!-- \/wp:paragraph --><\/p>\n\n\t\t\t\t\t\t<\/div>\n\t\t\t\t\t<\/div>\n\t\t\t\t<\/div>\n\t\t\t\t\t<\/div>\n\t<\/div>\n\n\n\n<p><\/p>\n\n\n\n<div style=\"height:34px\" aria-hidden=\"true\" class=\"wp-block-spacer\"><\/div>\n\n\n\n<h5 class=\"wp-block-heading has-extra-large-font-size\"><strong>Uuri ametite kohta<\/strong><\/h5>\n\n\n\n<p>Eri ametinimetusega t\u00f6\u00f6kohad v\u00f5ivad olla sisu m\u00f5ttes \u00fcsna sarnased ja vastupidi \u2013 m\u00f5nikord v\u00f5ivad \u00fche ja sama ametinimetuse taga olla t\u00e4iesti erinevad t\u00f6\u00f6\u00fclesanded. Iga ametikoht s\u00f5ltub t\u00f6\u00f6andja erip\u00e4radest.<\/p>\n\n\n<div class=\"accordion-block mb-3\">\n\t\t<div class=\"accordion \" id=\"accordion-accordion-69da33349ebd6\">\n\t\t\t\t\t\t\t<div class=\"accordion-item accordion-item--blue\">\n\t\t\t\t\t<h2 class=\"accordion-header\" id=\"accordion-69da33349ebd6-heading-1\">\n\t\t\t\t\t\t<button class=\"accordion-button collapsed\" type=\"button\" data-bs-toggle=\"collapse\" data-bs-target=\"#accordion-69da33349ebd6-collapse-1\" aria-expanded=\"true\" aria-controls=\"accordion-69da33349ebd6-collapse-1\">\n\t\t\t\t\t\t\tErinevate t\u00f6\u00f6de sisust parema \u00fclevaate saamiseks\n\t\t\t\t\t\t<\/button>\n\t\t\t\t\t<\/h2>\n\t\t\t\t\t<div id=\"accordion-69da33349ebd6-collapse-1\" class=\"accordion-collapse collapse \" aria-labelledby=\"accordion-69da33349ebd6-heading-1\">\n\t\t\t\t\t\t<div class=\"accordion-body\">\n\t\t\t\t\t\t\t<ul>\n<li>uuri p\u00f5hjalikult t\u00f6\u00f6pakkumisi: kas tahad valida projektit\u00f6\u00f6, vastutada ise v\u00f5i teha meeskonnat\u00f6\u00f6d, kas eelistad osaajat\u00f6\u00f6d v\u00f5i t\u00e4iskohta, millised on ametikohal n\u00f5utavad t\u00f6\u00f6\u00fclesanded, pakutavad t\u00f6\u00f6vahendid ja eeldatavad t\u00f6\u00f6meetodid ning kas need sobivad Sulle;<\/li>\n<li>tutvu ettev\u00f5tete kodulehel oleva infoga ja k\u00fcsi vajaduse korral lisateavet;<\/li>\n<li>tutvu eri valdkondade erip\u00e4radega <a href=\"https:\/\/oskused.ee\/toovaldkond\" target=\"_blank\" rel=\"noopener\">Oskuste Kompassi veebilehel<\/a>;<\/li>\n<li>uuri Sind huvitava ameti kutsestandardit <a href=\"https:\/\/www.kutsekoda.ee\/kutsestandardid\/\" target=\"_blank\" rel=\"noopener\">Kutsekoja veebilehel<\/a>;<\/li>\n<li>osale karj\u00e4\u00e4rimessidel ja teistel sarnastel \u00fcritustel ning suhtle n\u00e4iteks huvipakkuva ettev\u00f5tte praeguste v\u00f5i endiste t\u00f6\u00f6tajatega;<\/li>\n<li>osale praktikaprogrammides (nt \u00fclikoolis projektipraktika, suuremate ettev\u00f5tete programmid).<\/li>\n<\/ul>\n\n\t\t\t\t\t\t<\/div>\n\t\t\t\t\t<\/div>\n\t\t\t\t<\/div>\n\t\t\t\t\t<\/div>\n\t<\/div>\n\n\n\n<div style=\"height:28px\" aria-hidden=\"true\" class=\"wp-block-spacer\"><\/div>\n\n\n\n<h5 class=\"wp-block-heading has-extra-large-font-size\" style=\"font-style:normal;font-weight:400\"><strong>Milliseid oskusi t\u00f6\u00f6andjad ootavad?<\/strong><\/h5>\n\n\n\n<p>Karj\u00e4\u00e4rikujundamise valdkonnas on kasutusel j\u00e4rgmised terminid:<\/p>\n\n\n\n<ul class=\"wp-block-list\">\n<li><strong>kompetents ehk p\u00e4devus<\/strong>, mis on teadmiste, oskuste, hoiakute ja v\u00e4\u00e4rtuste kogum;<\/li>\n\n\n\n<li><strong>erialased ehk valdkonnaspetsiifilised<\/strong> <strong>oskused<\/strong>, mis on vajalikud kindlas valdkonnas t\u00f6\u00f6tamiseks ja erialateadmiste rakendamiseks;<\/li>\n\n\n\n<li><strong>\u00fcld-<\/strong> <strong>ehk tulevikuoskused<\/strong>, mida saab kasutada k\u00f5igis t\u00f6\u00f6valdkondades. Need v\u00f5imaldavad muutuvates oludes tulemuslikult hakkama saada ja toetavad erialaste oskuste edukat kasutamist. T\u00f6\u00f6andjad peavad uute t\u00f6\u00f6tajate v\u00e4rbamisel oluliseks sageli mitut \u00fcldoskust, n\u00e4iteks loovat m\u00f5tlemist, probleemilahendamise oskust, uuendusmeelsust, info t\u00f6\u00f6tlemise ja anal\u00fc\u00fcsimise oskust, teadlikkust \u00fcleilmsetest probleemidest ja kultuuridest, enesejuhtimisoskusi ja vastutustundlikkust, koost\u00f6\u00f6oskusi, intellektuaalset uudishimu, \u00f5ppimis- ja kohanemisoskust. Uuri Kutsekoja kodulehelt ka <a href=\"https:\/\/uuringud.oska.kutsekoda.ee\/assets\/files\/uldoskused\/tooelu-uldoskused-liigitus-ja-vajadused-luhiaruanne.pdf\" target=\"_blank\" rel=\"noreferrer noopener\">t\u00f6\u00f6elu \u00fcldoskuste klassifikatsiooni ja tulevikuvajadusi<\/a> ning tutvu Maailma Majandusfoorumi aruandes esitatud <a href=\"https:\/\/www3.weforum.org\/docs\/WEF_Future_of_Jobs_2023.pdf\">\u00fcldoskuste tulevikuvaatega<\/a>.<\/li>\n<\/ul>\n\n\n\n<figure class=\"wp-block-table is-style-regular\"><table class=\"table table-hover\"><tbody><tr><td><strong>M\u00f5ttehetk. <\/strong>Millised on Sinu erialased oskused ja millised \u00fcldoskused? Milliseid oskusi soovid edasi arendada? <a href=\"https:\/\/sisu.ut.ee\/karjaarivarav\/milline-too-mulle-sobib\/\" data-type=\"link\" data-id=\"https:\/\/sisu.ut.ee\/karjaarivarav\/milline-too-mulle-sobib\/\" target=\"_blank\" rel=\"noreferrer noopener\">Uuri l\u00e4hemalt enda oskusi<\/a>.<\/td><\/tr><\/tbody><\/table><\/figure>\n\n\n\n<p>Eri ametikohtadega tutvudes uuri hoolega kandideerimistingimusi. Tee endale selgeks, millised oskused on alustamiseks h\u00e4davajalikud ning milliseid saab t\u00f6\u00f6tades lihvida ja juurde \u00f5ppida.<\/p>\n\n\n<div class=\"accordion-block mb-3\">\n\t\t<div class=\"accordion \" id=\"accordion-accordion-69da33349f834\">\n\t\t\t\t\t\t\t<div class=\"accordion-item accordion-item--blue\">\n\t\t\t\t\t<h2 class=\"accordion-header\" id=\"accordion-69da33349f834-heading-1\">\n\t\t\t\t\t\t<button class=\"accordion-button collapsed\" type=\"button\" data-bs-toggle=\"collapse\" data-bs-target=\"#accordion-69da33349f834-collapse-1\" aria-expanded=\"true\" aria-controls=\"accordion-69da33349f834-collapse-1\">\n\t\t\t\t\t\t\tK\u00fcsimused, mida enne kandideerimist endale esitada\n\t\t\t\t\t\t<\/button>\n\t\t\t\t\t<\/h2>\n\t\t\t\t\t<div id=\"accordion-69da33349f834-collapse-1\" class=\"accordion-collapse collapse \" aria-labelledby=\"accordion-69da33349f834-heading-1\">\n\t\t\t\t\t\t<div class=\"accordion-body\">\n\t\t\t\t\t\t\t<ul>\n<li>Millised on t\u00f6\u00f6andja(te) huvid ja ootused?<\/li>\n<li>Millised on viis peamist erialaoskust ja viis \u00fcldoskust, mida on k\u00f5ige sagedamini Sind huvitava valdkonna t\u00f6\u00f6pakkumistes mainitud?<\/li>\n<li>Missuguseid oskusi nimetatakse t\u00f6\u00f6andja veebilehel?<\/li>\n<li>Millistest oskustest kuuled valdkonna inimesi k\u00f5ige sagedamini r\u00e4\u00e4kimas ja millises v\u00f5tmes?<\/li>\n<li>Millised oskused ja kogemused on vajalikud ametikohale kandideerimiseks?<\/li>\n<li>Millised kogemused ja missugused p\u00e4devused toetavad Sind Sulle huvi pakkuvas ametis k\u00f5ige paremini?<\/li>\n<li>Millised on ametikohad, kus Sinu oskused on v\u00e4ga vajalikud?<\/li>\n<li>Kas pead veel midagi juurde \u00f5ppima, et soovitud t\u00f6\u00f6kohal edukas olla? Kui pead, siis mida?<\/li>\n<li>Millised on Sind huvitaval t\u00f6\u00f6kohal eneset\u00e4iendamise v\u00f5imalused?<\/li>\n<\/ul>\n\n\t\t\t\t\t\t<\/div>\n\t\t\t\t\t<\/div>\n\t\t\t\t<\/div>\n\t\t\t\t\t<\/div>\n\t<\/div>\n\n\n\n<div style=\"height:36px\" aria-hidden=\"true\" class=\"wp-block-spacer\"><\/div>\n\n\n\n<h5 class=\"wp-block-heading has-extra-large-font-size\"><strong>Uuri t\u00f6\u00f6andja kohta<\/strong><\/h5>\n\n\n\n<p>T\u00f6\u00f6keskkond v\u00f5ib varieeruda s\u00f5ltuvalt sektorist, valdkonnast, ettev\u00f5ttest, organisatsioonist ja all\u00fcksusest. Seep\u00e4rast on kasulik otsida selle kohta teavet.<\/p>\n\n\n<div class=\"accordion-block mb-3\">\n\t\t<div class=\"accordion \" id=\"accordion-accordion-69da33349fbed\">\n\t\t\t\t\t\t\t<div class=\"accordion-item accordion-item--blue\">\n\t\t\t\t\t<h2 class=\"accordion-header\" id=\"accordion-69da33349fbed-heading-1\">\n\t\t\t\t\t\t<button class=\"accordion-button collapsed\" type=\"button\" data-bs-toggle=\"collapse\" data-bs-target=\"#accordion-69da33349fbed-collapse-1\" aria-expanded=\"true\" aria-controls=\"accordion-69da33349fbed-collapse-1\">\n\t\t\t\t\t\t\tT\u00f6\u00f6andjast parema \u00fclevaate saamiseks\n\t\t\t\t\t\t<\/button>\n\t\t\t\t\t<\/h2>\n\t\t\t\t\t<div id=\"accordion-69da33349fbed-collapse-1\" class=\"accordion-collapse collapse \" aria-labelledby=\"accordion-69da33349fbed-heading-1\">\n\t\t\t\t\t\t<div class=\"accordion-body\">\n\t\t\t\t\t\t\t<ul>\n<li>s\u00fcvene ettev\u00f5tte kultuuri, v\u00e4\u00e4rtusi ja t\u00f6\u00f6keskkonda iseloomustavasse infosse;<\/li>\n<li>tee endale v\u00f5imalikult selgeks, milline on potentsiaalse t\u00f6\u00f6 asukoht, t\u00f6\u00f6aeg, meeskond, ettev\u00f5tte struktuur, taust, usaldusv\u00e4\u00e4rsus, \u00e4riflosoofia, finantsseisund jne;<\/li>\n<li>uuri v\u00f5imaluse korral, kuidas inimesi kaasatakse, kuidas toetatakse uusi t\u00f6\u00f6tajaid, millised on arenguv\u00f5imalused ja ootused, kui pikka aega t\u00f6\u00f6tajad tavaliselt selles ettev\u00f5ttes t\u00f6\u00f6tavad, kuidas neid tunnustatakse, millised on puhkusev\u00f5imalused, lisaboonused jne;<\/li>\n<li>kasuta info leidmiseks avalikke infoallikaid: t\u00f6\u00f6pakkumine, ettev\u00f5tte veebileht ja sotsiaalmeedia, artiklid ja pressiteated. Oskuste Kompassi veebilehel on v\u00f5imalik tutvuda \u00fclevaadetega <a class=\"Hyperlink SCXW255019475 BCX0\" href=\"https:\/\/oskused.ee\/ametid\" target=\"_blank\" rel=\"noreferrer noopener\"><span class=\"TextRun Underlined SCXW255019475 BCX0\" lang=\"ET-EE\" xml:lang=\"ET-EE\" data-contrast=\"none\"><span class=\"NormalTextRun SCXW255019475 BCX0\" data-ccp-charstyle=\"Hyperlink\">ametialade<\/span><span class=\"NormalTextRun SCXW255019475 BCX0\" data-ccp-charstyle=\"Hyperlink\"> ja ametite<\/span><span class=\"NormalTextRun SCXW255019475 BCX0\" data-ccp-charstyle=\"Hyperlink\"> t\u00f6\u00f6keskkonnast ja tingimustest<\/span><\/span><\/a><span class=\"TextRun SCXW255019475 BCX0\" lang=\"ET-EE\" xml:lang=\"ET-EE\" data-contrast=\"none\"><span class=\"NormalTextRun SCXW255019475 BCX0\">;<\/span><\/span><\/li>\n<li>suhtle ettev\u00f5tte endiste v\u00f5i praeguste t\u00f6\u00f6tajatega ning r\u00e4\u00e4gi inimestega, kellel on valdkonnast asjakohased teadmised.<\/li>\n<\/ul>\n\n\t\t\t\t\t\t<\/div>\n\t\t\t\t\t<\/div>\n\t\t\t\t<\/div>\n\t\t\t\t\t<\/div>\n\t<\/div>\n","protected":false},"excerpt":{"rendered":"<p>T\u00f6\u00f6turu \u00fclevaated ja suundumused Oma karj\u00e4\u00e4rivalikuid kaaludes p\u00fc\u00fca teadlikult kujundada v\u00f5imalikult mitmek\u00fclgne vaade. Kasulik on teada, mis toimub Sinu \u00f5pitaval erialal, teistes valdkondades ning \u00fcldiselt t\u00f6\u00f6turul. Infot otsides saad aimu ka oma tunnetusest ja eelistustest. M\u00f5ttehetk. Mida Sa juba tead &#8230;<\/p>\n","protected":false},"author":228,"featured_media":0,"parent":0,"menu_order":0,"comment_status":"closed","ping_status":"closed","template":"","meta":{"_acf_changed":false,"inline_featured_image":false,"footnotes":""},"class_list":["post-5","page","type-page","status-publish","hentry"],"acf":[],"_links":{"self":[{"href":"https:\/\/sisu.ut.ee\/karjaarivarav\/wp-json\/wp\/v2\/pages\/5","targetHints":{"allow":["GET"]}}],"collection":[{"href":"https:\/\/sisu.ut.ee\/karjaarivarav\/wp-json\/wp\/v2\/pages"}],"about":[{"href":"https:\/\/sisu.ut.ee\/karjaarivarav\/wp-json\/wp\/v2\/types\/page"}],"author":[{"embeddable":true,"href":"https:\/\/sisu.ut.ee\/karjaarivarav\/wp-json\/wp\/v2\/users\/228"}],"replies":[{"embeddable":true,"href":"https:\/\/sisu.ut.ee\/karjaarivarav\/wp-json\/wp\/v2\/comments?post=5"}],"version-history":[{"count":30,"href":"https:\/\/sisu.ut.ee\/karjaarivarav\/wp-json\/wp\/v2\/pages\/5\/revisions"}],"predecessor-version":[{"id":1901,"href":"https:\/\/sisu.ut.ee\/karjaarivarav\/wp-json\/wp\/v2\/pages\/5\/revisions\/1901"}],"wp:attachment":[{"href":"https:\/\/sisu.ut.ee\/karjaarivarav\/wp-json\/wp\/v2\/media?parent=5"}],"curies":[{"name":"wp","href":"https:\/\/api.w.org\/{rel}","templated":true}]}}