{"id":4,"date":"2025-03-07T15:33:45","date_gmt":"2025-03-07T13:33:45","guid":{"rendered":"https:\/\/sisu.ut.ee\/karjaarivarav\/uuri-tooturu-voimalusi\/"},"modified":"2024-07-10T11:36:38","modified_gmt":"2024-07-10T08:36:38","slug":"uuri-tooturu-voimalusi","status":"publish","type":"page","link":"https:\/\/sisu.ut.ee\/karjaarivarav\/uuri-tooturu-voimalusi\/","title":{"rendered":"Uuri t\u00f6\u00f6turu v\u00f5imalusi"},"content":{"rendered":"<div style=\"height:32px\" aria-hidden=\"true\" class=\"wp-block-spacer\"><\/div>\n\n\n\n<figure class=\"wp-block-image alignright size-large is-resized\"><img loading=\"lazy\" decoding=\"async\" width=\"1024\" height=\"671\" src=\"https:\/\/sisu.ut.ee\/wp-content\/uploads\/sites\/644\/Toomaailm-1024x671.jpg\" alt=\"\" class=\"wp-image-138\" style=\"width:395px;height:auto\" srcset=\"https:\/\/sisu.ut.ee\/wp-content\/uploads\/sites\/644\/Toomaailm-1024x671.jpg 1024w, https:\/\/sisu.ut.ee\/wp-content\/uploads\/sites\/644\/Toomaailm-300x197.jpg 300w, https:\/\/sisu.ut.ee\/wp-content\/uploads\/sites\/644\/Toomaailm-768x503.jpg 768w, https:\/\/sisu.ut.ee\/wp-content\/uploads\/sites\/644\/Toomaailm-1536x1006.jpg 1536w, https:\/\/sisu.ut.ee\/wp-content\/uploads\/sites\/644\/Toomaailm-2048x1341.jpg 2048w, https:\/\/sisu.ut.ee\/wp-content\/uploads\/sites\/644\/Toomaailm-1920x1258.jpg 1920w\" sizes=\"auto, (max-width: 1024px) 100vw, 1024px\"><\/figure>\n\n\n\n<p>Oma karj\u00e4\u00e4riteed planeerides esitad endale ilmselt k\u00fcsimuse: \u201eKus ja millistel ametikohtadel minu eriala l\u00f5petaja t\u00f6\u00f6d leiab?\u201c Peamine vastus sellele on, et t\u00f6\u00f6turul on palju eri v\u00f5imalusi ja valikuvariandid v\u00f5ivad olla p\u00e4ris mitmekesised.<\/p>\n\n\n\n<p>Karj\u00e4\u00e4ri kavandades m\u00f5tle k\u00f5igepealt l\u00e4bi, <a href=\"https:\/\/sisu.ut.ee\/karjaarivarav\/milline-too-mulle-sobib\/\">millised on Su huvid, vajadused, v\u00e4\u00e4rtused, teadmised ja oskused, isikuomadused ning olulised isiklikud asjaolud<\/a>. N\u00e4iteks oma v\u00e4\u00e4rtusruumi m\u00f5istmine lubab teha valikuid ja otsuseid, mis on koosk\u00f5las Sulle oluliste aspektidega, ja suurendab v\u00f5imalust, et rahulolu valikuga p\u00fcsib v\u00f5imalikult kaua.<\/p>\n\n\n\n<p>Seej\u00e4rel kaalu, millised karj\u00e4\u00e4riv\u00f5imalused ja ametikohad Sulle sobiksid ning mis tingimused on Sulle meeltm\u00f6\u00f6da. Kaalu, v\u00f5rdle ja m\u00f5tle strateegiliselt. Uuri, kuidas pakutavad v\u00f5imalused seostuvad Sinu ootuste, teadmiste ja oskustega ning mida peaksid veel arendama, et j\u00f5uda seatud eesm\u00e4rkideni.<\/p>\n\n\n<div class=\"accordion-block mb-3\">\n\t\t<div class=\"accordion \" id=\"accordion-accordion-69da5fc4dc215\">\n\t\t\t\t\t\t\t<div class=\"accordion-item accordion-item--blue\">\n\t\t\t\t\t<h2 class=\"accordion-header\" id=\"accordion-69da5fc4dc215-heading-1\">\n\t\t\t\t\t\t<button class=\"accordion-button collapsed\" type=\"button\" data-bs-toggle=\"collapse\" data-bs-target=\"#accordion-69da5fc4dc215-collapse-1\" aria-expanded=\"true\" aria-controls=\"accordion-69da5fc4dc215-collapse-1\">\n\t\t\t\t\t\t\tMida t\u00e4hendab uurida t\u00f6\u00f6turu v\u00f5imalusi?\n\t\t\t\t\t\t<\/button>\n\t\t\t\t\t<\/h2>\n\t\t\t\t\t<div id=\"accordion-69da5fc4dc215-collapse-1\" class=\"accordion-collapse collapse \" aria-labelledby=\"accordion-69da5fc4dc215-heading-1\">\n\t\t\t\t\t\t<div class=\"accordion-body\">\n\t\t\t\t\t\t\t<p>Vajaliku info kogumiseks ja anal\u00fc\u00fcsimiseks p\u00f6\u00f6ra t\u00e4helepanu n\u00e4iteks j\u00e4rgmistele teemadele:<\/p>\n<ul>\n<li>t\u00f6\u00f6turg, selle suundumused ja prognoosid;<\/li>\n<li>ameti-, kutse- ja tegevusalad ja, mis on seotud otseselt sinu erialaga ja kuuluvad teistesse valdkondadesse;<\/li>\n<li>konkurents t\u00f6\u00f6turul ehk n\u00f5udlus ja pakkumine;<\/li>\n<li>t\u00f6\u00f6tamise vormid ja viisid ning t\u00f6\u00f6suhteid reguleerivad \u00f5igusaktid;<\/li>\n<li>kutsestandardid ja kvalifikatsioonin\u00f5uded;<\/li>\n<li>t\u00f6\u00f6 iseloom ja sisu, t\u00f6\u00f6keskkond;<\/li>\n<li>p\u00e4devus, erialased oskused ja eeldused, \u00fcldoskused;<\/li>\n<li>hariduse ja kogemuse roll t\u00f6\u00f6 leidmisel.<\/li>\n<\/ul>\n\n\t\t\t\t\t\t<\/div>\n\t\t\t\t\t<\/div>\n\t\t\t\t<\/div>\n\t\t\t\t\t<\/div>\n\t<\/div>\n\n\n\n<p><\/p>\n\n\n\n<p>T\u00f6\u00f6turuv\u00f5imaluste uurimisel m\u00f5tle, kas n\u00e4ed end t\u00f6\u00f6tamas pigem akadeemilises maailmas, avalikus sektoris v\u00f5i \u00e4rivaldkonnas. Kas soovid olla \u00fchiskondlikult aktiivne, teha vabatahtlikku t\u00f6\u00f6d, alustada ettev\u00f5tlusega, minna \u00f5pi- v\u00f5i t\u00f6\u00f6r\u00e4ndele?<\/p>\n\n\n\n<p>T\u00f6\u00f6turu tundmine on kasulik ka t\u00f6\u00f6le kandideerimisel. T\u00f6\u00f6andjad ja v\u00e4rbajad ootavad, et oled v\u00e4hemalt p\u00f5hiinfo ja -t\u00f5dede v\u00e4ljaselgitamisega vaeva n\u00e4inud. Nende teadmiste olemasolu aitab Sul t\u00f6\u00f6andjat enda sobivuses veenda.<\/p>\n","protected":false},"excerpt":{"rendered":"<p>Oma karj\u00e4\u00e4riteed planeerides esitad endale ilmselt k\u00fcsimuse: \u201eKus ja millistel ametikohtadel minu eriala l\u00f5petaja t\u00f6\u00f6d leiab?\u201c Peamine vastus sellele on, et t\u00f6\u00f6turul on palju eri v\u00f5imalusi ja valikuvariandid v\u00f5ivad olla p\u00e4ris mitmekesised. Karj\u00e4\u00e4ri kavandades m\u00f5tle k\u00f5igepealt l\u00e4bi, millised on Su &#8230;<\/p>\n","protected":false},"author":228,"featured_media":0,"parent":0,"menu_order":0,"comment_status":"closed","ping_status":"closed","template":"","meta":{"_acf_changed":false,"inline_featured_image":false,"footnotes":""},"class_list":["post-4","page","type-page","status-publish","hentry"],"acf":[],"_links":{"self":[{"href":"https:\/\/sisu.ut.ee\/karjaarivarav\/wp-json\/wp\/v2\/pages\/4","targetHints":{"allow":["GET"]}}],"collection":[{"href":"https:\/\/sisu.ut.ee\/karjaarivarav\/wp-json\/wp\/v2\/pages"}],"about":[{"href":"https:\/\/sisu.ut.ee\/karjaarivarav\/wp-json\/wp\/v2\/types\/page"}],"author":[{"embeddable":true,"href":"https:\/\/sisu.ut.ee\/karjaarivarav\/wp-json\/wp\/v2\/users\/228"}],"replies":[{"embeddable":true,"href":"https:\/\/sisu.ut.ee\/karjaarivarav\/wp-json\/wp\/v2\/comments?post=4"}],"version-history":[{"count":7,"href":"https:\/\/sisu.ut.ee\/karjaarivarav\/wp-json\/wp\/v2\/pages\/4\/revisions"}],"predecessor-version":[{"id":1061,"href":"https:\/\/sisu.ut.ee\/karjaarivarav\/wp-json\/wp\/v2\/pages\/4\/revisions\/1061"}],"wp:attachment":[{"href":"https:\/\/sisu.ut.ee\/karjaarivarav\/wp-json\/wp\/v2\/media?parent=4"}],"curies":[{"name":"wp","href":"https:\/\/api.w.org\/{rel}","templated":true}]}}