{"id":29,"date":"2025-03-07T15:32:41","date_gmt":"2025-03-07T13:32:41","guid":{"rendered":"https:\/\/sisu.ut.ee\/karjaarivarav\/too-otsimine\/"},"modified":"2024-07-08T13:56:14","modified_gmt":"2024-07-08T10:56:14","slug":"too-otsimine","status":"publish","type":"page","link":"https:\/\/sisu.ut.ee\/karjaarivarav\/too-otsimine\/","title":{"rendered":"T\u00f6\u00f6 otsimine"},"content":{"rendered":"<div style=\"height:26px\" aria-hidden=\"true\" class=\"wp-block-spacer\"><\/div>\n\n\n\n<figure class=\"wp-block-image alignright size-large is-resized\"><img loading=\"lazy\" decoding=\"async\" width=\"1024\" height=\"900\" src=\"https:\/\/sisu.ut.ee\/wp-content\/uploads\/sites\/644\/Too-otsimine-1024x900.jpg\" alt=\"\" class=\"wp-image-137\" style=\"width:346px;height:auto\" srcset=\"https:\/\/sisu.ut.ee\/wp-content\/uploads\/sites\/644\/Too-otsimine-1024x900.jpg 1024w, https:\/\/sisu.ut.ee\/wp-content\/uploads\/sites\/644\/Too-otsimine-300x264.jpg 300w, https:\/\/sisu.ut.ee\/wp-content\/uploads\/sites\/644\/Too-otsimine-768x675.jpg 768w, https:\/\/sisu.ut.ee\/wp-content\/uploads\/sites\/644\/Too-otsimine-1536x1350.jpg 1536w, https:\/\/sisu.ut.ee\/wp-content\/uploads\/sites\/644\/Too-otsimine-2048x1799.jpg 2048w, https:\/\/sisu.ut.ee\/wp-content\/uploads\/sites\/644\/Too-otsimine-1920x1687.jpg 1920w\" sizes=\"auto, (max-width: 1024px) 100vw, 1024px\"><\/figure>\n\n\n\n<h2 class=\"wp-block-heading\">Kuidas t\u00f6\u00f6d otsida?<\/h2>\n\n\n\n<p>Maailm muutub, tehnoloogia areneb tohutult kiiresti, t\u00f6\u00f6tamise viisid ja olemus teisenevad. See k\u00f5ik eeldab nii t\u00f6\u00f6otsijalt kui ka t\u00f6\u00f6andjalt paindlikkust. T\u00f6\u00f6andjad peavad n\u00e4iteks kohandama oma v\u00e4rbamisviise ning t\u00f6\u00f6tajatele m\u00f5eldud toetus- ja arendustegevust. T\u00f6\u00f6otsijad peavad olema avatud, proaktiivsed ning valmis juurde ja \u00fcmber \u00f5ppima.<\/p>\n\n\n\n<p>Erialaoskuste k\u00f5rval on v\u00e4ga olulised \u00fcldoskused, mis on v\u00e4\u00e4rtuslik kapital nii t\u00f6\u00f6 otsimisel, t\u00f6\u00f6le kandideerimisel kui ka t\u00f6\u00f6 tegemisel. T\u00f6\u00f6 otsimise ajal on samav\u00f5rra t\u00e4htsad pealehakkamine, j\u00e4rjekindlus ja kannatlikkus.<\/p>\n","protected":false},"excerpt":{"rendered":"<p>Kuidas t\u00f6\u00f6d otsida? Maailm muutub, tehnoloogia areneb tohutult kiiresti, t\u00f6\u00f6tamise viisid ja olemus teisenevad. See k\u00f5ik eeldab nii t\u00f6\u00f6otsijalt kui ka t\u00f6\u00f6andjalt paindlikkust. T\u00f6\u00f6andjad peavad n\u00e4iteks kohandama oma v\u00e4rbamisviise ning t\u00f6\u00f6tajatele m\u00f5eldud toetus- ja arendustegevust. T\u00f6\u00f6otsijad peavad olema avatud, proaktiivsed &#8230;<\/p>\n","protected":false},"author":228,"featured_media":0,"parent":0,"menu_order":0,"comment_status":"closed","ping_status":"closed","template":"","meta":{"_acf_changed":false,"inline_featured_image":false,"footnotes":""},"class_list":["post-29","page","type-page","status-publish","hentry"],"acf":[],"_links":{"self":[{"href":"https:\/\/sisu.ut.ee\/karjaarivarav\/wp-json\/wp\/v2\/pages\/29","targetHints":{"allow":["GET"]}}],"collection":[{"href":"https:\/\/sisu.ut.ee\/karjaarivarav\/wp-json\/wp\/v2\/pages"}],"about":[{"href":"https:\/\/sisu.ut.ee\/karjaarivarav\/wp-json\/wp\/v2\/types\/page"}],"author":[{"embeddable":true,"href":"https:\/\/sisu.ut.ee\/karjaarivarav\/wp-json\/wp\/v2\/users\/228"}],"replies":[{"embeddable":true,"href":"https:\/\/sisu.ut.ee\/karjaarivarav\/wp-json\/wp\/v2\/comments?post=29"}],"version-history":[{"count":14,"href":"https:\/\/sisu.ut.ee\/karjaarivarav\/wp-json\/wp\/v2\/pages\/29\/revisions"}],"predecessor-version":[{"id":981,"href":"https:\/\/sisu.ut.ee\/karjaarivarav\/wp-json\/wp\/v2\/pages\/29\/revisions\/981"}],"wp:attachment":[{"href":"https:\/\/sisu.ut.ee\/karjaarivarav\/wp-json\/wp\/v2\/media?parent=29"}],"curies":[{"name":"wp","href":"https:\/\/api.w.org\/{rel}","templated":true}]}}