{"id":25,"date":"2024-04-04T08:52:37","date_gmt":"2024-04-04T05:52:37","guid":{"rendered":"https:\/\/sisu.ut.ee\/karjaarivarav\/osale-ja-arene\/"},"modified":"2024-09-20T11:15:02","modified_gmt":"2024-09-20T08:15:02","slug":"osale-ja-arene","status":"publish","type":"page","link":"https:\/\/sisu.ut.ee\/karjaarivarav\/osale-ja-arene\/","title":{"rendered":"Osale ja arene"},"content":{"rendered":"<figure class=\"wp-block-image aligncenter is-resized\"><img loading=\"lazy\" decoding=\"async\" width=\"1920\" height=\"1080\" src=\"https:\/\/sisu.ut.ee\/wp-content\/uploads\/sites\/644\/osale_ja_arene.jpg\" alt=\"Osale ja arene\" class=\"wp-image-48\" style=\"width:953px\" title=\"osale_ja_arene.jpg\" srcset=\"https:\/\/sisu.ut.ee\/wp-content\/uploads\/sites\/644\/osale_ja_arene.jpg 1920w, https:\/\/sisu.ut.ee\/wp-content\/uploads\/sites\/644\/osale_ja_arene-300x169.jpg 300w, https:\/\/sisu.ut.ee\/wp-content\/uploads\/sites\/644\/osale_ja_arene-1024x576.jpg 1024w, https:\/\/sisu.ut.ee\/wp-content\/uploads\/sites\/644\/osale_ja_arene-768x432.jpg 768w, https:\/\/sisu.ut.ee\/wp-content\/uploads\/sites\/644\/osale_ja_arene-1536x864.jpg 1536w\" sizes=\"auto, (max-width: 1920px) 100vw, 1920px\"><\/figure>\n\n\n\n<h5 class=\"wp-block-heading has-extra-large-font-size\"><strong>Mida enese arendamine Sulle annab?<\/strong>\u00a0<\/h5>\n\n\n\n<figure class=\"wp-block-table\"><table class=\"table table-hover\"><tbody><tr><td><strong>M\u00f5ttehetk.\u00a0<\/strong>Millal \u00f5ppisid viimati midagi uut v\u00e4ljaspool \u00fclikooli \u00f5pinguid? Mis see oli? Mis tunde see Sinus tekitas? Kus Sul v\u00f5ib \u00f5pitut vaja minna?<\/td><\/tr><\/tbody><\/table><\/figure>\n\n\n\n<div style=\"height:15px\" aria-hidden=\"true\" class=\"wp-block-spacer\"><\/div>\n\n\n\n<p>Eneseareng v\u00f5imaldab kujundada enda elu selliseks, nagu soovid ja vajad, ning muuta Sind \u00f5nnelikumaks. K\u00f5ik algab m\u00f5tteviisist, et oled uudishimulik ja tunned huvi elu vastu, soovid muutuda, omandada m\u00f5ne uue t\u00f6\u00f6oskuse v\u00f5i lihtsalt suurendada rahulolu eluga. Mida rahulolevam ja \u00f5nnelikum Sa iga p\u00e4ev oled, seda enam kiirgab seda ka Sinust v\u00e4ljapoole. <strong>Ennast arendades v\u00f5id avastada, et oled v\u00f5imeline palju enamaks, kui seni arvanud oled.<\/strong>\u00a0<\/p>\n\n\n<div class=\"accordion-block mb-3\">\n\t\t<div class=\"accordion \" id=\"accordion-accordion-69da335ba02f4\">\n\t\t\t\t\t\t\t<div class=\"accordion-item accordion-item--blue\">\n\t\t\t\t\t<h2 class=\"accordion-header\" id=\"accordion-69da335ba02f4-heading-1\">\n\t\t\t\t\t\t<button class=\"accordion-button collapsed\" type=\"button\" data-bs-toggle=\"collapse\" data-bs-target=\"#accordion-69da335ba02f4-collapse-1\" aria-expanded=\"true\" aria-controls=\"accordion-69da335ba02f4-collapse-1\">\n\t\t\t\t\t\t\tEnda arendamine pakub \n\t\t\t\t\t\t<\/button>\n\t\t\t\t\t<\/h2>\n\t\t\t\t\t<div id=\"accordion-69da335ba02f4-collapse-1\" class=\"accordion-collapse collapse \" aria-labelledby=\"accordion-69da335ba02f4-heading-1\">\n\t\t\t\t\t\t<div class=\"accordion-body\">\n\t\t\t\t\t\t\t<ul>\n<li>avastamisr\u00f5\u00f5mu,<\/li>\n<li>uusi teadmisi ja oskusi,<\/li>\n<li>suuremat teadlikkust iseendast ja oma v\u00f5imalustest,<\/li>\n<li>rahulolu ja heaolutunnet,<\/li>\n<li>uusi tutvusi ja suhteid,<\/li>\n<li>teatud kontrolli enda elu \u00fcle.<\/li>\n<\/ul>\n\n\t\t\t\t\t\t<\/div>\n\t\t\t\t\t<\/div>\n\t\t\t\t<\/div>\n\t\t\t\t\t<\/div>\n\t<\/div>\n\n\n\n<div style=\"height:15px\" aria-hidden=\"true\" class=\"wp-block-spacer\"><\/div>\n\n\n\n<p>K\u00f5ik Sinu senised ja tulevased kogemused arendavad Sind. Kogemusi saab omandada nii koolis, t\u00f6\u00f6l, isiklikus elus kui ka igal pool mujal. \u00d5pingutega seotud r\u00fchmat\u00f6\u00f6s, m\u00f5ne t\u00f6ise olukorra lahendamisel, enda hobiga tegeledes ning s\u00f5prade ja perega suheldes kasutad ja arendad alati Sa mingeid oskusi, saad uusi teadmisi ja kasvatad teadlikkust iseendast. Enesearengus on olulisel kohal ka oma suhtlusringi laiendamine ja sel eesm\u00e4rgil uute inimestega kohtumine.\u00a0<\/p>\n\n\n\n<p>Enesearengut saad alustada v\u00e4ikeste sammudega. Sa v\u00f5id katsetada uusi asju ja avastada selle kaudu, mis Sulle meeldib ja mis mitte. Kuid uue oskuse l\u00f5plikuks v\u00e4ljakujunemiseks on oluline ka j\u00e4rjepidevus ja m\u00f5testamine.\u00a0<\/p>\n\n\n<div class=\"accordion-block mb-3\">\n\t\t<div class=\"accordion \" id=\"accordion-accordion-69da335ba0a17\">\n\t\t\t\t\t\t\t<div class=\"accordion-item accordion-item--blue\">\n\t\t\t\t\t<h2 class=\"accordion-header\" id=\"accordion-69da335ba0a17-heading-1\">\n\t\t\t\t\t\t<button class=\"accordion-button collapsed\" type=\"button\" data-bs-toggle=\"collapse\" data-bs-target=\"#accordion-69da335ba0a17-collapse-1\" aria-expanded=\"true\" aria-controls=\"accordion-69da335ba0a17-collapse-1\">\n\t\t\t\t\t\t\t\u00dclikoolis saab enesearenguv\u00f5imaluste kohta teavet muu hulgas \n\t\t\t\t\t\t<\/button>\n\t\t\t\t\t<\/h2>\n\t\t\t\t\t<div id=\"accordion-69da335ba0a17-collapse-1\" class=\"accordion-collapse collapse \" aria-labelledby=\"accordion-69da335ba0a17-heading-1\">\n\t\t\t\t\t\t<div class=\"accordion-body\">\n\t\t\t\t\t\t\t<ul>\n<li>tudengite infokirjast,<\/li>\n<li>\u00f5ppehoonete siseekraanidelt,<\/li>\n<li>valdkondade v\u00f5i instituutide listidest,<\/li>\n<li>\u00fclikooli sotsiaalmeedia (T\u00dc, T\u00dc\u00dcE, n\u00f5ustamiskeskus) kanalitest,<\/li>\n<li>instituutide stendidel olevatelt plakatitelt,<\/li>\n<li>tudengiorganisatsioonide infokanalitest.<\/li>\n<\/ul>\n\n\t\t\t\t\t\t<\/div>\n\t\t\t\t\t<\/div>\n\t\t\t\t<\/div>\n\t\t\t\t\t<\/div>\n\t<\/div>\n","protected":false},"excerpt":{"rendered":"<p>Mida enese arendamine Sulle annab?\u00a0 M\u00f5ttehetk.\u00a0Millal \u00f5ppisid viimati midagi uut v\u00e4ljaspool \u00fclikooli \u00f5pinguid? Mis see oli? Mis tunde see Sinus tekitas? Kus Sul v\u00f5ib \u00f5pitut vaja minna? Eneseareng v\u00f5imaldab kujundada enda elu selliseks, nagu soovid ja vajad, ning muuta Sind &#8230;<\/p>\n","protected":false},"author":228,"featured_media":0,"parent":0,"menu_order":0,"comment_status":"closed","ping_status":"closed","template":"","meta":{"_acf_changed":false,"inline_featured_image":false,"footnotes":""},"class_list":["post-25","page","type-page","status-publish","hentry"],"acf":[],"_links":{"self":[{"href":"https:\/\/sisu.ut.ee\/karjaarivarav\/wp-json\/wp\/v2\/pages\/25","targetHints":{"allow":["GET"]}}],"collection":[{"href":"https:\/\/sisu.ut.ee\/karjaarivarav\/wp-json\/wp\/v2\/pages"}],"about":[{"href":"https:\/\/sisu.ut.ee\/karjaarivarav\/wp-json\/wp\/v2\/types\/page"}],"author":[{"embeddable":true,"href":"https:\/\/sisu.ut.ee\/karjaarivarav\/wp-json\/wp\/v2\/users\/228"}],"replies":[{"embeddable":true,"href":"https:\/\/sisu.ut.ee\/karjaarivarav\/wp-json\/wp\/v2\/comments?post=25"}],"version-history":[{"count":6,"href":"https:\/\/sisu.ut.ee\/karjaarivarav\/wp-json\/wp\/v2\/pages\/25\/revisions"}],"predecessor-version":[{"id":1268,"href":"https:\/\/sisu.ut.ee\/karjaarivarav\/wp-json\/wp\/v2\/pages\/25\/revisions\/1268"}],"wp:attachment":[{"href":"https:\/\/sisu.ut.ee\/karjaarivarav\/wp-json\/wp\/v2\/media?parent=25"}],"curies":[{"name":"wp","href":"https:\/\/api.w.org\/{rel}","templated":true}]}}