{"id":24,"date":"2024-04-04T08:52:36","date_gmt":"2024-04-04T05:52:36","guid":{"rendered":"https:\/\/sisu.ut.ee\/karjaarivarav\/rahvusvaheline-kogemus\/"},"modified":"2025-04-24T16:31:59","modified_gmt":"2025-04-24T13:31:59","slug":"rahvusvaheline-kogemus","status":"publish","type":"page","link":"https:\/\/sisu.ut.ee\/karjaarivarav\/rahvusvaheline-kogemus\/","title":{"rendered":"Rahvusvaheline \u00f5pikogemus"},"content":{"rendered":"<figure class=\"wp-block-image is-resized\"><img loading=\"lazy\" decoding=\"async\" width=\"1920\" height=\"1080\" src=\"https:\/\/sisu.ut.ee\/wp-content\/uploads\/sites\/644\/rahvusvaheline_opikogemus.jpg\" alt=\"Rahvusvaheline \u00f5pikogemus\" class=\"wp-image-47\" style=\"width:953px\" title=\"rahvusvaheline_opikogemus.jpg\" srcset=\"https:\/\/sisu.ut.ee\/wp-content\/uploads\/sites\/644\/rahvusvaheline_opikogemus.jpg 1920w, https:\/\/sisu.ut.ee\/wp-content\/uploads\/sites\/644\/rahvusvaheline_opikogemus-300x169.jpg 300w, https:\/\/sisu.ut.ee\/wp-content\/uploads\/sites\/644\/rahvusvaheline_opikogemus-1024x576.jpg 1024w, https:\/\/sisu.ut.ee\/wp-content\/uploads\/sites\/644\/rahvusvaheline_opikogemus-768x432.jpg 768w, https:\/\/sisu.ut.ee\/wp-content\/uploads\/sites\/644\/rahvusvaheline_opikogemus-1536x864.jpg 1536w\" sizes=\"auto, (max-width: 1920px) 100vw, 1920px\"><figcaption class=\"wp-element-caption\">Autor: Signe Oidekivi<\/figcaption><\/figure>\n\n\n\n<p>Kas oled \u00fcks neist, kes on v\u00e4hemalt korra veeretanud oma peas m\u00f5tet v\u00e4lismaale \u00f5ppima minekust, et muuta oma \u00f5pinguid mitmekesisemaks ja saada rahvusvaheline kogemus teises kultuuriruumis? Siit leiad kasulikke suuniseid ja ideid, et \u00f5pir\u00e4ndesse minek teadlikult l\u00e4bi m\u00f5elda.<\/p>\n\n\n\n<p><strong>\u00d5pir\u00e4ndeplaani <\/strong>koostamisel ja j\u00e4rgimisel tuleb silmas pidada nelja aspekti.<\/p>\n\n\n<div class=\"accordion-block mb-3\">\n\t\t<div class=\"accordion \" id=\"accordion-accordion-69da18737bd02\">\n\t\t\t\t\t\t\t<div class=\"accordion-item accordion-item--blue\">\n\t\t\t\t\t<h2 class=\"accordion-header\" id=\"accordion-69da18737bd02-heading-1\">\n\t\t\t\t\t\t<button class=\"accordion-button collapsed\" type=\"button\" data-bs-toggle=\"collapse\" data-bs-target=\"#accordion-69da18737bd02-collapse-1\" aria-expanded=\"true\" aria-controls=\"accordion-69da18737bd02-collapse-1\">\n\t\t\t\t\t\t\tEnese tundma\u00f5ppimine \n\t\t\t\t\t\t<\/button>\n\t\t\t\t\t<\/h2>\n\t\t\t\t\t<div id=\"accordion-69da18737bd02-collapse-1\" class=\"accordion-collapse collapse \" aria-labelledby=\"accordion-69da18737bd02-heading-1\">\n\t\t\t\t\t\t<div class=\"accordion-body\">\n\t\t\t\t\t\t\t<p>\u00d5pir\u00e4nde planeerimisel tasub alustada eneseanal\u00fc\u00fcsist. Kui Sa tead, mis Sulle huvi pakub, on lihtsam selgeid sihte seada ning nendeni j\u00f5uda. M\u00f5tle j\u00e4rgmistele k\u00fcsimustele.<\/p>\n<ul>\n<li>Millised teemad Sind huvitavad ja mida Sulle teha meeldib?<\/li>\n<li>Kuidas Sulle meeldib \u00f5ppida?<\/li>\n<li>Milliseid oskusi oled juba omandanud?<\/li>\n<li>Milline oled inimesena ja mida pead enda tugevateks k\u00fclgedeks?<\/li>\n<li>Mida pead elus oluliseks ja millest unistad?<\/li>\n<li>Millised on Sinu varasemad r\u00e4nnukogemused ja mida oled reisimise k\u00e4igus enda kohta \u00f5ppinud?<\/li>\n<li>Mida soovid endas arendada?<\/li>\n<li>Millised teadmised ja oskused soovid v\u00e4lis\u00fclikoolis omandada?<\/li>\n<li>Milliseid kogemusi ja tutvusi soovid v\u00e4lis\u00fclikoolis saada?<\/li>\n<\/ul>\n\n\t\t\t\t\t\t<\/div>\n\t\t\t\t\t<\/div>\n\t\t\t\t<\/div>\n\t\t\t\t\t\t\t<div class=\"accordion-item accordion-item--blue\">\n\t\t\t\t\t<h2 class=\"accordion-header\" id=\"accordion-69da18737bd02-heading-2\">\n\t\t\t\t\t\t<button class=\"accordion-button collapsed\" type=\"button\" data-bs-toggle=\"collapse\" data-bs-target=\"#accordion-69da18737bd02-collapse-2\" aria-expanded=\"true\" aria-controls=\"accordion-69da18737bd02-collapse-2\">\n\t\t\t\t\t\t\tV\u00f5imalustega tutvumine \n\t\t\t\t\t\t<\/button>\n\t\t\t\t\t<\/h2>\n\t\t\t\t\t<div id=\"accordion-69da18737bd02-collapse-2\" class=\"accordion-collapse collapse \" aria-labelledby=\"accordion-69da18737bd02-heading-2\">\n\t\t\t\t\t\t<div class=\"accordion-body\">\n\t\t\t\t\t\t\t<p>\u00d5pir\u00e4ndev\u00f5imalused ja pakutavad programmid on mitmek\u00fclgsed ja paindlikud. Et leida nende seast enda jaoks parim ja sobitada see enda huvide ja sihtidega, peab viima end v\u00f5imalustega kurssi.<\/p>\n<p>M\u00f5tle j\u00e4rgmistele k\u00fcsimustele.<\/p>\n<ul>\n<li>Millised on praktika- ja \u00f5pir\u00e4ndev\u00f5imalused?<\/li>\n<li>Millisesse riiki v\u00f5i \u00fclikooli soovid minna?<\/li>\n<li>Millised on v\u00e4lis\u00fclikooli kandideerimistingimused ja \u00f5piv\u00f5imalused?<\/li>\n<li>Millised on toetusv\u00f5imalused \u00f5pir\u00e4nde rahastamiseks?<\/li>\n<li>Kuidas m\u00f5jutab \u00f5pir\u00e4nne Sinu \u00f5pinguid ja nende l\u00f5petamist kodu\u00fclikoolis?<\/li>\n<li>Millised on Sinu edasised \u00f5ppimisv\u00f5imalused?<\/li>\n<li>Kuidas tuleb \u00f5pir\u00e4nde kogemus kasuks t\u00f6\u00f6turul?<\/li>\n<li>Mida p\u00f5nevat ja kasulikku soovitud sihtriigis veel teha saab?<\/li>\n<\/ul>\n\n\t\t\t\t\t\t<\/div>\n\t\t\t\t\t<\/div>\n\t\t\t\t<\/div>\n\t\t\t\t\t\t\t<div class=\"accordion-item accordion-item--blue\">\n\t\t\t\t\t<h2 class=\"accordion-header\" id=\"accordion-69da18737bd02-heading-3\">\n\t\t\t\t\t\t<button class=\"accordion-button collapsed\" type=\"button\" data-bs-toggle=\"collapse\" data-bs-target=\"#accordion-69da18737bd02-collapse-3\" aria-expanded=\"true\" aria-controls=\"accordion-69da18737bd02-collapse-3\">\n\t\t\t\t\t\t\tPlaneerimine\n\t\t\t\t\t\t<\/button>\n\t\t\t\t\t<\/h2>\n\t\t\t\t\t<div id=\"accordion-69da18737bd02-collapse-3\" class=\"accordion-collapse collapse \" aria-labelledby=\"accordion-69da18737bd02-heading-3\">\n\t\t\t\t\t\t<div class=\"accordion-body\">\n\t\t\t\t\t\t\t<p>Et \u00f5pir\u00e4ndest oleks v\u00f5imalikult palju kasu, tuleb selle planeerimisel arvestada oma huvisid, oskusi, omadusi ja v\u00e4\u00e4rtushinnanguid ning siduda neid oma praeguste ja kaugemate eesm\u00e4rkidega. M\u00f5tle l\u00e4bi ja pane enda jaoks kirja j\u00e4rgnev.<\/p>\n<ul>\n<li>Millised on Sinu \u00f5pir\u00e4nde eesm\u00e4rgid?<\/li>\n<li>Millised v\u00f5imalused sobivad Sinu huvide ja tulevikuplaanidega k\u00f5ige paremini?<\/li>\n<li>Milliseid \u00f5ppeaineid soovid v\u00e4lisk\u00f5rgkoolis l\u00e4bida ja mil viisil tulevad need kasuks Sinu edasisel karj\u00e4\u00e4ri- ja \u00f5piteel?<\/li>\n<li>Mida sooviksid veel \u00f5pir\u00e4nde ajal teha?<\/li>\n<li>Milline on Sinu tegevus- ja ajakava?<\/li>\n<li>Kas ja kuidas oma aega planeerid? Kuidas hoiad uues riigis kohanemise ajal tasakaalu \u00f5ppimise ja muude tegemiste vahel?<\/li>\n<li>Milliseid takistusi v\u00f5ib \u00f5pir\u00e4nde jooksul ette tulla ja kuidas saaksid neid \u00fcletada?<\/li>\n<li>Kui tihti vaatad \u00fcle oma plaani, et veenduda, kas oled j\u00e4rje peal ja kas midagi on vaja korrigeerida?<\/li>\n<li>Mida v\u00f5iks veel <a href=\"https:\/\/ut.ee\/et\/sisu\/valismaale-oppima-planeerimine\">teada \u00f5pir\u00e4nde planeerimisest?<\/a><\/li>\n<\/ul>\n\n\t\t\t\t\t\t<\/div>\n\t\t\t\t\t<\/div>\n\t\t\t\t<\/div>\n\t\t\t\t\t\t\t<div class=\"accordion-item accordion-item--blue\">\n\t\t\t\t\t<h2 class=\"accordion-header\" id=\"accordion-69da18737bd02-heading-4\">\n\t\t\t\t\t\t<button class=\"accordion-button collapsed\" type=\"button\" data-bs-toggle=\"collapse\" data-bs-target=\"#accordion-69da18737bd02-collapse-4\" aria-expanded=\"true\" aria-controls=\"accordion-69da18737bd02-collapse-4\">\n\t\t\t\t\t\t\tTegutsemine\n\t\t\t\t\t\t<\/button>\n\t\t\t\t\t<\/h2>\n\t\t\t\t\t<div id=\"accordion-69da18737bd02-collapse-4\" class=\"accordion-collapse collapse \" aria-labelledby=\"accordion-69da18737bd02-heading-4\">\n\t\t\t\t\t\t<div class=\"accordion-body\">\n\t\t\t\t\t\t\t<p>Kui aja- ja tegevuskava on valmis, on hea sellele aeg-ajalt pilk peale heita ning veenduda, et oled j\u00e4rje peal. Samuti v\u00f5ib juhtuda, et plaani on vaja vahepeal muuta v\u00f5i korrigeerida. Niimoodi eesm\u00e4rgip\u00e4raselt tegutsedes on lihtsam tulemusi saavutada. Hinda enda tegutsemisvalmidust j\u00e4rgmistele k\u00fcsimustele vastates.<\/p>\n<ul>\n<li>Millised on need konkreetsed sammud, mida tegevusplaani p\u00f5hjal teed?<\/li>\n<li>Kas oled oma plaanide elluviimisel kohusetundlik ja j\u00e4rjepidev?<\/li>\n<li>Kas oled oma plaanide realiseerimisel ning uute v\u00f5imaluste leidmisel julge tegutseja ja suhtleja?<\/li>\n<li>Millist tuge v\u00f5id vajada ja kes saab Sulle seda pakkuda?<\/li>\n<\/ul>\n\n\t\t\t\t\t\t<\/div>\n\t\t\t\t\t<\/div>\n\t\t\t\t<\/div>\n\t\t\t\t\t<\/div>\n\t<\/div>\n","protected":false},"excerpt":{"rendered":"<p>Kas oled \u00fcks neist, kes on v\u00e4hemalt korra veeretanud oma peas m\u00f5tet v\u00e4lismaale \u00f5ppima minekust, et muuta oma \u00f5pinguid mitmekesisemaks ja saada rahvusvaheline kogemus teises kultuuriruumis? Siit leiad kasulikke suuniseid ja ideid, et \u00f5pir\u00e4ndesse minek teadlikult l\u00e4bi m\u00f5elda. \u00d5pir\u00e4ndeplaani koostamisel &#8230;<\/p>\n","protected":false},"author":228,"featured_media":0,"parent":0,"menu_order":0,"comment_status":"closed","ping_status":"closed","template":"","meta":{"_acf_changed":false,"inline_featured_image":false,"footnotes":""},"class_list":["post-24","page","type-page","status-publish","hentry"],"acf":[],"_links":{"self":[{"href":"https:\/\/sisu.ut.ee\/karjaarivarav\/wp-json\/wp\/v2\/pages\/24","targetHints":{"allow":["GET"]}}],"collection":[{"href":"https:\/\/sisu.ut.ee\/karjaarivarav\/wp-json\/wp\/v2\/pages"}],"about":[{"href":"https:\/\/sisu.ut.ee\/karjaarivarav\/wp-json\/wp\/v2\/types\/page"}],"author":[{"embeddable":true,"href":"https:\/\/sisu.ut.ee\/karjaarivarav\/wp-json\/wp\/v2\/users\/228"}],"replies":[{"embeddable":true,"href":"https:\/\/sisu.ut.ee\/karjaarivarav\/wp-json\/wp\/v2\/comments?post=24"}],"version-history":[{"count":5,"href":"https:\/\/sisu.ut.ee\/karjaarivarav\/wp-json\/wp\/v2\/pages\/24\/revisions"}],"predecessor-version":[{"id":1606,"href":"https:\/\/sisu.ut.ee\/karjaarivarav\/wp-json\/wp\/v2\/pages\/24\/revisions\/1606"}],"wp:attachment":[{"href":"https:\/\/sisu.ut.ee\/karjaarivarav\/wp-json\/wp\/v2\/media?parent=24"}],"curies":[{"name":"wp","href":"https:\/\/api.w.org\/{rel}","templated":true}]}}