{"id":22,"date":"2024-04-04T08:52:36","date_gmt":"2024-04-04T05:52:36","guid":{"rendered":"https:\/\/sisu.ut.ee\/karjaarivarav\/praktika\/"},"modified":"2025-09-01T16:30:34","modified_gmt":"2025-09-01T13:30:34","slug":"praktika","status":"publish","type":"page","link":"https:\/\/sisu.ut.ee\/karjaarivarav\/praktika\/","title":{"rendered":"Praktika"},"content":{"rendered":"<figure class=\"wp-block-image aligncenter is-resized\"><img loading=\"lazy\" decoding=\"async\" width=\"1920\" height=\"1080\" src=\"https:\/\/sisu.ut.ee\/wp-content\/uploads\/sites\/644\/praktika.jpg\" alt=\"Praktika\" class=\"wp-image-45\" style=\"width:953px;height:auto\" title=\"praktika.jpg\" srcset=\"https:\/\/sisu.ut.ee\/wp-content\/uploads\/sites\/644\/praktika.jpg 1920w, https:\/\/sisu.ut.ee\/wp-content\/uploads\/sites\/644\/praktika-300x169.jpg 300w, https:\/\/sisu.ut.ee\/wp-content\/uploads\/sites\/644\/praktika-1024x576.jpg 1024w, https:\/\/sisu.ut.ee\/wp-content\/uploads\/sites\/644\/praktika-768x432.jpg 768w, https:\/\/sisu.ut.ee\/wp-content\/uploads\/sites\/644\/praktika-1536x864.jpg 1536w\" sizes=\"auto, (max-width: 1920px) 100vw, 1920px\"><figcaption class=\"wp-element-caption\">Autor: Signe Oidekivi<\/figcaption><\/figure>\n\n\n\n<p>Siit lehelt leiad praktikale minekuga seotud juhiseid ja n\u00f5uandeid:\u00a0<\/p>\n\n\n\n<ul class=\"wp-block-list\">\n<li>Miks ja millal minna praktikale?\u00a0<\/li>\n<\/ul>\n\n\n\n<ul class=\"wp-block-list\">\n<li>Millised on \u00fclikoolipoolsed n\u00f5uded praktikale?\u00a0<\/li>\n<\/ul>\n\n\n\n<ul class=\"wp-block-list\">\n<li>Kuidas leida endale sobiv praktikakoht Eestis v\u00f5i v\u00e4lismaal?\u00a0<\/li>\n<\/ul>\n\n\n\n<ul class=\"wp-block-list\">\n<li>Mis on oluline praktika l\u00e4bimisel?\u00a0<\/li>\n<\/ul>\n\n\n\n<ul class=\"wp-block-list\">\n<li>Kuidas praktikast \u00f5ppida?\u00a0<\/li>\n<\/ul>\n\n\n\n<p>Praktikaga seotud \u00f5ppeaineid on igas \u00f5ppekavas. Nende sisu ja praktikav\u00f5imaluste kohta uuri l\u00e4hemalt oma praktikakoordinaatorilt.\u202f\u00a0<\/p>\n","protected":false},"excerpt":{"rendered":"<p>Siit lehelt leiad praktikale minekuga seotud juhiseid ja n\u00f5uandeid:\u00a0 Praktikaga seotud \u00f5ppeaineid on igas \u00f5ppekavas. Nende sisu ja praktikav\u00f5imaluste kohta uuri l\u00e4hemalt oma praktikakoordinaatorilt.\u202f\u00a0<\/p>\n","protected":false},"author":346,"featured_media":0,"parent":0,"menu_order":0,"comment_status":"closed","ping_status":"closed","template":"","meta":{"_acf_changed":false,"inline_featured_image":false,"footnotes":""},"class_list":["post-22","page","type-page","status-publish","hentry"],"acf":[],"_links":{"self":[{"href":"https:\/\/sisu.ut.ee\/karjaarivarav\/wp-json\/wp\/v2\/pages\/22","targetHints":{"allow":["GET"]}}],"collection":[{"href":"https:\/\/sisu.ut.ee\/karjaarivarav\/wp-json\/wp\/v2\/pages"}],"about":[{"href":"https:\/\/sisu.ut.ee\/karjaarivarav\/wp-json\/wp\/v2\/types\/page"}],"author":[{"embeddable":true,"href":"https:\/\/sisu.ut.ee\/karjaarivarav\/wp-json\/wp\/v2\/users\/346"}],"replies":[{"embeddable":true,"href":"https:\/\/sisu.ut.ee\/karjaarivarav\/wp-json\/wp\/v2\/comments?post=22"}],"version-history":[{"count":8,"href":"https:\/\/sisu.ut.ee\/karjaarivarav\/wp-json\/wp\/v2\/pages\/22\/revisions"}],"predecessor-version":[{"id":1823,"href":"https:\/\/sisu.ut.ee\/karjaarivarav\/wp-json\/wp\/v2\/pages\/22\/revisions\/1823"}],"wp:attachment":[{"href":"https:\/\/sisu.ut.ee\/karjaarivarav\/wp-json\/wp\/v2\/media?parent=22"}],"curies":[{"name":"wp","href":"https:\/\/api.w.org\/{rel}","templated":true}]}}