{"id":21,"date":"2024-04-04T08:52:36","date_gmt":"2024-04-04T05:52:36","guid":{"rendered":"https:\/\/sisu.ut.ee\/karjaarivarav\/opingute-planeerimine\/"},"modified":"2025-04-24T16:17:32","modified_gmt":"2025-04-24T13:17:32","slug":"opingute-planeerimine","status":"publish","type":"page","link":"https:\/\/sisu.ut.ee\/karjaarivarav\/opingute-planeerimine\/","title":{"rendered":"\u00d5pingute planeerimine"},"content":{"rendered":"<figure class=\"wp-block-image size-large\"><img loading=\"lazy\" decoding=\"async\" width=\"1024\" height=\"576\" src=\"https:\/\/sisu.ut.ee\/wp-content\/uploads\/sites\/644\/opingute_planeerimine3.2-1024x576.jpg\" alt=\"\" class=\"wp-image-593\" srcset=\"https:\/\/sisu.ut.ee\/wp-content\/uploads\/sites\/644\/opingute_planeerimine3.2-1024x576.jpg 1024w, https:\/\/sisu.ut.ee\/wp-content\/uploads\/sites\/644\/opingute_planeerimine3.2-300x169.jpg 300w, https:\/\/sisu.ut.ee\/wp-content\/uploads\/sites\/644\/opingute_planeerimine3.2-768x432.jpg 768w, https:\/\/sisu.ut.ee\/wp-content\/uploads\/sites\/644\/opingute_planeerimine3.2-1536x864.jpg 1536w, https:\/\/sisu.ut.ee\/wp-content\/uploads\/sites\/644\/opingute_planeerimine3.2.jpg 1920w\" sizes=\"auto, (max-width: 1024px) 100vw, 1024px\"><figcaption class=\"wp-element-caption\">Autor: Signe Oidekivi<\/figcaption><\/figure>\n\n\n\n<p class=\"has-text-align-left\">Karj\u00e4\u00e4riv\u00e4rava \u00f5pingute planeerimise rubriigis keskendutakse kahele suuremale teemale:<\/p>\n\n\n\n<ul class=\"wp-block-list\">\n<li><strong>kuidas kavandada edasi\u00f5ppimist<\/strong> ehk teha teadlikke valikuid nii esimest korda \u00fclikooli astudes kui ka j\u00e4rgmiste \u00f5ppeastmete ja eri \u00f5ppevormide peale m\u00f5eldes.<\/li>\n\n\n\n<li><strong>kuidas juhtida oma \u00f5pinguid<\/strong> ehk millised on \u00f5ppimisvalikud ja -tingimused Tartu \u00dclikoolis ning mil viisil kujundada enda huvidest ja eesm\u00e4rkidest l\u00e4htuv \u00f5pitee;<\/li>\n<\/ul>\n\n\n\n<p>Nii nagu Tiksu \u00fcleval pildil, on ka Sinul aeg rooli istuda, teekond l\u00e4bi m\u00f5elda, k\u00f5ik vajalik kaasa pakkida ja teele asuda. Marsruudi, vaatamisv\u00e4\u00e4rsused ja peatumiskohad saad ise valida ja oma teekonda v\u00f5id ka jooksvalt kujundada. K\u00f5ik see k\u00f5lab p\u00f5nevalt, aga kuidas seda teha?<\/p>\n\n\n\n<figure class=\"wp-block-table\"><table class=\"table table-hover\"><tbody><tr><td class=\"has-text-align-left\" data-align=\"left\">President Alar Karis v\u00e4ljendas oma k\u00f5nes koolil\u00f5petajatele j\u00e4rgmist m\u00f5tet: <span style='font-size:12.0pt;line-height:107%;font-family:\"Times New Roman\",serif'><\/span><br><em>\u201eEtteantud r\u00f6\u00f6bastel kulgemise asemel on n\u00fc\u00fcd iga\u00fchel v\u00f5imalik kokku panna isikup\u00e4rane \u00f5piteekond, keskendudes oma huvidele ja tugevustele.\u201d<span style='font-size: 12pt; line-height: 107%; font-family: \"Times New Roman\", serif; background-image: initial; background-position: initial; background-size: initial; background-repeat: initial; background-attachment: initial; background-origin: initial; background-clip: initial;'><\/span><br><\/em><br><a href=\"https:\/\/www.postimees.ee\/8052688\/president-kutsus-kuldsed-ja-viielised-kadriorgu\">Postimees 03.07.2024<\/a><\/td><\/tr><\/tbody><\/table><\/figure>\n","protected":false},"excerpt":{"rendered":"<p>Karj\u00e4\u00e4riv\u00e4rava \u00f5pingute planeerimise rubriigis keskendutakse kahele suuremale teemale: Nii nagu Tiksu \u00fcleval pildil, on ka Sinul aeg rooli istuda, teekond l\u00e4bi m\u00f5elda, k\u00f5ik vajalik kaasa pakkida ja teele asuda. Marsruudi, vaatamisv\u00e4\u00e4rsused ja peatumiskohad saad ise valida ja oma teekonda v\u00f5id &#8230;<\/p>\n","protected":false},"author":228,"featured_media":0,"parent":0,"menu_order":0,"comment_status":"closed","ping_status":"closed","template":"","meta":{"_acf_changed":false,"inline_featured_image":false,"footnotes":""},"class_list":["post-21","page","type-page","status-publish","hentry"],"acf":[],"_links":{"self":[{"href":"https:\/\/sisu.ut.ee\/karjaarivarav\/wp-json\/wp\/v2\/pages\/21","targetHints":{"allow":["GET"]}}],"collection":[{"href":"https:\/\/sisu.ut.ee\/karjaarivarav\/wp-json\/wp\/v2\/pages"}],"about":[{"href":"https:\/\/sisu.ut.ee\/karjaarivarav\/wp-json\/wp\/v2\/types\/page"}],"author":[{"embeddable":true,"href":"https:\/\/sisu.ut.ee\/karjaarivarav\/wp-json\/wp\/v2\/users\/228"}],"replies":[{"embeddable":true,"href":"https:\/\/sisu.ut.ee\/karjaarivarav\/wp-json\/wp\/v2\/comments?post=21"}],"version-history":[{"count":13,"href":"https:\/\/sisu.ut.ee\/karjaarivarav\/wp-json\/wp\/v2\/pages\/21\/revisions"}],"predecessor-version":[{"id":1589,"href":"https:\/\/sisu.ut.ee\/karjaarivarav\/wp-json\/wp\/v2\/pages\/21\/revisions\/1589"}],"wp:attachment":[{"href":"https:\/\/sisu.ut.ee\/karjaarivarav\/wp-json\/wp\/v2\/media?parent=21"}],"curies":[{"name":"wp","href":"https:\/\/api.w.org\/{rel}","templated":true}]}}