{"id":20,"date":"2024-04-04T08:52:36","date_gmt":"2024-04-04T05:52:36","guid":{"rendered":"https:\/\/sisu.ut.ee\/karjaarivarav\/kestlik-motteviis\/"},"modified":"2025-04-24T16:12:09","modified_gmt":"2025-04-24T13:12:09","slug":"kestlik-motteviis","status":"publish","type":"page","link":"https:\/\/sisu.ut.ee\/karjaarivarav\/kestlik-motteviis\/","title":{"rendered":"Kestlik m\u00f5tteviis"},"content":{"rendered":"<p><\/p>\n\n\n\n<div class=\"wp-block-buttons is-layout-flex wp-block-buttons-is-layout-flex\">\n<div class=\"wp-block-button\"><a class=\"wp-block-button__link wp-element-button\" style=\"padding-top:var(--wp--preset--spacing--20);padding-bottom:var(--wp--preset--spacing--20)\">kestliku arengu olemuse m\u00f5istmine<\/a><\/div>\n\n\n\n<div class=\"wp-block-button\"><a class=\"wp-block-button__link wp-element-button\" style=\"padding-top:var(--wp--preset--spacing--20);padding-bottom:var(--wp--preset--spacing--20)\">oma tegevuse m\u00f5ju hindamine<\/a><\/div>\n\n\n\n<div class=\"wp-block-button\"><a class=\"wp-block-button__link wp-element-button\" style=\"padding-top:var(--wp--preset--spacing--20);padding-bottom:var(--wp--preset--spacing--20)\">suunatus tulevikku<\/a><\/div>\n<\/div>\n\n\n\n<p><\/p>\n\n\n\n<figure class=\"wp-block-image alignright size-large is-resized\"><img loading=\"lazy\" decoding=\"async\" width=\"1024\" height=\"851\" src=\"https:\/\/sisu.ut.ee\/wp-content\/uploads\/sites\/644\/Kestlik-motteviis-1024x851.jpg\" alt=\"\" class=\"wp-image-134\" style=\"width:335px;height:auto\" srcset=\"https:\/\/sisu.ut.ee\/wp-content\/uploads\/sites\/644\/Kestlik-motteviis-1024x851.jpg 1024w, https:\/\/sisu.ut.ee\/wp-content\/uploads\/sites\/644\/Kestlik-motteviis-300x249.jpg 300w, https:\/\/sisu.ut.ee\/wp-content\/uploads\/sites\/644\/Kestlik-motteviis-768x638.jpg 768w, https:\/\/sisu.ut.ee\/wp-content\/uploads\/sites\/644\/Kestlik-motteviis-1536x1276.jpg 1536w, https:\/\/sisu.ut.ee\/wp-content\/uploads\/sites\/644\/Kestlik-motteviis-2048x1701.jpg 2048w, https:\/\/sisu.ut.ee\/wp-content\/uploads\/sites\/644\/Kestlik-motteviis-1920x1595.jpg 1920w\" sizes=\"auto, (max-width: 1024px) 100vw, 1024px\"><figcaption class=\"wp-element-caption\">Autor: K\u00e4triin S\u00e4de<\/figcaption><\/figure>\n\n\n\n<p><span style=\"vertical-align: baseline;\"><span lang=\"ET\"><strong>Kestliku m\u00f5tteviisiga kaasneb v\u00f5ime hinnata ja suunata oma tegevuse laiemat m\u00f5ju keskkonnale, tervisele ja kultuurilisele j\u00e4tkusuutlikkusele. <\/strong>Kestlikult m\u00f5tlev ja toimiv inimene saab aru Maa taluvuspiiridest, oskab anal\u00fc\u00fcsida looduskeskkonna s\u00e4\u00e4stmise, \u00fchiskondliku heaolu ja \u00f5igluse saavutamise vajadust ning pakkuda lahendusi. Ta oskab nii erialaspetsialisti kui ka kodanikuna k\u00e4ituda viisil, mis v\u00e4hendab negatiivset ja suurendab positiivset keskkonnam\u00f5ju ning kujundab \u00fchiskonda j\u00e4tkusuutlikumaks. Ta suudab kriitiliselt anal\u00fc\u00fcsida, kuidas tegutseda enda valitud erialal kestliku arengu eesm\u00e4rkide saavutamise nimel.<\/span><\/span><br><br><span style=\"vertical-align: baseline;\"><span lang=\"ET\">Kestlik tegutsemine eeldab erialade\u00fclest m\u00f5tlemist, st oskust leida ja kasutada oma erialast v\u00e4ljapoole j\u00e4\u00e4vaid meetodeid ja teadmisi ning luua nende vahel seoseid. Kestlikkuse eest seisja on teadlik inim\u00fchiskonna ja looduskeskkonna v\u00e4\u00e4rtusp\u00f5hise ja muud liiki m\u00f5testamise viisidest.<\/span><\/span><br><br>Kestliku m\u00f5tteviisiga inimene oskab ja julgeb tegutseda parema tuleviku nimel. Tulevikku suunatus t\u00e4hendab muu hulgas v\u00f5imet kohaneda tehnoloogiliste ja teiste muutustega.<\/p>\n\n\n\n<figure class=\"wp-block-table\"><table class=\"table table-hover\"><tbody><tr><td><strong>M\u00f5ttehetk.\u00a0<\/strong>Mis on hea elu ja mida on selleks vaja? Meenuta inimkonda m\u00f5jutanud suuri leiutisi ja m\u00f5tle, kuidas s\u00f5ltub neist meie t\u00e4nap\u00e4evane elukorraldus. Kui palju energiat ja muid ressursse on vaja meie harjumusp\u00e4raseks eluks? Kui palju on inimesi, kellele on selline heaolutase k\u00e4ttesaamatu? Missuguseid suuri, \u00fcleilmseid muutusi Sa tead? Kuidas m\u00f5jutavad need meid siin ja praegu ning tulevikus?<br>Mida saad teha, et kohaneda kliimamuutustega, pidurdada elurikkuse kadu ja loodusvarude ammendumist ning tulla toime suureneva r\u00e4ndesurvega piirkondadest, kus \u00e4\u00e4rmuslik temperatuur ja veepuudus muudavad elamise v\u00f5imatuks?<\/td><\/tr><\/tbody><\/table><\/figure>\n\n\n\n<p class=\"has-extra-large-font-size\"><strong>Inspiratsiooni tegutsemiseks<\/strong><\/p>\n\n\n\n<div class=\"wp-block-columns is-layout-flex wp-container-core-columns-is-layout-9d6595d7 wp-block-columns-is-layout-flex\">\n<div class=\"wp-block-column is-layout-flow wp-block-column-is-layout-flow\"><div class=\"accordion-block mb-3\">\n\t\t<div class=\"accordion \" id=\"accordion-accordion-69da187350fed\">\n\t\t\t\t\t\t\t<div class=\"accordion-item accordion-item--blue\">\n\t\t\t\t\t<h2 class=\"accordion-header\" id=\"accordion-69da187350fed-heading-1\">\n\t\t\t\t\t\t<button class=\"accordion-button collapsed\" type=\"button\" data-bs-toggle=\"collapse\" data-bs-target=\"#accordion-69da187350fed-collapse-1\" aria-expanded=\"true\" aria-controls=\"accordion-69da187350fed-collapse-1\">\n\t\t\t\t\t\t\tL\u00fchikesed sammud\n\t\t\t\t\t\t<\/button>\n\t\t\t\t\t<\/h2>\n\t\t\t\t\t<div id=\"accordion-69da187350fed-collapse-1\" class=\"accordion-collapse collapse \" aria-labelledby=\"accordion-69da187350fed-heading-1\">\n\t\t\t\t\t\t<div class=\"accordion-body\">\n\t\t\t\t\t\t\t<ul>\n<li>M\u00f5tle, millised on <a href=\"https:\/\/www.youtube.com\/watch?v=FyT9TMlzC6s\" target=\"_blank\" rel=\"noopener\">inimese p\u00f5hivajadused<\/a> ja kuidas j\u00f5uda nende \u00fcmberm\u00f5testamise kaudu kestlikumate lahendusteni.<\/li>\n<li>Uuri <a href=\"https:\/\/www.youtube.com\/watch?v=bbrYODvkvGk\" target=\"_blank\" rel=\"noopener\">lihtsaid soovitus<\/a>i kestlikkuse edendamiseks. Kas leiad m\u00f5ne idee, millele oma edaspidises k\u00e4itumises ja valikutes t\u00e4helepanu p\u00f6\u00f6rata?<\/li>\n<li>Uuri, kust on p\u00e4rit tooted, mida Sa iga p\u00e4ev tarbid. Kuidas toetada kohalikku tootjaskonda ja keskkonda s\u00e4\u00e4stvaid l\u00fchemaid tarneahelaid?<\/li>\n<li>Uuri, mida t\u00e4hendab planeedi Maa <a href=\"https:\/\/overshoot.footprintnetwork.org\/about-earth-overshoot-day\/\" target=\"_blank\" rel=\"noopener\">\u00fcletarbimise p\u00e4ev<\/a> ja millisele kuup\u00e4evale see sel aastal sattus.<\/li>\n<li><a href=\"https:\/\/www.footprintcalculator.org\/home\/en\" target=\"_blank\" rel=\"noopener\">Arvuta v\u00e4lja oma \u00f6koloogiline jalaj\u00e4lg<\/a>. Mitme maakera jagu ressursse on vaja Sinu praeguste tarbimisharjumuste j\u00e4tkumisel?<\/li>\n<li>Vaata, kuidas on k\u00e4sitletud inimese suhet loodusega <a href=\"https:\/\/www.youtube.com\/watch?v=WfGMYdalClU\" target=\"_blank\" rel=\"noopener\">musta huumori <\/a>abil.<\/li>\n<\/ul>\n\n\t\t\t\t\t\t<\/div>\n\t\t\t\t\t<\/div>\n\t\t\t\t<\/div>\n\t\t\t\t\t<\/div>\n\t<\/div>\n<\/div>\n\n\n\n<div class=\"wp-block-column is-layout-flow wp-block-column-is-layout-flow\"><div class=\"accordion-block mb-3\">\n\t\t<div class=\"accordion \" id=\"accordion-accordion-69da187351513\">\n\t\t\t\t\t\t\t<div class=\"accordion-item accordion-item--blue\">\n\t\t\t\t\t<h2 class=\"accordion-header\" id=\"accordion-69da187351513-heading-1\">\n\t\t\t\t\t\t<button class=\"accordion-button collapsed\" type=\"button\" data-bs-toggle=\"collapse\" data-bs-target=\"#accordion-69da187351513-collapse-1\" aria-expanded=\"true\" aria-controls=\"accordion-69da187351513-collapse-1\">\n\t\t\t\t\t\t\tPikad sammud\n\t\t\t\t\t\t<\/button>\n\t\t\t\t\t<\/h2>\n\t\t\t\t\t<div id=\"accordion-69da187351513-collapse-1\" class=\"accordion-collapse collapse \" aria-labelledby=\"accordion-69da187351513-heading-1\">\n\t\t\t\t\t\t<div class=\"accordion-body\">\n\t\t\t\t\t\t\t<ul>\n<li>Tutvu \u00dcRO <a href=\"https:\/\/sdgs.un.org\/goals\" target=\"_blank\" rel=\"noopener\">kestliku arengu eesm\u00e4rkidega<\/a> ja vaata, <a href=\"https:\/\/dashboards.sdgindex.org\/profiles\/estonia\" target=\"_blank\" rel=\"noopener\">millised on Eesti edusammud<\/a> nende poole liikumisel.<\/li>\n<li>Tutvu v\u00f5imalike <a href=\"https:\/\/www.cscp.org\/wp-content\/uploads\/2016\/05\/Scenarios-for-Sustainanle-Lifestyles_2050.pdf\" target=\"_blank\" rel=\"noopener\">tulevikustsenaariumidega<\/a> ja m\u00f5tle, millise neist Sa valiksid ja kuidas selle nimel tegutseksid.<\/li>\n<li>Seda, kas eestimaalaste harjumusp\u00e4rane elukorraldus mahub planetaarsetesse piiridesse, saad lugeda <a href=\"https:\/\/roheline.ee\/wp-content\/uploads\/Planetaarsete-piiride-kontseptsioon_SEI-aruanne-1.pdf\" target=\"_blank\" rel=\"noopener\">Maa taluvuspiiride kontseptsioonist<\/a>.<\/li>\n<li>L\u00f6\u00f6 kaasa kestlikku m\u00f5tteviisi edendavates mittetulundus\u00fchingutes, nt MT\u00dc Mondo, MT\u00dc Arengukoost\u00f6\u00f6 \u00dcmarlaud, Eesti Roheline Liikumine jt.<\/li>\n<\/ul>\n\n\t\t\t\t\t\t<\/div>\n\t\t\t\t\t<\/div>\n\t\t\t\t<\/div>\n\t\t\t\t\t<\/div>\n\t<\/div>\n<\/div>\n<\/div>\n\n\n<div class=\"accordion-block mb-3\">\n\t\t<div class=\"accordion \" id=\"accordion-accordion-69da187351872\">\n\t\t\t\t\t\t\t<div class=\"accordion-item accordion-item--white\">\n\t\t\t\t\t<h2 class=\"accordion-header\" id=\"accordion-69da187351872-heading-1\">\n\t\t\t\t\t\t<button class=\"accordion-button collapsed\" type=\"button\" data-bs-toggle=\"collapse\" data-bs-target=\"#accordion-69da187351872-collapse-1\" aria-expanded=\"true\" aria-controls=\"accordion-69da187351872-collapse-1\">\n\t\t\t\t\t\t\tEneset\u00e4iendamisv\u00f5imalused\n\t\t\t\t\t\t<\/button>\n\t\t\t\t\t<\/h2>\n\t\t\t\t\t<div id=\"accordion-69da187351872-collapse-1\" class=\"accordion-collapse collapse \" aria-labelledby=\"accordion-69da187351872-heading-1\">\n\t\t\t\t\t\t<div class=\"accordion-body\">\n\t\t\t\t\t\t\t<ul>\n<li>Kestliku arengu eesm\u00e4rkidega seotud <a href=\"https:\/\/ut.ee\/et\/sisu\/kestlikkuse-teemad-oppetoos\">\u00f5ppeained ja praktikav\u00f5imalused<\/a><\/li>\n<\/ul>\n\n\t\t\t\t\t\t<\/div>\n\t\t\t\t\t<\/div>\n\t\t\t\t<\/div>\n\t\t\t\t\t\t\t<div class=\"accordion-item accordion-item--white\">\n\t\t\t\t\t<h2 class=\"accordion-header\" id=\"accordion-69da187351872-heading-2\">\n\t\t\t\t\t\t<button class=\"accordion-button collapsed\" type=\"button\" data-bs-toggle=\"collapse\" data-bs-target=\"#accordion-69da187351872-collapse-2\" aria-expanded=\"true\" aria-controls=\"accordion-69da187351872-collapse-2\">\n\t\t\t\t\t\t\tLugemis- ja vaatamissoovitused\n\t\t\t\t\t\t<\/button>\n\t\t\t\t\t<\/h2>\n\t\t\t\t\t<div id=\"accordion-69da187351872-collapse-2\" class=\"accordion-collapse collapse \" aria-labelledby=\"accordion-69da187351872-heading-2\">\n\t\t\t\t\t\t<div class=\"accordion-body\">\n\t\t\t\t\t\t\t<ul>\n<li><a href=\"https:\/\/www.youtube.com\/watch?v=B5NiTN0chj0\" target=\"_blank\" rel=\"noopener\">Lihtne animeeritud selgitus kestlikkuse kohta<\/a><\/li>\n<li>Tutvu \u00fclikooli <a href=\"https:\/\/kestlikuarengukeskus.ut.ee\/et\" target=\"_blank\" rel=\"noopener\">kestliku arengu keskuse<\/a> kodulehe ja seal pakutava materjaliga.<\/li>\n<li><a href=\"https:\/\/kliimatarkused.ut.ee\/kliimamuutuste-abc\" target=\"_blank\" rel=\"noopener\">\u00d5ppematerjal \u201eKliimamuutuste ABC\u201c<\/a><\/li>\n<\/ul>\n\n\t\t\t\t\t\t<\/div>\n\t\t\t\t\t<\/div>\n\t\t\t\t<\/div>\n\t\t\t\t\t<\/div>\n\t<\/div>\n","protected":false},"excerpt":{"rendered":"<p>Kestliku m\u00f5tteviisiga kaasneb v\u00f5ime hinnata ja suunata oma tegevuse laiemat m\u00f5ju keskkonnale, tervisele ja kultuurilisele j\u00e4tkusuutlikkusele. Kestlikult m\u00f5tlev ja toimiv inimene saab aru Maa taluvuspiiridest, oskab anal\u00fc\u00fcsida looduskeskkonna s\u00e4\u00e4stmise, \u00fchiskondliku heaolu ja \u00f5igluse saavutamise vajadust ning pakkuda lahendusi. Ta oskab &#8230;<\/p>\n","protected":false},"author":228,"featured_media":0,"parent":0,"menu_order":0,"comment_status":"closed","ping_status":"closed","template":"","meta":{"_acf_changed":false,"inline_featured_image":false,"footnotes":""},"class_list":["post-20","page","type-page","status-publish","hentry"],"acf":[],"_links":{"self":[{"href":"https:\/\/sisu.ut.ee\/karjaarivarav\/wp-json\/wp\/v2\/pages\/20","targetHints":{"allow":["GET"]}}],"collection":[{"href":"https:\/\/sisu.ut.ee\/karjaarivarav\/wp-json\/wp\/v2\/pages"}],"about":[{"href":"https:\/\/sisu.ut.ee\/karjaarivarav\/wp-json\/wp\/v2\/types\/page"}],"author":[{"embeddable":true,"href":"https:\/\/sisu.ut.ee\/karjaarivarav\/wp-json\/wp\/v2\/users\/228"}],"replies":[{"embeddable":true,"href":"https:\/\/sisu.ut.ee\/karjaarivarav\/wp-json\/wp\/v2\/comments?post=20"}],"version-history":[{"count":20,"href":"https:\/\/sisu.ut.ee\/karjaarivarav\/wp-json\/wp\/v2\/pages\/20\/revisions"}],"predecessor-version":[{"id":1580,"href":"https:\/\/sisu.ut.ee\/karjaarivarav\/wp-json\/wp\/v2\/pages\/20\/revisions\/1580"}],"wp:attachment":[{"href":"https:\/\/sisu.ut.ee\/karjaarivarav\/wp-json\/wp\/v2\/media?parent=20"}],"curies":[{"name":"wp","href":"https:\/\/api.w.org\/{rel}","templated":true}]}}