{"id":19,"date":"2024-04-04T08:52:36","date_gmt":"2024-04-04T05:52:36","guid":{"rendered":"https:\/\/sisu.ut.ee\/karjaarivarav\/ettevotlikkus\/"},"modified":"2025-04-24T16:11:53","modified_gmt":"2025-04-24T13:11:53","slug":"ettevotlikkus","status":"publish","type":"page","link":"https:\/\/sisu.ut.ee\/karjaarivarav\/ettevotlikkus\/","title":{"rendered":"Ettev\u00f5tlikkus"},"content":{"rendered":"<p><\/p>\n\n\n\n<div class=\"wp-block-buttons is-layout-flex wp-block-buttons-is-layout-flex\">\n<div class=\"wp-block-button\"><a class=\"wp-block-button__link wp-element-button\" style=\"padding-top:var(--wp--preset--spacing--20);padding-bottom:var(--wp--preset--spacing--20)\">tegutsemisvalmidus<\/a><\/div>\n\n\n\n<div class=\"wp-block-button\"><a class=\"wp-block-button__link wp-element-button\" style=\"padding-top:var(--wp--preset--spacing--20);padding-bottom:var(--wp--preset--spacing--20)\">riskimisjulgus<\/a><\/div>\n\n\n\n<div class=\"wp-block-button\"><a class=\"wp-block-button__link wp-element-button\" style=\"padding-top:var(--wp--preset--spacing--20);padding-bottom:var(--wp--preset--spacing--20)\">proaktiivsus<\/a><\/div>\n<\/div>\n\n\n\n<p><\/p>\n\n\n\n<figure class=\"wp-block-image alignright size-large is-resized\"><img loading=\"lazy\" decoding=\"async\" width=\"1024\" height=\"1007\" src=\"https:\/\/sisu.ut.ee\/wp-content\/uploads\/sites\/644\/Ettevotlikkus-1024x1007.jpg\" alt=\"\" class=\"wp-image-133\" style=\"width:296px;height:auto\" srcset=\"https:\/\/sisu.ut.ee\/wp-content\/uploads\/sites\/644\/Ettevotlikkus-1024x1007.jpg 1024w, https:\/\/sisu.ut.ee\/wp-content\/uploads\/sites\/644\/Ettevotlikkus-300x295.jpg 300w, https:\/\/sisu.ut.ee\/wp-content\/uploads\/sites\/644\/Ettevotlikkus-768x755.jpg 768w, https:\/\/sisu.ut.ee\/wp-content\/uploads\/sites\/644\/Ettevotlikkus-1536x1511.jpg 1536w, https:\/\/sisu.ut.ee\/wp-content\/uploads\/sites\/644\/Ettevotlikkus-2048x2015.jpg 2048w, https:\/\/sisu.ut.ee\/wp-content\/uploads\/sites\/644\/Ettevotlikkus-1920x1889.jpg 1920w\" sizes=\"auto, (max-width: 1024px) 100vw, 1024px\"><figcaption class=\"wp-element-caption\">Autor: K\u00e4triin S\u00e4de<\/figcaption><\/figure>\n\n\n\n<p><span style=\"vertical-align: baseline;\"><span lang=\"ET\"><strong>Ettev\u00f5tlikkus on oskus ja julgus algatada ja katsetada uusi v\u00f5imalusi ning lahendusi. <\/strong>Ettev\u00f5tlikkusega kaasneb julgus riskida, oskus \u00e4ra tunda v\u00f5imalusi ja tahe neid kasutada, valmisolek leida lahendusi ja viia planeeritud tegevus l\u00f5pule.<\/span><\/span><br>Ettev\u00f5tlik inimene oskab seada selgeid eesm\u00e4rke ja v\u00e4lja t\u00f6\u00f6tada strateegiaid nende saavutamiseks. Ta kasutab t\u00f5husalt ressursse, loob ja juhib meeskondi, reageerib paindlikult muutustele ning kohaneb uute olukordadega.<\/p>\n\n\n\n<p>Proaktiivsus t\u00e4hendab valmidust algatada eri ettev\u00f5tmisi ja tegutseda enne, kui seda n\u00f5utakse. Sellega kaasneb suutlikkus v\u00f5tta oma tegude eest vastutus.<\/p>\n\n\n\n<div style=\"height:9px\" aria-hidden=\"true\" class=\"wp-block-spacer\"><\/div>\n\n\n\n<figure class=\"wp-block-table is-style-regular\"><table class=\"table table-hover\"><tbody><tr><td><strong>M\u00f5ttehetk.\u00a0<\/strong>Mida t\u00e4hendab Sinu jaoks ettev\u00f5tlikkus? Kas oled pigem inimene, kes m\u00f5tleb ja teeb, v\u00f5i j\u00e4\u00e4vadki paljud m\u00f5tted plaanideks? Kas pead ennast riskialtiks inimeseks? Kui m\u00f5nes aines on r\u00fchmat\u00f6\u00f6, siis kas asud seda juhtima v\u00f5i pigem ootad, et keegi Sulle \u00fclesanded k\u00e4tte annaks? Kas hakkad probleemi ilmnemisel tegutsema, et seda lahendada? Kui midagi l\u00e4heb viltu, siis kas Sinu jaoks on keeruline vastutust kanda ja kuidas see m\u00f5jutab Sinu edasisi ettev\u00f5tmisi?<\/td><\/tr><\/tbody><\/table><\/figure>\n\n\n\n<p class=\"has-extra-large-font-size\"><strong>Inspiratsiooni tegutsemiseks<\/strong><\/p>\n\n\n\n<div class=\"wp-block-columns is-not-stacked-on-mobile is-layout-flex wp-container-core-columns-is-layout-9d6595d7 wp-block-columns-is-layout-flex\">\n<div class=\"wp-block-column is-layout-flow wp-block-column-is-layout-flow\"><div class=\"accordion-block mb-3\">\n\t\t<div class=\"accordion \" id=\"accordion-accordion-69da60041cff0\">\n\t\t\t\t\t\t\t<div class=\"accordion-item accordion-item--blue\">\n\t\t\t\t\t<h2 class=\"accordion-header\" id=\"accordion-69da60041cff0-heading-1\">\n\t\t\t\t\t\t<button class=\"accordion-button collapsed\" type=\"button\" data-bs-toggle=\"collapse\" data-bs-target=\"#accordion-69da60041cff0-collapse-1\" aria-expanded=\"true\" aria-controls=\"accordion-69da60041cff0-collapse-1\">\n\t\t\t\t\t\t\tL\u00fchikesed sammud\n\t\t\t\t\t\t<\/button>\n\t\t\t\t\t<\/h2>\n\t\t\t\t\t<div id=\"accordion-69da60041cff0-collapse-1\" class=\"accordion-collapse collapse \" aria-labelledby=\"accordion-69da60041cff0-heading-1\">\n\t\t\t\t\t\t<div class=\"accordion-body\">\n\t\t\t\t\t\t\t<ul>\n<li>M\u00e4rka oma igap\u00e4evaelus v\u00f5imalusi katsetada uusi lahendusi.<\/li>\n<li>\u00dcmbritse end ettev\u00f5tlike inimestega, \u00f5pi nendelt ja k\u00fcsi nende k\u00e4est, milliste p\u00f5him\u00f5tete alusel nad tegutsevad.<\/li>\n<li>N\u00e4ita algatusv\u00f5imet enda osakonnas, instituudis v\u00f5i valdkonnas toimuvate \u00fcrituste v\u00f5i muude ettev\u00f5tmiste korraldamisel.<\/li>\n<\/ul>\n\n\t\t\t\t\t\t<\/div>\n\t\t\t\t\t<\/div>\n\t\t\t\t<\/div>\n\t\t\t\t\t<\/div>\n\t<\/div>\n<\/div>\n\n\n\n<div class=\"wp-block-column is-layout-flow wp-block-column-is-layout-flow\"><div class=\"accordion-block mb-3\">\n\t\t<div class=\"accordion \" id=\"accordion-accordion-69da60041d4d2\">\n\t\t\t\t\t\t\t<div class=\"accordion-item accordion-item--blue\">\n\t\t\t\t\t<h2 class=\"accordion-header\" id=\"accordion-69da60041d4d2-heading-1\">\n\t\t\t\t\t\t<button class=\"accordion-button collapsed\" type=\"button\" data-bs-toggle=\"collapse\" data-bs-target=\"#accordion-69da60041d4d2-collapse-1\" aria-expanded=\"true\" aria-controls=\"accordion-69da60041d4d2-collapse-1\">\n\t\t\t\t\t\t\tPikad sammud\n\t\t\t\t\t\t<\/button>\n\t\t\t\t\t<\/h2>\n\t\t\t\t\t<div id=\"accordion-69da60041d4d2-collapse-1\" class=\"accordion-collapse collapse \" aria-labelledby=\"accordion-69da60041d4d2-heading-1\">\n\t\t\t\t\t\t<div class=\"accordion-body\">\n\t\t\t\t\t\t\t<ul>\n<li>Anal\u00fc\u00fcsi, mida v\u00f5iks t\u00e4hendada ettev\u00f5tlikkus Sinu valitud erialal v\u00f5i eelistatud t\u00f6\u00f6kohal. Millises rollis tunned ennast k\u00f5ige mugavamalt, milliseid oskusi Sa selleks vajad?<\/li>\n<li>V\u00f5ta osa \u00fclikooli pakutavatest programmidest v\u00f5i \u00fcritustest (nt Startup Day), mis v\u00f5imaldavad t\u00f6\u00f6tada koos ettev\u00f5tlike inimestega ning saada inspiratsiooni ja kogemusi ettev\u00f5tlusega alustamiseks.<\/li>\n<li>Osale h\u00e4katonidel, kus k\u00e4sitletakse Sind huvitavaid teemasid. See aitab Sul \u00fcmbritseda ennast ettev\u00f5tlike ja loovate inimestega, kes on Sulle edaspidi heaks eeskujuks.<\/li>\n<li>Ole m\u00f5ne \u00fcrituse kaaskorraldaja, \u00f5pi vastutama ja t\u00f6\u00f6r\u00fchma<\/li>\n<li>Osale <a href=\"https:\/\/liider.ut.ee\/et\/tutvustus\/\" target=\"_blank\" rel=\"noopener\">liidriprogrammis<\/a>, kus saad juurde v\u00e4\u00e4rtuslikke ja kasulike kogemusi ja oskusi muu hulgas enesejuhtimise ja vastutustunde suurendamiseks.<\/li>\n<li>Osale <a href=\"https:\/\/olerohkem.ee\/tudengile\/\" target=\"_blank\" rel=\"noopener\">\u00fcli\u00f5pilasorganisatsioonide<\/a> t\u00f6\u00f6s v\u00f5i kandideeri \u00fcli\u00f5pilasesindusse (<a href=\"https:\/\/tyye.ut.ee\/et\" target=\"_blank\" rel=\"noopener\">T\u00dc\u00dcE<\/a>).<\/li>\n<li>Tee rohkem, kui Sinult oodatakse.<\/li>\n<\/ul>\n\n\t\t\t\t\t\t<\/div>\n\t\t\t\t\t<\/div>\n\t\t\t\t<\/div>\n\t\t\t\t\t<\/div>\n\t<\/div>\n<\/div>\n<\/div>\n\n\n<div class=\"accordion-block mb-3\">\n\t\t<div class=\"accordion \" id=\"accordion-accordion-69da60041d837\">\n\t\t\t\t\t\t\t<div class=\"accordion-item accordion-item--white\">\n\t\t\t\t\t<h2 class=\"accordion-header\" id=\"accordion-69da60041d837-heading-1\">\n\t\t\t\t\t\t<button class=\"accordion-button collapsed\" type=\"button\" data-bs-toggle=\"collapse\" data-bs-target=\"#accordion-69da60041d837-collapse-1\" aria-expanded=\"true\" aria-controls=\"accordion-69da60041d837-collapse-1\">\n\t\t\t\t\t\t\tEneset\u00e4iendamisv\u00f5imalused\n\t\t\t\t\t\t<\/button>\n\t\t\t\t\t<\/h2>\n\t\t\t\t\t<div id=\"accordion-69da60041d837-collapse-1\" class=\"accordion-collapse collapse \" aria-labelledby=\"accordion-69da60041d837-heading-1\">\n\t\t\t\t\t\t<div class=\"accordion-body\">\n\t\t\t\t\t\t\t<ul>\n<li><a href=\"https:\/\/ois2.ut.ee\/#\/courses\/MTAT.03.324\/details\" target=\"_blank\" rel=\"noopener\">MTAT.03.324<\/a> <em>Hackathon<\/em>\u2019idel osalemine, 3 EAP-d<\/li>\n<li class=\"x_MsoNormal\"><a title=\"https:\/\/ois2.ut.ee\/#\/courses\/MJJV.11.001\/version\/761e5f8e-3262-a2d0-d474-b1dab9b0d056\/details\" href=\"https:\/\/ois2.ut.ee\/#\/courses\/MJJV.11.001\/version\/761e5f8e-3262-a2d0-d474-b1dab9b0d056\/details\" data-auth=\"NotApplicable\" data-linkindex=\"1\" data-olk-copy-source=\"MessageBody\">MJJV.11.001<\/a> Ettev\u00f5tluse alused I, 3 EAP<\/li>\n<li class=\"x_MsoNormal\"><a title=\"https:\/\/ois2.ut.ee\/#\/courses\/MJJV.11.002\/version\/f269e7c4-95b5-e717-d443-cf3311aab0c0\/details\" href=\"https:\/\/ois2.ut.ee\/#\/courses\/MJJV.11.002\/version\/f269e7c4-95b5-e717-d443-cf3311aab0c0\/details\" data-auth=\"NotApplicable\" data-linkindex=\"2\">MJJV.11.002<\/a> Ettev\u00f5tluse alused II, 3 EAP<\/li>\n<li class=\"x_MsoNormal\"><a title=\"https:\/\/ois2.ut.ee\/#\/courses\/LTGI.00.005\/version\/e5da703b-1393-cfd0-0c66-5495041e5ec1\/details\" href=\"https:\/\/ois2.ut.ee\/#\/courses\/LTGI.00.005\/version\/e5da703b-1393-cfd0-0c66-5495041e5ec1\/details\" data-auth=\"NotApplicable\" data-linkindex=\"3\">LTGI.00.005<\/a> Teadusp\u00f5hine ettev\u00f5tlus, 2 EAP<\/li>\n<li class=\"x_MsoNormal\"><a title=\"https:\/\/ois2.ut.ee\/#\/courses\/LTAT.05.019\/version\/6fb24670-eaf2-681d-46b2-97d063860339\/details\" href=\"https:\/\/ois2.ut.ee\/#\/courses\/LTAT.05.019\/version\/6fb24670-eaf2-681d-46b2-97d063860339\/details\" data-auth=\"NotApplicable\" data-linkindex=\"4\">LTAT.05.019<\/a><span lang=\"ET\"> \u00a0<\/span>Digitootejuhtimise ettev\u00f5tlusprojekt, 6 EAP<\/li>\n<li class=\"x_MsoNormal\"><a title=\"https:\/\/ois2.ut.ee\/#\/courses\/MJCV.00.011\/details\" href=\"https:\/\/ois2.ut.ee\/#\/courses\/MJCV.00.011\/details\" data-auth=\"NotApplicable\" data-linkindex=\"5\">MJCV.00.011<\/a> Ettev\u00f5tliku k\u00e4itumise ja loova m\u00f5ttet\u00f6\u00f6 oskused, 3 EAP<\/li>\n<li class=\"x_MsoNormal\"><a title=\"https:\/\/ois2.ut.ee\/#\/courses\/MJCV.00.014\/version\/d926195a-4799-7ccc-fc83-172e362ff00d\/details\" href=\"https:\/\/ois2.ut.ee\/#\/courses\/MJCV.00.014\/version\/d926195a-4799-7ccc-fc83-172e362ff00d\/details\" data-auth=\"NotApplicable\" data-linkindex=\"6\">MJCV.00.014<\/a> Ettev\u00f5tluse alused, 3 EAP<\/li>\n<li class=\"x_MsoNormal\"><a title=\"https:\/\/ois2.ut.ee\/#\/courses\/MJMJ.03.001\/version\/46087375-9b4c-5f08-a790-ed25ce74e78e\/details\" href=\"https:\/\/ois2.ut.ee\/#\/courses\/MJMJ.03.001\/version\/46087375-9b4c-5f08-a790-ed25ce74e78e\/details\" data-auth=\"NotApplicable\" data-linkindex=\"7\">MJMJ.03.001<\/a> Praktiline loovettev\u00f5tlus, 6 EAP<\/li>\n<li class=\"x_MsoNormal\"><a title=\"https:\/\/ois2.ut.ee\/#\/courses\/SVPC.01.057\/version\/d9ace024-04a2-d6ba-a341-daa125d1d1c9\/details\" href=\"https:\/\/ois2.ut.ee\/#\/courses\/SVPC.01.057\/version\/d9ace024-04a2-d6ba-a341-daa125d1d1c9\/details\" data-auth=\"NotApplicable\" data-linkindex=\"8\">SVPC.01.057<\/a>\u00a0 Loovus ja ettev\u00f5tlikkus, 3 EAP<\/li>\n<li class=\"x_MsoNormal\"><a title=\"https:\/\/ois2.ut.ee\/#\/courses\/SVMJ.02.014\/version\/37e3f096-94bc-da16-8fb2-d9d409e91c3a\/details\" href=\"https:\/\/ois2.ut.ee\/#\/courses\/SVMJ.02.014\/version\/37e3f096-94bc-da16-8fb2-d9d409e91c3a\/details\" data-auth=\"NotApplicable\" data-linkindex=\"9\">SVMJ.02.014<\/a> Projektipraktika, 6 EAP<\/li>\n<\/ul>\n\n\t\t\t\t\t\t<\/div>\n\t\t\t\t\t<\/div>\n\t\t\t\t<\/div>\n\t\t\t\t\t<\/div>\n\t<\/div>\n","protected":false},"excerpt":{"rendered":"<p>Ettev\u00f5tlikkus on oskus ja julgus algatada ja katsetada uusi v\u00f5imalusi ning lahendusi. Ettev\u00f5tlikkusega kaasneb julgus riskida, oskus \u00e4ra tunda v\u00f5imalusi ja tahe neid kasutada, valmisolek leida lahendusi ja viia planeeritud tegevus l\u00f5pule.Ettev\u00f5tlik inimene oskab seada selgeid eesm\u00e4rke ja v\u00e4lja t\u00f6\u00f6tada &#8230;<\/p>\n","protected":false},"author":228,"featured_media":0,"parent":0,"menu_order":0,"comment_status":"closed","ping_status":"closed","template":"","meta":{"_acf_changed":false,"inline_featured_image":false,"footnotes":""},"class_list":["post-19","page","type-page","status-publish","hentry"],"acf":[],"_links":{"self":[{"href":"https:\/\/sisu.ut.ee\/karjaarivarav\/wp-json\/wp\/v2\/pages\/19","targetHints":{"allow":["GET"]}}],"collection":[{"href":"https:\/\/sisu.ut.ee\/karjaarivarav\/wp-json\/wp\/v2\/pages"}],"about":[{"href":"https:\/\/sisu.ut.ee\/karjaarivarav\/wp-json\/wp\/v2\/types\/page"}],"author":[{"embeddable":true,"href":"https:\/\/sisu.ut.ee\/karjaarivarav\/wp-json\/wp\/v2\/users\/228"}],"replies":[{"embeddable":true,"href":"https:\/\/sisu.ut.ee\/karjaarivarav\/wp-json\/wp\/v2\/comments?post=19"}],"version-history":[{"count":30,"href":"https:\/\/sisu.ut.ee\/karjaarivarav\/wp-json\/wp\/v2\/pages\/19\/revisions"}],"predecessor-version":[{"id":1579,"href":"https:\/\/sisu.ut.ee\/karjaarivarav\/wp-json\/wp\/v2\/pages\/19\/revisions\/1579"}],"wp:attachment":[{"href":"https:\/\/sisu.ut.ee\/karjaarivarav\/wp-json\/wp\/v2\/media?parent=19"}],"curies":[{"name":"wp","href":"https:\/\/api.w.org\/{rel}","templated":true}]}}