{"id":18,"date":"2024-04-04T08:52:36","date_gmt":"2024-04-04T05:52:36","guid":{"rendered":"https:\/\/sisu.ut.ee\/karjaarivarav\/digioskused\/"},"modified":"2025-04-24T16:10:33","modified_gmt":"2025-04-24T13:10:33","slug":"digioskused","status":"publish","type":"page","link":"https:\/\/sisu.ut.ee\/karjaarivarav\/digioskused\/","title":{"rendered":"Digioskused"},"content":{"rendered":"<p><\/p>\n\n\n\n<div class=\"wp-block-buttons is-layout-flex wp-block-buttons-is-layout-flex\">\n<div class=\"wp-block-button\"><a class=\"wp-block-button__link wp-element-button\" style=\"padding-top:var(--wp--preset--spacing--20);padding-bottom:var(--wp--preset--spacing--20)\">digikeskkondade kasutamine<\/a><\/div>\n\n\n\n<div class=\"wp-block-button\"><a class=\"wp-block-button__link wp-element-button\" style=\"padding-top:var(--wp--preset--spacing--20);padding-bottom:var(--wp--preset--spacing--20)\">digisisu loomine<\/a><\/div>\n\n\n\n<div class=\"wp-block-button\"><a class=\"wp-block-button__link wp-element-button\" style=\"padding-top:var(--wp--preset--spacing--20);padding-bottom:var(--wp--preset--spacing--20)\">digiturvalisus<\/a><\/div>\n<\/div>\n\n\n\n<figure class=\"wp-block-image alignright size-large is-resized\"><img loading=\"lazy\" decoding=\"async\" width=\"1024\" height=\"926\" src=\"https:\/\/sisu.ut.ee\/wp-content\/uploads\/sites\/644\/Digioskused-1024x926.jpg\" alt=\"\" class=\"wp-image-129\" style=\"width:309px;height:auto\" srcset=\"https:\/\/sisu.ut.ee\/wp-content\/uploads\/sites\/644\/Digioskused-1024x926.jpg 1024w, https:\/\/sisu.ut.ee\/wp-content\/uploads\/sites\/644\/Digioskused-300x271.jpg 300w, https:\/\/sisu.ut.ee\/wp-content\/uploads\/sites\/644\/Digioskused-768x695.jpg 768w, https:\/\/sisu.ut.ee\/wp-content\/uploads\/sites\/644\/Digioskused-1536x1389.jpg 1536w, https:\/\/sisu.ut.ee\/wp-content\/uploads\/sites\/644\/Digioskused-2048x1853.jpg 2048w, https:\/\/sisu.ut.ee\/wp-content\/uploads\/sites\/644\/Digioskused-1920x1737.jpg 1920w\" sizes=\"auto, (max-width: 1024px) 100vw, 1024px\"><figcaption class=\"wp-element-caption\">Autor: K\u00e4triin S\u00e4de<\/figcaption><\/figure>\n\n\n\n<p><\/p>\n\n\n\n<p><strong>Digioskused t\u00e4histavad v\u00f5imet kasutada digikeskkondi ja -vahendeid eesm\u00e4rgip\u00e4raselt ja turvaliselt ning luua, hinnata ja kaitsta digisisu. <\/strong>Digioskustega inimene teab, kuidas andmeid otsida, lugeda, hallata ja t\u00f6\u00f6delda, mil viisil nende usaldusv\u00e4\u00e4rsust hinnata ja s\u00f5eluda andmemassidest v\u00e4lja olulisim info. Ta oskab kasutada digitehnoloogiaid ja -keskkondi vastutustundlikult ning muu hulgas koost\u00f6\u00f6 tegemiseks.<br><br><span style=\"vertical-align: baseline;\"><span lang=\"ET\">Digioskused v\u00f5imaldavad digisisu loomisel ja kohandamisel aru saada nii olemasolevate vahendite v\u00f5imalustest kui ka intellektuaalse omandi \u00f5igustega seotud piirangutest. Samuti tunneb digip\u00e4dev inimene digiturvalisusega seotud p\u00f5hik\u00fcsimusi, eelk\u00f5ige digiseadmete, oma isikuandmete ja eraelu kaitsmise v\u00f5imalusi.<\/span><\/span> Digioskustega kaasneb oskus hallata ja lahendada k\u00fcberintsidente ja -kriise ning kasutada otstarbekal viisil ja eetiliselt tehisaru.<\/p>\n\n\n\n<div style=\"height:0px\" aria-hidden=\"true\" class=\"wp-block-spacer\"><\/div>\n\n\n\n<figure class=\"wp-block-table\"><table class=\"table table-hover\"><tbody><tr><td><strong>M\u00f5ttehetk.\u00a0<\/strong>Mida aeg edasi, seda enam muutub meie igap\u00e4evategevus tehnoloogiap\u00f5hiseks. Kuidas hindad oma teadmisi digivaldkonnas? Kas tead lihtsamaid Exceli valemeid ja oskad teha meeldej\u00e4\u00e4vaid slaide? Kas leiad oma eesm\u00e4rgi t\u00e4itmiseks sobivad digilahendused? Kas oled teadlik infoturbest ning oskad kaitsta oma digiseadmeid ja isiklikke andmeid? Kas oled m\u00f5elnud, milliseid materjale v\u00f5id enda loodavas digimaterjalis kasutada ja kuidas?<\/td><\/tr><\/tbody><\/table><\/figure>\n\n\n\n<p class=\"has-large-font-size\"><strong>Inspiratsiooni tegutsemiseks<\/strong><\/p>\n\n\n\n<div class=\"wp-block-columns is-layout-flex wp-container-core-columns-is-layout-9d6595d7 wp-block-columns-is-layout-flex\">\n<div class=\"wp-block-column is-layout-flow wp-block-column-is-layout-flow\"><div class=\"accordion-block mb-3\">\n\t\t<div class=\"accordion \" id=\"accordion-accordion-69daef539b2df\">\n\t\t\t\t\t\t\t<div class=\"accordion-item accordion-item--blue\">\n\t\t\t\t\t<h2 class=\"accordion-header\" id=\"accordion-69daef539b2df-heading-1\">\n\t\t\t\t\t\t<button class=\"accordion-button collapsed\" type=\"button\" data-bs-toggle=\"collapse\" data-bs-target=\"#accordion-69daef539b2df-collapse-1\" aria-expanded=\"true\" aria-controls=\"accordion-69daef539b2df-collapse-1\">\n\t\t\t\t\t\t\tL\u00fchikesed sammud\n\t\t\t\t\t\t<\/button>\n\t\t\t\t\t<\/h2>\n\t\t\t\t\t<div id=\"accordion-69daef539b2df-collapse-1\" class=\"accordion-collapse collapse \" aria-labelledby=\"accordion-69daef539b2df-heading-1\">\n\t\t\t\t\t\t<div class=\"accordion-body\">\n\t\t\t\t\t\t\t<ul>\n<li>Proovi rutiinset tegevust arvutis automatiseerida.<\/li>\n<li>Ole esitlusslaidide tegemisel loominguline ja \u00f5pi tundma eri digilahendusi (nt PowerPoint, Prezi) esitluse atraktiivsemaks muutmiseks.<\/li>\n<li>Viita enda loodavas materjalis korrektselt allikatele ja arvesta nii materjali eesm\u00e4rgist kui ka <a href=\"https:\/\/creativecommons.org\/share-your-work\/cclicenses\/\" target=\"_blank\" rel=\"noopener\">litsentsit\u00fc\u00fcbist<\/a> tulenevaid tingimusi.<\/li>\n<li>Katseta, \u00e4ra karda eksida. K\u00f5ike saab alati muuta.<\/li>\n<li>Vii end kurssi, kust abi k\u00fcsida, ja esita oma k\u00fcsimus arusaadaval moel.<\/li>\n<\/ul>\n\n\t\t\t\t\t\t<\/div>\n\t\t\t\t\t<\/div>\n\t\t\t\t<\/div>\n\t\t\t\t\t<\/div>\n\t<\/div>\n<\/div>\n\n\n\n<div class=\"wp-block-column is-layout-flow wp-block-column-is-layout-flow\"><div class=\"accordion-block mb-3\">\n\t\t<div class=\"accordion \" id=\"accordion-accordion-69daef539b83d\">\n\t\t\t\t\t\t\t<div class=\"accordion-item accordion-item--blue\">\n\t\t\t\t\t<h2 class=\"accordion-header\" id=\"accordion-69daef539b83d-heading-1\">\n\t\t\t\t\t\t<button class=\"accordion-button collapsed\" type=\"button\" data-bs-toggle=\"collapse\" data-bs-target=\"#accordion-69daef539b83d-collapse-1\" aria-expanded=\"true\" aria-controls=\"accordion-69daef539b83d-collapse-1\">\n\t\t\t\t\t\t\tPikad sammud\n\t\t\t\t\t\t<\/button>\n\t\t\t\t\t<\/h2>\n\t\t\t\t\t<div id=\"accordion-69daef539b83d-collapse-1\" class=\"accordion-collapse collapse \" aria-labelledby=\"accordion-69daef539b83d-heading-1\">\n\t\t\t\t\t\t<div class=\"accordion-body\">\n\t\t\t\t\t\t\t<ul>\n<li>Osale veebikoolitustel ja pane t\u00e4hele \u00f5ppej\u00f5u kasutatavaid digivahendeid.<\/li>\n<li>\u00d5pi kasutama veebip\u00f5hiseid suhtluskanaleid ja meeskonnat\u00f6\u00f6d toetavaid e-platvorme (Miro, sli.do, Slack jne).<\/li>\n<li>Tutvu \u00fclikooli <a href=\"https:\/\/ut.ee\/et\/sisu\/tartu-ulikooli-suunis-tekstiroboti-kasutamiseks-oppetoos\" target=\"_blank\" rel=\"noopener\">suunisega tekstiroboti<\/a> kasutamiseks \u00f5ppet\u00f6\u00f6s ja m\u00f5tle, kuidas saaksid kasutada tehisaru rutiinse t\u00f6\u00f6 lihtsustamiseks, j\u00e4rgides samas h\u00e4id tavasid.<\/li>\n<li>Harju kasutama <a href=\"https:\/\/ut.ee\/et\/sisu\/autorioigused\" target=\"_blank\" rel=\"noopener\">autori\u00f5iguste<\/a> ja <a href=\"https:\/\/dspace.ut.ee\/bitstream\/handle\/10062\/24773\/tstusomand.html\" target=\"_blank\" rel=\"noopener\">t\u00f6\u00f6stusomand<\/a>i juhendeid, tee endale selgeks, mis on intellektuaalomand ja mis selle alla ei k\u00e4i.<\/li>\n<li>M\u00f5tle oma uurimist\u00f6\u00f6 jaoks l\u00e4bi, kuidas Sa andmeid kogud, t\u00f6\u00f6tled ja s\u00e4ilitad, milliseid vahendeid ja keskkondi selleks kasutad. M\u00f5tle l\u00e4bi nii <a href=\"https:\/\/utlib.ut.ee\/andmehaldusplaan\" target=\"_blank\" rel=\"noopener\">andmehaldus-<\/a> kui ka <a href=\"https:\/\/wiki.ut.ee\/display\/andmed\" target=\"_blank\" rel=\"noopener\">andmekaitsek\u00fcsimused<\/a>.<\/li>\n<\/ul>\n\n\t\t\t\t\t\t<\/div>\n\t\t\t\t\t<\/div>\n\t\t\t\t<\/div>\n\t\t\t\t\t<\/div>\n\t<\/div>\n<\/div>\n<\/div>\n\n\n<div class=\"accordion-block mb-3\">\n\t\t<div class=\"accordion \" id=\"accordion-accordion-69daef539bc35\">\n\t\t\t\t\t\t\t<div class=\"accordion-item accordion-item--white\">\n\t\t\t\t\t<h2 class=\"accordion-header\" id=\"accordion-69daef539bc35-heading-1\">\n\t\t\t\t\t\t<button class=\"accordion-button collapsed\" type=\"button\" data-bs-toggle=\"collapse\" data-bs-target=\"#accordion-69daef539bc35-collapse-1\" aria-expanded=\"true\" aria-controls=\"accordion-69daef539bc35-collapse-1\">\n\t\t\t\t\t\t\tEneset\u00e4iendamisv\u00f5imalused\n\t\t\t\t\t\t<\/button>\n\t\t\t\t\t<\/h2>\n\t\t\t\t\t<div id=\"accordion-69daef539bc35-collapse-1\" class=\"accordion-collapse collapse \" aria-labelledby=\"accordion-69daef539bc35-heading-1\">\n\t\t\t\t\t\t<div class=\"accordion-body\">\n\t\t\t\t\t\t\t<ul>\n<li><a href=\"https:\/\/ois2.ut.ee\/#\/courses\/SVJS.00.083\/details\" target=\"_blank\" rel=\"noopener\">SVJS.00.083<\/a>\u00a0Digip\u00e4dev mina, 6 EAP-d<\/li>\n<li><a href=\"https:\/\/ois2.ut.ee\/#\/courses\/LTAT.00.020\/details\" target=\"_blank\" rel=\"noopener\">LTAT.00.020<\/a>\u00a0Digitaalne maailmapilt, 6 EAP-d<\/li>\n<li><a href=\"https:\/\/ois2.ut.ee\/#\/courses\/SVPH.00.075\/details\" target=\"_blank\" rel=\"noopener\">SVPH.00.075<\/a>\u00a0Digitaalse toote disain, 6 EAP-d<\/li>\n<li><a href=\"https:\/\/utlib.ut.ee\/koolitused-uliopilastele\" target=\"_blank\" rel=\"noopener\">OIAO.06.050<\/a> Infop\u00e4devuse alused, 3 EAP-d<\/li>\n<li><a href=\"https:\/\/ois2.ut.ee\/#\/courses\/SVUH.00.263\/details\" target=\"_blank\" rel=\"noopener\">SVUH.00.263<\/a> Meediap\u00e4devuste m\u00e4nguline arendamine, 3 EAP-d<\/li>\n<li><a href=\"https:\/\/ois2.ut.ee\/#\/courses\/OIAO.06.051\/details\" target=\"_blank\" rel=\"noopener\">OIAO.06.051<\/a> Sissejuhatus erialainfootsingusse, 3 EAP-d<\/li>\n<li><a href=\"https:\/\/ois2.ut.ee\/#\/courses\/SVUH.00.178\/details\" target=\"_blank\" rel=\"noopener\">SVUH.00.178<\/a> Sotsiaalsed digip\u00e4devused, 6 EAP-d<\/li>\n<li><a href=\"https:\/\/ois2.ut.ee\/#\/courses\/HVVK.12.082\/details\" target=\"_blank\" rel=\"noopener\">HVVK.12.082<\/a> Videokool, 3 EAP-d<\/li>\n<\/ul>\n\n\t\t\t\t\t\t<\/div>\n\t\t\t\t\t<\/div>\n\t\t\t\t<\/div>\n\t\t\t\t\t\t\t<div class=\"accordion-item accordion-item--white\">\n\t\t\t\t\t<h2 class=\"accordion-header\" id=\"accordion-69daef539bc35-heading-2\">\n\t\t\t\t\t\t<button class=\"accordion-button collapsed\" type=\"button\" data-bs-toggle=\"collapse\" data-bs-target=\"#accordion-69daef539bc35-collapse-2\" aria-expanded=\"true\" aria-controls=\"accordion-69daef539bc35-collapse-2\">\n\t\t\t\t\t\t\tLugemissoovitused\n\t\t\t\t\t\t<\/button>\n\t\t\t\t\t<\/h2>\n\t\t\t\t\t<div id=\"accordion-69daef539bc35-collapse-2\" class=\"accordion-collapse collapse \" aria-labelledby=\"accordion-69daef539bc35-heading-2\">\n\t\t\t\t\t\t<div class=\"accordion-body\">\n\t\t\t\t\t\t\t<ul>\n<li>Haridus- ja Noorteameti\u00a0<a href=\"https:\/\/digipadevus.ee\/\" target=\"_blank\" rel=\"noopener\">digip\u00e4devuse veebileht<\/a><\/li>\n<li>Tartu \u00dclikooli\u00a0<a href=\"https:\/\/sisu.ut.ee\/digipadevus\" target=\"_blank\" rel=\"noopener\">digip\u00e4devuse \u00f5pivara koduleht<\/a><\/li>\n<li>Tartu \u00dclikooli <a href=\"https:\/\/eoppija.ut.ee\/avaleht\" target=\"_blank\" rel=\"noopener\">e-\u00f5ppija k\u00e4siraamat<\/a><\/li>\n<\/ul>\n\n\t\t\t\t\t\t<\/div>\n\t\t\t\t\t<\/div>\n\t\t\t\t<\/div>\n\t\t\t\t\t<\/div>\n\t<\/div>\n","protected":false},"excerpt":{"rendered":"<p>Digioskused t\u00e4histavad v\u00f5imet kasutada digikeskkondi ja -vahendeid eesm\u00e4rgip\u00e4raselt ja turvaliselt ning luua, hinnata ja kaitsta digisisu. Digioskustega inimene teab, kuidas andmeid otsida, lugeda, hallata ja t\u00f6\u00f6delda, mil viisil nende usaldusv\u00e4\u00e4rsust hinnata ja s\u00f5eluda andmemassidest v\u00e4lja olulisim info. Ta oskab kasutada &#8230;<\/p>\n","protected":false},"author":228,"featured_media":0,"parent":0,"menu_order":0,"comment_status":"closed","ping_status":"closed","template":"","meta":{"_acf_changed":false,"inline_featured_image":false,"footnotes":""},"class_list":["post-18","page","type-page","status-publish","hentry"],"acf":[],"_links":{"self":[{"href":"https:\/\/sisu.ut.ee\/karjaarivarav\/wp-json\/wp\/v2\/pages\/18","targetHints":{"allow":["GET"]}}],"collection":[{"href":"https:\/\/sisu.ut.ee\/karjaarivarav\/wp-json\/wp\/v2\/pages"}],"about":[{"href":"https:\/\/sisu.ut.ee\/karjaarivarav\/wp-json\/wp\/v2\/types\/page"}],"author":[{"embeddable":true,"href":"https:\/\/sisu.ut.ee\/karjaarivarav\/wp-json\/wp\/v2\/users\/228"}],"replies":[{"embeddable":true,"href":"https:\/\/sisu.ut.ee\/karjaarivarav\/wp-json\/wp\/v2\/comments?post=18"}],"version-history":[{"count":30,"href":"https:\/\/sisu.ut.ee\/karjaarivarav\/wp-json\/wp\/v2\/pages\/18\/revisions"}],"predecessor-version":[{"id":1575,"href":"https:\/\/sisu.ut.ee\/karjaarivarav\/wp-json\/wp\/v2\/pages\/18\/revisions\/1575"}],"wp:attachment":[{"href":"https:\/\/sisu.ut.ee\/karjaarivarav\/wp-json\/wp\/v2\/media?parent=18"}],"curies":[{"name":"wp","href":"https:\/\/api.w.org\/{rel}","templated":true}]}}