{"id":1721,"date":"2025-08-29T17:28:59","date_gmt":"2025-08-29T14:28:59","guid":{"rendered":"https:\/\/sisu.ut.ee\/karjaarivarav\/?page_id=1721"},"modified":"2025-08-29T17:29:00","modified_gmt":"2025-08-29T14:29:00","slug":"kuidas-praktikast-oppida","status":"publish","type":"page","link":"https:\/\/sisu.ut.ee\/karjaarivarav\/kuidas-praktikast-oppida\/","title":{"rendered":"Kuidas praktikast \u00f5ppida?"},"content":{"rendered":"<p>Praktika on \u00f5ppimine t\u00f6\u00f6kogemuse kaudu. \u00d5ppida saab eneseanal\u00fc\u00fcsi abil, mida toetavad kaks t\u00e4htsat k\u00fcsimust: <strong>\u201eMida ma tegin?\u201c <\/strong>ja<strong> \u201eMida ma sellest \u00f5ppisin?\u201c<\/strong>. Eneseanal\u00fc\u00fcsioskus h\u00f5lmab oma rolli, tegevuse eesm\u00e4rkide ja tulemuste m\u00f5testamist. Seda v\u00f5ib teha nii kirjalikult praktikap\u00e4evikus v\u00f5i -aruandes kui ka suuliselt praktikaseminaridel.<\/p>\n\n\n\n<p><strong>Praktikast \u00f5ppimisel on v\u00e4ga<\/strong> <strong>oluline arutada<\/strong> <strong>koos juhendajaga<\/strong>,<\/p>\n\n\n\n<ul class=\"wp-block-list\">\n<li>miks tuleb midagi teha just nii v\u00f5i naa;<\/li>\n\n\n\n<li>millised on tulemused;<\/li>\n\n\n\n<li>milliseid oskusi ja teadmisi kasutasid;<\/li>\n\n\n\n<li>kuidas Sa \u00fclesanded l\u00e4bisid;<\/li>\n\n\n\n<li>mis tuli h\u00e4sti v\u00e4lja;<\/li>\n\n\n\n<li>kus oleks saanud midagi veel rohkem v\u00f5i teisiti teha;<\/li>\n\n\n\n<li>kuidas on praktikal \u00f5pitu t\u00e4itnud praktika eesm\u00e4rke ja seostub Sinu t\u00f6\u00f6alase arengu ja tulevikuplaanidega.<\/li>\n<\/ul>\n\n\n\n<p>\u00d5ppimise toetamiseks ja refleksioonioskuse arendamiseks kasutatakse sageli ka <strong>jooksvaid ja l\u00f5puseminare, praktikap\u00e4evikuid ja \u00f5pimappe.<\/strong><\/p>\n\n\n<div class=\"accordion-block mb-3\">\n\t\t<div class=\"accordion \" id=\"accordion-accordion-69da7a0633cbb\">\n\t\t\t\t\t\t\t<div class=\"accordion-item accordion-item--blue\">\n\t\t\t\t\t<h2 class=\"accordion-header\" id=\"accordion-69da7a0633cbb-heading-1\">\n\t\t\t\t\t\t<button class=\"accordion-button collapsed\" type=\"button\" data-bs-toggle=\"collapse\" data-bs-target=\"#accordion-69da7a0633cbb-collapse-1\" aria-expanded=\"true\" aria-controls=\"accordion-69da7a0633cbb-collapse-1\">\n\t\t\t\t\t\t\tPraktikap\u00e4evik\n\t\t\t\t\t\t<\/button>\n\t\t\t\t\t<\/h2>\n\t\t\t\t\t<div id=\"accordion-69da7a0633cbb-collapse-1\" class=\"accordion-collapse collapse \" aria-labelledby=\"accordion-69da7a0633cbb-heading-1\">\n\t\t\t\t\t\t<div class=\"accordion-body\">\n\t\t\t\t\t\t\t<p>Praktikap\u00e4evik on v\u00e4ga t\u00f5hus eneseanal\u00fc\u00fcsivahend. Isegi kui seda ei n\u00f5uta, on v\u00e4ga soovitatav seda pidada. Tee iga praktikap\u00e4eva l\u00f5pus p\u00e4evikusse sissekanne, sest see v\u00f5imaldab tehtule hiljem tagasi vaadata, ennast anal\u00fc\u00fcsida ja enese arengut n\u00e4ha.<\/p>\n<p>P\u00e4eviku t\u00e4itmisel on abiks j\u00e4rgmised k\u00fcsimused.<\/p>\n<ul>\n<li>Mis oli t\u00e4nasel praktikap\u00e4eval k\u00f5ige parem asi, mis juhtus?<\/li>\n<li>Mis sulle t\u00e4na k\u00f5ige v\u00e4hem meeldis?<\/li>\n<li>Milliseid uusi oskusi omandasid?<\/li>\n<li>Mil viisil oled muutunud v\u00f5i arenenud v\u00f5rreldes ajaga, kui alustasid t\u00f6\u00f6d praktikakohas?<\/li>\n<li>Mida oled enda ja sinuga koos t\u00f6\u00f6tavate inimeste kohta teada saanud?<\/li>\n<li>Milliseid tundeid tekitab sinus t\u00f6\u00f6 praktikakohas? Mis paneb sind ennast nii tundma?<\/li>\n<li>Kas praktikakogemus on pannud sind m\u00f5tlema t\u00f6\u00f6tamisele selles valdkonnas? Millised on selle ameti eelised ja puudused?<\/li>\n<li>Missuguse oma tegevuse \u00fcle oled sellel n\u00e4dalal uhke?<\/li>\n<li>Kas see kogemus on olnud sulle kasulik? Miks?<\/li>\n<\/ul>\n\n\t\t\t\t\t\t<\/div>\n\t\t\t\t\t<\/div>\n\t\t\t\t<\/div>\n\t\t\t\t\t\t\t<div class=\"accordion-item accordion-item--blue\">\n\t\t\t\t\t<h2 class=\"accordion-header\" id=\"accordion-69da7a0633cbb-heading-2\">\n\t\t\t\t\t\t<button class=\"accordion-button collapsed\" type=\"button\" data-bs-toggle=\"collapse\" data-bs-target=\"#accordion-69da7a0633cbb-collapse-2\" aria-expanded=\"true\" aria-controls=\"accordion-69da7a0633cbb-collapse-2\">\n\t\t\t\t\t\t\tPraktikaaruanne\n\t\t\t\t\t\t<\/button>\n\t\t\t\t\t<\/h2>\n\t\t\t\t\t<div id=\"accordion-69da7a0633cbb-collapse-2\" class=\"accordion-collapse collapse \" aria-labelledby=\"accordion-69da7a0633cbb-heading-2\">\n\t\t\t\t\t\t<div class=\"accordion-body\">\n\t\t\t\t\t\t\t<p>Praktikaaruanne on praktikandi kokkuv\u00f5te praktikast \u2013 \u00fclevaade sellest, mida ta praktikal \u00f5ppis ja kuidas arenes. Aruande \u00fclesehituses j\u00e4rgitakse praktikajuhendis esitatud n\u00f5udeid ja juhiseid, mille kohaselt tuleb sageli praktikaettev\u00f5tet ja t\u00e4idetud \u00fclesandeid \u00fcksikasjalikult kirjeldada, teha kokkuv\u00f5ttev anal\u00fc\u00fcs praktikal \u00f5pitust ja eesm\u00e4rkide saavutamisest. Aruanne v\u00f5ib sisaldada ka ettev\u00f5ttele ja juhendamisele antud hinnangut, arvamusi ja ettepanekuid valdkonna parendamiseks.<\/p>\n<p><strong>Praktikaaruannet saab esitada eri vormides, mille m\u00e4\u00e4rab \u00fclikool.<\/strong> Uuri kindlasti juba enne praktikat, kas aruanne tuleb esitada n\u00e4iteks (veebi)p\u00e4evikuna, portfooliona, uurimusena, suulise ettekandena, aruteluseminaril teiste praktikaaine \u00fcli\u00f5pilastega vm.<\/p>\n\n\t\t\t\t\t\t<\/div>\n\t\t\t\t\t<\/div>\n\t\t\t\t<\/div>\n\t\t\t\t\t\t\t<div class=\"accordion-item accordion-item--blue\">\n\t\t\t\t\t<h2 class=\"accordion-header\" id=\"accordion-69da7a0633cbb-heading-3\">\n\t\t\t\t\t\t<button class=\"accordion-button collapsed\" type=\"button\" data-bs-toggle=\"collapse\" data-bs-target=\"#accordion-69da7a0633cbb-collapse-3\" aria-expanded=\"true\" aria-controls=\"accordion-69da7a0633cbb-collapse-3\">\n\t\t\t\t\t\t\tPraktikaseminarid\n\t\t\t\t\t\t<\/button>\n\t\t\t\t\t<\/h2>\n\t\t\t\t\t<div id=\"accordion-69da7a0633cbb-collapse-3\" class=\"accordion-collapse collapse \" aria-labelledby=\"accordion-69da7a0633cbb-heading-3\">\n\t\t\t\t\t\t<div class=\"accordion-body\">\n\t\t\t\t\t\t\t<p>Kui praktikaaine juurde kuuluvad ka \u00fclikoolis toimuvad seminarid, siis osale neis kindlasti. Seminarides saad koos teiste \u00fcli\u00f5pilastega arutleda oma praktikakogemuse \u00fcle. See aitab<\/p>\n<ul>\n<li>oma kogemust m\u00f5testada, n\u00e4ha \u00f5ppimist ja arengut;<\/li>\n<li>kuulda teiste kogemusi ning neid enda omadega ja omavahel v\u00f5rrelda;<\/li>\n<li>t\u00f5statada k\u00fcsimusi ja arutada nende \u00fcle;<\/li>\n<li>saada teistelt ideid t\u00f6\u00f6olukordade ja -\u00fclesannete lahendamiseks;<\/li>\n<li>saada tagasisidet oma tunnete ja m\u00f5tete kohta;<\/li>\n<li>korrigeerida oma tegevust praktika k\u00e4igus;<\/li>\n<li>m\u00f5elda, kus ja kuidas arendatud oskused ja kogemused edaspidi kasuks tulevad.<\/li>\n<\/ul>\n<p>Sageli on praktikaaine l\u00f5pus kokkuv\u00f5ttev seminar, kus toimub praktika kaitsmine ettekande kujul. Sellele j\u00e4rgneb arutelu kuulajatega ja \u00fclikoolipoolse juhendaja tagasiside.<\/p>\n\n\t\t\t\t\t\t<\/div>\n\t\t\t\t\t<\/div>\n\t\t\t\t<\/div>\n\t\t\t\t\t<\/div>\n\t<\/div>\n\n\n\n<p>Oluline on, et saaksid praktikal oma kogemust piisavalt reflekteerida (m\u00f5testada), ja et nii ettev\u00f5ttepoolne praktikajuhendaja kui ka \u00fclikooli praktika\u00f5ppej\u00f5ud annaksid Sulle asjatundlikku tagasisidet. \u00d5nnestunud praktika puhul on p\u00f5hjust olla saavutatu \u00fcle uhke. Seda anal\u00fc\u00fcsides saad paremini planeerida ka oma edasist \u00f5pi- ja karj\u00e4\u00e4riteed.<\/p>\n","protected":false},"excerpt":{"rendered":"<p>Praktika on \u00f5ppimine t\u00f6\u00f6kogemuse kaudu. \u00d5ppida saab eneseanal\u00fc\u00fcsi abil, mida toetavad kaks t\u00e4htsat k\u00fcsimust: \u201eMida ma tegin?\u201c ja \u201eMida ma sellest \u00f5ppisin?\u201c. Eneseanal\u00fc\u00fcsioskus h\u00f5lmab oma rolli, tegevuse eesm\u00e4rkide ja tulemuste m\u00f5testamist. Seda v\u00f5ib teha nii kirjalikult praktikap\u00e4evikus v\u00f5i -aruandes kui &#8230;<\/p>\n","protected":false},"author":414,"featured_media":0,"parent":0,"menu_order":0,"comment_status":"closed","ping_status":"closed","template":"","meta":{"_acf_changed":false,"inline_featured_image":false,"footnotes":""},"class_list":["post-1721","page","type-page","status-publish","hentry"],"acf":[],"_links":{"self":[{"href":"https:\/\/sisu.ut.ee\/karjaarivarav\/wp-json\/wp\/v2\/pages\/1721","targetHints":{"allow":["GET"]}}],"collection":[{"href":"https:\/\/sisu.ut.ee\/karjaarivarav\/wp-json\/wp\/v2\/pages"}],"about":[{"href":"https:\/\/sisu.ut.ee\/karjaarivarav\/wp-json\/wp\/v2\/types\/page"}],"author":[{"embeddable":true,"href":"https:\/\/sisu.ut.ee\/karjaarivarav\/wp-json\/wp\/v2\/users\/414"}],"replies":[{"embeddable":true,"href":"https:\/\/sisu.ut.ee\/karjaarivarav\/wp-json\/wp\/v2\/comments?post=1721"}],"version-history":[{"count":1,"href":"https:\/\/sisu.ut.ee\/karjaarivarav\/wp-json\/wp\/v2\/pages\/1721\/revisions"}],"predecessor-version":[{"id":1722,"href":"https:\/\/sisu.ut.ee\/karjaarivarav\/wp-json\/wp\/v2\/pages\/1721\/revisions\/1722"}],"wp:attachment":[{"href":"https:\/\/sisu.ut.ee\/karjaarivarav\/wp-json\/wp\/v2\/media?parent=1721"}],"curies":[{"name":"wp","href":"https:\/\/api.w.org\/{rel}","templated":true}]}}