{"id":1719,"date":"2025-08-29T17:28:38","date_gmt":"2025-08-29T14:28:38","guid":{"rendered":"https:\/\/sisu.ut.ee\/karjaarivarav\/?page_id=1719"},"modified":"2025-08-29T17:28:39","modified_gmt":"2025-08-29T14:28:39","slug":"mis-on-praktika-tegemisel-oluline","status":"publish","type":"page","link":"https:\/\/sisu.ut.ee\/karjaarivarav\/mis-on-praktika-tegemisel-oluline\/","title":{"rendered":"Mis on praktika tegemisel oluline?"},"content":{"rendered":"<p><strong>Praktikale minnes \u00f5pi kindlasti tundma<\/strong> ettev\u00f5tte v\u00f5i asutuse \u00fclesehitust, eesm\u00e4rke ja \u00fclesandeid, t\u00f6\u00f6korda, t\u00f6\u00f6vahendeid, organisatsioonikultuuri ja inimesi. Sea oma eesm\u00e4rgid ja tee kindlaks, mis on sinu \u00fclesanded. Vajaduse korral t\u00e4psusta neid juhendajaga.<\/p>\n\n\n\n<p>Sinu kohanemisele ja \u00f5ppimisele avaldavad k\u00f5ige suuremat m\u00f5ju suhtlemine ja suhted. Esmat\u00e4htis on luua kontakt praktikajuhendajaga ning olla aus ja avatud nii t\u00f6\u00f6korraldust kui ka -\u00fclesandeid puudutavatel teemadel r\u00e4\u00e4kides. Kui \u00fclesanded tunduvad Sulle n\u00e4iteks liiga lihtsad v\u00f5i keerulised, tasub julgelt arutada, mis paneks Sind parajalt proovile.<\/p>\n\n\n\n<p><strong>Kuidas ettev\u00f5ttes h\u00e4sti kohaneda ja praktikast rohkem kasu saada?<\/strong><\/p>\n\n\n\n<ul class=\"wp-block-list\">\n<li><strong>Tutvu l\u00e4hemalt ettev\u00f5tte v\u00e4\u00e4rtuste, struktuuri ja tegevusega.<\/strong> K\u00fcsi nii oma praktikajuhendajalt kui ka teistelt t\u00f6\u00f6tajatelt, kuidas asjad ettev\u00f5ttes k\u00e4ivad. See n\u00e4itab, et oled ettev\u00f5tte tegevusest huvitatud, ja t\u00f6\u00f6tajad on tavaliselt valmis ka heal meelel r\u00e4\u00e4kima.<\/li>\n\n\n\n<li><strong>Tutvusta ennast julgelt, ole avatud ja s\u00f5bralik<\/strong>. Heade t\u00f6\u00f6suhete arendamiseks osale v\u00f5imaluse korral meeskonnat\u00f6\u00f6s, k\u00e4i koosolekutel ja ettev\u00f5tte \u00fcritustel ning koos t\u00f6\u00f6kaaslastega kohvi- ja l\u00f5unapausidel.<\/li>\n\n\n\n<li><strong>Pea kinni t\u00f6\u00f6ajast ja teistest kokkulepetest<\/strong>, t\u00e4ida oma \u00fclesanded t\u00e4pselt ja \u00f5igeks ajaks. K\u00fcsi kindlasti, kui miski j\u00e4\u00e4b arusaamatuks. Kui tekib t\u00f5rkeid, v\u00f5ta kohe \u00fchendust oma juhendajaga ja leidke probleemidele lahendused.<\/li>\n\n\n\n<li><strong>Lepi praktikajuhendajaga kokku korrap\u00e4rased kohtumised<\/strong>, kus saate praktikaplaani alusel arutada kokkulepitud teemasid ja \u00fclesandeid, r\u00e4\u00e4kida, kuidas Sul l\u00e4heb ja millist tuge veel vajad, ning teha uusi kokkuleppeid, mida ja mis ajaks Sa j\u00e4rgmisena teed. Nii on tagatud j\u00e4rjepidev t\u00f6\u00f6, eneseanal\u00fc\u00fcs ja tagasiside.<\/li>\n\n\n\n<li><strong>\u00c4ra tegele isiklike asjadega.<\/strong> Internetis surfamine, sotsiaalmeedias suhtlemine, \u00fclikooli \u00f5ppet\u00f6\u00f6 v\u00f5i perekondlike \u00fclesannetega tegelemine ei ole sobilik. Keskendu praktikale.<\/li>\n\n\n\n<li><strong>Omanda v\u00f5imalikult palju uusi teadmisi ja kogemusi.<\/strong> Suhtle t\u00f6\u00f6tajatega ja osale \u00fchisprojektides. N\u00e4iteks v\u00f5id k\u00f5rvaltvaatajana anda tagasisidet m\u00f5ne t\u00f6\u00f6r\u00fchma koostatud anal\u00fc\u00fcsi v\u00f5i veebikeskkonna kohta. Samal ajal p\u00f6\u00f6ra t\u00e4helepanu sellele, et Su p\u00f5hi\u00fclesanded oleksid t\u00e4idetud ja Sa ei v\u00f5taks endale rohkem kohustusi, kui Sinu aeg v\u00f5imaldab.<\/li>\n\n\n\n<li><strong>K\u00fcsi oma t\u00f6\u00f6le tagasisidet<\/strong> ka kolleegidelt, uuri, kuidas nemad seda \u00fclesannet t\u00e4itnud oleksid ja milliseid soovitusi nad t\u00f6\u00f6 parendamiseks annavad.<\/li>\n\n\n\n<li><strong>Anal\u00fc\u00fcsi ennast pidevalt ja teadlikult. <\/strong>M\u00f5tle, millised \u00fclesanded Sulle meeldivad ja mis tuleb h\u00e4sti v\u00e4lja. Millistes teadmistes ja oskustes on vajakaj\u00e4\u00e4misi, millist tegevust naudid v\u00e4hem? Mida ja kuidas oleks saanud teisiti teha? Pane oma m\u00f5tted kirja.<\/li>\n<\/ul>\n\n\n\n<p><strong>T\u00f6\u00f6andjad hindavad k\u00f5rgelt praktikante, kellel on<\/strong>:<\/p>\n\n\n\n<ul class=\"wp-block-list\">\n<li>huvi omandatava eriala vastu ja selge eesm\u00e4rk praktikal;<\/li>\n\n\n\n<li>huvi nende ettev\u00f5tte ja selle tegevusvaldkonna vastu;<\/li>\n\n\n\n<li>kohusetundlik suhtumine t\u00f6\u00f6sse;<\/li>\n\n\n\n<li>suhtlemisjulgus ja -oskus, koost\u00f6\u00f6oskused;<\/li>\n\n\n\n<li>algatusv\u00f5ime ja arenemissoov, \u00f5pihimu;<\/li>\n\n\n\n<li>hea kohanemisv\u00f5ime, pingetaluvus ja paindlikkus;<\/li>\n\n\n\n<li>v\u00f5ime iseseisvalt m\u00f5elda ja uued ideed.<\/li>\n<\/ul>\n\n\n\n<figure class=\"wp-block-table\"><table class=\"table table-hover\"><tbody><tr><td><strong>M\u00f5ttehetk<\/strong><br>Millised \u00fclaltoodud soovitused tunduvad Sulle kasulikud? <br>Millega saad h\u00e4sti hakkama ja millega veel mitte?<br>Millised Sinu isikuomadused aitavad praktika edukalt l\u00e4bida?<\/td><\/tr><\/tbody><\/table><\/figure>\n","protected":false},"excerpt":{"rendered":"<p>Praktikale minnes \u00f5pi kindlasti tundma ettev\u00f5tte v\u00f5i asutuse \u00fclesehitust, eesm\u00e4rke ja \u00fclesandeid, t\u00f6\u00f6korda, t\u00f6\u00f6vahendeid, organisatsioonikultuuri ja inimesi. Sea oma eesm\u00e4rgid ja tee kindlaks, mis on sinu \u00fclesanded. Vajaduse korral t\u00e4psusta neid juhendajaga. Sinu kohanemisele ja \u00f5ppimisele avaldavad k\u00f5ige suuremat m\u00f5ju &#8230;<\/p>\n","protected":false},"author":414,"featured_media":0,"parent":0,"menu_order":0,"comment_status":"closed","ping_status":"closed","template":"","meta":{"_acf_changed":false,"inline_featured_image":false,"footnotes":""},"class_list":["post-1719","page","type-page","status-publish","hentry"],"acf":[],"_links":{"self":[{"href":"https:\/\/sisu.ut.ee\/karjaarivarav\/wp-json\/wp\/v2\/pages\/1719","targetHints":{"allow":["GET"]}}],"collection":[{"href":"https:\/\/sisu.ut.ee\/karjaarivarav\/wp-json\/wp\/v2\/pages"}],"about":[{"href":"https:\/\/sisu.ut.ee\/karjaarivarav\/wp-json\/wp\/v2\/types\/page"}],"author":[{"embeddable":true,"href":"https:\/\/sisu.ut.ee\/karjaarivarav\/wp-json\/wp\/v2\/users\/414"}],"replies":[{"embeddable":true,"href":"https:\/\/sisu.ut.ee\/karjaarivarav\/wp-json\/wp\/v2\/comments?post=1719"}],"version-history":[{"count":1,"href":"https:\/\/sisu.ut.ee\/karjaarivarav\/wp-json\/wp\/v2\/pages\/1719\/revisions"}],"predecessor-version":[{"id":1720,"href":"https:\/\/sisu.ut.ee\/karjaarivarav\/wp-json\/wp\/v2\/pages\/1719\/revisions\/1720"}],"wp:attachment":[{"href":"https:\/\/sisu.ut.ee\/karjaarivarav\/wp-json\/wp\/v2\/media?parent=1719"}],"curies":[{"name":"wp","href":"https:\/\/api.w.org\/{rel}","templated":true}]}}