{"id":1708,"date":"2025-08-29T17:26:03","date_gmt":"2025-08-29T14:26:03","guid":{"rendered":"https:\/\/sisu.ut.ee\/karjaarivarav\/?page_id=1708"},"modified":"2026-01-14T10:35:56","modified_gmt":"2026-01-14T08:35:56","slug":"mida-peaksid-enne-praktikat-teadma-ja-tegema","status":"publish","type":"page","link":"https:\/\/sisu.ut.ee\/karjaarivarav\/mida-peaksid-enne-praktikat-teadma-ja-tegema\/","title":{"rendered":"Mida peaksid enne praktikat teadma ja tegema?"},"content":{"rendered":"<p>Alusta ettevalmistusi aegsasti. Uuri praktikan\u00f5udeid ja -v\u00f5imalusi, m\u00f5tle l\u00e4bi oma soovid, sea eesm\u00e4rgid, planeeri aega ja tegevust nii praktikakoha leidmiseks kui ka l\u00e4bimiseks.<\/p>\n\n\n<div class=\"accordion-block mb-3\">\n\t\t<div class=\"accordion \" id=\"accordion-accordion-69da33f8b5adf\">\n\t\t\t\t\t\t\t<div class=\"accordion-item accordion-item--blue\">\n\t\t\t\t\t<h2 class=\"accordion-header\" id=\"accordion-69da33f8b5adf-heading-1\">\n\t\t\t\t\t\t<button class=\"accordion-button collapsed\" type=\"button\" data-bs-toggle=\"collapse\" data-bs-target=\"#accordion-69da33f8b5adf-collapse-1\" aria-expanded=\"true\" aria-controls=\"accordion-69da33f8b5adf-collapse-1\">\n\t\t\t\t\t\t\tTutvu praktikan\u00f5uetega\n\t\t\t\t\t\t<\/button>\n\t\t\t\t\t<\/h2>\n\t\t\t\t\t<div id=\"accordion-69da33f8b5adf-collapse-1\" class=\"accordion-collapse collapse \" aria-labelledby=\"accordion-69da33f8b5adf-heading-1\">\n\t\t\t\t\t\t<div class=\"accordion-body\">\n\t\t\t\t\t\t\t<p>Otsi oma valdkonna v\u00f5i instituudi kodulehelt \u00fcles praktikajuhend ja leia \u00d5IS-ist praktikaaine kirjeldus. Loe need hoolikalt l\u00e4bi. Uuri praktikakoordinaatorilt v\u00f5i praktikaaine \u00f5ppej\u00f5ult, mida ja mis mahus praktikal tegema peab ja kuidas toimub hindamine.<\/p>\n<p>Praktikale minekuks on Sul vaja<\/p>\n<ul>\n<li>registreeruda praktikaainesse;<\/li>\n<li>osaleda sissejuhataval seminaril (kui see on \u00f5ppeaines ette n\u00e4htud);<\/li>\n<li>leida sobiv praktikakoht;<\/li>\n<li>leppida koost\u00f6\u00f6s juhendajatega kokku praktika t\u00e4psetes eesm\u00e4rkides, sisus, t\u00e4htaegades ja muudes tingimustes, koostada tegevusplaan ja vajaduse korral s\u00f5lmida praktikaasutusega leping;<\/li>\n<li>teada, mida praktikal hinnatakse ning miks, millal ja kuidas seda tehakse.<\/li>\n<\/ul>\n\n\t\t\t\t\t\t<\/div>\n\t\t\t\t\t<\/div>\n\t\t\t\t<\/div>\n\t\t\t\t\t\t\t<div class=\"accordion-item accordion-item--blue\">\n\t\t\t\t\t<h2 class=\"accordion-header\" id=\"accordion-69da33f8b5adf-heading-2\">\n\t\t\t\t\t\t<button class=\"accordion-button collapsed\" type=\"button\" data-bs-toggle=\"collapse\" data-bs-target=\"#accordion-69da33f8b5adf-collapse-2\" aria-expanded=\"true\" aria-controls=\"accordion-69da33f8b5adf-collapse-2\">\n\t\t\t\t\t\t\tM\u00f5tle oma erialastele eelistustele ja sea praktika eesm\u00e4rgid\n\t\t\t\t\t\t<\/button>\n\t\t\t\t\t<\/h2>\n\t\t\t\t\t<div id=\"accordion-69da33f8b5adf-collapse-2\" class=\"accordion-collapse collapse \" aria-labelledby=\"accordion-69da33f8b5adf-heading-2\">\n\t\t\t\t\t\t<div class=\"accordion-body\">\n\t\t\t\t\t\t\t<p>Mida tahaksid praktika k\u00e4igus n\u00e4ha, teha ja kogeda? Kui palju aega Sul praktikaks on? Millised t\u00f6\u00f6\u00fclesanded tunduvad p\u00f5nevad? Millise valdkonna ja asutuse v\u00f5i ettev\u00f5tte t\u00f6\u00f6gatahaksid l\u00e4hemalt tutvuda?<\/p>\n<p><strong>S\u00f5nasta oma eesm\u00e4rk.<\/strong> Sea isiklikud eesm\u00e4rgid ja m\u00f5tle, kuidas need kattuvad \u00f5ppekavas kirjeldatud praktika \u00fcldeesm\u00e4rkidega. L\u00e4htu sellest, mida <strong>pead<\/strong> praktika k\u00e4igus tegema ja mida <strong>tahad<\/strong> teha.<\/p>\n\n\t\t\t\t\t\t<\/div>\n\t\t\t\t\t<\/div>\n\t\t\t\t<\/div>\n\t\t\t\t\t\t\t<div class=\"accordion-item accordion-item--blue\">\n\t\t\t\t\t<h2 class=\"accordion-header\" id=\"accordion-69da33f8b5adf-heading-3\">\n\t\t\t\t\t\t<button class=\"accordion-button collapsed\" type=\"button\" data-bs-toggle=\"collapse\" data-bs-target=\"#accordion-69da33f8b5adf-collapse-3\" aria-expanded=\"true\" aria-controls=\"accordion-69da33f8b5adf-collapse-3\">\n\t\t\t\t\t\t\tOtsi endale sobiv praktikakoht\n\t\t\t\t\t\t<\/button>\n\t\t\t\t\t<\/h2>\n\t\t\t\t\t<div id=\"accordion-69da33f8b5adf-collapse-3\" class=\"accordion-collapse collapse \" aria-labelledby=\"accordion-69da33f8b5adf-heading-3\">\n\t\t\t\t\t\t<div class=\"accordion-body\">\n\t\t\t\t\t\t\t<p>Enamasti on praktikakoha otsimine \u00fcli\u00f5pilase \u00fclesanne. See v\u00f5ib osutuda p\u00e4ris aja- ja t\u00f6\u00f6mahukaks \u00fclesandeks, aga v\u00f5ta seda kui kasulikku t\u00f6\u00f6otsimiskogemust.<\/p>\n<p>Sulle sobivaid praktikapakkumisi ja -konkursse ei pruugi kuigi palju olla, nii et <strong>ole valmis ise t\u00f6\u00f6andjate poole p\u00f6\u00f6rduma ja nende k\u00e4est praktikav\u00f5imaluste kohta uurima.<\/strong><\/p>\n<p><strong>Ideid praktikakoha otsimiseks<\/strong><\/p>\n<ul>\n<li>T\u00e4psusta praktikakoordinaatori v\u00f5i programmijuhiga, kas Sinu erialal on olemas v\u00f5imalike praktikaasutuste v\u00f5i -pakkumiste andmebaas, meililist vm.<\/li>\n<li>Osale \u00fclikooli <a href=\"https:\/\/ut.ee\/et\/sisu\/karjaaripaevad\">karj\u00e4\u00e4rip\u00e4evadel<\/a>, kus saad t\u00f6\u00f6andjatega kohtuda ja nende k\u00e4est praktikav\u00f5imaluste kohta k\u00fcsida. Oma valdkonna v\u00f5i instituudi karj\u00e4\u00e4rip\u00e4evade veebilehtedelt leiad ka osalenud ettev\u00f5tete nimekirjad ja tutvustused. Tartu \u00dclikooli suuremad \u00fcritused on n\u00e4iteks <a href=\"https:\/\/ut.ee\/et\/sisu\/delta-karjaaripaev-2025\" target=\"_blank\" rel=\"noopener\">Delta karj\u00e4\u00e4rip\u00e4ev<\/a>, <a href=\"https:\/\/humanitaarteadused.ut.ee\/et\/uudis\/humanitaarteaduste-ja-kunstide-valdkonna-karjaaripaev\" target=\"_blank\" rel=\"noopener\">humanitaarteaduste ja kunstide valdkonna karj\u00e4\u00e4rip\u00e4ev<\/a> ning <a href=\"https:\/\/reaalteadused.ut.ee\/et\/sisu\/maarjavalja-karjaaripaev-2025\" target=\"_blank\" rel=\"noopener\">Maarjav\u00e4lja karj\u00e4\u00e4rip\u00e4ev<\/a>.<\/li>\n<li>Tutvu <a href=\"https:\/\/praktika.ut.ee\/\">Tartu \u00dclikooli praktikaveebiga<\/a>, kust leiab nii praktikapakkumisi kui ka igal semestril toimuvaid projektipraktika konkursse.<\/li>\n<li>Vaata praktikapakkumisi igan\u00e4dalasest <a href=\"https:\/\/infokiri.ut.ee\/praktika-ja-too\/\" target=\"_blank\" rel=\"noopener\">tudengite infokirjast<\/a>.<\/li>\n<li>Uuri, kus varasemate kursuste \u00fcli\u00f5pilased on praktikal k\u00e4inud.<\/li>\n<li>Tee \u00fclevaade endale huvipakkuvatest ettev\u00f5tetest ja uuri nende kodulehtede karj\u00e4\u00e4rirubriike (\u201eTule t\u00f6\u00f6le\u201c, \u201eTule praktikale\u201c, \u201eT\u00f6\u00f6- ja praktikapakkumised\u201c vms), kust leiab infot nii praktikale kandideerimise tingimuste kohta kui ka kontaktandmed.<\/li>\n<li>J\u00e4lgi sotsiaalmeedias Sind huvitavaid t\u00f6\u00f6andjaid ja liitu valdkonna suhtlusgruppidega. N\u00e4iteks <a href=\"https:\/\/www.linkedin.com\/\" target=\"_blank\" rel=\"noopener\">LinkedIn<\/a> on suurim t\u00f6\u00f6alane v\u00f5rgustik, kuhu v\u00f5id luua oma profiili ja seadistada endale huvipakkuva t\u00f6\u00f6alase infovoo. Sel juhul oled t\u00f6\u00f6andjatele n\u00e4htav.<\/li>\n<li>Praktikapakkumisi v\u00f5id leida ka t\u00f6\u00f6vahendusportaalidest, n\u00e4iteks <a href=\"https:\/\/www.cvkeskus.ee\/praktikapakkumised\" target=\"_blank\" rel=\"noopener\">CV Keskusest<\/a> ja <a href=\"https:\/\/cv.ee\/et\" target=\"_blank\" rel=\"noopener\">CV-Online\u2019ist<\/a>.<\/li>\n<li>Kogu praktikakoha ideid pereliikmetelt, s\u00f5pradelt ja \u00f5ppej\u00f5ududelt. Neil v\u00f5ib olla kogemusi ja kontaktisikuid Sind huvitavas t\u00f6\u00f6valdkonnas.<\/li>\n<li>Praktikat v\u00f5id teha ka v\u00e4lismaal, n\u00e4iteks <a href=\"https:\/\/ut.ee\/et\/erasmusepraktika\" target=\"_blank\" rel=\"noopener\">programmi \u201eErasmus+\u201c<\/a> ja teiste programmide toel. Uuri n\u00e4iteks oma Erasmus+ \u00f5pir\u00e4nde koordinaatorilt, millised kontaktid on Sinu instituudil v\u00e4lisriikide ettev\u00f5tete ja partnerk\u00f5rgkoolidega v\u00f5i kus on sama valdkonna \u00fcli\u00f5pilased varem praktikal k\u00e4inud. Veel leiad v\u00e4lispraktika pakkumisi n\u00e4iteks portaalist <a href=\"http:\/\/erasmusintern.org\/\" target=\"_blank\" rel=\"noopener\">Erasmusintern<\/a>, <a href=\"https:\/\/praktika.ut.ee\/\">T\u00dc <\/a><a href=\"https:\/\/praktika.ut.ee\/\">praktikaveebist<\/a>\u00a0ja rahvusvahelise \u00fcli\u00f5pilasorganisatsiooni <a href=\"http:\/\/www.aiesec.org\/\" target=\"_blank\" rel=\"noopener\">AIESEC<\/a> kodulehelt.<\/li>\n<li>Aruta oma praktikasoove ja -v\u00f5imalusi <a href=\"https:\/\/ut.ee\/et\/sisu\/karjaarinoustamine\" target=\"_blank\" rel=\"noopener\">\u00fclikooli karj\u00e4\u00e4rin\u00f5ustajaga<\/a>.<\/li>\n<\/ul>\n<p>Et praktikakoha otsimine on sarnane t\u00f6\u00f6otsimisega, siis loe soovitusi ka karj\u00e4\u00e4riv\u00e4rava alamrubriigist <a href=\"https:\/\/sisu.ut.ee\/karjaarivarav\/too-otsimine\/\">\u201eT\u00f6\u00f6 otsimine\u201c<\/a>.<\/p>\n\n\t\t\t\t\t\t<\/div>\n\t\t\t\t\t<\/div>\n\t\t\t\t<\/div>\n\t\t\t\t\t\t\t<div class=\"accordion-item accordion-item--blue\">\n\t\t\t\t\t<h2 class=\"accordion-header\" id=\"accordion-69da33f8b5adf-heading-4\">\n\t\t\t\t\t\t<button class=\"accordion-button collapsed\" type=\"button\" data-bs-toggle=\"collapse\" data-bs-target=\"#accordion-69da33f8b5adf-collapse-4\" aria-expanded=\"true\" aria-controls=\"accordion-69da33f8b5adf-collapse-4\">\n\t\t\t\t\t\t\tKoosta kandideerimiseks vajalikud dokumendid\n\t\t\t\t\t\t<\/button>\n\t\t\t\t\t<\/h2>\n\t\t\t\t\t<div id=\"accordion-69da33f8b5adf-collapse-4\" class=\"accordion-collapse collapse \" aria-labelledby=\"accordion-69da33f8b5adf-heading-4\">\n\t\t\t\t\t\t<div class=\"accordion-body\">\n\t\t\t\t\t\t\t<p>Enamasti on praktikale kandideerimiseks vaja t\u00f6\u00f6andjale saata<\/p>\n<ul>\n<li><strong>CV (<em>curriculum vitae<\/em>)<\/strong>, mis on l\u00fchike ja \u00fclevaatlik kokkuv\u00f5te Sinu isikuandmetest, haridusest, t\u00f6\u00f6kogemusest, oskustest, saavutustest ja huvidest;<\/li>\n<li><strong>motivatsioonikiri<\/strong>, kus saad t\u00f6\u00f6andjale selgitada, kes Sa oled, mida tahaksid praktika k\u00e4igus teha, millal ja kui kaua tahaksid praktikal olla. Kindlasti tasub p\u00f5hjendada, miks oled huvitatud just sellest ettev\u00f5ttest ja mis kasu tal v\u00f5ib Sinust olla;<\/li>\n<li><strong>praktikakirjeldus<\/strong>, mis on Sinu \u00f5ppeasutuse koostatud infokiri v\u00f5i juhend, milles kirjeldatakse n\u00f5udeid praktika sisu ja korralduse kohta. Dokumendis on kirjas praktika eesm\u00e4rgid, \u00f5piv\u00e4ljundid, sisu, ajakava, praktikaettev\u00f5ttele ja aruandlusele esitatavad n\u00f5uded. Kirjeldus v\u00f5ib sisaldada n\u00f5udeid ja juhiseid ka asutuse- v\u00f5i ettev\u00f5ttepoolsele juhendajale.<\/li>\n<\/ul>\n<p>Loe CV ja motivatsioonikirja koostamise soovitusi ja juhiseid ka karj\u00e4\u00e4riv\u00e4rava alamrubriigist <a href=\"https:\/\/sisu.ut.ee\/karjaarivarav\/kuidas-toole-kandideerida\/\">\u201eKuidas t\u00f6\u00f6le kandideerida?\u201c<\/a>.<\/p>\n\n\t\t\t\t\t\t<\/div>\n\t\t\t\t\t<\/div>\n\t\t\t\t<\/div>\n\t\t\t\t\t\t\t<div class=\"accordion-item accordion-item--blue\">\n\t\t\t\t\t<h2 class=\"accordion-header\" id=\"accordion-69da33f8b5adf-heading-5\">\n\t\t\t\t\t\t<button class=\"accordion-button collapsed\" type=\"button\" data-bs-toggle=\"collapse\" data-bs-target=\"#accordion-69da33f8b5adf-collapse-5\" aria-expanded=\"true\" aria-controls=\"accordion-69da33f8b5adf-collapse-5\">\n\t\t\t\t\t\t\tKandideeri julgelt\n\t\t\t\t\t\t<\/button>\n\t\t\t\t\t<\/h2>\n\t\t\t\t\t<div id=\"accordion-69da33f8b5adf-collapse-5\" class=\"accordion-collapse collapse \" aria-labelledby=\"accordion-69da33f8b5adf-heading-5\">\n\t\t\t\t\t\t<div class=\"accordion-body\">\n\t\t\t\t\t\t\t<p>Kui oled leidnud huvitava praktikapakkumise v\u00f5i -ettev\u00f5tte, tegutse kuulutuses v\u00f5i kodulehel olevate juhiste j\u00e4rgi. Tee kindlaks, kuhu ja millal on vaja saata v\u00f5i laadida oma CV, motivatsioonikiri ja praktikakirjeldus.<\/p>\n<p>Kui Sa ei saa oma p\u00f6\u00f6rdumisele kahe n\u00e4dala jooksul vastust, siis kirjuta v\u00f5i helista ja k\u00fcsi, kas Sinu sooviavaldus on ettev\u00f5tteni j\u00f5udnud. Muidugi v\u00f5id ka kohe dokumentide saatmise j\u00e4rel \u00fchendust v\u00f5tta ja uurida, millal ja kuidas protsess edasi l\u00e4heb.<\/p>\n<p>Kui Sind kutsutakse vestlusele, siis mine sinna ettevalmistunult, enesekindlalt ja n\u00e4ita v\u00e4lja huvi nii ettev\u00f5tte kui ka praktika vastu. Ole valmis, et arutuse alla v\u00f5ivad tulla<\/p>\n<ul>\n<li>nii \u00fclikoolipoolsed kui ka isiklikud praktika eesm\u00e4rgid;<\/li>\n<li>Sinu senised teadmised, oskused ja kogemused;<\/li>\n<li>Sinu t\u00f6\u00f6aeg, -maht ja kohalk\u00e4imise v\u00f5imalused;<\/li>\n<li>ootused praktika juhendamise, praktikatasu vm suhtes.<\/li>\n<\/ul>\n<p>Loe soovitusi ka karj\u00e4\u00e4riv\u00e4rava alamrubriigist <a href=\"https:\/\/sisu.ut.ee\/karjaarivarav\/kuidas-labida-toovestlus-edukalt\/\">\u201eKuidas l\u00e4bida t\u00f6\u00f6vestlus edukalt?\u201c<\/a>.<\/p>\n\n\t\t\t\t\t\t<\/div>\n\t\t\t\t\t<\/div>\n\t\t\t\t<\/div>\n\t\t\t\t\t\t\t<div class=\"accordion-item accordion-item--blue\">\n\t\t\t\t\t<h2 class=\"accordion-header\" id=\"accordion-69da33f8b5adf-heading-6\">\n\t\t\t\t\t\t<button class=\"accordion-button collapsed\" type=\"button\" data-bs-toggle=\"collapse\" data-bs-target=\"#accordion-69da33f8b5adf-collapse-6\" aria-expanded=\"true\" aria-controls=\"accordion-69da33f8b5adf-collapse-6\">\n\t\t\t\t\t\t\tKoosta praktikaplaan\n\t\t\t\t\t\t<\/button>\n\t\t\t\t\t<\/h2>\n\t\t\t\t\t<div id=\"accordion-69da33f8b5adf-collapse-6\" class=\"accordion-collapse collapse \" aria-labelledby=\"accordion-69da33f8b5adf-heading-6\">\n\t\t\t\t\t\t<div class=\"accordion-body\">\n\t\t\t\t\t\t\t<p>Kui oled sobiva praktikakoha leidnud, saad koostada enda praktikaplaani, mis aitab praktika l\u00e4bida ja arendab \u00fcldist planeerimisoskust. Praktikaplaan sisaldab eesm\u00e4rke, aja- ja tegevuskava ning praktika kulu j\u00e4lgimise tulemusi ja kokkuv\u00f5tet. See annab vastused kolmele k\u00fcsimusele.<\/p>\n<ul>\n<li>Mida Sa kavatsed praktikal \u00f5ppida?<\/li>\n<li>Kuidas Sa plaanid seda \u00f5ppida?<\/li>\n<li>Kuidas Sa t\u00f5endad, et Sa seda \u00f5ppisid?<\/li>\n<\/ul>\n<p>Lepi ettev\u00f5tte praktikajuhendajaga kokku esmased eesm\u00e4rgid ja konkreetne tegevus nende saavutamiseks. \u00dclesanded v\u00f5iksid olla p\u00f5nevad ja n\u00f5uda parajat pingutust, et p\u00fcsiks motivatsioon ja saaksid \u00f5ppida midagi uut.<\/p>\n<p>Aruta juhendajaga l\u00e4bi praktika eesm\u00e4rkide realistlikkus ja m\u00f5\u00f5tmise viis \u2013 mis peab olema tehtud ja millal? Samuti m\u00f5elge, millist tuge praktikajuhendaja saab pakkuda. Kui praktikaplaan on paigas, siis koosk\u00f5lasta see \u00fclikoolipoolse juhendajaga.<\/p>\n\n\t\t\t\t\t\t<\/div>\n\t\t\t\t\t<\/div>\n\t\t\t\t<\/div>\n\t\t\t\t\t\t\t<div class=\"accordion-item accordion-item--blue\">\n\t\t\t\t\t<h2 class=\"accordion-header\" id=\"accordion-69da33f8b5adf-heading-7\">\n\t\t\t\t\t\t<button class=\"accordion-button collapsed\" type=\"button\" data-bs-toggle=\"collapse\" data-bs-target=\"#accordion-69da33f8b5adf-collapse-7\" aria-expanded=\"true\" aria-controls=\"accordion-69da33f8b5adf-collapse-7\">\n\t\t\t\t\t\t\tS\u00f5lmi praktikaleping\n\t\t\t\t\t\t<\/button>\n\t\t\t\t\t<\/h2>\n\t\t\t\t\t<div id=\"accordion-69da33f8b5adf-collapse-7\" class=\"accordion-collapse collapse \" aria-labelledby=\"accordion-69da33f8b5adf-heading-7\">\n\t\t\t\t\t\t<div class=\"accordion-body\">\n\t\t\t\t\t\t\t<p>Praktikaleping s\u00f5lmitakse enne praktika toimumist kahepoolselt \u00fcli\u00f5pilase ja praktikaettev\u00f5tte v\u00f5i \u00fclikooli ja praktikaettev\u00f5tte vahel v\u00f5i kolmepoolselt \u00fcli\u00f5pilase, \u00fclikooli ja praktikaettev\u00f5tte vahel. M\u00f5nikord praktikalepingut ei s\u00f5lmitagi ja kinnitatud praktikaplaanist piisab.<\/p>\n<p>Lepingus koosk\u00f5lastatakse ja fikseeritakse k\u00f5igi kolme poole ootused, \u00fclesanded ja vastutus:<\/p>\n<ul>\n<li>praktika alustamise ja l\u00f5petamise aeg;<\/li>\n<li>praktika maht;<\/li>\n<li>praktika toimumise koht;<\/li>\n<li>praktikaainest tulenevate ja individuaalsete praktika\u00fclesannete loetelu;<\/li>\n<li>praktikal viibiva \u00fcli\u00f5pilase \u00f5igused ja kohustused;<\/li>\n<li>praktikaettev\u00f5tte \u00f5igused ja kohustused;<\/li>\n<li>\u00fclikooli \u00f5igused ja kohustused;<\/li>\n<li>praktikaettev\u00f5tte, ettev\u00f5ttepoolse juhendaja ja \u00fclikoolipoolse juhendaja andmed;<\/li>\n<li>lepingu muutmise ja l\u00f5petamise tingimused;<\/li>\n<li>vaidluste lahendamise kord.<\/li>\n<\/ul>\n<p>Praktika v\u00f5ib olla tasustatud v\u00f5i tasustamata ja see tuleb alati ettev\u00f5ttega l\u00e4bi r\u00e4\u00e4kida. Kui praktika eest on ette n\u00e4htud <strong>praktikatasu<\/strong>, pannaks see ka lepingusse kirja. \u00dcli\u00f5pilase jaoks seisneb praktika p\u00f5hiline kasu siiski teadmiste ja oskuste arendamises, t\u00f6\u00f6kogemuse saamises ja t\u00f6\u00f6alase v\u00f5rgustiku loomises. Ettev\u00f5te kulutab praktika jaoks niigi oma aega ja raha, tutvustades oma tegemisi ja pakkudes t\u00f6\u00f6\u00fclesannete t\u00e4itmisel juhendamist.<\/p>\n\n\t\t\t\t\t\t<\/div>\n\t\t\t\t\t<\/div>\n\t\t\t\t<\/div>\n\t\t\t\t\t\t\t<div class=\"accordion-item accordion-item--blue\">\n\t\t\t\t\t<h2 class=\"accordion-header\" id=\"accordion-69da33f8b5adf-heading-8\">\n\t\t\t\t\t\t<button class=\"accordion-button collapsed\" type=\"button\" data-bs-toggle=\"collapse\" data-bs-target=\"#accordion-69da33f8b5adf-collapse-8\" aria-expanded=\"true\" aria-controls=\"accordion-69da33f8b5adf-collapse-8\">\n\t\t\t\t\t\t\tOsale sissejuhataval praktikaseminaril\n\t\t\t\t\t\t<\/button>\n\t\t\t\t\t<\/h2>\n\t\t\t\t\t<div id=\"accordion-69da33f8b5adf-collapse-8\" class=\"accordion-collapse collapse \" aria-labelledby=\"accordion-69da33f8b5adf-heading-8\">\n\t\t\t\t\t\t<div class=\"accordion-body\">\n\t\t\t\t\t\t\t<p>Kui sinu \u00f5ppekavas olev praktikaaine algab seminariga, siis osale seal kindlasti, et saada vajalikku infot ja esitada t\u00e4psustavaid k\u00fcsimusi. Tavaliselt r\u00e4\u00e4gitakse seminaril \u00fcle praktika korralduslik pool, j\u00e4rgmiste seminaride toimumine ja kohustuslikkus, praktika ajal koostatavate aruannete n\u00f5uded ja sisu ning praktika hindamise sisu ja viis. Samuti antakse soovitusi edukaks suhtlemiseks ja tegutsemiseks praktikal, selgitatakse \u00fclikoolipoolse juhendaja rolli ja kontaktiv\u00f5tmise v\u00f5imalusi.<\/p>\n<p>Kui \u00f5ppekavas pole sellist seminari ette n\u00e4htud, siis v\u00f5ta enne praktikale minekut \u00fchendust \u00fclikooli praktikakoordinaatoriga, et vaadata \u00fcle Sinu plaan ja selle sobivus praktikaaine n\u00f5uetega.<\/p>\n\n\t\t\t\t\t\t<\/div>\n\t\t\t\t\t<\/div>\n\t\t\t\t<\/div>\n\t\t\t\t\t<\/div>\n\t<\/div>\n\n\n\n<p>Kui soovid arutada, millist praktikat soovid teha ja kuidas leida enda huvidele sobiv praktikakoht, kl\u00f5psa Tartu \u00dclikooli <a href=\"https:\/\/ut.ee\/et\/noustamiskeskus\" target=\"_blank\" rel=\"noreferrer noopener\">n\u00f5ustamiskeskuse<\/a> karj\u00e4\u00e4rin\u00f5ustajaga kohtumiseks allolevat nuppu.<\/p>\n\n\n\n<div class=\"wp-block-buttons is-layout-flex wp-block-buttons-is-layout-flex\">\n<div class=\"wp-block-button\"><a class=\"wp-block-button__link wp-element-button\" href=\"https:\/\/outlook.office365.com\/book\/Tnustamiskeskus-Bookings@TartuUlikool.onmicrosoft.com\/\" target=\"_blank\" rel=\"noreferrer noopener\">Broneeri aeg karj\u00e4\u00e4rin\u00f5ustaja juurde<\/a><\/div>\n<\/div>\n","protected":false},"excerpt":{"rendered":"<p>Alusta ettevalmistusi aegsasti. Uuri praktikan\u00f5udeid ja -v\u00f5imalusi, m\u00f5tle l\u00e4bi oma soovid, sea eesm\u00e4rgid, planeeri aega ja tegevust nii praktikakoha leidmiseks kui ka l\u00e4bimiseks. Kui soovid arutada, millist praktikat soovid teha ja kuidas leida enda huvidele sobiv praktikakoht, kl\u00f5psa Tartu \u00dclikooli &#8230;<\/p>\n","protected":false},"author":414,"featured_media":0,"parent":0,"menu_order":0,"comment_status":"closed","ping_status":"closed","template":"","meta":{"_acf_changed":false,"inline_featured_image":false,"footnotes":""},"class_list":["post-1708","page","type-page","status-publish","hentry"],"acf":[],"_links":{"self":[{"href":"https:\/\/sisu.ut.ee\/karjaarivarav\/wp-json\/wp\/v2\/pages\/1708","targetHints":{"allow":["GET"]}}],"collection":[{"href":"https:\/\/sisu.ut.ee\/karjaarivarav\/wp-json\/wp\/v2\/pages"}],"about":[{"href":"https:\/\/sisu.ut.ee\/karjaarivarav\/wp-json\/wp\/v2\/types\/page"}],"author":[{"embeddable":true,"href":"https:\/\/sisu.ut.ee\/karjaarivarav\/wp-json\/wp\/v2\/users\/414"}],"replies":[{"embeddable":true,"href":"https:\/\/sisu.ut.ee\/karjaarivarav\/wp-json\/wp\/v2\/comments?post=1708"}],"version-history":[{"count":11,"href":"https:\/\/sisu.ut.ee\/karjaarivarav\/wp-json\/wp\/v2\/pages\/1708\/revisions"}],"predecessor-version":[{"id":1894,"href":"https:\/\/sisu.ut.ee\/karjaarivarav\/wp-json\/wp\/v2\/pages\/1708\/revisions\/1894"}],"wp:attachment":[{"href":"https:\/\/sisu.ut.ee\/karjaarivarav\/wp-json\/wp\/v2\/media?parent=1708"}],"curies":[{"name":"wp","href":"https:\/\/api.w.org\/{rel}","templated":true}]}}