{"id":1705,"date":"2025-08-29T18:28:57","date_gmt":"2025-08-29T15:28:57","guid":{"rendered":"https:\/\/sisu.ut.ee\/karjaarivarav\/?page_id=1705"},"modified":"2025-08-29T18:28:57","modified_gmt":"2025-08-29T15:28:57","slug":"miks-on-praktika-vajalik-ja-kasulik","status":"publish","type":"page","link":"https:\/\/sisu.ut.ee\/karjaarivarav\/miks-on-praktika-vajalik-ja-kasulik\/","title":{"rendered":"Miks on praktika vajalik ja kasulik?"},"content":{"rendered":"<p>Praktika on v\u00f5imalus panna end t\u00f6\u00f6keskkonnas proovile, m\u00f5ista p\u00f5hjalikumalt ja laiemalt erialaga seotud t\u00f6\u00f6maailma ja isiksusena areneda. Kui oled avatud ja m\u00f5tiskled saadud kogemuste \u00fcle, v\u00f5id enda kohta palju teada saada. Praktika k\u00e4igus saavad selgemaks sinu tulevane karj\u00e4\u00e4r ja sellega seotud hariduslikud eesm\u00e4rgid.<\/p>\n\n\n\n<p><strong>Praktika eesm\u00e4rgid:<\/strong><\/p>\n\n\n\n<ul class=\"wp-block-list\">\n<li>siduda tegeliku t\u00f6\u00f6kogemuse kaudu teooria ja praktika, et tugevdada \u00f5pitut ja saavutada \u00f5ppekava v\u00e4ljundid;<\/li>\n\n\n\n<li>toetada ja t\u00e4iendada olemasolevaid ning \u00f5ppida uusi erialaseid oskusi;<\/li>\n\n\n\n<li>arendada erialap\u00e4devuse k\u00f5rval ka <a href=\"https:\/\/sisu.ut.ee\/karjaarivarav\/tulevikuoskused\/\">tulevikuoskusi<\/a> ja enesekindlust;<\/li>\n\n\n\n<li>saada eneseanal\u00fc\u00fcsi abil ideid eneset\u00e4iendusvajaduste ja -soovide kohta;<\/li>\n\n\n\n<li>kogeda t\u00f6\u00f6taja rolli ja arutada seda oma juhendajaga;<\/li>\n\n\n\n<li>koguda materjali projektide, uurimus- v\u00f5i l\u00f5put\u00f6\u00f6 kirjutamiseks;<\/li>\n\n\n\n<li>saada t\u00f6\u00f6maailma ja konkreetse valdkonna kohta rohkem teavet, mis on abiks karj\u00e4\u00e4rivalikute tegemisel.<\/li>\n<\/ul>\n\n\n\n<p><strong>Erialap\u00e4devuse suurenemise k\u00f5rval saad praktika toel<\/strong><\/p>\n\n\n\n<ul class=\"wp-block-list\">\n<li>kasvatada \u00f5pimotivatsiooni;<\/li>\n\n\n\n<li>arendada ajaplaneerimise oskust;<\/li>\n\n\n\n<li>luua v\u00f5i laiendada t\u00f6\u00f6alast suhtev\u00f5rgustikku;<\/li>\n\n\n\n<li>suurendada t\u00f5en\u00e4osust, et Sind v\u00f5etakse samasse asutusse t\u00f6\u00f6le;<\/li>\n\n\n\n<li>arendada t\u00f6\u00f6 otsimise ja t\u00f6\u00f6le kandideerimise oskust;<\/li>\n\n\n\n<li>omandada t\u00f6\u00f6kogemuse, mille v\u00f5ib lisada CV-sse;<\/li>\n\n\n\n<li>teada, kuidas sobib sulle kohusetundlik t\u00f6\u00f6lk\u00e4imine, t\u00f6\u00f6alase vastutuse v\u00f5tmine jm<\/li>\n<\/ul>\n\n\n\n<p>See loetelu ei ole kindlasti l\u00f5plik, kuid aitab praktikale minekul m\u00f5elda enda huvide, soovide, aga ka oskuste, v\u00f5imete ja v\u00f5imaluste peale.<\/p>\n\n\n\n<figure class=\"wp-block-table\"><table class=\"table table-hover\"><tbody><tr><td><strong>M\u00f5ttehetk<\/strong> <br>Mida Sa praktikalt ootad? <br>Milliseid teadmisi tahad kinnistada? <br>Milliseid oskusi soovid arendada? <br>Milliseid t\u00f6\u00f6kogemusi soovid saada? <br>Milliseid t\u00f6\u00f6\u00fclesandeid tahaksid meeleldi t\u00e4ita? <br>Milline v\u00f5iks olla ettev\u00f5te v\u00f5i asutus, kuhu Sa saaksid ja tahaksid praktikale minna? <br>Millises valdkonnas see tegutseb, kus paikneb, palju seal inimesi t\u00f6\u00f6tab jne?<\/td><\/tr><\/tbody><\/table><\/figure>\n","protected":false},"excerpt":{"rendered":"<p>Praktika on v\u00f5imalus panna end t\u00f6\u00f6keskkonnas proovile, m\u00f5ista p\u00f5hjalikumalt ja laiemalt erialaga seotud t\u00f6\u00f6maailma ja isiksusena areneda. Kui oled avatud ja m\u00f5tiskled saadud kogemuste \u00fcle, v\u00f5id enda kohta palju teada saada. Praktika k\u00e4igus saavad selgemaks sinu tulevane karj\u00e4\u00e4r ja sellega &#8230;<\/p>\n","protected":false},"author":414,"featured_media":0,"parent":0,"menu_order":0,"comment_status":"closed","ping_status":"closed","template":"","meta":{"_acf_changed":false,"inline_featured_image":false,"footnotes":""},"class_list":["post-1705","page","type-page","status-publish","hentry"],"acf":[],"_links":{"self":[{"href":"https:\/\/sisu.ut.ee\/karjaarivarav\/wp-json\/wp\/v2\/pages\/1705","targetHints":{"allow":["GET"]}}],"collection":[{"href":"https:\/\/sisu.ut.ee\/karjaarivarav\/wp-json\/wp\/v2\/pages"}],"about":[{"href":"https:\/\/sisu.ut.ee\/karjaarivarav\/wp-json\/wp\/v2\/types\/page"}],"author":[{"embeddable":true,"href":"https:\/\/sisu.ut.ee\/karjaarivarav\/wp-json\/wp\/v2\/users\/414"}],"replies":[{"embeddable":true,"href":"https:\/\/sisu.ut.ee\/karjaarivarav\/wp-json\/wp\/v2\/comments?post=1705"}],"version-history":[{"count":4,"href":"https:\/\/sisu.ut.ee\/karjaarivarav\/wp-json\/wp\/v2\/pages\/1705\/revisions"}],"predecessor-version":[{"id":1724,"href":"https:\/\/sisu.ut.ee\/karjaarivarav\/wp-json\/wp\/v2\/pages\/1705\/revisions\/1724"}],"wp:attachment":[{"href":"https:\/\/sisu.ut.ee\/karjaarivarav\/wp-json\/wp\/v2\/media?parent=1705"}],"curies":[{"name":"wp","href":"https:\/\/api.w.org\/{rel}","templated":true}]}}