{"id":1700,"date":"2025-08-29T17:27:40","date_gmt":"2025-08-29T14:27:40","guid":{"rendered":"https:\/\/sisu.ut.ee\/karjaarivarav\/?page_id=1700"},"modified":"2026-01-14T09:01:51","modified_gmt":"2026-01-14T07:01:51","slug":"kuidas-on-praktika-ulikoolis-korraldatud","status":"publish","type":"page","link":"https:\/\/sisu.ut.ee\/karjaarivarav\/kuidas-on-praktika-ulikoolis-korraldatud\/","title":{"rendered":"Kuidas on praktika \u00fclikoolis korraldatud?"},"content":{"rendered":"<p>Praktikas osalevad kolm poolt: <strong>\u00fcli\u00f5pilane praktikandina, \u00fclikoolipoolne juhendaja ja asutuse- v\u00f5i ettev\u00f5ttepoolne praktikajuhendaja.<\/strong> Edukaks praktikaks on vajalik \u00fclikooli koostatud <strong>praktikajuhend<\/strong>, milles on kirjeldatud praktika sisu ja korraldust. Praktika kulg on skemaatiliselt toodud alloleval joonisel.<\/p>\n\n\n\n<figure class=\"wp-block-image size-full\"><img loading=\"lazy\" decoding=\"async\" width=\"906\" height=\"513\" src=\"https:\/\/sisu.ut.ee\/wp-content\/uploads\/sites\/644\/image.png\" alt=\"\" class=\"wp-image-1701\" srcset=\"https:\/\/sisu.ut.ee\/wp-content\/uploads\/sites\/644\/image.png 906w, https:\/\/sisu.ut.ee\/wp-content\/uploads\/sites\/644\/image-300x170.png 300w, https:\/\/sisu.ut.ee\/wp-content\/uploads\/sites\/644\/image-768x435.png 768w\" sizes=\"auto, (max-width: 906px) 100vw, 906px\"><\/figure>\n\n\n\n<p><em>Allikas: <a href=\"http:\/\/praktika.ut.ee\">praktika.ut.ee<\/a><\/em><\/p>\n\n\n\n<p><\/p>\n","protected":false},"excerpt":{"rendered":"<p>Praktikas osalevad kolm poolt: \u00fcli\u00f5pilane praktikandina, \u00fclikoolipoolne juhendaja ja asutuse- v\u00f5i ettev\u00f5ttepoolne praktikajuhendaja. Edukaks praktikaks on vajalik \u00fclikooli koostatud praktikajuhend, milles on kirjeldatud praktika sisu ja korraldust. Praktika kulg on skemaatiliselt toodud alloleval joonisel. Allikas: praktika.ut.ee<\/p>\n","protected":false},"author":414,"featured_media":0,"parent":0,"menu_order":0,"comment_status":"closed","ping_status":"closed","template":"","meta":{"_acf_changed":false,"inline_featured_image":false,"footnotes":""},"class_list":["post-1700","page","type-page","status-publish","hentry"],"acf":[],"_links":{"self":[{"href":"https:\/\/sisu.ut.ee\/karjaarivarav\/wp-json\/wp\/v2\/pages\/1700","targetHints":{"allow":["GET"]}}],"collection":[{"href":"https:\/\/sisu.ut.ee\/karjaarivarav\/wp-json\/wp\/v2\/pages"}],"about":[{"href":"https:\/\/sisu.ut.ee\/karjaarivarav\/wp-json\/wp\/v2\/types\/page"}],"author":[{"embeddable":true,"href":"https:\/\/sisu.ut.ee\/karjaarivarav\/wp-json\/wp\/v2\/users\/414"}],"replies":[{"embeddable":true,"href":"https:\/\/sisu.ut.ee\/karjaarivarav\/wp-json\/wp\/v2\/comments?post=1700"}],"version-history":[{"count":4,"href":"https:\/\/sisu.ut.ee\/karjaarivarav\/wp-json\/wp\/v2\/pages\/1700\/revisions"}],"predecessor-version":[{"id":1892,"href":"https:\/\/sisu.ut.ee\/karjaarivarav\/wp-json\/wp\/v2\/pages\/1700\/revisions\/1892"}],"wp:attachment":[{"href":"https:\/\/sisu.ut.ee\/karjaarivarav\/wp-json\/wp\/v2\/media?parent=1700"}],"curies":[{"name":"wp","href":"https:\/\/api.w.org\/{rel}","templated":true}]}}