{"id":17,"date":"2024-04-04T08:52:36","date_gmt":"2024-04-04T05:52:36","guid":{"rendered":"https:\/\/sisu.ut.ee\/karjaarivarav\/kriitiline-motlemine\/"},"modified":"2025-04-24T16:09:50","modified_gmt":"2025-04-24T13:09:50","slug":"kriitiline-motlemine","status":"publish","type":"page","link":"https:\/\/sisu.ut.ee\/karjaarivarav\/kriitiline-motlemine\/","title":{"rendered":"Kriitiline m\u00f5tlemine"},"content":{"rendered":"<p><\/p>\n\n\n\n<div class=\"wp-block-buttons is-layout-flex wp-block-buttons-is-layout-flex\">\n<div class=\"wp-block-button is-style-fill\"><a class=\"wp-block-button__link wp-element-button\" style=\"padding-top:var(--wp--preset--spacing--20);padding-bottom:var(--wp--preset--spacing--20)\">anal\u00fc\u00fctiline m\u00f5tlemine<\/a><\/div>\n\n\n\n<div class=\"wp-block-button\"><a class=\"wp-block-button__link wp-element-button\" style=\"padding-top:var(--wp--preset--spacing--20);padding-bottom:var(--wp--preset--spacing--20)\">k\u00fcsimuste esitamine<\/a><\/div>\n\n\n\n<div class=\"wp-block-button\"><a class=\"wp-block-button__link wp-element-button\" style=\"padding-top:var(--wp--preset--spacing--20);padding-bottom:var(--wp--preset--spacing--20)\">m\u00f5testamine<\/a><\/div>\n<\/div>\n\n\n\n<p><\/p>\n\n\n\n<div class=\"wp-block-group is-layout-constrained wp-block-group-is-layout-constrained\">\n<figure class=\"wp-block-image alignright size-large is-resized\"><img loading=\"lazy\" decoding=\"async\" width=\"1024\" height=\"462\" src=\"https:\/\/sisu.ut.ee\/wp-content\/uploads\/sites\/644\/Kriitiline-motlemine-1024x462.jpg\" alt=\"\" class=\"wp-image-122\" style=\"aspect-ratio:2.1133333333333333;object-fit:cover;width:828px;height:auto\" srcset=\"https:\/\/sisu.ut.ee\/wp-content\/uploads\/sites\/644\/Kriitiline-motlemine-1024x462.jpg 1024w, https:\/\/sisu.ut.ee\/wp-content\/uploads\/sites\/644\/Kriitiline-motlemine-300x135.jpg 300w, https:\/\/sisu.ut.ee\/wp-content\/uploads\/sites\/644\/Kriitiline-motlemine-768x347.jpg 768w, https:\/\/sisu.ut.ee\/wp-content\/uploads\/sites\/644\/Kriitiline-motlemine-1536x694.jpg 1536w, https:\/\/sisu.ut.ee\/wp-content\/uploads\/sites\/644\/Kriitiline-motlemine-2048x925.jpg 2048w, https:\/\/sisu.ut.ee\/wp-content\/uploads\/sites\/644\/Kriitiline-motlemine-1920x867.jpg 1920w\" sizes=\"auto, (max-width: 1024px) 100vw, 1024px\"><figcaption class=\"wp-element-caption\">Autor: K\u00e4triin S\u00e4de<\/figcaption><\/figure>\n\n\n\n<p><strong>Kriitiline m\u00f5tlemine on ideede, v\u00e4idete ja olukordade anal\u00fc\u00fcsimine, et m\u00f5ista nende usaldusv\u00e4\u00e4rsust, \u00f5igustatust ja t\u00f5esust. <\/strong>Kriitiliselt m\u00f5tlev inimene oskab esitada asjakohaseid k\u00fcsimusi, eristada fakte arvamustest ja t\u00f5eseid v\u00e4iteid valedest ning j\u00f5uda p\u00f5hjendatud ja ratsionaalsete j\u00e4reldusteni. Ta suudab hinnata p\u00f5hjenduste ja t\u00f5endite kaalukust ning m\u00f5ista nende t\u00e4hendust ja olulisust. Kriitilise m\u00f5tlemise aluseks on infokirjaoskus, eri allikatest p\u00e4rit teabe otsimine, hindamine ja haldamine. <\/p>\n\n\n\n<p>Anal\u00fc\u00fctiliselt m\u00f5eldes on v\u00f5imalik vaadelda s\u00fcsteemselt keerulisi ideid, m\u00e4rgata neis mustreid ja omavahelisi seoseid ning kombineerida neid. V\u00e4ga oluline on sealjuures m\u00f5testamine, mis v\u00f5imaldab konteksti kaudu paremini olukorda teadvustada ja sobivaid otsuseid langetada. See t\u00e4hendab ka oskust reflekteerida ning avatust (enese)kriitikale, mille abil on v\u00f5imalik m\u00f5ista oma kogemusi, \u00f5ppida uut, tulla toime v\u00e4ljakutsetega ja muuta vajaduse korral oma k\u00e4itumist. <\/p>\n\n\n\n<figure class=\"wp-block-table\"><table class=\"table table-hover\"><tbody><tr><td><strong>M\u00f5ttehetk.\u00a0<\/strong>M\u00f5tle sellele, kui palju infot Sa iga p\u00e4ev tarbid ja kui palju sellest on usaldusv\u00e4\u00e4rne ja vajalik. Kui miski tundub kahtlane, kas otsid infot juurde? Kas pead ennast allikakriitiliseks inimeseks? Kas oled avatud meelega? Kui sageli k\u00fcsid \u201eMiks?\u201c, \u201eKuidas?\u201c v\u00f5i \u201eMis siis, kui \u2026?\u201c. Kas oskad eristada oma hinnangut ja emotsiooni faktidest? Milliseid v\u00f5imalusi kasutad anal\u00fc\u00fcsi tegemiseks?<\/td><\/tr><\/tbody><\/table><\/figure>\n<\/div>\n\n\n\n<p class=\"has-extra-large-font-size\"><strong>Inspiratsiooni tegutsemiseks<\/strong><\/p>\n\n\n\n<div class=\"wp-block-columns is-layout-flex wp-container-core-columns-is-layout-9d6595d7 wp-block-columns-is-layout-flex\">\n<div class=\"wp-block-column is-layout-flow wp-block-column-is-layout-flow\"><div class=\"accordion-block mb-3\">\n\t\t<div class=\"accordion \" id=\"accordion-accordion-69d9f25219bfc\">\n\t\t\t\t\t\t\t<div class=\"accordion-item accordion-item--blue\">\n\t\t\t\t\t<h2 class=\"accordion-header\" id=\"accordion-69d9f25219bfc-heading-1\">\n\t\t\t\t\t\t<button class=\"accordion-button collapsed\" type=\"button\" data-bs-toggle=\"collapse\" data-bs-target=\"#accordion-69d9f25219bfc-collapse-1\" aria-expanded=\"true\" aria-controls=\"accordion-69d9f25219bfc-collapse-1\">\n\t\t\t\t\t\t\tL\u00fchikesed sammud\n\t\t\t\t\t\t<\/button>\n\t\t\t\t\t<\/h2>\n\t\t\t\t\t<div id=\"accordion-69d9f25219bfc-collapse-1\" class=\"accordion-collapse collapse \" aria-labelledby=\"accordion-69d9f25219bfc-heading-1\">\n\t\t\t\t\t\t<div class=\"accordion-body\">\n\t\t\t\t\t\t\t<ul>\n<li>Kui liikled sotsiaalmeedias, siis uuri, kas pakutav info on ajakohane ja allikas usaldusv\u00e4\u00e4rne.<\/li>\n<li>Kuula oma vestluskaaslasi hoolikalt, \u00fcrita saada selge pilt nende seisukohtadest ja p\u00f5hjendustest ning ole valmis oma arvamust vajaduse korral muutma.<\/li>\n<li><a href=\"https:\/\/www.forbes.com\/sites\/forbescoachescouncil\/2018\/04\/20\/the-seven-key-steps-of-critical-thinking\/?sh=785e40966a52\" target=\"_blank\" rel=\"noopener\">Hinda<\/a>, milline info on parajasti otsuse tegemiseks k\u00f5ige olulisem.<\/li>\n<li>J\u00e4lgi, kuidas Sulle meelep\u00e4rane (populaar)teaduslik uurija loob infokillule konteksti ja mil viisil aitab see tema uurimisprobleemi lahendada. P\u00fc\u00fca endal k\u00e4sil olevat probleemi samamoodi m\u00f5testada.<\/li>\n<\/ul>\n\n\t\t\t\t\t\t<\/div>\n\t\t\t\t\t<\/div>\n\t\t\t\t<\/div>\n\t\t\t\t\t<\/div>\n\t<\/div>\n<\/div>\n\n\n\n<div class=\"wp-block-column is-layout-flow wp-block-column-is-layout-flow\"><div class=\"accordion-block mb-3\">\n\t\t<div class=\"accordion \" id=\"accordion-accordion-69d9f2521a0c2\">\n\t\t\t\t\t\t\t<div class=\"accordion-item accordion-item--blue\">\n\t\t\t\t\t<h2 class=\"accordion-header\" id=\"accordion-69d9f2521a0c2-heading-1\">\n\t\t\t\t\t\t<button class=\"accordion-button collapsed\" type=\"button\" data-bs-toggle=\"collapse\" data-bs-target=\"#accordion-69d9f2521a0c2-collapse-1\" aria-expanded=\"true\" aria-controls=\"accordion-69d9f2521a0c2-collapse-1\">\n\t\t\t\t\t\t\tPikad sammud\n\t\t\t\t\t\t<\/button>\n\t\t\t\t\t<\/h2>\n\t\t\t\t\t<div id=\"accordion-69d9f2521a0c2-collapse-1\" class=\"accordion-collapse collapse \" aria-labelledby=\"accordion-69d9f2521a0c2-heading-1\">\n\t\t\t\t\t\t<div class=\"accordion-body\">\n\t\t\t\t\t\t\t<ul>\n<li>Otsi teema kohta lisateavet iseseisvalt, et mitte olla teiste arvamustest liiga m\u00f5jutatud.<\/li>\n<li>Laienda oma silmaringi. N\u00e4iteks v\u00f5ta \u00fclikoolist vabaaineid v\u00f5i mine m\u00f5nele kursusele v\u00e4ljaspool \u00fclikooli.<\/li>\n<li>Loe laia teemaderingiga ja eri autorite raamatuid ja artikleid.<\/li>\n<li>\u00c4ra usu k\u00f5ike, mida r\u00e4\u00e4gitakse. Tutvu <a href=\"https:\/\/www.unilodge.com.au\/blog\/how-to-develop-critical-thinking\" target=\"_blank\" rel=\"noopener\">mitme vaatenurgaga<\/a>.<\/li>\n<li>K\u00fcsi avatud k\u00fcsimusi: \u201eKes?\u201c, \u201eMida?\u201c, \u201eMiks?\u201c.<\/li>\n<li>Arvesta, et ka Sina oled kallutatud. P\u00fc\u00fca oma uskumusi ja kogemusi objektiivselt hinnata ning aru saada, kuidas need v\u00f5ivad Sinu arvamust <a href=\"https:\/\/www.forbes.com\/sites\/bernardmarr\/2022\/08\/05\/13-easy-steps-to-improve-your-critical-thinking-skills\/?sh=58f1eda5ecd0\" target=\"_blank\" rel=\"noopener\">m\u00f5jutada<\/a>.<\/li>\n<li>Kasvata teadlikkust enda harjumuslikest m\u00f5ttemustritest. M\u00f5tle l\u00e4bi, kuidas Sa mingitele olukordadele reageerid, milliseid tundeid teatud teemad Sinus tekitavad. Nii oskad m\u00e4rgata, kui Sinu arvamus on kallutatud.<\/li>\n<\/ul>\n\n\t\t\t\t\t\t<\/div>\n\t\t\t\t\t<\/div>\n\t\t\t\t<\/div>\n\t\t\t\t\t<\/div>\n\t<\/div>\n<\/div>\n<\/div>\n\n\n<div class=\"accordion-block mb-3\">\n\t\t<div class=\"accordion \" id=\"accordion-accordion-69d9f2521a3e5\">\n\t\t\t\t\t\t\t<div class=\"accordion-item accordion-item--white\">\n\t\t\t\t\t<h2 class=\"accordion-header\" id=\"accordion-69d9f2521a3e5-heading-1\">\n\t\t\t\t\t\t<button class=\"accordion-button collapsed\" type=\"button\" data-bs-toggle=\"collapse\" data-bs-target=\"#accordion-69d9f2521a3e5-collapse-1\" aria-expanded=\"true\" aria-controls=\"accordion-69d9f2521a3e5-collapse-1\">\n\t\t\t\t\t\t\tEneset\u00e4iendamisv\u00f5imalused\n\t\t\t\t\t\t<\/button>\n\t\t\t\t\t<\/h2>\n\t\t\t\t\t<div id=\"accordion-69d9f2521a3e5-collapse-1\" class=\"accordion-collapse collapse \" aria-labelledby=\"accordion-69d9f2521a3e5-heading-1\">\n\t\t\t\t\t\t<div class=\"accordion-body\">\n\t\t\t\t\t\t\t<ul>\n<li>Leia v\u00f5imalusi arendada oma oskust kriitiliselt m\u00f5elda eriala\u00f5ppes ning uurimist\u00f6\u00f6ga seotud tegevustes.<\/li>\n<li><a href=\"https:\/\/ois2.ut.ee\/#\/courses\/FLFI.00.102\/details\" target=\"_blank\" rel=\"noopener\">FLFI.00.102<\/a> Kriitiline m\u00f5tlemine ja argumenteerimine, 3 EAP-d<\/li>\n<\/ul>\n\n\t\t\t\t\t\t<\/div>\n\t\t\t\t\t<\/div>\n\t\t\t\t<\/div>\n\t\t\t\t\t<\/div>\n\t<\/div>\n","protected":false},"excerpt":{"rendered":"<p>Kriitiline m\u00f5tlemine on ideede, v\u00e4idete ja olukordade anal\u00fc\u00fcsimine, et m\u00f5ista nende usaldusv\u00e4\u00e4rsust, \u00f5igustatust ja t\u00f5esust. Kriitiliselt m\u00f5tlev inimene oskab esitada asjakohaseid k\u00fcsimusi, eristada fakte arvamustest ja t\u00f5eseid v\u00e4iteid valedest ning j\u00f5uda p\u00f5hjendatud ja ratsionaalsete j\u00e4reldusteni. Ta suudab hinnata p\u00f5hjenduste ja &#8230;<\/p>\n","protected":false},"author":228,"featured_media":0,"parent":0,"menu_order":0,"comment_status":"closed","ping_status":"closed","template":"","meta":{"_acf_changed":false,"inline_featured_image":false,"footnotes":""},"class_list":["post-17","page","type-page","status-publish","hentry"],"acf":[],"_links":{"self":[{"href":"https:\/\/sisu.ut.ee\/karjaarivarav\/wp-json\/wp\/v2\/pages\/17","targetHints":{"allow":["GET"]}}],"collection":[{"href":"https:\/\/sisu.ut.ee\/karjaarivarav\/wp-json\/wp\/v2\/pages"}],"about":[{"href":"https:\/\/sisu.ut.ee\/karjaarivarav\/wp-json\/wp\/v2\/types\/page"}],"author":[{"embeddable":true,"href":"https:\/\/sisu.ut.ee\/karjaarivarav\/wp-json\/wp\/v2\/users\/228"}],"replies":[{"embeddable":true,"href":"https:\/\/sisu.ut.ee\/karjaarivarav\/wp-json\/wp\/v2\/comments?post=17"}],"version-history":[{"count":30,"href":"https:\/\/sisu.ut.ee\/karjaarivarav\/wp-json\/wp\/v2\/pages\/17\/revisions"}],"predecessor-version":[{"id":1573,"href":"https:\/\/sisu.ut.ee\/karjaarivarav\/wp-json\/wp\/v2\/pages\/17\/revisions\/1573"}],"wp:attachment":[{"href":"https:\/\/sisu.ut.ee\/karjaarivarav\/wp-json\/wp\/v2\/media?parent=17"}],"curies":[{"name":"wp","href":"https:\/\/api.w.org\/{rel}","templated":true}]}}