{"id":1695,"date":"2025-08-29T17:27:16","date_gmt":"2025-08-29T14:27:16","guid":{"rendered":"https:\/\/sisu.ut.ee\/karjaarivarav\/?page_id=1695"},"modified":"2025-08-29T18:12:52","modified_gmt":"2025-08-29T15:12:52","slug":"miks-minna-praktikale","status":"publish","type":"page","link":"https:\/\/sisu.ut.ee\/karjaarivarav\/miks-minna-praktikale\/","title":{"rendered":"Miks minna praktikale?"},"content":{"rendered":"<p><strong>Mis on praktika?<\/strong><\/p>\n\n\n\n<p><a href=\"https:\/\/www.riigiteataja.ee\/akt\/112072019017?leiaKehtiv\" target=\"_blank\" rel=\"noreferrer noopener\">K\u00f5rgharidusstandardi<\/a> j\u00e4rgi on praktika \u201e\u00f5piv\u00e4ljundite saavutamise sihip\u00e4rane tegevus, mille eesm\u00e4rk on rakendada \u00f5pitud teadmisi ja oskusi \u00f5ppeasutuse m\u00e4\u00e4ratud vormis ning juhendaja juhendamisel t\u00f6\u00f6keskkonnas\u201c.<\/p>\n\n\n\n<p>Praktika on osa \u00f5ppimisest. Lisaks teadmiste ja oskuste t\u00e4iendamisele pakub see arenemisv\u00f5imalusi \u2013 t\u00f6\u00f6alased kogemused ja suhtlemine erialaspetsialistidega aitavad olla tugevam kandidaat t\u00f6\u00f6le kandideerimisel, \u00f5ppida ennast paremini tundma ning teha teadlikumalt edasisi \u00f5ppimise ja t\u00f6\u00f6ga seotud plaane.<\/p>\n\n\n\n<p>Praktika maht, vorm ja sisu on erialati v\u00e4ga erinev ning see on igas \u00f5ppekavas eraldi kindlaks m\u00e4\u00e4ratud.<\/p>\n\n\n\n<ul class=\"wp-block-list\">\n<li><strong>Maht.<\/strong> \u00dche praktikaaine maht on bakalaureuse\u00f5ppes tavaliselt 3 v\u00f5i 6 EAP-d, magistri\u00f5ppes s\u00f5ltub see erialast ja v\u00f5ib olla v\u00e4ga erinev. Sageli on praktika ka m\u00f5ne ainekursuse osa. Rakendusk\u00f5rgharidus\u00f5ppes moodustab praktika 15% \u00f5ppe mahust.<\/li>\n\n\n\n<li><strong>Vorm ja sisu.<\/strong> Praktika v\u00f5ib olla eraldi \u00f5ppeaine v\u00f5i m\u00f5ne teise aine osa. See v\u00f5ib endast kujutada vabalt valitavat erialast t\u00f6\u00f6kogemust, aga sellel v\u00f5ib olla ka konkreetne siht, n\u00e4iteks giidi- v\u00f5i arhiivipraktika, \u00fclesannete lahendamise praktikumid, labori- ja v\u00e4lit\u00f6\u00f6d. Levinud on j\u00e4rgmist liiki praktikavormid: \n<ul class=\"wp-block-list\">\n<li><strong>vaatluspraktika<\/strong> toimub t\u00f6\u00f6kohal professionaali t\u00f6\u00f6d j\u00e4lgides, n\u00e4iteks \u00f5petajakoolituse tudengid vaatlevad koolitunde ja anal\u00fc\u00fcsivad \u00f5petaja t\u00f6\u00f6d;<\/li>\n\n\n\n<li><strong>osaluspraktikal<\/strong> t\u00e4idetakse t\u00f6\u00f6kohal juhendaja toel praktilisi t\u00f6\u00f6\u00fclesandeid;<\/li>\n\n\n\n<li><strong>projektip\u00f5hine praktika<\/strong> on \u00f5ppijate koost\u00f6\u00f6s mingi t\u00f6\u00f6projekti elluviimine kindlaksm\u00e4\u00e4ratud aja ja vahenditega.<\/li>\n<\/ul>\n<\/li>\n\n\n\n<li><strong>Kohustuslik vs. valikuline.<\/strong> Kui bakalaureuse- ja magistri\u00f5ppes v\u00f5ib praktika olla vabatahtlik, n\u00e4iteks valikaine(te)na, siis rakendusk\u00f5rgharidus\u00f5ppes on praktika \u00fcldjuhul kohustuslik.<\/li>\n<\/ul>\n\n\n\n<figure class=\"wp-block-table\"><table class=\"table table-hover\"><tbody><tr><td><strong>M\u00f5ttehetk<\/strong> <br>Millised praktikaained on Sinu \u00f5ppekavas? <br>Millises mahus ja vormis on praktika ette n\u00e4htud? <br>Kas praktika on Sinu \u00f5ppekavas valikuline v\u00f5i kohustuslik?<\/td><\/tr><\/tbody><\/table><\/figure>\n\n\n\n<p><\/p>\n","protected":false},"excerpt":{"rendered":"<p>Mis on praktika? K\u00f5rgharidusstandardi j\u00e4rgi on praktika \u201e\u00f5piv\u00e4ljundite saavutamise sihip\u00e4rane tegevus, mille eesm\u00e4rk on rakendada \u00f5pitud teadmisi ja oskusi \u00f5ppeasutuse m\u00e4\u00e4ratud vormis ning juhendaja juhendamisel t\u00f6\u00f6keskkonnas\u201c. Praktika on osa \u00f5ppimisest. Lisaks teadmiste ja oskuste t\u00e4iendamisele pakub see arenemisv\u00f5imalusi \u2013 t\u00f6\u00f6alased &#8230;<\/p>\n","protected":false},"author":414,"featured_media":0,"parent":0,"menu_order":0,"comment_status":"closed","ping_status":"closed","template":"","meta":{"_acf_changed":false,"inline_featured_image":false,"footnotes":""},"class_list":["post-1695","page","type-page","status-publish","hentry"],"acf":[],"_links":{"self":[{"href":"https:\/\/sisu.ut.ee\/karjaarivarav\/wp-json\/wp\/v2\/pages\/1695","targetHints":{"allow":["GET"]}}],"collection":[{"href":"https:\/\/sisu.ut.ee\/karjaarivarav\/wp-json\/wp\/v2\/pages"}],"about":[{"href":"https:\/\/sisu.ut.ee\/karjaarivarav\/wp-json\/wp\/v2\/types\/page"}],"author":[{"embeddable":true,"href":"https:\/\/sisu.ut.ee\/karjaarivarav\/wp-json\/wp\/v2\/users\/414"}],"replies":[{"embeddable":true,"href":"https:\/\/sisu.ut.ee\/karjaarivarav\/wp-json\/wp\/v2\/comments?post=1695"}],"version-history":[{"count":6,"href":"https:\/\/sisu.ut.ee\/karjaarivarav\/wp-json\/wp\/v2\/pages\/1695\/revisions"}],"predecessor-version":[{"id":1735,"href":"https:\/\/sisu.ut.ee\/karjaarivarav\/wp-json\/wp\/v2\/pages\/1695\/revisions\/1735"}],"wp:attachment":[{"href":"https:\/\/sisu.ut.ee\/karjaarivarav\/wp-json\/wp\/v2\/media?parent=1695"}],"curies":[{"name":"wp","href":"https:\/\/api.w.org\/{rel}","templated":true}]}}