{"id":16,"date":"2024-04-04T08:52:36","date_gmt":"2024-04-04T05:52:36","guid":{"rendered":"https:\/\/sisu.ut.ee\/karjaarivarav\/loovus\/"},"modified":"2025-04-24T16:09:05","modified_gmt":"2025-04-24T13:09:05","slug":"loovus","status":"publish","type":"page","link":"https:\/\/sisu.ut.ee\/karjaarivarav\/loovus\/","title":{"rendered":"Loovus"},"content":{"rendered":"<p><\/p>\n\n\n\n<div class=\"wp-block-buttons is-layout-flex wp-block-buttons-is-layout-flex\">\n<div class=\"wp-block-button\"><a class=\"wp-block-button__link wp-element-button\" style=\"padding-top:var(--wp--preset--spacing--20);padding-bottom:var(--wp--preset--spacing--20)\">uudishimu<\/a><\/div>\n\n\n\n<div class=\"wp-block-button\"><a class=\"wp-block-button__link wp-element-button\" style=\"padding-top:var(--wp--preset--spacing--20);padding-bottom:var(--wp--preset--spacing--20)\">uuendusmeelsus<\/a><\/div>\n\n\n\n<div class=\"wp-block-button\"><a class=\"wp-block-button__link wp-element-button\" style=\"padding-top:var(--wp--preset--spacing--20);padding-bottom:var(--wp--preset--spacing--20)\">leidlikkus<\/a><\/div>\n<\/div>\n\n\n\n<p><\/p>\n\n\n\n<figure class=\"wp-block-image alignright size-large is-resized\"><img loading=\"lazy\" decoding=\"async\" width=\"1024\" height=\"462\" src=\"https:\/\/sisu.ut.ee\/wp-content\/uploads\/sites\/644\/loovus-1024x462.jpg\" alt=\"Loovus\" class=\"wp-image-43\" style=\"width:649px;height:auto\" srcset=\"https:\/\/sisu.ut.ee\/wp-content\/uploads\/sites\/644\/loovus-1024x462.jpg 1024w, https:\/\/sisu.ut.ee\/wp-content\/uploads\/sites\/644\/loovus-300x135.jpg 300w, https:\/\/sisu.ut.ee\/wp-content\/uploads\/sites\/644\/loovus-768x347.jpg 768w, https:\/\/sisu.ut.ee\/wp-content\/uploads\/sites\/644\/loovus-1536x694.jpg 1536w, https:\/\/sisu.ut.ee\/wp-content\/uploads\/sites\/644\/loovus-2048x925.jpg 2048w, https:\/\/sisu.ut.ee\/wp-content\/uploads\/sites\/644\/loovus-1920x867.jpg 1920w\" sizes=\"auto, (max-width: 1024px) 100vw, 1024px\"><figcaption class=\"wp-element-caption\">Autor: K\u00e4triin S\u00e4de<\/figcaption><\/figure>\n\n\n\n<p><strong>Loovus on oskus l\u00e4heneda teemale v\u00f5i olukorrale loomingulisel viisil ja luua uusi teadmisi<\/strong>. Loovuse aluseks on uudishimu, leidlikkus ja oskus m\u00f5elda v\u00e4ljaspool tavap\u00e4rast. Loovust s\u00fcvendab huvi muutuva maailma vastu ja avatus uutele kogemustele, mis ajendab otsima teadmisi uutest allikatest. Loov inimene oskab olemasolevaid vahendeid ootamatul viisil kasutada.<br><br>Uuendusmeelsus on oskus kasutada oma kujutlusv\u00f5imet teabe, vaatenurkade v\u00f5i t\u00f6\u00f6viiside uudseks kombineerimiseks ning luua selle kaudu uusi ideid ja lahendusi. Loovust ja uuendusmeelsust toetavad disainm\u00f5tlemise meetodid, mille abil saab v\u00e4lja t\u00f6\u00f6tada originaalseid ja v\u00e4\u00e4rtuslikke ideid.<\/p>\n\n\n\n<figure class=\"wp-block-table\"><table class=\"table table-hover\"><tbody><tr><td><strong>M\u00f5ttehetk.\u00a0<\/strong>Kas tunned vahel, et oled t\u00fcdinenud asjade tegemisest alati \u00fchtemoodi? Kui sageli otsid sellisel juhul uusi kogemusi v\u00f5i t\u00f6\u00f6viise? Kas tunned v\u00f5tteid, mis aitavad rutiinist v\u00e4lja murda ja m\u00f5tlemisele v\u00e4rske suuna anda? Kui tihti \u00fcmbritsed ennast inimestega, kes ei tegutse Sinu valdkonnas ja kellel on Sinuga v\u00f5rreldes teistsugused huvid? Kas pead ennast uudishimulikuks inimeseks? Kas oled m\u00f5elnud ennast t\u00e4iendada valdkonnas, mis ei ole Sulle tuttav?<\/td><\/tr><\/tbody><\/table><\/figure>\n\n\n\n<p class=\"has-large-font-size\"><strong>Inspiratsiooni tegutsemiseks<\/strong><\/p>\n\n\n<div class=\"accordion-block mb-3\">\n\t\t<div class=\"accordion \" id=\"accordion-accordion-69da6004691bf\">\n\t\t\t\t\t\t\t<div class=\"accordion-item accordion-item--blue\">\n\t\t\t\t\t<h2 class=\"accordion-header\" id=\"accordion-69da6004691bf-heading-1\">\n\t\t\t\t\t\t<button class=\"accordion-button collapsed\" type=\"button\" data-bs-toggle=\"collapse\" data-bs-target=\"#accordion-69da6004691bf-collapse-1\" aria-expanded=\"true\" aria-controls=\"accordion-69da6004691bf-collapse-1\">\n\t\t\t\t\t\t\tSammud\n\t\t\t\t\t\t<\/button>\n\t\t\t\t\t<\/h2>\n\t\t\t\t\t<div id=\"accordion-69da6004691bf-collapse-1\" class=\"accordion-collapse collapse \" aria-labelledby=\"accordion-69da6004691bf-heading-1\">\n\t\t\t\t\t\t<div class=\"accordion-body\">\n\t\t\t\t\t\t\t<ul>\n<li>Omanda teadmisi, uuri eri allikaid, tunne huvi uute avastuste ja teadussaavutuste vastu nii oma erialal kui ka muudes valdkondades. Loovus tekib heade alusteadmiste ja uudishimu p\u00f5hjal.<\/li>\n<li>Proovi uusi asju, n\u00e4iteks mine oma tavatrenni asemel m\u00f5nda muusse trenni, loe raamatut, mille \u017eanr erineb Su tavap\u00e4rasest valikust, mine teist teed pidi koju, osale m\u00f5ne idee v\u00e4ljat\u00f6\u00f6tamisel v\u00f5i ettev\u00f5tlusprojektis, tutvu improteatriga vm.<\/li>\n<li>\u00c4ra karda teha vigu. Uusi asju proovides eksime me k\u00f5ik. Kui see juhtub, aitab see kasvatada Sinu enesekindlust uute lahenduste katsetamisel.<\/li>\n<li>K\u00fcsi oma ideede kohta <a href=\"https:\/\/www.topuniversities.com\/blog\/5-ways-improve-your-creative-thinking\" target=\"_blank\" rel=\"noopener\">tagasisidet<\/a>. Erinevate inimestega arutades v\u00f5ivad Sul tekkida uued edasiviivad m\u00f5tted.<\/li>\n<li>Kasuta eri vaatenurkade ja v\u00e4rskete lahenduste v\u00e4ljas\u00f5elumiseks <a href=\"https:\/\/www.debonogroup.com\/services\/core-programs\/six-thinking-hats\/\" target=\"_blank\" rel=\"noopener\">kuue m\u00fctsi meetodit<\/a>.<\/li>\n<li>Tee ajur\u00fcnnak, et leida kvaliteetne idee. Mida rohkem suudad selle k\u00e4igus ideid v\u00e4lja m\u00f5elda, seda t\u00f5en\u00e4olisem on, et j\u00f5uad l\u00f5puks \u00fche hea m\u00f5tteni, mida edasi arendada.<\/li>\n<li>V\u00f5ta \u00fclikooli m\u00f5nest teisest valdkonnast sissejuhatavaid aineid.<\/li>\n<li>Tutvu <a href=\"https:\/\/designminds.ee\/disainmotlemisest\" target=\"_blank\" rel=\"noopener\">disainm\u00f5tlemise<\/a> meetoditega.<\/li>\n<\/ul>\n\n\t\t\t\t\t\t<\/div>\n\t\t\t\t\t<\/div>\n\t\t\t\t<\/div>\n\t\t\t\t\t\t\t<div class=\"accordion-item accordion-item--white\">\n\t\t\t\t\t<h2 class=\"accordion-header\" id=\"accordion-69da6004691bf-heading-2\">\n\t\t\t\t\t\t<button class=\"accordion-button collapsed\" type=\"button\" data-bs-toggle=\"collapse\" data-bs-target=\"#accordion-69da6004691bf-collapse-2\" aria-expanded=\"true\" aria-controls=\"accordion-69da6004691bf-collapse-2\">\n\t\t\t\t\t\t\tEneset\u00e4iendamisv\u00f5imalused\n\t\t\t\t\t\t<\/button>\n\t\t\t\t\t<\/h2>\n\t\t\t\t\t<div id=\"accordion-69da6004691bf-collapse-2\" class=\"accordion-collapse collapse \" aria-labelledby=\"accordion-69da6004691bf-heading-2\">\n\t\t\t\t\t\t<div class=\"accordion-body\">\n\t\t\t\t\t\t\t<ul>\n<li><a href=\"https:\/\/ois2.ut.ee\/#\/courses\/LTAT.05.029\/details\" target=\"_blank\" rel=\"noopener\">LTAT.05.029<\/a>\u00a0Loomeprotsess disainm\u00f5tlemises, 3 EAP-d<\/li>\n<li><a href=\"https:\/\/ois2.ut.ee\/#\/courses\/HVKU.05.053\/details\" target=\"_blank\" rel=\"noopener\">HVKU.05.053<\/a> Loovkirjutus: luule, 3 EAP-d<\/li>\n<li><a href=\"https:\/\/ois2.ut.ee\/#\/courses\/SVUH.00.263\/details\" target=\"_blank\" rel=\"noopener\">SVUH.00.263<\/a>\u00a0Meediap\u00e4devuste m\u00e4nguline arendamine, 3 EAP-d<\/li>\n<li><a href=\"https:\/\/ois2.ut.ee\/#\/courses\/HVKU.05.054\/details\" target=\"_blank\" rel=\"noopener\">HVKU.05.054<\/a> Tarbes\u00f5na kunst, 3 EAP-d<\/li>\n<li><a href=\"https:\/\/ois2.ut.ee\/#\/courses\/HVVK.12.082\/details\" target=\"_blank\" rel=\"noopener\">HVVK.12.082<\/a> Videokool, 3 EAP-d<\/li>\n<\/ul>\n\n\t\t\t\t\t\t<\/div>\n\t\t\t\t\t<\/div>\n\t\t\t\t<\/div>\n\t\t\t\t\t<\/div>\n\t<\/div>\n","protected":false},"excerpt":{"rendered":"<p>Loovus on oskus l\u00e4heneda teemale v\u00f5i olukorrale loomingulisel viisil ja luua uusi teadmisi. Loovuse aluseks on uudishimu, leidlikkus ja oskus m\u00f5elda v\u00e4ljaspool tavap\u00e4rast. Loovust s\u00fcvendab huvi muutuva maailma vastu ja avatus uutele kogemustele, mis ajendab otsima teadmisi uutest allikatest. Loov &#8230;<\/p>\n","protected":false},"author":228,"featured_media":0,"parent":0,"menu_order":0,"comment_status":"closed","ping_status":"closed","template":"","meta":{"_acf_changed":false,"inline_featured_image":false,"footnotes":""},"class_list":["post-16","page","type-page","status-publish","hentry"],"acf":[],"_links":{"self":[{"href":"https:\/\/sisu.ut.ee\/karjaarivarav\/wp-json\/wp\/v2\/pages\/16","targetHints":{"allow":["GET"]}}],"collection":[{"href":"https:\/\/sisu.ut.ee\/karjaarivarav\/wp-json\/wp\/v2\/pages"}],"about":[{"href":"https:\/\/sisu.ut.ee\/karjaarivarav\/wp-json\/wp\/v2\/types\/page"}],"author":[{"embeddable":true,"href":"https:\/\/sisu.ut.ee\/karjaarivarav\/wp-json\/wp\/v2\/users\/228"}],"replies":[{"embeddable":true,"href":"https:\/\/sisu.ut.ee\/karjaarivarav\/wp-json\/wp\/v2\/comments?post=16"}],"version-history":[{"count":18,"href":"https:\/\/sisu.ut.ee\/karjaarivarav\/wp-json\/wp\/v2\/pages\/16\/revisions"}],"predecessor-version":[{"id":1571,"href":"https:\/\/sisu.ut.ee\/karjaarivarav\/wp-json\/wp\/v2\/pages\/16\/revisions\/1571"}],"wp:attachment":[{"href":"https:\/\/sisu.ut.ee\/karjaarivarav\/wp-json\/wp\/v2\/media?parent=16"}],"curies":[{"name":"wp","href":"https:\/\/api.w.org\/{rel}","templated":true}]}}