{"id":1537,"date":"2025-04-21T13:24:03","date_gmt":"2025-04-21T10:24:03","guid":{"rendered":"https:\/\/sisu.ut.ee\/karjaarivarav\/?page_id=1537"},"modified":"2025-04-24T16:29:16","modified_gmt":"2025-04-24T13:29:16","slug":"millal-kaaluda-vaheaasta-votmist","status":"publish","type":"page","link":"https:\/\/sisu.ut.ee\/karjaarivarav\/millal-kaaluda-vaheaasta-votmist\/","title":{"rendered":"Millal kaaluda vaheaasta v\u00f5tmist?"},"content":{"rendered":"<figure class=\"wp-block-image alignright size-large is-resized\"><img loading=\"lazy\" decoding=\"async\" width=\"1024\" height=\"729\" src=\"https:\/\/sisu.ut.ee\/wp-content\/uploads\/sites\/644\/Edasi-oppimine-1-1024x729.jpg\" alt=\"\" class=\"wp-image-1512\" style=\"width:476px;height:auto\" srcset=\"https:\/\/sisu.ut.ee\/wp-content\/uploads\/sites\/644\/Edasi-oppimine-1-1024x729.jpg 1024w, https:\/\/sisu.ut.ee\/wp-content\/uploads\/sites\/644\/Edasi-oppimine-1-300x213.jpg 300w, https:\/\/sisu.ut.ee\/wp-content\/uploads\/sites\/644\/Edasi-oppimine-1-768x547.jpg 768w, https:\/\/sisu.ut.ee\/wp-content\/uploads\/sites\/644\/Edasi-oppimine-1-1536x1093.jpg 1536w, https:\/\/sisu.ut.ee\/wp-content\/uploads\/sites\/644\/Edasi-oppimine-1-2048x1457.jpg 2048w, https:\/\/sisu.ut.ee\/wp-content\/uploads\/sites\/644\/Edasi-oppimine-1-1920x1366.jpg 1920w\" sizes=\"auto, (max-width: 1024px) 100vw, 1024px\"><figcaption class=\"wp-element-caption\">Autor: K\u00e4triin S\u00e4de<\/figcaption><\/figure>\n\n\n\n<p>Vaheaasta on vaba aasta \u00f5pingute vahel, n\u00e4iteks g\u00fcmnaasiumi ja k\u00f5rgkooli, bakalaureuse- ja magistri\u00f5ppe v\u00f5i magistri- ja doktori\u00f5ppe vahel. Vaheaasta sobib Sulle, kui Sa pole kindel, mida edasi teha, ning vajad aega iseenda ja maailma avastamiseks ja vaagimiseks, mis Sulle p\u00e4riselt meeldib. Vajadus v\u00f5tta vaheaasta v\u00f5ib tekkida ka siis, kui soovitud erialale ei ole parasjagu vastuv\u00f5ttu (see toimub n\u00e4iteks \u00fcle aasta) v\u00f5i esimesel katsel ei \u00f5nnestu sisse saada.<\/p>\n\n\n\n<p>Igal juhul tasub vaheaasta plaan korralikult l\u00e4bi m\u00f5elda, sest selged eesm\u00e4rgid ja teadlik tegutsemine teevad sellest kasuliku kogemuse.<\/p>\n\n\n\n<figure class=\"wp-block-table\"><table class=\"table table-hover\"><tbody><tr><td><strong>M\u00f5ttehetk. <\/strong>Mida peksid tegema, et saada vaheaastal selgust oma huvides, soovides, tugevates k\u00fclgedes?<br>Mida sooviksid vaheaastal kindlasti proovida teda?<br>Milliseid ettevalmistusi saad teha, et olla kandideerimisel edukas?<\/td><\/tr><\/tbody><\/table><\/figure>\n\n\n\n<p>Vaheaasta sisustatakse sageli ajateenistuse, reisimise v\u00f5i (vabatahtliku) t\u00f6\u00f6ga. See v\u00f5imaldab<\/p>\n\n\n\n<ul class=\"wp-block-list\">\n<li>teha \u00f5pingutes paus ja \u00f5ppimisest puhata;<\/li>\n\n\n\n<li>m\u00f5elda rahulikult j\u00e4rele ja saada endas selgust, mida edasi teha;<\/li>\n\n\n\n<li>saada kogemusi huvipakkuvas valdkonnas;<\/li>\n\n\n\n<li>teenida ja koguda raha, et hiljem saaks \u00f5pingutele keskenduda;<\/li>\n\n\n\n<li>\u00f5ppida uusi oskusi;<\/li>\n\n\n\n<li>minna uude keskkonda, et uusi kogemusi, n\u00e4ha maailma ja kohtuda uute inimestega;<\/li>\n\n\n\n<li>end proovile panna, muutuda k\u00fcpsemaks ja iseseisvamaks;<\/li>\n\n\n\n<li>kavandada enesekindlamalt oma edasist elu ja \u00f5pinguid;<\/li>\n\n\n\n<li>valmistuda edasi\u00f5ppimiseks, et olla kandideerimisel edukas.<\/li>\n<\/ul>\n\n\n\n<p>Vaheaasta v\u00f5tmise teemal v\u00f5id pidada n\u00f5u ka t\u00f6\u00f6tukassa v\u00f5i koolide karj\u00e4\u00e4rin\u00f5ustajatega. Tartu \u00dclikooli <a href=\"https:\/\/ut.ee\/et\/noustamiskeskus\">n\u00f5ustamiskeskuse<\/a> karj\u00e4\u00e4rin\u00f5ustajaga kohtumiseks kl\u00f5psa allolevat nuppu.<\/p>\n\n\n\n<div class=\"wp-block-buttons is-layout-flex wp-container-core-buttons-is-layout-a74382ec wp-block-buttons-is-layout-flex\">\n<div class=\"wp-block-button\"><a class=\"wp-block-button__link wp-element-button\" href=\"https:\/\/outlook.office365.com\/owa\/calendar\/Tnustamiskeskus-Bookings@TartuUlikool.onmicrosoft.com\/bookings\/?skipRedirect=1\" style=\"padding-right:var(--wp--preset--spacing--40);padding-left:var(--wp--preset--spacing--40)\" target=\"_blank\" rel=\"noreferrer noopener\">Broneeri aeg karj\u00e4\u00e4rin\u00f5ustaja juurde<\/a><\/div>\n<\/div>\n","protected":false},"excerpt":{"rendered":"<p>Vaheaasta on vaba aasta \u00f5pingute vahel, n\u00e4iteks g\u00fcmnaasiumi ja k\u00f5rgkooli, bakalaureuse- ja magistri\u00f5ppe v\u00f5i magistri- ja doktori\u00f5ppe vahel. Vaheaasta sobib Sulle, kui Sa pole kindel, mida edasi teha, ning vajad aega iseenda ja maailma avastamiseks ja vaagimiseks, mis Sulle p\u00e4riselt &#8230;<\/p>\n","protected":false},"author":346,"featured_media":0,"parent":0,"menu_order":0,"comment_status":"closed","ping_status":"closed","template":"","meta":{"_acf_changed":false,"inline_featured_image":false,"footnotes":""},"class_list":["post-1537","page","type-page","status-publish","hentry"],"acf":[],"_links":{"self":[{"href":"https:\/\/sisu.ut.ee\/karjaarivarav\/wp-json\/wp\/v2\/pages\/1537","targetHints":{"allow":["GET"]}}],"collection":[{"href":"https:\/\/sisu.ut.ee\/karjaarivarav\/wp-json\/wp\/v2\/pages"}],"about":[{"href":"https:\/\/sisu.ut.ee\/karjaarivarav\/wp-json\/wp\/v2\/types\/page"}],"author":[{"embeddable":true,"href":"https:\/\/sisu.ut.ee\/karjaarivarav\/wp-json\/wp\/v2\/users\/346"}],"replies":[{"embeddable":true,"href":"https:\/\/sisu.ut.ee\/karjaarivarav\/wp-json\/wp\/v2\/comments?post=1537"}],"version-history":[{"count":2,"href":"https:\/\/sisu.ut.ee\/karjaarivarav\/wp-json\/wp\/v2\/pages\/1537\/revisions"}],"predecessor-version":[{"id":1596,"href":"https:\/\/sisu.ut.ee\/karjaarivarav\/wp-json\/wp\/v2\/pages\/1537\/revisions\/1596"}],"wp:attachment":[{"href":"https:\/\/sisu.ut.ee\/karjaarivarav\/wp-json\/wp\/v2\/media?parent=1537"}],"curies":[{"name":"wp","href":"https:\/\/api.w.org\/{rel}","templated":true}]}}