{"id":1532,"date":"2025-04-21T13:24:46","date_gmt":"2025-04-21T10:24:46","guid":{"rendered":"https:\/\/sisu.ut.ee\/karjaarivarav\/?page_id=1532"},"modified":"2025-04-24T16:29:06","modified_gmt":"2025-04-24T13:29:06","slug":"mida-teha-kui-erialavalik-ei-tundu-ikkagi-oige","status":"publish","type":"page","link":"https:\/\/sisu.ut.ee\/karjaarivarav\/mida-teha-kui-erialavalik-ei-tundu-ikkagi-oige\/","title":{"rendered":"Mida teha, kui erialavalik ei tundu ikkagi \u00f5ige?"},"content":{"rendered":"<figure class=\"wp-block-image alignright size-large is-resized\"><img loading=\"lazy\" decoding=\"async\" width=\"1024\" height=\"729\" src=\"https:\/\/sisu.ut.ee\/wp-content\/uploads\/sites\/644\/Edasi-oppimine-1-1024x729.jpg\" alt=\"\" class=\"wp-image-1512\" style=\"width:476px;height:auto\" srcset=\"https:\/\/sisu.ut.ee\/wp-content\/uploads\/sites\/644\/Edasi-oppimine-1-1024x729.jpg 1024w, https:\/\/sisu.ut.ee\/wp-content\/uploads\/sites\/644\/Edasi-oppimine-1-300x213.jpg 300w, https:\/\/sisu.ut.ee\/wp-content\/uploads\/sites\/644\/Edasi-oppimine-1-768x547.jpg 768w, https:\/\/sisu.ut.ee\/wp-content\/uploads\/sites\/644\/Edasi-oppimine-1-1536x1093.jpg 1536w, https:\/\/sisu.ut.ee\/wp-content\/uploads\/sites\/644\/Edasi-oppimine-1-2048x1457.jpg 2048w, https:\/\/sisu.ut.ee\/wp-content\/uploads\/sites\/644\/Edasi-oppimine-1-1920x1366.jpg 1920w\" sizes=\"auto, (max-width: 1024px) 100vw, 1024px\"><figcaption class=\"wp-element-caption\">Autor: K\u00e4triin S\u00e4de<\/figcaption><\/figure>\n\n\n\n<p>M\u00f5nikord v\u00f5id \u00f5pingute kestel tunda, et eriala pole ikka see p\u00e4ris \u00f5ige. <strong>\u00c4ra kiirusta kohe \u00f5pingute katkestamisega, vaid m\u00f5tle enne l\u00e4bi uus plaan!<\/strong> S\u00e4ilita rahu ja v\u00f5ta aega, et m\u00f5testada enda soove ja v\u00f5imalusi. Aruta oma kahtlusi kellegagi, kes saab anda sulle tuge ja infot. Hea, kui pere v\u00f5i s\u00f5brad saavad toeks olla, kuid \u00f5ppimise ja erialaga seotud k\u00fcsimustes tasub n\u00f5u pidada ka n\u00e4iteks \u00f5ppekorraldusspetsialisti v\u00f5i karj\u00e4\u00e4rin\u00f5ustajaga.<\/p>\n\n\n\n<p>Vahel v\u00f5ib kahtluste taga olla hoopis uue eluga <strong>kohanemise aeg<\/strong>, mis v\u00f5tab palju aega ja energiat. Kui k\u00f5ike on korraga liiga palju \u2013 uus kool ja teistmoodi \u00f5ppet\u00f6\u00f6, uued inimesed, uus linn ja iseseisev elu, igatsus kodu ja s\u00f5prade j\u00e4rele jm, \u2013 v\u00f5ivad suureneda \u00e4revus, v\u00e4simus ja \u00fcksildus ning see v\u00f5ib panna ka oma erialas kahtlema. Edukaks kohanemiseks<\/p>\n\n\n\n<ul class=\"wp-block-list\">\n<li>k\u00e4i korralikult koolis, uuri ja k\u00fcsi julgesti, kuidas asjad k\u00e4ivad, et tekiks selgem arusaamine, mida, millal ja kuidas on vaja teha;<\/li>\n\n\n\n<li>tutvu \u00f5pingukaaslastega, sest koos on kergem ja toredam kooliellu sisse elada;<\/li>\n\n\n\n<li>loo endale uus sobiv elur\u00fctm: millal oled koolis, \u00f5pid iseseisvalt, s\u00f6\u00f6d, magad, teed trenni, millist huvitegevust ja meelelahutust oma ellu mahutad jm. Suhtle ka oma pere ja s\u00f5pradega.<\/li>\n<\/ul>\n\n\n\n<p>Kui p\u00e4rast kohanemist tundub siiski, et <strong>eriala justkui sobiks<\/strong>, aga m\u00f5nda teemat on \u00f5ppekavas liiga palju v\u00f5i v\u00e4he, \u00f5ppimine on liiga teoreetiline ja laialivalguv v\u00f5i just liiga kitsas, tasub enda soovid konkreetselt ette v\u00f5tta ja k\u00f5rvutada neid \u00f5ppekavas pakutavaga. V\u00f5ib-olla ongi \u00f5pingute sisu alguses \u00fcldisem ja teoreetilisem, aga tasakaalustamiseks saad valida m\u00f5ne praktilisema v\u00f5i huvitava \u00f5ppeaine teistest \u00f5ppekavadest v\u00f5i koolidest. Sa v\u00f5id m\u00f5elda juba v\u00f5imalike praktikakohtade, \u00f5pir\u00e4nde, t\u00f6\u00f6v\u00f5imaluste ja vabatahtliku tegevuse peale, leida huvitavaid projekte v\u00e4ljaspool kooliprogrammi. \u00dclikoolis saad n\u00e4iteks k\u00f5rvaleriala abil <a href=\"https:\/\/sisu.ut.ee\/karjaarivarav\/kuidas-opingute-juhtimine-kaib\/\" data-type=\"link\" data-id=\"https:\/\/sisu.ut.ee\/karjaarivarav\/kuidas-opingute-juhtimine-kaib\/\" target=\"_blank\" rel=\"noreferrer noopener\">kujundada \u00f5ppimist<\/a> enda huvidele vastavamaks.<\/p>\n\n\n\n<p>Kui Sul on aga siiski tekkinud selge arusaamine, et<strong> valitud eriala ei sobi<\/strong>, pole m\u00f5tet kahetseda ega ennast s\u00fc\u00fcdistada. Pigem keskendu k\u00fcsimusele, mis Sulle ikkagi sobiks, ja anal\u00fc\u00fcsi p\u00f5hjalikult nii ennast kui ka erinevaid \u00f5pi- ja t\u00f6\u00f6v\u00f5imalusi. Kasu v\u00f5ib olla karj\u00e4\u00e4rin\u00f5ustajaga arutamisest, sest vahel on keeruline iseennast p\u00e4rast eelmise valiku tegemist usaldada ja lisaks ei pruugi Sa eri v\u00f5imalustega kursis olla. Uue sihi seadmine ja selge tegevusplaan aitavad kindlamalt edasi minna. Vahel on lahendus lihtne \u2013 n\u00e4iteks saab eriala vahetada v\u00f5i uuesti sisse astuda. Teinekord aga on vaja rohkem aega, et oma tegevus l\u00e4bi m\u00f5elda ja uued sihid leida.<\/p>\n\n\n\n<p>Kui Sul tekib kahtlus eriala sobivuse suhtes, siis m\u00f5tle l\u00e4bi j\u00e4rgmised k\u00fcsimused.<\/p>\n\n\n\n<ul class=\"wp-block-list\">\n<li>Kes ma olen ja mida ma tahan?<\/li>\n\n\n\n<li>Millised on minu jaoks sobivad v\u00f5imalused?<\/li>\n\n\n\n<li>Kuhu ja kuidas edasi minna?<\/li>\n<\/ul>\n\n\n\n<p>Aruta oma m\u00f5tteid ja v\u00f5imalusi karj\u00e4\u00e4rin\u00f5ustajaga. Tartu \u00dclikooli <a href=\"https:\/\/ut.ee\/et\/noustamiskeskus\">n\u00f5ustamiskeskuse<\/a> karj\u00e4\u00e4rin\u00f5ustajaga kohtumiseks kl\u00f5psa allolevat nuppu.<\/p>\n\n\n\n<div class=\"wp-block-buttons is-layout-flex wp-container-core-buttons-is-layout-a74382ec wp-block-buttons-is-layout-flex\">\n<div class=\"wp-block-button\"><a class=\"wp-block-button__link wp-element-button\" href=\"https:\/\/outlook.office365.com\/owa\/calendar\/Tnustamiskeskus-Bookings@TartuUlikool.onmicrosoft.com\/bookings\/?skipRedirect=1\" style=\"padding-right:var(--wp--preset--spacing--40);padding-left:var(--wp--preset--spacing--40)\" target=\"_blank\" rel=\"noreferrer noopener\">Broneeri aeg karj\u00e4\u00e4rin\u00f5ustaja juurde<\/a><\/div>\n<\/div>\n","protected":false},"excerpt":{"rendered":"<p>M\u00f5nikord v\u00f5id \u00f5pingute kestel tunda, et eriala pole ikka see p\u00e4ris \u00f5ige. \u00c4ra kiirusta kohe \u00f5pingute katkestamisega, vaid m\u00f5tle enne l\u00e4bi uus plaan! S\u00e4ilita rahu ja v\u00f5ta aega, et m\u00f5testada enda soove ja v\u00f5imalusi. Aruta oma kahtlusi kellegagi, kes saab &#8230;<\/p>\n","protected":false},"author":346,"featured_media":0,"parent":0,"menu_order":0,"comment_status":"closed","ping_status":"closed","template":"","meta":{"_acf_changed":false,"inline_featured_image":false,"footnotes":""},"class_list":["post-1532","page","type-page","status-publish","hentry"],"acf":[],"_links":{"self":[{"href":"https:\/\/sisu.ut.ee\/karjaarivarav\/wp-json\/wp\/v2\/pages\/1532","targetHints":{"allow":["GET"]}}],"collection":[{"href":"https:\/\/sisu.ut.ee\/karjaarivarav\/wp-json\/wp\/v2\/pages"}],"about":[{"href":"https:\/\/sisu.ut.ee\/karjaarivarav\/wp-json\/wp\/v2\/types\/page"}],"author":[{"embeddable":true,"href":"https:\/\/sisu.ut.ee\/karjaarivarav\/wp-json\/wp\/v2\/users\/346"}],"replies":[{"embeddable":true,"href":"https:\/\/sisu.ut.ee\/karjaarivarav\/wp-json\/wp\/v2\/comments?post=1532"}],"version-history":[{"count":5,"href":"https:\/\/sisu.ut.ee\/karjaarivarav\/wp-json\/wp\/v2\/pages\/1532\/revisions"}],"predecessor-version":[{"id":1595,"href":"https:\/\/sisu.ut.ee\/karjaarivarav\/wp-json\/wp\/v2\/pages\/1532\/revisions\/1595"}],"wp:attachment":[{"href":"https:\/\/sisu.ut.ee\/karjaarivarav\/wp-json\/wp\/v2\/media?parent=1532"}],"curies":[{"name":"wp","href":"https:\/\/api.w.org\/{rel}","templated":true}]}}