{"id":1530,"date":"2025-04-21T13:24:24","date_gmt":"2025-04-21T10:24:24","guid":{"rendered":"https:\/\/sisu.ut.ee\/karjaarivarav\/?page_id=1530"},"modified":"2025-04-24T16:28:51","modified_gmt":"2025-04-24T13:28:51","slug":"kuidas-edukalt-kandideerida","status":"publish","type":"page","link":"https:\/\/sisu.ut.ee\/karjaarivarav\/kuidas-edukalt-kandideerida\/","title":{"rendered":"Kuidas edukalt kandideerida?"},"content":{"rendered":"<figure class=\"wp-block-image alignright size-large is-resized\"><img loading=\"lazy\" decoding=\"async\" width=\"1024\" height=\"729\" src=\"https:\/\/sisu.ut.ee\/wp-content\/uploads\/sites\/644\/Edasi-oppimine-1-1024x729.jpg\" alt=\"\" class=\"wp-image-1512\" style=\"width:476px;height:auto\" srcset=\"https:\/\/sisu.ut.ee\/wp-content\/uploads\/sites\/644\/Edasi-oppimine-1-1024x729.jpg 1024w, https:\/\/sisu.ut.ee\/wp-content\/uploads\/sites\/644\/Edasi-oppimine-1-300x213.jpg 300w, https:\/\/sisu.ut.ee\/wp-content\/uploads\/sites\/644\/Edasi-oppimine-1-768x547.jpg 768w, https:\/\/sisu.ut.ee\/wp-content\/uploads\/sites\/644\/Edasi-oppimine-1-1536x1093.jpg 1536w, https:\/\/sisu.ut.ee\/wp-content\/uploads\/sites\/644\/Edasi-oppimine-1-2048x1457.jpg 2048w, https:\/\/sisu.ut.ee\/wp-content\/uploads\/sites\/644\/Edasi-oppimine-1-1920x1366.jpg 1920w\" sizes=\"auto, (max-width: 1024px) 100vw, 1024px\"><figcaption class=\"wp-element-caption\">Autor: K\u00e4triin S\u00e4de<\/figcaption><\/figure>\n\n\n\n<p>Peale p\u00f5hjaliku planeerimist\u00f6\u00f6 on vaja koguda teavet ja valmistuda ka sisseastumiseks.<\/p>\n\n\n\n<p><strong>Vali v\u00e4lja, kuhu kandideerid. <\/strong>Igasse kooli on v\u00f5imalik esitada kuni kaks avaldust. Kui Sul on \u00fcks valik ja Sa oled kindel, et saad kooli sisse, piisab \u00fchest avaldusest. Kui Sa ei tea, kas Sa soovitud erialale sisse saad v\u00f5i Sul on mitu valikut, esita mitu avaldust.<\/p>\n\n\n\n<p><strong>J\u00e4lgi t\u00e4pselt kandideerimisjuhiseid ja pea kinni t\u00e4htaegadest. <\/strong>Vaata n\u00e4iteks Tartu \u00dclikooli <a href=\"https:\/\/ut.ee\/et\/sisu\/sisseastumine-bakalaureuseoppesse\">bakalaureuse\u00f5ppesse<\/a>, <a href=\"https:\/\/ut.ee\/et\/sisu\/sisseastumine-magistrioppesse\">magistri\u00f5ppesse<\/a> ja <a href=\"https:\/\/ut.ee\/et\/sisu\/sisseastumine-doktorioppesse\">doktori\u00f5ppesse<\/a> sisseastumise juhiseid.<\/p>\n\n\n\n<p><strong>J\u00e4rgi <\/strong><a href=\"https:\/\/ut.ee\/et\/sisu\/punktisumma-ja-pingeread\"><strong>kandideerimistingimusi<\/strong><\/a><strong>. <\/strong>Need v\u00f5ivad olla erinevad: m\u00f5nel erialal arvestatakse riigieksamite tulemusi, teisel erialal sisseastumiseksameid (sh motivatsioonikirja, erialateadmiste eksamit v\u00f5i erialakatsena peetavat vestlust), kolmandas kohas on t\u00e4htis l\u00f5putunnistuse (keskmine) hinne. Enamiku \u00f5ppekavade puhul on v\u00f5imalik kandideerida ka <a href=\"https:\/\/ut.ee\/et\/sisu\/eritingimusel-kandideerimine\">eritingimusel<\/a> ol\u00fcmpiaadide ja v\u00f5istluste v\u00f5i <a href=\"https:\/\/ut.ee\/et\/akadeemiline-test\">akadeemilise testi<\/a> tulemuse alusel. Lisapunkte saab siis, kui g\u00fcmnaasium on l\u00f5petatud medaliga v\u00f5i kutsekeskharidusasutus kiitusega. Osa \u00f5ppekavade korral saab lisapunkte <a href=\"https:\/\/ut.ee\/sites\/default\/files\/2024-12\/Lisapunkte%20andvad%20Tartu%20%C3%9Clikool%20teaduskooli%20kursused%20ja%20teised%20%C3%BClikooli%20t%C3%A4iendus%C3%B5ppeprogrammid.pdf\">Tartu \u00dclikooli teaduskooli kursuse v\u00f5i teiste t\u00e4iendus\u00f5ppeprogrammide<\/a> l\u00e4bimise eest. V\u00f5\u00f5rkeelsesse \u00f5ppesse kandideerides tuleb t\u00f5endada ka <a href=\"https:\/\/ut.ee\/et\/sisu\/sisseastumine-voorkeelsesse-oppesse#keeleoskus\">v\u00f5\u00f5rkeeleoskust<\/a>.<\/p>\n\n\n\n<p><strong>Kui erialal on sisseastumiseksam, siis valmistu selleks. <\/strong>Osa \u00f5ppekavade puhul v\u00f5id teha ka mitu eksamit ja kandideerimisel l\u00e4heb arvesse see katse, kus Sa enim punkte teenisid.<\/p>\n\n\n\n<p><strong>Motivatsioonikirja koostamine ja erialakatsena peetav vestlus<\/strong> n\u00f5uavad samuti p\u00f5hjalikku eelt\u00f6\u00f6d, et n\u00e4idata end teadliku ja motiveeritud kandidaadina. M\u00f5tle l\u00e4bi, kuidas p\u00f5hjendad enda huvi eriala vastu, millised on sinu varasemad kokkupuuted ja tulevikuplaanid. Motivatsioonikirja kirjutades pea kinni etteantud teemadest ja mahust. Loe soovitusi motivatsioonikirja koostamiseks ja vestluseks valmistumise kohta (LINGID t\u00f6\u00f6 otsimise osasse).<\/p>\n\n\n\n<p><strong>Kinnita oma \u00f5ppimatulek. <\/strong>Kui oled saanud vastuv\u00f5tuotsuse, siis \u00e4ra unusta SAIS-is kinnitada, et v\u00f5tad koha vastu. P\u00e4rast otsuse saamist on selleks aega kaks p\u00e4eva.<\/p>\n\n\n\n<p><strong>V\u00f5ta julgesti \u00fchendust.<\/strong> Kui Sul tekib kandideerimise kohta k\u00fcsimusi, p\u00f6\u00f6rdu kooli vastuv\u00f5tu\u00fcksuse poole. Tartu \u00dclikoolis kirjuta aadressil <a href=\"mailto:sisseastumine@ut.ee\">sisseastumine@ut.ee<\/a> v\u00f5i helista telefonil 737 5625.<\/p>\n\n\n\n<p>Kandideerimiseks valmistumise v\u00f5imalusi saad arutada karj\u00e4\u00e4rin\u00f5ustajatega. Tartu \u00dclikooli <a href=\"https:\/\/ut.ee\/et\/noustamiskeskus\">n\u00f5ustamiskeskuse<\/a> karj\u00e4\u00e4rin\u00f5ustajaga kohtumiseks kl\u00f5psa allolevat nuppu.<\/p>\n\n\n\n<div class=\"wp-block-buttons is-layout-flex wp-container-core-buttons-is-layout-a74382ec wp-block-buttons-is-layout-flex\">\n<div class=\"wp-block-button\"><a class=\"wp-block-button__link wp-element-button\" href=\"https:\/\/outlook.office365.com\/owa\/calendar\/Tnustamiskeskus-Bookings@TartuUlikool.onmicrosoft.com\/bookings\/?skipRedirect=1\" style=\"padding-right:var(--wp--preset--spacing--40);padding-left:var(--wp--preset--spacing--40)\" target=\"_blank\" rel=\"noreferrer noopener\">Broneeri aeg karj\u00e4\u00e4rin\u00f5ustaja juurde<\/a><\/div>\n<\/div>\n","protected":false},"excerpt":{"rendered":"<p>Peale p\u00f5hjaliku planeerimist\u00f6\u00f6 on vaja koguda teavet ja valmistuda ka sisseastumiseks. Vali v\u00e4lja, kuhu kandideerid. Igasse kooli on v\u00f5imalik esitada kuni kaks avaldust. Kui Sul on \u00fcks valik ja Sa oled kindel, et saad kooli sisse, piisab \u00fchest avaldusest. Kui &#8230;<\/p>\n","protected":false},"author":346,"featured_media":0,"parent":0,"menu_order":0,"comment_status":"closed","ping_status":"closed","template":"","meta":{"_acf_changed":false,"inline_featured_image":false,"footnotes":""},"class_list":["post-1530","page","type-page","status-publish","hentry"],"acf":[],"_links":{"self":[{"href":"https:\/\/sisu.ut.ee\/karjaarivarav\/wp-json\/wp\/v2\/pages\/1530","targetHints":{"allow":["GET"]}}],"collection":[{"href":"https:\/\/sisu.ut.ee\/karjaarivarav\/wp-json\/wp\/v2\/pages"}],"about":[{"href":"https:\/\/sisu.ut.ee\/karjaarivarav\/wp-json\/wp\/v2\/types\/page"}],"author":[{"embeddable":true,"href":"https:\/\/sisu.ut.ee\/karjaarivarav\/wp-json\/wp\/v2\/users\/346"}],"replies":[{"embeddable":true,"href":"https:\/\/sisu.ut.ee\/karjaarivarav\/wp-json\/wp\/v2\/comments?post=1530"}],"version-history":[{"count":3,"href":"https:\/\/sisu.ut.ee\/karjaarivarav\/wp-json\/wp\/v2\/pages\/1530\/revisions"}],"predecessor-version":[{"id":1594,"href":"https:\/\/sisu.ut.ee\/karjaarivarav\/wp-json\/wp\/v2\/pages\/1530\/revisions\/1594"}],"wp:attachment":[{"href":"https:\/\/sisu.ut.ee\/karjaarivarav\/wp-json\/wp\/v2\/media?parent=1530"}],"curies":[{"name":"wp","href":"https:\/\/api.w.org\/{rel}","templated":true}]}}