{"id":1519,"date":"2025-04-21T13:24:18","date_gmt":"2025-04-21T10:24:18","guid":{"rendered":"https:\/\/sisu.ut.ee\/karjaarivarav\/?page_id=1519"},"modified":"2025-04-24T16:28:38","modified_gmt":"2025-04-24T13:28:38","slug":"kuidas-valida-eriala-ja-kooli","status":"publish","type":"page","link":"https:\/\/sisu.ut.ee\/karjaarivarav\/kuidas-valida-eriala-ja-kooli\/","title":{"rendered":"Kuidas valida eriala ja kooli?"},"content":{"rendered":"<figure class=\"wp-block-image alignright size-large is-resized\"><img loading=\"lazy\" decoding=\"async\" width=\"1024\" height=\"729\" src=\"https:\/\/sisu.ut.ee\/wp-content\/uploads\/sites\/644\/Edasi-oppimine-1-1024x729.jpg\" alt=\"\" class=\"wp-image-1512\" style=\"width:476px;height:auto\" srcset=\"https:\/\/sisu.ut.ee\/wp-content\/uploads\/sites\/644\/Edasi-oppimine-1-1024x729.jpg 1024w, https:\/\/sisu.ut.ee\/wp-content\/uploads\/sites\/644\/Edasi-oppimine-1-300x213.jpg 300w, https:\/\/sisu.ut.ee\/wp-content\/uploads\/sites\/644\/Edasi-oppimine-1-768x547.jpg 768w, https:\/\/sisu.ut.ee\/wp-content\/uploads\/sites\/644\/Edasi-oppimine-1-1536x1093.jpg 1536w, https:\/\/sisu.ut.ee\/wp-content\/uploads\/sites\/644\/Edasi-oppimine-1-2048x1457.jpg 2048w, https:\/\/sisu.ut.ee\/wp-content\/uploads\/sites\/644\/Edasi-oppimine-1-1920x1366.jpg 1920w\" sizes=\"auto, (max-width: 1024px) 100vw, 1024px\"><figcaption class=\"wp-element-caption\">Autor: K\u00e4triin S\u00e4de<\/figcaption><\/figure>\n\n\n\n<p>Erialavaliku tegemisel on kasulik teadvustada oma eesm\u00e4rke, sest see aitab sihiteadlikult \u00f5ppida. Rasketel hetkedel, mil ei viitsi, suuda ega taha, aitab oma eesm\u00e4rkide meeldetuletamine leida sisemist motivatsiooni pingutamiseks, et \u00f5pingutega toime tulla ja neid nautida.<\/p>\n\n\n\n<figure class=\"wp-block-table\"><table class=\"table table-hover\"><tbody><tr><td><strong>M\u00f5ttehetk. <\/strong>Millele v\u00f5iksid m\u00f5elda ja mida teha, et saada erialavalikuks ideid ja enesekindlust?<\/td><\/tr><\/tbody><\/table><\/figure>\n\n\n\n<p><strong>Kuidas teha teadlikku erialavalikut?<\/strong><\/p>\n\n\n<div class=\"accordion-block mb-3\">\n\t\t<div class=\"accordion \" id=\"accordion-accordion-69dac02556a2a\">\n\t\t\t\t\t\t\t<div class=\"accordion-item accordion-item--blue\">\n\t\t\t\t\t<h2 class=\"accordion-header\" id=\"accordion-69dac02556a2a-heading-1\">\n\t\t\t\t\t\t<button class=\"accordion-button collapsed\" type=\"button\" data-bs-toggle=\"collapse\" data-bs-target=\"#accordion-69dac02556a2a-collapse-1\" aria-expanded=\"true\" aria-controls=\"accordion-69dac02556a2a-collapse-1\">\n\t\t\t\t\t\t\tTunne iseennast \u2013 mida soovid \u00f5ppida?\n\t\t\t\t\t\t<\/button>\n\t\t\t\t\t<\/h2>\n\t\t\t\t\t<div id=\"accordion-69dac02556a2a-collapse-1\" class=\"accordion-collapse collapse \" aria-labelledby=\"accordion-69dac02556a2a-heading-1\">\n\t\t\t\t\t\t<div class=\"accordion-body\">\n\t\t\t\t\t\t\t<p>Kui Sa tead, mis Sulle huvi pakub ja sobib, siis on lihtsam endale eriala leida. Kui Sul on veel kahtlusi, siis m\u00f5tle j\u00e4rgmistele k\u00fcsimustele.<\/p>\n<ul>\n<li>Millised teemad ja milline tegevus pakuvad Sulle rohkem huvi?<\/li>\n<li>Milliseid oskusi ja kogemusi oled juba omandanud?<\/li>\n<li>Mida Sulle teha ei meeldi?<\/li>\n<li>Milline oled inimesena ja mida pead enda tugevateks k\u00fclgedeks?<\/li>\n<li>Mida pead elus oluliseks ja millest unistad?<\/li>\n<li>Mida soovid endas kindlasti arendada?<\/li>\n<li>Mis motiveerib Sind (edasi) \u00f5ppima?<\/li>\n<\/ul>\n\n\t\t\t\t\t\t<\/div>\n\t\t\t\t\t<\/div>\n\t\t\t\t<\/div>\n\t\t\t\t\t\t\t<div class=\"accordion-item accordion-item--blue\">\n\t\t\t\t\t<h2 class=\"accordion-header\" id=\"accordion-69dac02556a2a-heading-2\">\n\t\t\t\t\t\t<button class=\"accordion-button collapsed\" type=\"button\" data-bs-toggle=\"collapse\" data-bs-target=\"#accordion-69dac02556a2a-collapse-2\" aria-expanded=\"true\" aria-controls=\"accordion-69dac02556a2a-collapse-2\">\n\t\t\t\t\t\t\tUuri v\u00f5imalusi \u2013 kuidas \u00f5ppimisv\u00f5imaluste kohta infot leida?\n\t\t\t\t\t\t<\/button>\n\t\t\t\t\t<\/h2>\n\t\t\t\t\t<div id=\"accordion-69dac02556a2a-collapse-2\" class=\"accordion-collapse collapse \" aria-labelledby=\"accordion-69dac02556a2a-heading-2\">\n\t\t\t\t\t\t<div class=\"accordion-body\">\n\t\t\t\t\t\t\t<p>Eestis on kokku \u00fcle 50 \u00fclikooli, rakendusk\u00f5rgkooli ja kutsekooli, kus k\u00f5igis on palju \u00f5piv\u00f5imalusi: n\u00e4iteks Tartu \u00dclikoolis on bakalaureuse- ja rakendusk\u00f5rgharidusastmel \u00fcle 50 ning magistriastmes \u00fcle 80 \u00f5ppekava. Kui lisada siia veel v\u00e4lismaised \u00f5piv\u00f5imalused, l\u00e4heb pilt juba hoomamatuks. On selge, et k\u00f5igi \u00f5ppimisv\u00f5imalustega on raske kursis olla. Seep\u00e4rast p\u00fc\u00fca saada k\u00f5igepealt \u00fcldine \u00fclevaade koolidest ja \u00f5ppekavadest ning seej\u00e4rel keskendu p\u00f5hjalikumalt valdkondadele, mis Sulle huvi pakuvad. Uuri ka seda, kus ja kellena saab \u00f5pitut t\u00f6\u00f6turul rakendada.<\/p>\n<p>M\u00f5tle j\u00e4rgmistele k\u00fcsimustele.<\/p>\n<ul>\n<li>Milliseid k\u00f5rgkoole ja \u00f5ppekavasid on Eestis? <a href=\"https:\/\/haridusportaal.edu.ee\/%C3%B5ppimine\">Haridusportaalist<\/a> leiad k\u00f5ik Eesti kutse- ja k\u00f5rgkoolid ja erialad.<\/li>\n<li>Millised koolid pakuvad Sind huvitavaid erialasid?<\/li>\n<li>Mida t\u00e4psemalt nendel erialadel \u00f5pitakse? Uuri p\u00f5hjalikult erialade kirjeldusi. Vaata n\u00e4iteks <a href=\"https:\/\/ut.ee\/et\/oppekavad\">Tartu \u00dclikooli \u00f5ppekavasid<\/a>.<\/li>\n<li>Millised on sisseastumistingimused ja kas Sa vastad neile?<\/li>\n<li>Millal tuleb esitada avaldus ja muud vajalikud dokumendid?<\/li>\n<li>Millised sisseastumiseksamid v\u00f5i -katsed on vaja teha?<\/li>\n<li>Milline oli konkurss sinu valitud erialadel eelmisel aastal?<\/li>\n<li>Millistele erialadele saaksid k\u00f5ige paremini sisse?<\/li>\n<li>Millised on Sind huvitava eriala rakendusv\u00f5imalused t\u00f6\u00f6turul?<\/li>\n<\/ul>\n<p>Kursis tasub olla ka t\u00f6\u00f6turuv\u00e4ljavaadetega.<\/p>\n<ul>\n<li>Uuri <a href=\"https:\/\/haridusportaal.edu.ee\/karj%C3%A4%C3%A4r\">Haridusportaalist<\/a> teavet endale meelep\u00e4raste t\u00f6\u00f6valdkondade ja ametite kohta.<\/li>\n<li>Tutvu <a href=\"https:\/\/oska.kutsekoda.ee\/\">OSKA \u00fclevaadetega<\/a> t\u00f6\u00f6turust ja tulevikutrendidest. Millised sektorid laienevad, milliste ametite esindajaid vajatakse juurde, keda on t\u00f6\u00f6turul \u00fclem\u00e4\u00e4ra jms?<\/li>\n<\/ul>\n<p>Lisaks v\u00f5id teabe saamiseks kasutada muid v\u00f5imalusi.<\/p>\n<ul>\n<li>Mine m\u00f5nda <a href=\"https:\/\/ut.ee\/et\/sisu\/tudengivarju-projekt\">k\u00f5rgkooli tudengivarjuks<\/a>, et teada saada, milline n\u00e4eb v\u00e4lja tudengielu.<\/li>\n<li>K\u00e4i k\u00f5rgkoolide <a href=\"https:\/\/ut.ee\/et\/lahtised-uksed\">avatud uste p\u00e4evadel<\/a>.<\/li>\n<li>Osale muudel \u00f5ppimisv\u00f5imalusi tutvustavatel <a href=\"https:\/\/opitartus.ee\/\">\u00fcritustel<\/a> ja <a href=\"https:\/\/ut.ee\/et\/infopaev\">infotundides<\/a>.<\/li>\n<li>Mine huvipakkuva ameti esindaja t\u00f6\u00f6varjuks.<\/li>\n<li>V\u00f5ta osa \u00f5ppek\u00e4ikudest ettev\u00f5tetesse.<\/li>\n<li>Aruta \u00f5pi- ja t\u00f6\u00f6v\u00f5imalusi pere, s\u00f5prade ja tuttavatega.<\/li>\n<\/ul>\n\n\t\t\t\t\t\t<\/div>\n\t\t\t\t\t<\/div>\n\t\t\t\t<\/div>\n\t\t\t\t\t\t\t<div class=\"accordion-item accordion-item--blue\">\n\t\t\t\t\t<h2 class=\"accordion-header\" id=\"accordion-69dac02556a2a-heading-3\">\n\t\t\t\t\t\t<button class=\"accordion-button collapsed\" type=\"button\" data-bs-toggle=\"collapse\" data-bs-target=\"#accordion-69dac02556a2a-collapse-3\" aria-expanded=\"true\" aria-controls=\"accordion-69dac02556a2a-collapse-3\">\n\t\t\t\t\t\t\tPlaneeri \u2013 kuidas j\u00f5uda valikuv\u00f5imalustest otsuse ja tegevuskavani?\n\t\t\t\t\t\t<\/button>\n\t\t\t\t\t<\/h2>\n\t\t\t\t\t<div id=\"accordion-69dac02556a2a-collapse-3\" class=\"accordion-collapse collapse \" aria-labelledby=\"accordion-69dac02556a2a-heading-3\">\n\t\t\t\t\t\t<div class=\"accordion-body\">\n\t\t\t\t\t\t\t<p>Planeerimisel tuleb enda huvid ja eesm\u00e4rgid siduda haridus- ja t\u00f6\u00f6maailma v\u00f5imalustega. M\u00f5tle j\u00e4rgmistele k\u00fcsimustele.<\/p>\n<ul>\n<li>Mis on Sinu \u00f5pingute eesm\u00e4rgid?<\/li>\n<li>Millised \u00f5ppimisv\u00f5imalused sobivad Sinu huvide ja tulevikuplaanidega k\u00f5ige paremini?<\/li>\n<li>Milline \u00f5ppevorm Sulle sobib: kas eelistad p\u00e4eva- v\u00f5i sessioon\u00f5pet? Kas vajad taseme\u00f5pet v\u00f5i t\u00e4ienduskoolitust?<\/li>\n<li>Mida saad teabe hankimiseks teha: mida tahaksid uurida, kus osaleda, kellega r\u00e4\u00e4kida? Millal mida teed?<\/li>\n<li>Millised v\u00f5imalused on j\u00e4\u00e4nud s\u00f5elale ja kuidas nende vahel valida \u2013 mis on esimene valik ja mis on plaan B, C, D ja E? <a href=\"https:\/\/ut.ee\/et\/sisu\/kuidas-teha-teadlikke-otsuseid\">Kuidas teha teadlikke otsuseid?<\/a><\/li>\n<li>Mida ja millal on vaja <a href=\"https:\/\/ut.ee\/et\/sisu\/sisseastumine-bakalaureuseoppesse\">sisseastumiseks<\/a> teha ja kuidas saad valmistuda?<\/li>\n<li>Milline on Sinu tegevus- ja ajakava?<\/li>\n<li>Mis toetab ja mis takistab Sinu plaane? Kuidas takistustest \u00fcle saada?<\/li>\n<li>Kellelt ja kust saad vajalikku abi ja tuge?<\/li>\n<\/ul>\n\n\t\t\t\t\t\t<\/div>\n\t\t\t\t\t<\/div>\n\t\t\t\t<\/div>\n\t\t\t\t\t\t\t<div class=\"accordion-item accordion-item--blue\">\n\t\t\t\t\t<h2 class=\"accordion-header\" id=\"accordion-69dac02556a2a-heading-4\">\n\t\t\t\t\t\t<button class=\"accordion-button collapsed\" type=\"button\" data-bs-toggle=\"collapse\" data-bs-target=\"#accordion-69dac02556a2a-collapse-4\" aria-expanded=\"true\" aria-controls=\"accordion-69dac02556a2a-collapse-4\">\n\t\t\t\t\t\t\tTegutse \u2013 mida ja millal teed \u00f5ppimisv\u00f5imalustega tutvumiseks, otsustamiseks ja \u00fclikooli kandideerimiseks?\n\t\t\t\t\t\t<\/button>\n\t\t\t\t\t<\/h2>\n\t\t\t\t\t<div id=\"accordion-69dac02556a2a-collapse-4\" class=\"accordion-collapse collapse \" aria-labelledby=\"accordion-69dac02556a2a-heading-4\">\n\t\t\t\t\t\t<div class=\"accordion-body\">\n\t\t\t\t\t\t\t<p>Eesm\u00e4rgip\u00e4rane tegutsemine aitab plaane ellu viia ja tulemusi saavutada. Hea oleks oma m\u00f5tted kirja panna tegevusplaani. M\u00f5tle ka j\u00e4rgmistele k\u00fcsimustele.<\/p>\n<ul>\n<li>Mis on konkreetsed sammud, mida oma tegevusplaani kirja paned?<\/li>\n<li>Kas oled oma plaanide elluviimisel ja uute v\u00f5imaluste leidmisel julge tegutseja ja suhtleja?<\/li>\n<li>Millist tuge v\u00f5id vajada ja kes saab Sulle seda pakkuda?<\/li>\n<\/ul>\n\n\t\t\t\t\t\t<\/div>\n\t\t\t\t\t<\/div>\n\t\t\t\t<\/div>\n\t\t\t\t\t<\/div>\n\t<\/div>\n\n\n\n<p>K\u00f5iki neid teemasid v\u00f5id arutada ka t\u00f6\u00f6tukassa v\u00f5i koolide karj\u00e4\u00e4rin\u00f5ustajatega. Tartu \u00dclikooli <a href=\"https:\/\/ut.ee\/et\/noustamiskeskus\">n\u00f5ustamiskeskuse<\/a> karj\u00e4\u00e4rin\u00f5ustajaga kohtumiseks kl\u00f5psa allolevat nuppu.<\/p>\n\n\n\n<div class=\"wp-block-buttons is-layout-flex wp-container-core-buttons-is-layout-a74382ec wp-block-buttons-is-layout-flex\">\n<div class=\"wp-block-button\"><a class=\"wp-block-button__link wp-element-button\" href=\"https:\/\/outlook.office365.com\/owa\/calendar\/Tnustamiskeskus-Bookings@TartuUlikool.onmicrosoft.com\/bookings\/?skipRedirect=1\" style=\"padding-right:var(--wp--preset--spacing--40);padding-left:var(--wp--preset--spacing--40)\" target=\"_blank\" rel=\"noreferrer noopener\">Broneeri aeg karj\u00e4\u00e4rin\u00f5ustaja juurde<\/a><\/div>\n<\/div>\n","protected":false},"excerpt":{"rendered":"<p>Erialavaliku tegemisel on kasulik teadvustada oma eesm\u00e4rke, sest see aitab sihiteadlikult \u00f5ppida. Rasketel hetkedel, mil ei viitsi, suuda ega taha, aitab oma eesm\u00e4rkide meeldetuletamine leida sisemist motivatsiooni pingutamiseks, et \u00f5pingutega toime tulla ja neid nautida. M\u00f5ttehetk. Millele v\u00f5iksid m\u00f5elda ja &#8230;<\/p>\n","protected":false},"author":346,"featured_media":0,"parent":0,"menu_order":0,"comment_status":"closed","ping_status":"closed","template":"","meta":{"_acf_changed":false,"inline_featured_image":false,"footnotes":""},"class_list":["post-1519","page","type-page","status-publish","hentry"],"acf":[],"_links":{"self":[{"href":"https:\/\/sisu.ut.ee\/karjaarivarav\/wp-json\/wp\/v2\/pages\/1519","targetHints":{"allow":["GET"]}}],"collection":[{"href":"https:\/\/sisu.ut.ee\/karjaarivarav\/wp-json\/wp\/v2\/pages"}],"about":[{"href":"https:\/\/sisu.ut.ee\/karjaarivarav\/wp-json\/wp\/v2\/types\/page"}],"author":[{"embeddable":true,"href":"https:\/\/sisu.ut.ee\/karjaarivarav\/wp-json\/wp\/v2\/users\/346"}],"replies":[{"embeddable":true,"href":"https:\/\/sisu.ut.ee\/karjaarivarav\/wp-json\/wp\/v2\/comments?post=1519"}],"version-history":[{"count":5,"href":"https:\/\/sisu.ut.ee\/karjaarivarav\/wp-json\/wp\/v2\/pages\/1519\/revisions"}],"predecessor-version":[{"id":1593,"href":"https:\/\/sisu.ut.ee\/karjaarivarav\/wp-json\/wp\/v2\/pages\/1519\/revisions\/1593"}],"wp:attachment":[{"href":"https:\/\/sisu.ut.ee\/karjaarivarav\/wp-json\/wp\/v2\/media?parent=1519"}],"curies":[{"name":"wp","href":"https:\/\/api.w.org\/{rel}","templated":true}]}}