{"id":1516,"date":"2025-04-21T13:24:28","date_gmt":"2025-04-21T10:24:28","guid":{"rendered":"https:\/\/sisu.ut.ee\/karjaarivarav\/?page_id=1516"},"modified":"2025-04-24T16:28:24","modified_gmt":"2025-04-24T13:28:24","slug":"miks-minna-oppima","status":"publish","type":"page","link":"https:\/\/sisu.ut.ee\/karjaarivarav\/miks-minna-oppima\/","title":{"rendered":"Miks minna \u00f5ppima?"},"content":{"rendered":"<figure class=\"wp-block-image alignright size-large is-resized\"><img loading=\"lazy\" decoding=\"async\" width=\"1024\" height=\"729\" src=\"https:\/\/sisu.ut.ee\/wp-content\/uploads\/sites\/644\/Edasi-oppimine-1-1024x729.jpg\" alt=\"\" class=\"wp-image-1512\" style=\"width:476px;height:auto\" srcset=\"https:\/\/sisu.ut.ee\/wp-content\/uploads\/sites\/644\/Edasi-oppimine-1-1024x729.jpg 1024w, https:\/\/sisu.ut.ee\/wp-content\/uploads\/sites\/644\/Edasi-oppimine-1-300x213.jpg 300w, https:\/\/sisu.ut.ee\/wp-content\/uploads\/sites\/644\/Edasi-oppimine-1-768x547.jpg 768w, https:\/\/sisu.ut.ee\/wp-content\/uploads\/sites\/644\/Edasi-oppimine-1-1536x1093.jpg 1536w, https:\/\/sisu.ut.ee\/wp-content\/uploads\/sites\/644\/Edasi-oppimine-1-2048x1457.jpg 2048w, https:\/\/sisu.ut.ee\/wp-content\/uploads\/sites\/644\/Edasi-oppimine-1-1920x1366.jpg 1920w\" sizes=\"auto, (max-width: 1024px) 100vw, 1024px\"><figcaption class=\"wp-element-caption\">Autor: K\u00e4triin S\u00e4de<\/figcaption><\/figure>\n\n\n\n<p>Edasi\u00f5ppimist kavandades tasub k\u00f5igepealt m\u00f5elda, mis Sind motiveerib. Selleks v\u00f5ib olla erinevaid p\u00f5hjusi, n\u00e4iteks<\/p>\n\n\n\n<ul class=\"wp-block-list\">\n<li>intellektuaalse uudishimu rahuldamine, soov mingist teemast rohkem ja s\u00fcgavuti teada saada;<\/li>\n\n\n\n<li>konkreetsete teadmiste ja oskuste omandamine erialaseks t\u00f6\u00f6ks;<\/li>\n\n\n\n<li>kvalifikatsiooni omandamine, n\u00e4iteks \u00f5petajale vajalik pedagoogiline magistrikraad, juristilt eeldatav \u00f5igusalane k\u00f5rgharidus, arsti ja \u00f5e meditsiinialane v\u00e4lja\u00f5pe;<\/li>\n\n\n\n<li>enda huvide rahuldamine, oma v\u00f5imete proovilepanek, eneseotsingud;<\/li>\n\n\n\n<li>\u00fcldine soov oma haridustaset t\u00f5sta, t\u00f6\u00f6v\u00e4ljavaadete laiendamine;<\/li>\n\n\n\n<li>teiste lugupidamise ja\/v\u00f5i majandusliku kindlustunde saavutamine;<\/li>\n\n\n\n<li>soov \u00fchiskonnale kasulik olla, maailma muuta;<\/li>\n\n\n\n<li>uue kogemuse saamine, soov elada ja \u00f5ppida teises riigis;<\/li>\n\n\n\n<li>vahelduse toomine oma ellu, \u00f5ppimine kui hobi;<\/li>\n\n\n\n<li>uute kontaktide loomine;<\/li>\n\n\n\n<li>t\u00f6\u00f6leminekule v\u00f5i t\u00f6\u00f6tu olemisele sobiv alternatiiv.<\/li>\n<\/ul>\n\n\n\n<figure class=\"wp-block-table\"><table class=\"table table-hover\"><tbody><tr><td><strong>M\u00f5ttehetk. <\/strong>Miks on Sinu jaoks edasi\u00f5ppimine oluline? Mis paneb Sind \u00f5ppima? Kas m\u00f5te \u00f5ppimaminekust tekitab Sinus p\u00f5nevust ja elevust?<\/td><\/tr><\/tbody><\/table><\/figure>\n\n\n\n<p>Anal\u00fc\u00fcsi teadlikult oma vajadusi ja soove, seej\u00e4rel uuri \u00f5ppimisv\u00f5imalusi, tee p\u00f5hjalik plaan ja <a href=\"https:\/\/sisu.ut.ee\/karjaarivarav\/\" data-type=\"link\" data-id=\"https:\/\/sisu.ut.ee\/karjaarivarav\/\" target=\"_blank\" rel=\"noreferrer noopener\">asu julgelt tegutsema<\/a>.<\/p>\n","protected":false},"excerpt":{"rendered":"<p>Edasi\u00f5ppimist kavandades tasub k\u00f5igepealt m\u00f5elda, mis Sind motiveerib. Selleks v\u00f5ib olla erinevaid p\u00f5hjusi, n\u00e4iteks M\u00f5ttehetk. Miks on Sinu jaoks edasi\u00f5ppimine oluline? Mis paneb Sind \u00f5ppima? Kas m\u00f5te \u00f5ppimaminekust tekitab Sinus p\u00f5nevust ja elevust? Anal\u00fc\u00fcsi teadlikult oma vajadusi ja soove, seej\u00e4rel &#8230;<\/p>\n","protected":false},"author":346,"featured_media":0,"parent":0,"menu_order":0,"comment_status":"closed","ping_status":"closed","template":"","meta":{"_acf_changed":false,"inline_featured_image":false,"footnotes":""},"class_list":["post-1516","page","type-page","status-publish","hentry"],"acf":[],"_links":{"self":[{"href":"https:\/\/sisu.ut.ee\/karjaarivarav\/wp-json\/wp\/v2\/pages\/1516","targetHints":{"allow":["GET"]}}],"collection":[{"href":"https:\/\/sisu.ut.ee\/karjaarivarav\/wp-json\/wp\/v2\/pages"}],"about":[{"href":"https:\/\/sisu.ut.ee\/karjaarivarav\/wp-json\/wp\/v2\/types\/page"}],"author":[{"embeddable":true,"href":"https:\/\/sisu.ut.ee\/karjaarivarav\/wp-json\/wp\/v2\/users\/346"}],"replies":[{"embeddable":true,"href":"https:\/\/sisu.ut.ee\/karjaarivarav\/wp-json\/wp\/v2\/comments?post=1516"}],"version-history":[{"count":4,"href":"https:\/\/sisu.ut.ee\/karjaarivarav\/wp-json\/wp\/v2\/pages\/1516\/revisions"}],"predecessor-version":[{"id":1592,"href":"https:\/\/sisu.ut.ee\/karjaarivarav\/wp-json\/wp\/v2\/pages\/1516\/revisions\/1592"}],"wp:attachment":[{"href":"https:\/\/sisu.ut.ee\/karjaarivarav\/wp-json\/wp\/v2\/media?parent=1516"}],"curies":[{"name":"wp","href":"https:\/\/api.w.org\/{rel}","templated":true}]}}