{"id":15,"date":"2024-04-04T08:52:35","date_gmt":"2024-04-04T05:52:35","guid":{"rendered":"https:\/\/sisu.ut.ee\/karjaarivarav\/probleemi-lahendamine\/"},"modified":"2025-04-24T16:07:27","modified_gmt":"2025-04-24T13:07:27","slug":"probleemi-lahendamine","status":"publish","type":"page","link":"https:\/\/sisu.ut.ee\/karjaarivarav\/probleemi-lahendamine\/","title":{"rendered":"Probleemi lahendamine"},"content":{"rendered":"<p><\/p>\n\n\n\n<div class=\"wp-block-buttons is-layout-flex wp-block-buttons-is-layout-flex\">\n<div class=\"wp-block-button\"><a class=\"wp-block-button__link wp-element-button\" style=\"padding-top:var(--wp--preset--spacing--20);padding-bottom:var(--wp--preset--spacing--20)\">probleemi tuvastamine<\/a><\/div>\n\n\n\n<div class=\"wp-block-button\"><a class=\"wp-block-button__link wp-element-button\" style=\"padding-top:var(--wp--preset--spacing--20);padding-bottom:var(--wp--preset--spacing--20)\">lahenduskesksus<\/a><\/div>\n\n\n\n<div class=\"wp-block-button\"><a class=\"wp-block-button__link wp-element-button\" style=\"padding-top:var(--wp--preset--spacing--20);padding-bottom:var(--wp--preset--spacing--20)\">toimetulek m\u00e4\u00e4ramatusega<\/a><\/div>\n<\/div>\n\n\n\n<p><\/p>\n\n\n\n<figure class=\"wp-block-image alignright size-large is-resized\"><img loading=\"lazy\" decoding=\"async\" width=\"1024\" height=\"462\" src=\"https:\/\/sisu.ut.ee\/wp-content\/uploads\/sites\/644\/probleemi_lahendamine-1024x462.jpg\" alt=\"Probleemi lahendamine\" class=\"wp-image-42\" style=\"width:568px;height:auto\" srcset=\"https:\/\/sisu.ut.ee\/wp-content\/uploads\/sites\/644\/probleemi_lahendamine-1024x462.jpg 1024w, https:\/\/sisu.ut.ee\/wp-content\/uploads\/sites\/644\/probleemi_lahendamine-300x135.jpg 300w, https:\/\/sisu.ut.ee\/wp-content\/uploads\/sites\/644\/probleemi_lahendamine-768x347.jpg 768w, https:\/\/sisu.ut.ee\/wp-content\/uploads\/sites\/644\/probleemi_lahendamine-1536x694.jpg 1536w, https:\/\/sisu.ut.ee\/wp-content\/uploads\/sites\/644\/probleemi_lahendamine-2048x925.jpg 2048w, https:\/\/sisu.ut.ee\/wp-content\/uploads\/sites\/644\/probleemi_lahendamine-1920x867.jpg 1920w\" sizes=\"auto, (max-width: 1024px) 100vw, 1024px\"><figcaption class=\"wp-element-caption\">Autor: K\u00e4triin s\u00e4de<\/figcaption><\/figure>\n\n\n\n<p class=\"has-text-align-left\"><strong>Probleemi lahendamine on oskus anal\u00fc\u00fcsida ja m\u00f5ista probleemi olemust, n\u00e4ha v\u00f5imalikke lahendusi, neid hinnata ning valida ja viia ellu neist sobivaim.<\/strong> Probleemi lahendamine algab selle \u00e4ratundmisega ja tegutsemiseks sobiva plaani koostamisega. Lahenduse leidmiseks tuleb osata koguda asjakohast infot, kaaluda olukorda eri k\u00fclgedest ja saada aru eri lahendusviiside v\u00f5imalikest tagaj\u00e4rgedest. Lahendused on tulevikku suunatud ning arvestavad muutuvat maailma ja eri vaateid.<\/p>\n\n\n\n<p>Valitud lahendused tuleb ka ellu viia. Sealjuures on vajalik oskus tulla toime m\u00e4\u00e4ramatusega: tegutseda ebakindlates olukordades t\u00f5husalt, kohaneda muutustega ja muuta oma toimimisviisi, kui asjad ei laabu nii, nagu algul planeeriti.<\/p>\n\n\n\n<figure class=\"wp-block-table\"><table class=\"table table-hover\"><tbody><tr><td><strong>M\u00f5ttehetk.\u00a0<\/strong>Kui tihti leiad end olukorrast, kus on raske leida lahendust? Millest alustad? Kas enne lahenduse leidmist teed endale selgeks probleemi olemuse ja otsid lisateavet? Kas Sulle meeldib probleeme lahendada ja miks? T\u00e4nap\u00e4eva maailmas v\u00f5ib k\u00f5ik kiiresti muutuda \u2013 kas saad oma esialgse plaani k\u00e4igu pealt muutmisega h\u00e4sti hakkama? Mis on Sulle lahenduste otsimisel ja elluviimisel abiks?<\/td><\/tr><\/tbody><\/table><\/figure>\n\n\n\n<p class=\"has-extra-large-font-size\"><strong>Inspiratsiooni tegutsemiseks<\/strong><\/p>\n\n\n\n<div class=\"wp-block-columns is-layout-flex wp-container-core-columns-is-layout-9d6595d7 wp-block-columns-is-layout-flex\">\n<div class=\"wp-block-column is-layout-flow wp-block-column-is-layout-flow\"><div class=\"accordion-block mb-3\">\n\t\t<div class=\"accordion \" id=\"accordion-accordion-69dcf665ba4c0\">\n\t\t\t\t\t\t\t<div class=\"accordion-item accordion-item--blue\">\n\t\t\t\t\t<h2 class=\"accordion-header\" id=\"accordion-69dcf665ba4c0-heading-1\">\n\t\t\t\t\t\t<button class=\"accordion-button collapsed\" type=\"button\" data-bs-toggle=\"collapse\" data-bs-target=\"#accordion-69dcf665ba4c0-collapse-1\" aria-expanded=\"true\" aria-controls=\"accordion-69dcf665ba4c0-collapse-1\">\n\t\t\t\t\t\t\tL\u00fchikesed sammud\n\t\t\t\t\t\t<\/button>\n\t\t\t\t\t<\/h2>\n\t\t\t\t\t<div id=\"accordion-69dcf665ba4c0-collapse-1\" class=\"accordion-collapse collapse \" aria-labelledby=\"accordion-69dcf665ba4c0-heading-1\">\n\t\t\t\t\t\t<div class=\"accordion-body\">\n\t\t\t\t\t\t\t<ul>\n<li>Tutvu probleemi lahendamise <a href=\"https:\/\/www.briantracy.com\/blog\/personal-success\/problem-solving\/\" target=\"_blank\" rel=\"noopener\">v\u00f5tetega<\/a> ja p\u00fc\u00fca neid m\u00f5nes olukorras kasutada: s\u00f5nasta probleem, seej\u00e4rel anal\u00fc\u00fcsi seda, pane kirja lahendused, rakenda valitud tegevusk\u00e4iku ja viimaks hinda oma tegevuse tulemuslikkust.<\/li>\n<li>M\u00f5testa v\u00f5i kirjuta probleem \u00fcksikasjalikult enda jaoks lahti. Otsi \u00fcles selle juured, tegelikud p\u00f5hjused ja k\u00fcsi \u201eMiks?\u201c.<\/li>\n<li>Tee ajur\u00fcnnak \u2013 pane kirja k\u00f5ik lahendused, mis p\u00e4he tulevad, \u00fcksk\u00f5ik kui rumalad v\u00f5i kasutud need ka ei tunduks. M\u00e4\u00e4ra endale kindel ajapiirang (nt neli minutit) ja p\u00fc\u00fca kirjutada katkestuseta.<\/li>\n<li>Kui lahendust tundub raske leida, siis jaga see v\u00e4iksemateks osadeks ja leia igale osale eraldi lahendus.<\/li>\n<li>K\u00fcsi n\u00f5u \u2013\u00a0v\u00f5ib-olla vajab Sinu probleem spetsialisti v\u00f5i suurema kogemusega inimese asjatundlikkust.<\/li>\n<\/ul>\n\n\t\t\t\t\t\t<\/div>\n\t\t\t\t\t<\/div>\n\t\t\t\t<\/div>\n\t\t\t\t\t<\/div>\n\t<\/div>\n<\/div>\n\n\n\n<div class=\"wp-block-column is-layout-flow wp-block-column-is-layout-flow\"><div class=\"accordion-block mb-3\">\n\t\t<div class=\"accordion \" id=\"accordion-accordion-69dcf665ba91b\">\n\t\t\t\t\t\t\t<div class=\"accordion-item accordion-item--blue\">\n\t\t\t\t\t<h2 class=\"accordion-header\" id=\"accordion-69dcf665ba91b-heading-1\">\n\t\t\t\t\t\t<button class=\"accordion-button collapsed\" type=\"button\" data-bs-toggle=\"collapse\" data-bs-target=\"#accordion-69dcf665ba91b-collapse-1\" aria-expanded=\"true\" aria-controls=\"accordion-69dcf665ba91b-collapse-1\">\n\t\t\t\t\t\t\tPikad sammud\n\t\t\t\t\t\t<\/button>\n\t\t\t\t\t<\/h2>\n\t\t\t\t\t<div id=\"accordion-69dcf665ba91b-collapse-1\" class=\"accordion-collapse collapse \" aria-labelledby=\"accordion-69dcf665ba91b-heading-1\">\n\t\t\t\t\t\t<div class=\"accordion-body\">\n\t\t\t\t\t\t\t<ul>\n<li>Jaga teistega oma kogemusi. See v\u00f5ib tulla kasuks nii enda kui ka teiste probleemide lahendamisel.<\/li>\n<li>Kui satud ummikusse, siis \u00e4ra anna alla. Pea silmas, et tihtipeale ei ole \u00fcht \u00f5iget lahendust. Ole loominguline.<\/li>\n<li>Muuda probleemide lahendamine endale harjumuseks. Kui m\u00e4rkad midagi, mis on Sinu hinnangul ebat\u00f5hus (t\u00e4naval k\u00f5ndides, loengus olles, m\u00f5nda seadet v\u00f5i s\u00fcsteemi kasutades jne), p\u00fc\u00fca m\u00f5ttes leida parandusv\u00f5imalusi.<\/li>\n<li>Kasvata endas paindlikku m\u00f5tteviisi \u2013\u00a0kaalu eri lahenduste plusse ja miinuseid, nende kasutuselev\u00f5tuga kaasnevaid laiemaid v\u00f5imalusi ja tagaj\u00e4rgi.<\/li>\n<\/ul>\n\n\t\t\t\t\t\t<\/div>\n\t\t\t\t\t<\/div>\n\t\t\t\t<\/div>\n\t\t\t\t\t<\/div>\n\t<\/div>\n<\/div>\n<\/div>\n\n\n<div class=\"accordion-block mb-3\">\n\t\t<div class=\"accordion \" id=\"accordion-accordion-69dcf665bac08\">\n\t\t\t\t\t\t\t<div class=\"accordion-item accordion-item--white\">\n\t\t\t\t\t<h2 class=\"accordion-header\" id=\"accordion-69dcf665bac08-heading-1\">\n\t\t\t\t\t\t<button class=\"accordion-button collapsed\" type=\"button\" data-bs-toggle=\"collapse\" data-bs-target=\"#accordion-69dcf665bac08-collapse-1\" aria-expanded=\"true\" aria-controls=\"accordion-69dcf665bac08-collapse-1\">\n\t\t\t\t\t\t\tEneset\u00e4iendamisv\u00f5imalused\n\t\t\t\t\t\t<\/button>\n\t\t\t\t\t<\/h2>\n\t\t\t\t\t<div id=\"accordion-69dcf665bac08-collapse-1\" class=\"accordion-collapse collapse \" aria-labelledby=\"accordion-69dcf665bac08-heading-1\">\n\t\t\t\t\t\t<div class=\"accordion-body\">\n\t\t\t\t\t\t\t<ul>\n<li><span class=\"ui-provider a b c d e f g h i j k l m n o p q r s t u v w x y z ab ac ae af ag ah ai aj ak\" dir=\"ltr\">Sul on v\u00f5imalus arendada oma probleemilahendusoskust nii eriala\u00f5ppes kui ka uurimist\u00f6\u00f6 tegemisel<\/span>.<\/li>\n<\/ul>\n\n\t\t\t\t\t\t<\/div>\n\t\t\t\t\t<\/div>\n\t\t\t\t<\/div>\n\t\t\t\t\t\t\t<div class=\"accordion-item accordion-item--white\">\n\t\t\t\t\t<h2 class=\"accordion-header\" id=\"accordion-69dcf665bac08-heading-2\">\n\t\t\t\t\t\t<button class=\"accordion-button collapsed\" type=\"button\" data-bs-toggle=\"collapse\" data-bs-target=\"#accordion-69dcf665bac08-collapse-2\" aria-expanded=\"true\" aria-controls=\"accordion-69dcf665bac08-collapse-2\">\n\t\t\t\t\t\t\tLugemissoovitused\n\t\t\t\t\t\t<\/button>\n\t\t\t\t\t<\/h2>\n\t\t\t\t\t<div id=\"accordion-69dcf665bac08-collapse-2\" class=\"accordion-collapse collapse \" aria-labelledby=\"accordion-69dcf665bac08-heading-2\">\n\t\t\t\t\t\t<div class=\"accordion-body\">\n\t\t\t\t\t\t\t<ul>\n<li>Loe veebilehelt <a href=\"https:\/\/peaasi.ee\/probleemide-lahendamine\/\" target=\"_blank\" rel=\"noopener\">peaasi.ee<\/a> probleemide lahendamisest ja tutvu sealse t\u00f6\u00f6lehega.<\/li>\n<\/ul>\n\n\t\t\t\t\t\t<\/div>\n\t\t\t\t\t<\/div>\n\t\t\t\t<\/div>\n\t\t\t\t\t<\/div>\n\t<\/div>\n","protected":false},"excerpt":{"rendered":"<p>Probleemi lahendamine on oskus anal\u00fc\u00fcsida ja m\u00f5ista probleemi olemust, n\u00e4ha v\u00f5imalikke lahendusi, neid hinnata ning valida ja viia ellu neist sobivaim. Probleemi lahendamine algab selle \u00e4ratundmisega ja tegutsemiseks sobiva plaani koostamisega. Lahenduse leidmiseks tuleb osata koguda asjakohast infot, kaaluda olukorda &#8230;<\/p>\n","protected":false},"author":228,"featured_media":0,"parent":0,"menu_order":0,"comment_status":"closed","ping_status":"closed","template":"","meta":{"_acf_changed":false,"inline_featured_image":false,"footnotes":""},"class_list":["post-15","page","type-page","status-publish","hentry"],"acf":[],"_links":{"self":[{"href":"https:\/\/sisu.ut.ee\/karjaarivarav\/wp-json\/wp\/v2\/pages\/15","targetHints":{"allow":["GET"]}}],"collection":[{"href":"https:\/\/sisu.ut.ee\/karjaarivarav\/wp-json\/wp\/v2\/pages"}],"about":[{"href":"https:\/\/sisu.ut.ee\/karjaarivarav\/wp-json\/wp\/v2\/types\/page"}],"author":[{"embeddable":true,"href":"https:\/\/sisu.ut.ee\/karjaarivarav\/wp-json\/wp\/v2\/users\/228"}],"replies":[{"embeddable":true,"href":"https:\/\/sisu.ut.ee\/karjaarivarav\/wp-json\/wp\/v2\/comments?post=15"}],"version-history":[{"count":29,"href":"https:\/\/sisu.ut.ee\/karjaarivarav\/wp-json\/wp\/v2\/pages\/15\/revisions"}],"predecessor-version":[{"id":1568,"href":"https:\/\/sisu.ut.ee\/karjaarivarav\/wp-json\/wp\/v2\/pages\/15\/revisions\/1568"}],"wp:attachment":[{"href":"https:\/\/sisu.ut.ee\/karjaarivarav\/wp-json\/wp\/v2\/media?parent=15"}],"curies":[{"name":"wp","href":"https:\/\/api.w.org\/{rel}","templated":true}]}}