{"id":1498,"date":"2025-04-21T13:24:33","date_gmt":"2025-04-21T10:24:33","guid":{"rendered":"https:\/\/sisu.ut.ee\/karjaarivarav\/?page_id=1498"},"modified":"2025-08-29T21:16:35","modified_gmt":"2025-08-29T18:16:35","slug":"kavandan-edasioppimist","status":"publish","type":"page","link":"https:\/\/sisu.ut.ee\/karjaarivarav\/kavandan-edasioppimist\/","title":{"rendered":"Kavandan edasi\u00f5ppimist"},"content":{"rendered":"<figure class=\"wp-block-image alignright size-large is-resized\"><img loading=\"lazy\" decoding=\"async\" width=\"1024\" height=\"729\" src=\"https:\/\/sisu.ut.ee\/wp-content\/uploads\/sites\/644\/Edasi-oppimine-1-1024x729.jpg\" alt=\"\" class=\"wp-image-1512\" style=\"width:476px;height:auto\" srcset=\"https:\/\/sisu.ut.ee\/wp-content\/uploads\/sites\/644\/Edasi-oppimine-1-1024x729.jpg 1024w, https:\/\/sisu.ut.ee\/wp-content\/uploads\/sites\/644\/Edasi-oppimine-1-300x213.jpg 300w, https:\/\/sisu.ut.ee\/wp-content\/uploads\/sites\/644\/Edasi-oppimine-1-768x547.jpg 768w, https:\/\/sisu.ut.ee\/wp-content\/uploads\/sites\/644\/Edasi-oppimine-1-1536x1093.jpg 1536w, https:\/\/sisu.ut.ee\/wp-content\/uploads\/sites\/644\/Edasi-oppimine-1-2048x1457.jpg 2048w, https:\/\/sisu.ut.ee\/wp-content\/uploads\/sites\/644\/Edasi-oppimine-1-1920x1366.jpg 1920w\" sizes=\"auto, (max-width: 1024px) 100vw, 1024px\"><figcaption class=\"wp-element-caption\">Autor: K\u00e4triin S\u00e4de<\/figcaption><\/figure>\n\n\n\n<p>Kui p\u00e4rast p\u00f5hikooli tundus Sulle arvatavasti loomulik \u00f5ppida edasi g\u00fcmnaasiumis v\u00f5i kutsekoolis, siis keskhariduse omandamise j\u00e4rel muutub pilt palju kirjumaks. Sellega kaasneb ka ilmselt m\u00f5istmine, et Sinu edasised otsused m\u00f5jutavad v\u00e4ga suuresti Su j\u00e4rgnevat elu. See k\u00f5ik v\u00f5ib tekitada k\u00f5hklusi-kahtlusi ja ebakindlust, eriti kui Sul pole otsustamiseks piisavalt infot ja Sa ei oska valikut teha. Kuidas s\u00e4ilitada rahu ja j\u00f5uda parima otsuseni?<\/p>\n\n\n\n<p>Eesti hariduss\u00fcsteemis saad p\u00e4rast keskhariduse omandamist edasi \u00f5ppida kutse- v\u00f5i k\u00f5rgharidusasutuses. Kui oled k\u00f5rghariduse esimese (teise) astme juba l\u00e4binud, saad m\u00f5elda, kas \u00f5ppida edasi ja minna magistri\u00f5ppesse (doktori\u00f5ppesse) v\u00f5i kaaluda ka teisi v\u00f5imalusi. Ka teistes eluetappides v\u00f5ib tekkida soov v\u00f5i vajadus enda haridustaset t\u00f5sta, end erialaselt t\u00e4iendada v\u00f5i karj\u00e4\u00e4rimuutuste tegemiseks uusi teadmisi ja oskusi omandada. \u00d5ppimise k\u00f5rval on ka teisi valikuv\u00f5imalusi: n\u00e4iteks v\u00f5id <a href=\"https:\/\/sisu.ut.ee\/karjaarivarav\/too-otsimine\/\" data-type=\"link\" data-id=\"https:\/\/sisu.ut.ee\/karjaarivarav\/too-otsimine\/\" target=\"_blank\" rel=\"noreferrer noopener\">minna t\u00f6\u00f6le<\/a>, <a href=\"https:\/\/kra.ee\/ajateenistus\/\">ajateenistusse<\/a>, tegeleda <a href=\"https:\/\/sisu.ut.ee\/karjaarivarav\/ettevotlus\/\">ettev\u00f5tlusega<\/a>, v\u00f5tta vaheaasta, minna v\u00e4lismaale reisima, \u00f5ppima, t\u00f6\u00f6le v\u00f5i vabatahtlikuks.<\/p>\n\n\n\n<p><strong>Karj\u00e4\u00e4riv\u00e4rava veebilehel keskendume eelk\u00f5ige \u00f5piv\u00f5imaluste leidmisele k\u00f5rgkoolis.<\/strong> Eesti kuulub Euroopa k\u00f5rgharidusruumi, mis on kolmeastmeline, koosnedes bakalaureuse-, magistri- ja doktori\u00f5ppest (joonis 1).<\/p>\n\n\n\n<figure class=\"wp-block-image aligncenter size-full is-resized is-style-default\"><img loading=\"lazy\" decoding=\"async\" width=\"600\" height=\"585\" src=\"https:\/\/sisu.ut.ee\/wp-content\/uploads\/sites\/644\/edasi-oppimine.jpg\" alt=\"\" class=\"wp-image-1506\" style=\"width:434px;height:auto\" srcset=\"https:\/\/sisu.ut.ee\/wp-content\/uploads\/sites\/644\/edasi-oppimine.jpg 600w, https:\/\/sisu.ut.ee\/wp-content\/uploads\/sites\/644\/edasi-oppimine-300x293.jpg 300w\" sizes=\"auto, (max-width: 600px) 100vw, 600px\"><figcaption class=\"wp-element-caption\">Joonis 1. <a href=\"https:\/\/www.hm.ee\/korgharidus-ja-teadus\/korgharidus\" data-type=\"link\" data-id=\"https:\/\/www.hm.ee\/korgharidus-ja-teadus\/korgharidus\" target=\"_blank\" rel=\"noreferrer noopener\">Euroopa kolmeastmeline k\u00f5rgharidusruum<\/a><\/figcaption><\/figure>\n\n\n\n<figure class=\"wp-block-table\"><table class=\"table table-hover\"><tbody><tr><td><strong>M\u00f5ttehetk. <\/strong>Milliseid tulevikuv\u00f5imalusi oled kaalunud? Kas soovid minna \u00f5ppima, ajateenistusse v\u00f5i t\u00f6\u00f6le? Tahaksid hoopis maailmas ringi r\u00e4nnata v\u00f5i teha sootuks midagi muud?<br><br>Kui soovid edasi \u00f5ppida, siis kas eelistad bakalaureuse-, rakendusk\u00f5rgharidus- v\u00f5i integreeritud \u00f5pet? Kui oled juba esimese astme juba l\u00f5petanud, kas oled valmis minema magistri\u00f5ppesse ja selle l\u00e4bimisel ka doktori\u00f5ppesse? Tahaksid asuda kutse\u00f5ppesse v\u00f5i osaleda m\u00f5nel t\u00e4ienduskoolitusel?<br>\u00a0<br>Kas tunned oma valiku tegemisel survet v\u00e4ljastpoolt (n\u00e4iteks vanematelt, \u00f5petajatelt, s\u00f5pradelt, \u00fchiskonnalt)? Mida peaksid teiste arvates tegema ja mida tahaksid ise teha?<\/td><\/tr><\/tbody><\/table><\/figure>\n\n\n\n<p><strong>Millest alustada, kuidas orienteeruda infotulvas, kes aitaks otsustada? <\/strong>K\u00f5iki v\u00f5imalusi v\u00f5id arutada t\u00f6\u00f6tukassa v\u00f5i k\u00f5rgkooli karj\u00e4\u00e4rin\u00f5ustajaga. Tartu \u00dclikooli <a href=\"https:\/\/ut.ee\/et\/noustamiskeskus\">n\u00f5ustamiskeskuse<\/a> karj\u00e4\u00e4rin\u00f5ustajaga kohtumiseks kl\u00f5psa allolevat nuppu.<\/p>\n\n\n\n<div class=\"wp-block-buttons is-layout-flex wp-container-core-buttons-is-layout-a74382ec wp-block-buttons-is-layout-flex\">\n<div class=\"wp-block-button\"><a class=\"wp-block-button__link wp-element-button\" href=\"https:\/\/outlook.office365.com\/owa\/calendar\/Tnustamiskeskus-Bookings@TartuUlikool.onmicrosoft.com\/bookings\/?skipRedirect=1\" style=\"padding-right:var(--wp--preset--spacing--40);padding-left:var(--wp--preset--spacing--40)\" target=\"_blank\" rel=\"noreferrer noopener\">Broneeri aeg karj\u00e4\u00e4rin\u00f5ustaja juurde<\/a><\/div>\n<\/div>\n\n\n\n<div style=\"height:20px\" aria-hidden=\"true\" class=\"wp-block-spacer\"><\/div>\n\n\n<div class=\"accordion-block mb-3\">\n\t\t<div class=\"accordion \" id=\"accordion-accordion-69da33f739898\">\n\t\t\t\t\t\t\t<div class=\"accordion-item accordion-item--white\">\n\t\t\t\t\t<h2 class=\"accordion-header\" id=\"accordion-69da33f739898-heading-1\">\n\t\t\t\t\t\t<button class=\"accordion-button collapsed\" type=\"button\" data-bs-toggle=\"collapse\" data-bs-target=\"#accordion-69da33f739898-collapse-1\" aria-expanded=\"true\" aria-controls=\"accordion-69da33f739898-collapse-1\">\n\t\t\t\t\t\t\tLugemis- ja vaatamissoovitused\n\t\t\t\t\t\t<\/button>\n\t\t\t\t\t<\/h2>\n\t\t\t\t\t<div id=\"accordion-69da33f739898-collapse-1\" class=\"accordion-collapse collapse \" aria-labelledby=\"accordion-69da33f739898-heading-1\">\n\t\t\t\t\t\t<div class=\"accordion-body\">\n\t\t\t\t\t\t\t<p><a href=\"https:\/\/haridusportaal.edu.ee\/karj%C3%A4%C3%A4r\">Haridusportaalist<\/a> leiad \u00fclevaate k\u00f5igist Eesti kutse- ja k\u00f5rgkoolide \u00f5piv\u00f5imalustest ning t\u00f6\u00f6v\u00e4ljavaadete kirjeldused valdkondade ja ametite kaupa.<\/p>\n<p><a href=\"https:\/\/www.youtube.com\/playlist?list=PLFWky0KrstpiuznofRbfuY8Bx7j0NK69q\">Eesti T\u00f6\u00f6tukassa<\/a> YouTube\u2019i kanalilt \u201eKooli kandideerimine\u201c leiad soovitusi ja kogemusi, kuidas teha valikuid ja plaane edasi\u00f5ppimiseks.<\/p>\n<p><a href=\"https:\/\/minukarjaar.ee\/et\/karjaar\/karjaaritee\/tuleviku-karjaarikusimus-opilane\">Minu karj\u00e4\u00e4r<\/a> on Eesti T\u00f6\u00f6tukassa veebileht, kus on palju n\u00f5uandeid ja juhiseid enda anal\u00fc\u00fcsimiseks ja karj\u00e4\u00e4ri planeerimiseks.<\/p>\n<p><a href=\"https:\/\/ut.ee\/et\/sisseastumine\">Tartu \u00dclikooli<\/a> sisseastumise lehelt leiad infot \u00f5ppimise ja sisseastumise kohta ning v\u00f5imalused \u00fclikooliga tutvumiseks \u00fcritustel, koolitustel, tudengivarjuks olemise, videote vaatamise, blogide, infokirja lugemise jms kaudu.<\/p>\n\n\t\t\t\t\t\t<\/div>\n\t\t\t\t\t<\/div>\n\t\t\t\t<\/div>\n\t\t\t\t\t<\/div>\n\t<\/div>\n","protected":false},"excerpt":{"rendered":"<p>Kui p\u00e4rast p\u00f5hikooli tundus Sulle arvatavasti loomulik \u00f5ppida edasi g\u00fcmnaasiumis v\u00f5i kutsekoolis, siis keskhariduse omandamise j\u00e4rel muutub pilt palju kirjumaks. Sellega kaasneb ka ilmselt m\u00f5istmine, et Sinu edasised otsused m\u00f5jutavad v\u00e4ga suuresti Su j\u00e4rgnevat elu. See k\u00f5ik v\u00f5ib tekitada k\u00f5hklusi-kahtlusi &#8230;<\/p>\n","protected":false},"author":346,"featured_media":0,"parent":0,"menu_order":0,"comment_status":"closed","ping_status":"closed","template":"","meta":{"_acf_changed":false,"inline_featured_image":false,"footnotes":""},"class_list":["post-1498","page","type-page","status-publish","hentry"],"acf":[],"_links":{"self":[{"href":"https:\/\/sisu.ut.ee\/karjaarivarav\/wp-json\/wp\/v2\/pages\/1498","targetHints":{"allow":["GET"]}}],"collection":[{"href":"https:\/\/sisu.ut.ee\/karjaarivarav\/wp-json\/wp\/v2\/pages"}],"about":[{"href":"https:\/\/sisu.ut.ee\/karjaarivarav\/wp-json\/wp\/v2\/types\/page"}],"author":[{"embeddable":true,"href":"https:\/\/sisu.ut.ee\/karjaarivarav\/wp-json\/wp\/v2\/users\/346"}],"replies":[{"embeddable":true,"href":"https:\/\/sisu.ut.ee\/karjaarivarav\/wp-json\/wp\/v2\/comments?post=1498"}],"version-history":[{"count":14,"href":"https:\/\/sisu.ut.ee\/karjaarivarav\/wp-json\/wp\/v2\/pages\/1498\/revisions"}],"predecessor-version":[{"id":1818,"href":"https:\/\/sisu.ut.ee\/karjaarivarav\/wp-json\/wp\/v2\/pages\/1498\/revisions\/1818"}],"wp:attachment":[{"href":"https:\/\/sisu.ut.ee\/karjaarivarav\/wp-json\/wp\/v2\/media?parent=1498"}],"curies":[{"name":"wp","href":"https:\/\/api.w.org\/{rel}","templated":true}]}}