{"id":14,"date":"2024-04-04T08:52:35","date_gmt":"2024-04-04T05:52:35","guid":{"rendered":"https:\/\/sisu.ut.ee\/karjaarivarav\/koostoooskus\/"},"modified":"2025-04-24T16:06:38","modified_gmt":"2025-04-24T13:06:38","slug":"koostoooskus","status":"publish","type":"page","link":"https:\/\/sisu.ut.ee\/karjaarivarav\/koostoooskus\/","title":{"rendered":"Koost\u00f6\u00f6oskus"},"content":{"rendered":"<p><\/p>\n\n\n\n<div class=\"wp-block-buttons is-layout-flex wp-block-buttons-is-layout-flex\">\n<div class=\"wp-block-button\"><a class=\"wp-block-button__link has-text-align-center wp-element-button\" style=\"padding-top:var(--wp--preset--spacing--20);padding-bottom:var(--wp--preset--spacing--20)\">kaasamine<\/a><\/div>\n\n\n\n<div class=\"wp-block-button\"><a class=\"wp-block-button__link wp-element-button\" style=\"padding-top:var(--wp--preset--spacing--20);padding-bottom:var(--wp--preset--spacing--20)\">empaatilisus<\/a><\/div>\n\n\n\n<div class=\"wp-block-button\"><a class=\"wp-block-button__link wp-element-button\" style=\"padding-top:var(--wp--preset--spacing--20);padding-bottom:var(--wp--preset--spacing--20)\">juhtimis- ja l\u00e4bir\u00e4\u00e4kimisoskused<\/a><\/div>\n<\/div>\n\n\n\n<p><\/p>\n\n\n\n<div class=\"wp-block-columns is-layout-flex wp-container-core-columns-is-layout-9d6595d7 wp-block-columns-is-layout-flex\">\n<div class=\"wp-block-column is-vertically-aligned-stretch is-layout-flow wp-block-column-is-layout-flow\" style=\"flex-basis:70%\">\n<p><strong>Koost\u00f6\u00f6oskus on oskus t\u00f6\u00f6tada inimestega \u00fchiste eesm\u00e4rkide nimel, need l\u00e4bi r\u00e4\u00e4kida, jagada meeskonnaliikmete vahel \u00fclesandeid ja vastutust ning viia plaanid ellu.<\/strong> Koost\u00f6\u00f6oskuse \u00fcks alus on empaatiline k\u00e4itumine \u2013 t\u00e4helepanu p\u00f6\u00f6ramine teiste tunnetele ja vajadustele m\u00f5istval ja toetaval viisil. Koost\u00f6\u00f6valmis inimene suudab luua strateegilisi partnerlussuhteid, kaasata eri pooli ja pidada l\u00e4bir\u00e4\u00e4kimisi. Edukaks koost\u00f6\u00f6ks on vajalik oskuslik juhtimine, sh t\u00f6\u00f6de delegeerimine ja koordineerimine, kaasatud isikute motiveerimine ja neile tagasiside andmine.<\/p>\n\n\n\n<p>Koost\u00f6\u00f6aldis inimene oskab m\u00e4rgata ebav\u00f5rdset kohtlemist, diskrimineerimist, ahistamist v\u00f5i muid sarnaseid olukordi. Ta teab, kuidas sekkuda ja luua turvalist keskkonda eri seisukohtade v\u00e4ljendamiseks. Ta leiab lahkarvamuste korral kompromisse v\u00f5imaldava \u00fchisosa ja suudab konflikte lahendada.<\/p>\n<\/div>\n\n\n\n<div class=\"wp-block-column is-layout-flow wp-block-column-is-layout-flow\" style=\"flex-basis:40%\">\n<figure class=\"wp-block-image alignright size-large is-resized\"><img loading=\"lazy\" decoding=\"async\" width=\"958\" height=\"1024\" src=\"https:\/\/sisu.ut.ee\/wp-content\/uploads\/sites\/644\/Koostoo-958x1024.jpg\" alt=\"\" class=\"wp-image-219\" style=\"width:340px;height:auto\" srcset=\"https:\/\/sisu.ut.ee\/wp-content\/uploads\/sites\/644\/Koostoo-958x1024.jpg 958w, https:\/\/sisu.ut.ee\/wp-content\/uploads\/sites\/644\/Koostoo-281x300.jpg 281w, https:\/\/sisu.ut.ee\/wp-content\/uploads\/sites\/644\/Koostoo-768x821.jpg 768w, https:\/\/sisu.ut.ee\/wp-content\/uploads\/sites\/644\/Koostoo-1437x1536.jpg 1437w, https:\/\/sisu.ut.ee\/wp-content\/uploads\/sites\/644\/Koostoo-1915x2048.jpg 1915w, https:\/\/sisu.ut.ee\/wp-content\/uploads\/sites\/644\/Koostoo-1920x2053.jpg 1920w\" sizes=\"auto, (max-width: 958px) 100vw, 958px\"><figcaption class=\"wp-element-caption\">Autor: K\u00e4triin S\u00e4de<\/figcaption><\/figure>\n<\/div>\n<\/div>\n\n\n\n<figure class=\"wp-block-table\"><table class=\"table table-hover\"><tbody><tr><td><strong>M\u00f5ttehetk.\u00a0<\/strong>Milliseid raskusi on Sul varasemates koost\u00f6\u00f6situatsioonides ette tulnud ja mida teeksid, et edaspidised kogemused oleksid viljakamad? Millised on teistega koos t\u00f6\u00f6tades Sinu tugevad ja n\u00f5rgad k\u00fcljed? Kas v\u00f5tad r\u00fchmat\u00f6\u00f6s juhtiva rolli v\u00f5i eelistad j\u00e4tta juhtimisega seotud \u00fclesanded teistele? Kas oskad ennast ja oma t\u00f6\u00f6d sisukalt anal\u00fc\u00fcsida, et see oleks tulemuslik? Kas tead, kuidas eri t\u00f6\u00f6etappides teisi kaasata?<\/td><\/tr><\/tbody><\/table><\/figure>\n\n\n\n<p class=\"has-extra-large-font-size\"><strong>Inspiratsiooni tegutsemiseks<\/strong><\/p>\n\n\n\n<div class=\"wp-block-columns is-layout-flex wp-container-core-columns-is-layout-9d6595d7 wp-block-columns-is-layout-flex\">\n<div class=\"wp-block-column is-layout-flow wp-block-column-is-layout-flow\"><div class=\"accordion-block mb-3\">\n\t\t<div class=\"accordion \" id=\"accordion-accordion-69da12d9f3fed\">\n\t\t\t\t\t\t\t<div class=\"accordion-item accordion-item--blue\">\n\t\t\t\t\t<h2 class=\"accordion-header\" id=\"accordion-69da12d9f3fed-heading-1\">\n\t\t\t\t\t\t<button class=\"accordion-button collapsed\" type=\"button\" data-bs-toggle=\"collapse\" data-bs-target=\"#accordion-69da12d9f3fed-collapse-1\" aria-expanded=\"true\" aria-controls=\"accordion-69da12d9f3fed-collapse-1\">\n\t\t\t\t\t\t\tL\u00fchikesed sammud\n\t\t\t\t\t\t<\/button>\n\t\t\t\t\t<\/h2>\n\t\t\t\t\t<div id=\"accordion-69da12d9f3fed-collapse-1\" class=\"accordion-collapse collapse \" aria-labelledby=\"accordion-69da12d9f3fed-heading-1\">\n\t\t\t\t\t\t<div class=\"accordion-body\">\n\t\t\t\t\t\t\t<ul>\n<li>Muuda igap\u00e4evane t\u00f6\u00f6 meeskondades sisuliseks. Muu hulgas andke \u00fcksteise t\u00f6\u00f6le edasiviivat tagasisidet ja olge vastastikku abiks l\u00f5pptulemuse saavutamisel.<\/li>\n<li>Paku ennast akadeemilise aasta algul appi esmakursuslasi <a href=\"https:\/\/ut.ee\/et\/sisu\/tugi-tuutorilt\" target=\"_blank\" rel=\"noopener\">toetama<\/a>.<\/li>\n<li>Proovi s\u00f5pradega meeskonnam\u00e4nge, n\u00e4iteks k\u00fclastage p\u00f5genemistuba. Pane t\u00e4hele meeskonnaliikmete tugevaid ja n\u00f5rku k\u00fclgi ning j\u00e4lgi, kuidas need teie koostoimimist m\u00f5jutavad.<\/li>\n<li>Osale ajur\u00fcnnakutes (n\u00e4iteks h\u00e4katonidel), kus luuakse meeskondi ja jagatakse omavahel \u00fclesandeid.<\/li>\n<li>Tutvu \u00fclikooli <a href=\"https:\/\/ut.ee\/et\/sisu\/head-tavad-ulikoolis\" target=\"_blank\" rel=\"noopener\">heade tavadega<\/a>, samuti <a href=\"https:\/\/ut.ee\/et\/vordne-kohtlemine\" target=\"_blank\" rel=\"noopener\">v\u00f5rdse kohtlemise juhendiga<\/a>, kus on selgitatud, kuidas meeskonnas turvalist keskkonda luua.<\/li>\n<\/ul>\n\n\t\t\t\t\t\t<\/div>\n\t\t\t\t\t<\/div>\n\t\t\t\t<\/div>\n\t\t\t\t\t<\/div>\n\t<\/div>\n<\/div>\n\n\n\n<div class=\"wp-block-column is-layout-flow wp-block-column-is-layout-flow\"><div class=\"accordion-block mb-3\">\n\t\t<div class=\"accordion \" id=\"accordion-accordion-69da12da00222\">\n\t\t\t\t\t\t\t<div class=\"accordion-item accordion-item--blue\">\n\t\t\t\t\t<h2 class=\"accordion-header\" id=\"accordion-69da12da00222-heading-1\">\n\t\t\t\t\t\t<button class=\"accordion-button collapsed\" type=\"button\" data-bs-toggle=\"collapse\" data-bs-target=\"#accordion-69da12da00222-collapse-1\" aria-expanded=\"true\" aria-controls=\"accordion-69da12da00222-collapse-1\">\n\t\t\t\t\t\t\tPikad sammud\n\t\t\t\t\t\t<\/button>\n\t\t\t\t\t<\/h2>\n\t\t\t\t\t<div id=\"accordion-69da12da00222-collapse-1\" class=\"accordion-collapse collapse \" aria-labelledby=\"accordion-69da12da00222-heading-1\">\n\t\t\t\t\t\t<div class=\"accordion-body\">\n\t\t\t\t\t\t\t<ul>\n<li>Osale vabatahtlikuna noorte- v\u00f5i kogukonnat\u00f6\u00f6s, otsi vabatahtliku tegevuse v\u00f5imalusi \u00fclikoolis.<\/li>\n<li>Osale eri <a href=\"https:\/\/olerohkem.ee\/tudengile\/\" target=\"_blank\" rel=\"noopener\">organisatsioonides<\/a>, klubides, kooris, orkestris, b\u00e4ndis v\u00f5i \u00fchine \u00fclikooli spordimeeskonnaga.<\/li>\n<li>Aita korraldada heategevuslikke \u00fcritusi, nt kevadjooksu, annetuskampaaniat, \u201eTeeme \u00e4ra\u201c, Tartu Tudengip\u00e4evad.<\/li>\n<li>Osale <a href=\"https:\/\/liider.ut.ee\/et\/tutvustus\/\" target=\"_blank\" rel=\"noopener\">liidriprogrammis<\/a>. See annab palju oskusi, sealhulgas \u00fclikooli teiste valdkondade esindajatega tehtava koost\u00f6\u00f6 kogemuse.<\/li>\n<li>Osale m\u00f5ne MT\u00dc juhtimises v\u00f5i m\u00f5nes \u00f5ppe- v\u00f5i teadusprojektis. Ole v\u00e4hemalt aasta aega <a href=\"https:\/\/tyye.ut.ee\/et\/avaleht\" target=\"_blank\" rel=\"noopener\">T\u00dc\u00dcE<\/a>-s \u00fcli\u00f5pilasesindaja.<\/li>\n<\/ul>\n\n\t\t\t\t\t\t<\/div>\n\t\t\t\t\t<\/div>\n\t\t\t\t<\/div>\n\t\t\t\t\t<\/div>\n\t<\/div>\n<\/div>\n<\/div>\n\n\n<div class=\"accordion-block mb-3\">\n\t\t<div class=\"accordion \" id=\"accordion-accordion-69da12da00657\">\n\t\t\t\t\t\t\t<div class=\"accordion-item accordion-item--white\">\n\t\t\t\t\t<h2 class=\"accordion-header\" id=\"accordion-69da12da00657-heading-1\">\n\t\t\t\t\t\t<button class=\"accordion-button collapsed\" type=\"button\" data-bs-toggle=\"collapse\" data-bs-target=\"#accordion-69da12da00657-collapse-1\" aria-expanded=\"true\" aria-controls=\"accordion-69da12da00657-collapse-1\">\n\t\t\t\t\t\t\tEneset\u00e4iendamisv\u00f5imalused\n\t\t\t\t\t\t<\/button>\n\t\t\t\t\t<\/h2>\n\t\t\t\t\t<div id=\"accordion-69da12da00657-collapse-1\" class=\"accordion-collapse collapse \" aria-labelledby=\"accordion-69da12da00657-heading-1\">\n\t\t\t\t\t\t<div class=\"accordion-body\">\n\t\t\t\t\t\t\t<ul>\n<li>Tutvu <a href=\"https:\/\/ut.ee\/et\/sisu\/noustamiskeskuse-koolitused\" target=\"_blank\" rel=\"noopener\">n\u00f5ustamiskeskuse koolitustega<\/a> ja vali sealt need, mis annavad sulle v\u00f5imaluse meeskonnat\u00f6\u00f6s osaleda.<\/li>\n<\/ul>\n\n\t\t\t\t\t\t<\/div>\n\t\t\t\t\t<\/div>\n\t\t\t\t<\/div>\n\t\t\t\t\t\t\t<div class=\"accordion-item accordion-item--white\">\n\t\t\t\t\t<h2 class=\"accordion-header\" id=\"accordion-69da12da00657-heading-2\">\n\t\t\t\t\t\t<button class=\"accordion-button collapsed\" type=\"button\" data-bs-toggle=\"collapse\" data-bs-target=\"#accordion-69da12da00657-collapse-2\" aria-expanded=\"true\" aria-controls=\"accordion-69da12da00657-collapse-2\">\n\t\t\t\t\t\t\tLugemissoovitused\n\t\t\t\t\t\t<\/button>\n\t\t\t\t\t<\/h2>\n\t\t\t\t\t<div id=\"accordion-69da12da00657-collapse-2\" class=\"accordion-collapse collapse \" aria-labelledby=\"accordion-69da12da00657-heading-2\">\n\t\t\t\t\t\t<div class=\"accordion-body\">\n\t\t\t\t\t\t\t<ul>\n<li>Loe n\u00f5ustamiskeskuse kodulehel artikleid <a href=\"https:\/\/ut.ee\/et\/sisu\/enese-abistamise-voimalused\" target=\"_blank\" rel=\"noopener\">enese abistamise v\u00f5imalustest<\/a>.<\/li>\n<\/ul>\n\n\t\t\t\t\t\t<\/div>\n\t\t\t\t\t<\/div>\n\t\t\t\t<\/div>\n\t\t\t\t\t<\/div>\n\t<\/div>\n","protected":false},"excerpt":{"rendered":"<p>Koost\u00f6\u00f6oskus on oskus t\u00f6\u00f6tada inimestega \u00fchiste eesm\u00e4rkide nimel, need l\u00e4bi r\u00e4\u00e4kida, jagada meeskonnaliikmete vahel \u00fclesandeid ja vastutust ning viia plaanid ellu. Koost\u00f6\u00f6oskuse \u00fcks alus on empaatiline k\u00e4itumine \u2013 t\u00e4helepanu p\u00f6\u00f6ramine teiste tunnetele ja vajadustele m\u00f5istval ja toetaval viisil. Koost\u00f6\u00f6valmis inimene &#8230;<\/p>\n","protected":false},"author":228,"featured_media":0,"parent":0,"menu_order":0,"comment_status":"closed","ping_status":"closed","template":"","meta":{"_acf_changed":false,"inline_featured_image":false,"footnotes":""},"class_list":["post-14","page","type-page","status-publish","hentry"],"acf":[],"_links":{"self":[{"href":"https:\/\/sisu.ut.ee\/karjaarivarav\/wp-json\/wp\/v2\/pages\/14","targetHints":{"allow":["GET"]}}],"collection":[{"href":"https:\/\/sisu.ut.ee\/karjaarivarav\/wp-json\/wp\/v2\/pages"}],"about":[{"href":"https:\/\/sisu.ut.ee\/karjaarivarav\/wp-json\/wp\/v2\/types\/page"}],"author":[{"embeddable":true,"href":"https:\/\/sisu.ut.ee\/karjaarivarav\/wp-json\/wp\/v2\/users\/228"}],"replies":[{"embeddable":true,"href":"https:\/\/sisu.ut.ee\/karjaarivarav\/wp-json\/wp\/v2\/comments?post=14"}],"version-history":[{"count":30,"href":"https:\/\/sisu.ut.ee\/karjaarivarav\/wp-json\/wp\/v2\/pages\/14\/revisions"}],"predecessor-version":[{"id":1566,"href":"https:\/\/sisu.ut.ee\/karjaarivarav\/wp-json\/wp\/v2\/pages\/14\/revisions\/1566"}],"wp:attachment":[{"href":"https:\/\/sisu.ut.ee\/karjaarivarav\/wp-json\/wp\/v2\/media?parent=14"}],"curies":[{"name":"wp","href":"https:\/\/api.w.org\/{rel}","templated":true}]}}