{"id":1324,"date":"2025-03-04T13:23:57","date_gmt":"2025-03-04T11:23:57","guid":{"rendered":"https:\/\/sisu.ut.ee\/karjaarivarav\/?page_id=1324"},"modified":"2025-04-24T16:31:07","modified_gmt":"2025-04-24T13:31:07","slug":"kuidas-hasti-oppida","status":"publish","type":"page","link":"https:\/\/sisu.ut.ee\/karjaarivarav\/kuidas-hasti-oppida\/","title":{"rendered":"Kuidas h\u00e4sti \u00f5ppida?"},"content":{"rendered":"<div style=\"height:14px\" aria-hidden=\"true\" class=\"wp-block-spacer\"><\/div>\n\n\n\n<figure class=\"wp-block-image alignright size-large is-resized\"><img loading=\"lazy\" decoding=\"async\" width=\"1024\" height=\"724\" src=\"https:\/\/sisu.ut.ee\/wp-content\/uploads\/sites\/644\/Juhin-oma-opinguid-1024x724.jpg\" alt=\"\" class=\"wp-image-1283\" style=\"width:471px;height:auto\" srcset=\"https:\/\/sisu.ut.ee\/wp-content\/uploads\/sites\/644\/Juhin-oma-opinguid-1024x724.jpg 1024w, https:\/\/sisu.ut.ee\/wp-content\/uploads\/sites\/644\/Juhin-oma-opinguid-300x212.jpg 300w, https:\/\/sisu.ut.ee\/wp-content\/uploads\/sites\/644\/Juhin-oma-opinguid-768x543.jpg 768w, https:\/\/sisu.ut.ee\/wp-content\/uploads\/sites\/644\/Juhin-oma-opinguid-1536x1086.jpg 1536w, https:\/\/sisu.ut.ee\/wp-content\/uploads\/sites\/644\/Juhin-oma-opinguid-2048x1448.jpg 2048w, https:\/\/sisu.ut.ee\/wp-content\/uploads\/sites\/644\/Juhin-oma-opinguid-1920x1357.jpg 1920w\" sizes=\"auto, (max-width: 1024px) 100vw, 1024px\"><figcaption class=\"wp-element-caption\">Autor: K\u00e4triin S\u00e4de<\/figcaption><\/figure>\n\n\n\n<p>Tartu \u00dclikooli \u00fcli\u00f5pilaskond on koostanud <a href=\"https:\/\/ut.ee\/et\/sisu\/oppimise-hea-tava\">\u00f5ppimise hea tava<\/a>, mis annab hea \u00fclevaate, kuidas \u00f5ppimine \u00fclikoolis peaks toimuma ja kuidas \u00fclikoolis h\u00e4sti toime tulla.<\/p>\n\n\n\n<p>Hea \u00f5ppimise eeldus on motivatsioon. See on kahepoolne: \u00fcli\u00f5pilase \u00fclesanne on valida huvipakkuv eriala, seada oma \u00f5pingute eesm\u00e4rgid ja osaleda aktiivselt \u00f5ppet\u00f6\u00f6s; \u00fclikool toetab l\u00e4bim\u00f5eldud \u00f5ppe, n\u00f5ustamise ja juhendamisega.<\/p>\n\n\n\n<hr class=\"wp-block-separator has-alpha-channel-opacity\">\n\n\n\n<p class=\"has-extra-large-font-size\"><a href=\"https:\/\/ut.ee\/et\/sisu\/oppimise-hea-tava\"><strong>Hea \u00f5ppimine<\/strong><\/a><\/p>\n\n\n\n<ul class=\"wp-block-list\">\n<li>on eesm\u00e4rgistatud ja struktureeritud;<\/li>\n\n\n\n<li>h\u00f5lmab eneserefleksiooni ja \u00f5ppet\u00f6\u00f6 anal\u00fc\u00fcsi;<\/li>\n\n\n\n<li>on fookustatud, avatud ja uuriv;<\/li>\n\n\n\n<li>eeldab eelt\u00f6\u00f6d ja iseseisvat t\u00f6\u00f6d;<\/li>\n\n\n\n<li>toimub koost\u00f6\u00f6s kaas\u00fcli\u00f5pilastega;<\/li>\n\n\n\n<li>toimub koost\u00f6\u00f6s \u00f5ppej\u00f5udude ja juhendajaga;<\/li>\n\n\n\n<li>on eetiline.<\/li>\n<\/ul>\n\n\n\n<figure class=\"wp-block-table\"><table class=\"table table-hover\"><tbody><tr><td><strong>M\u00f5ttehetk<\/strong>. Kas Sinu arusaam \u00f5ppimisest on koosk\u00f5las \u00f5ppimise hea tavaga? Kas on m\u00f5ni teema, millele saaksid teadlikumalt enam t\u00e4helepanu p\u00f6\u00f6rata, et \u00fclikoolis h\u00e4sti toime tulla?<\/td><\/tr><\/tbody><\/table><\/figure>\n\n\n<div class=\"accordion-block mb-3\">\n\t\t<div class=\"accordion \" id=\"accordion-accordion-69da83cde3fca\">\n\t\t\t\t\t\t\t<div class=\"accordion-item accordion-item--white\">\n\t\t\t\t\t<h2 class=\"accordion-header\" id=\"accordion-69da83cde3fca-heading-1\">\n\t\t\t\t\t\t<button class=\"accordion-button collapsed\" type=\"button\" data-bs-toggle=\"collapse\" data-bs-target=\"#accordion-69da83cde3fca-collapse-1\" aria-expanded=\"true\" aria-controls=\"accordion-69da83cde3fca-collapse-1\">\n\t\t\t\t\t\t\tLugemissoovitused\n\t\t\t\t\t\t<\/button>\n\t\t\t\t\t<\/h2>\n\t\t\t\t\t<div id=\"accordion-69da83cde3fca-collapse-1\" class=\"accordion-collapse collapse \" aria-labelledby=\"accordion-69da83cde3fca-heading-1\">\n\t\t\t\t\t\t<div class=\"accordion-body\">\n\t\t\t\t\t\t\t<p><a href=\"https:\/\/ut.ee\/et\/oppekorraldus\">\u00d5ppekorralduse<\/a> veebilehelt leiad t\u00e4htsama teabe Tartu \u00dclikooli \u00f5ppekorralduse kohta nii bakalaureuse-, rakendusk\u00f5rgharidus-, magistri- kui ka integreeritud \u00f5ppes. Vaata ka <a href=\"https:\/\/ut.ee\/et\/sisu\/korduma-kippuvad-kusimused\">korduma kippuvaid k\u00fcsimusi \u00f5ppekorralduse kohta<\/a>.<\/p>\n<p>K\u00f5ige olulisem \u00f5ppet\u00f6\u00f6d reguleeriv \u00f5igusakt \u00fclikoolis on <a href=\"https:\/\/sisu.ut.ee\/ope\/oppekorraldus-eeskiri\/\">\u00f5ppekorralduseeskiri (\u00d5KE<\/a><a href=\"https:\/\/sisu.ut.ee\/ope\/%C3%B5ppekorraldus-eeskiri?lang=et\">)<\/a>.<\/p>\n<p>\u00dclikooli ametlik \u00f5ppekorraldusega seotud infovahetus toimub <a href=\"https:\/\/ois2.ut.ee\/#\/dashboard\">\u00f5ppeinfos\u00fcsteemis (\u00d5IS)<\/a>.<\/p>\n<p><a href=\"https:\/\/ut.ee\/et\/sisu\/head-tavad-ulikoolis\">Tartu \u00dclikoolis kokku lepitud head tavad<\/a> aitavad m\u00f5ista \u00fclikooli v\u00e4\u00e4rtusi ja n\u00f5udeid.<\/p>\n\n\t\t\t\t\t\t<\/div>\n\t\t\t\t\t<\/div>\n\t\t\t\t<\/div>\n\t\t\t\t\t<\/div>\n\t<\/div>\n","protected":false},"excerpt":{"rendered":"<p>Tartu \u00dclikooli \u00fcli\u00f5pilaskond on koostanud \u00f5ppimise hea tava, mis annab hea \u00fclevaate, kuidas \u00f5ppimine \u00fclikoolis peaks toimuma ja kuidas \u00fclikoolis h\u00e4sti toime tulla. Hea \u00f5ppimise eeldus on motivatsioon. See on kahepoolne: \u00fcli\u00f5pilase \u00fclesanne on valida huvipakkuv eriala, seada oma \u00f5pingute &#8230;<\/p>\n","protected":false},"author":346,"featured_media":0,"parent":0,"menu_order":0,"comment_status":"closed","ping_status":"closed","template":"","meta":{"_acf_changed":false,"inline_featured_image":false,"footnotes":""},"class_list":["post-1324","page","type-page","status-publish","hentry"],"acf":[],"_links":{"self":[{"href":"https:\/\/sisu.ut.ee\/karjaarivarav\/wp-json\/wp\/v2\/pages\/1324","targetHints":{"allow":["GET"]}}],"collection":[{"href":"https:\/\/sisu.ut.ee\/karjaarivarav\/wp-json\/wp\/v2\/pages"}],"about":[{"href":"https:\/\/sisu.ut.ee\/karjaarivarav\/wp-json\/wp\/v2\/types\/page"}],"author":[{"embeddable":true,"href":"https:\/\/sisu.ut.ee\/karjaarivarav\/wp-json\/wp\/v2\/users\/346"}],"replies":[{"embeddable":true,"href":"https:\/\/sisu.ut.ee\/karjaarivarav\/wp-json\/wp\/v2\/comments?post=1324"}],"version-history":[{"count":4,"href":"https:\/\/sisu.ut.ee\/karjaarivarav\/wp-json\/wp\/v2\/pages\/1324\/revisions"}],"predecessor-version":[{"id":1604,"href":"https:\/\/sisu.ut.ee\/karjaarivarav\/wp-json\/wp\/v2\/pages\/1324\/revisions\/1604"}],"wp:attachment":[{"href":"https:\/\/sisu.ut.ee\/karjaarivarav\/wp-json\/wp\/v2\/media?parent=1324"}],"curies":[{"name":"wp","href":"https:\/\/api.w.org\/{rel}","templated":true}]}}