{"id":1322,"date":"2025-03-04T13:23:41","date_gmt":"2025-03-04T11:23:41","guid":{"rendered":"https:\/\/sisu.ut.ee\/karjaarivarav\/?page_id=1322"},"modified":"2025-04-24T16:30:58","modified_gmt":"2025-04-24T13:30:58","slug":"kuidas-eriala-vahetada","status":"publish","type":"page","link":"https:\/\/sisu.ut.ee\/karjaarivarav\/kuidas-eriala-vahetada\/","title":{"rendered":"Kuidas eriala vahetada?"},"content":{"rendered":"<figure class=\"wp-block-image alignright size-large is-resized\"><img loading=\"lazy\" decoding=\"async\" width=\"1024\" height=\"724\" src=\"https:\/\/sisu.ut.ee\/wp-content\/uploads\/sites\/644\/Juhin-oma-opinguid-1024x724.jpg\" alt=\"\" class=\"wp-image-1283\" style=\"width:471px;height:auto\" srcset=\"https:\/\/sisu.ut.ee\/wp-content\/uploads\/sites\/644\/Juhin-oma-opinguid-1024x724.jpg 1024w, https:\/\/sisu.ut.ee\/wp-content\/uploads\/sites\/644\/Juhin-oma-opinguid-300x212.jpg 300w, https:\/\/sisu.ut.ee\/wp-content\/uploads\/sites\/644\/Juhin-oma-opinguid-768x543.jpg 768w, https:\/\/sisu.ut.ee\/wp-content\/uploads\/sites\/644\/Juhin-oma-opinguid-1536x1086.jpg 1536w, https:\/\/sisu.ut.ee\/wp-content\/uploads\/sites\/644\/Juhin-oma-opinguid-2048x1448.jpg 2048w, https:\/\/sisu.ut.ee\/wp-content\/uploads\/sites\/644\/Juhin-oma-opinguid-1920x1357.jpg 1920w\" sizes=\"auto, (max-width: 1024px) 100vw, 1024px\"><figcaption class=\"wp-element-caption\">Autor: K\u00e4triin S\u00e4de<\/figcaption><\/figure>\n\n\n\n<p>\u00dcksk\u00f5ik kui p\u00f5hjalikult m\u00f5eldes ja planeerides inimesed oma erialavalikuid teevad, ikka j\u00e4\u00e4b v\u00f5imalus, et tekib soov v\u00f5i vajadus eriala vahetada. Meie huvid, eesm\u00e4rgid, v\u00e4\u00e4rtushinnangud, teadmised ja oskused arenevad ja muutuvad, maailmapilt avardub ja avanevad uued v\u00f5imalused, mis tekitavad elevust ning mida tahaks l\u00e4hemalt uurida ja proovida. Vahel v\u00f5ib muutmisvajaduse tingida ka see, et valitud eriala k\u00e4ib \u00fcle j\u00f5u.<\/p>\n\n\n\n<p><a href=\"https:\/\/ut.ee\/et\/sisu\/oppekava-vahetus\"><strong>Eriala vahetamiseks<\/strong><\/a><strong> on v\u00f5imalik kandideerida teise \u00f5ppekava vabale \u00f5ppekohale v\u00f5i astuda uuesti \u00fclikooli.<\/strong><\/p>\n\n\n\n<ul class=\"wp-block-list\">\n<li><a href=\"https:\/\/ut.ee\/et\/sisu\/vabad-oppekohad\"><strong>Vabale \u00f5ppekohale kandideerimise<\/strong><\/a><strong>l<\/strong> tuleb arvestada, et seda \u00f5ppekohta ei pruugi vabaneda. Samuti pead vabal \u00f5ppekohal \u00f5ppima asudes j\u00e4tkama sama semestriga, mis Sul parasjagu pooleli on. Kui n\u00e4iteks l\u00e4hed teisele \u00f5ppekavale \u00fcle neljandal semestril, peaks Sul juba piisavalt uue \u00f5ppekava aineid tehtud olema, et j\u00f5uda \u00f5pingutega j\u00e4rje peale ja v\u00e4ltida \u00f5ppev\u00f5lgnevuste tekkimist.<\/li>\n\n\n\n<li><a href=\"https:\/\/ut.ee\/et\/sisseastumine\"><strong>Uuesti sisseastumine<\/strong><\/a><strong> <\/strong>t\u00e4hendab \u00f5pingute alustamist algusest peale. Sisseastumiseks tuleb esitada kandideerimisavaldus, t\u00e4ita <a href=\"https:\/\/ut.ee\/et\/oppekavad\">vastuv\u00f5tutingimused<\/a> ja osutuda vastuv\u00f5etuks. Uuesti sisse astudes varasemaid \u00f5pinguid automaatselt \u00fcle ei kanta, aga soovi korral saad need \u00fcle kanda <a href=\"https:\/\/ut.ee\/et\/sisu\/varasemate-opingute-ja-tookogemuse-arvestamine-vota\">V\u00d5TA<\/a> abil.<br>NB! Uuesti sisseastumisel tuleb arvestada ka <a href=\"https:\/\/ut.ee\/et\/teist-korda-oppimise-piirangud\">teist v\u00f5i enamat korda tasuta \u00f5ppimise piirangutega<\/a>.<\/li>\n<\/ul>\n\n\n\n<p>Kui Sul tekib soov v\u00f5i vajadus eriala vahetada, tasub uus plaan korralikult l\u00e4bi m\u00f5elda. Tule ja aruta <a href=\"https:\/\/ut.ee\/et\/noustamiskeskus\">n\u00f5ustamiskeskuse<\/a> karj\u00e4\u00e4rin\u00f5ustajaga oma hetkeseisu ja soove, v\u00f5imalusi ja tegevuskava.<\/p>\n\n\n\n<div class=\"wp-block-buttons is-layout-flex wp-block-buttons-is-layout-flex\">\n<div class=\"wp-block-button\"><a class=\"wp-block-button__link wp-element-button\" href=\"https:\/\/outlook.office365.com\/book\/Tnustamiskeskus-Bookings@TartuUlikool.onmicrosoft.com\/\">Broneeri aeg karj\u00e4\u00e4rin\u00f5ustaja juurde<\/a><\/div>\n<\/div>\n","protected":false},"excerpt":{"rendered":"<p>\u00dcksk\u00f5ik kui p\u00f5hjalikult m\u00f5eldes ja planeerides inimesed oma erialavalikuid teevad, ikka j\u00e4\u00e4b v\u00f5imalus, et tekib soov v\u00f5i vajadus eriala vahetada. Meie huvid, eesm\u00e4rgid, v\u00e4\u00e4rtushinnangud, teadmised ja oskused arenevad ja muutuvad, maailmapilt avardub ja avanevad uued v\u00f5imalused, mis tekitavad elevust ning &#8230;<\/p>\n","protected":false},"author":346,"featured_media":0,"parent":0,"menu_order":0,"comment_status":"closed","ping_status":"closed","template":"","meta":{"_acf_changed":false,"inline_featured_image":false,"footnotes":""},"class_list":["post-1322","page","type-page","status-publish","hentry"],"acf":[],"_links":{"self":[{"href":"https:\/\/sisu.ut.ee\/karjaarivarav\/wp-json\/wp\/v2\/pages\/1322","targetHints":{"allow":["GET"]}}],"collection":[{"href":"https:\/\/sisu.ut.ee\/karjaarivarav\/wp-json\/wp\/v2\/pages"}],"about":[{"href":"https:\/\/sisu.ut.ee\/karjaarivarav\/wp-json\/wp\/v2\/types\/page"}],"author":[{"embeddable":true,"href":"https:\/\/sisu.ut.ee\/karjaarivarav\/wp-json\/wp\/v2\/users\/346"}],"replies":[{"embeddable":true,"href":"https:\/\/sisu.ut.ee\/karjaarivarav\/wp-json\/wp\/v2\/comments?post=1322"}],"version-history":[{"count":2,"href":"https:\/\/sisu.ut.ee\/karjaarivarav\/wp-json\/wp\/v2\/pages\/1322\/revisions"}],"predecessor-version":[{"id":1603,"href":"https:\/\/sisu.ut.ee\/karjaarivarav\/wp-json\/wp\/v2\/pages\/1322\/revisions\/1603"}],"wp:attachment":[{"href":"https:\/\/sisu.ut.ee\/karjaarivarav\/wp-json\/wp\/v2\/media?parent=1322"}],"curies":[{"name":"wp","href":"https:\/\/api.w.org\/{rel}","templated":true}]}}