{"id":1315,"date":"2025-03-04T13:23:34","date_gmt":"2025-03-04T11:23:34","guid":{"rendered":"https:\/\/sisu.ut.ee\/karjaarivarav\/?page_id=1315"},"modified":"2025-04-24T16:30:47","modified_gmt":"2025-04-24T13:30:47","slug":"kuidas-opingutele-keskenduda-ja-neid-ajatada","status":"publish","type":"page","link":"https:\/\/sisu.ut.ee\/karjaarivarav\/kuidas-opingutele-keskenduda-ja-neid-ajatada\/","title":{"rendered":"Kuidas \u00f5pingutele keskenduda ja neid ajatada?"},"content":{"rendered":"<div style=\"height:14px\" aria-hidden=\"true\" class=\"wp-block-spacer\"><\/div>\n\n\n\n<figure class=\"wp-block-image alignright size-large is-resized\"><img loading=\"lazy\" decoding=\"async\" width=\"1024\" height=\"724\" src=\"https:\/\/sisu.ut.ee\/wp-content\/uploads\/sites\/644\/Juhin-oma-opinguid-1024x724.jpg\" alt=\"\" class=\"wp-image-1283\" style=\"width:471px;height:auto\" srcset=\"https:\/\/sisu.ut.ee\/wp-content\/uploads\/sites\/644\/Juhin-oma-opinguid-1024x724.jpg 1024w, https:\/\/sisu.ut.ee\/wp-content\/uploads\/sites\/644\/Juhin-oma-opinguid-300x212.jpg 300w, https:\/\/sisu.ut.ee\/wp-content\/uploads\/sites\/644\/Juhin-oma-opinguid-768x543.jpg 768w, https:\/\/sisu.ut.ee\/wp-content\/uploads\/sites\/644\/Juhin-oma-opinguid-1536x1086.jpg 1536w, https:\/\/sisu.ut.ee\/wp-content\/uploads\/sites\/644\/Juhin-oma-opinguid-2048x1448.jpg 2048w, https:\/\/sisu.ut.ee\/wp-content\/uploads\/sites\/644\/Juhin-oma-opinguid-1920x1357.jpg 1920w\" sizes=\"auto, (max-width: 1024px) 100vw, 1024px\"><figcaption class=\"wp-element-caption\">Autor: K\u00e4triin S\u00e4de<\/figcaption><\/figure>\n\n\n\n<p>Lisaks \u00f5pinguid puudutavatele plaanidele tuleb \u00fclikooli ajal korraldada ka oma elu olmeline ja majanduslik pool, n\u00e4iteks otsustada, kus elada, kuidas hankida toitu, riideid ja \u00f5ppevahendeid. Selleks on vaja l\u00e4bi m\u00f5elda, millised on Sinu sissetulekud ja kas need katavad vajalikud kulud. Osa \u00fcli\u00f5pilasi p\u00fc\u00fcab <a href=\"https:\/\/sisu.ut.ee\/karjaarivarav\/too-otsimine\/\" data-type=\"link\" data-id=\"https:\/\/sisu.ut.ee\/karjaarivarav\/too-otsimine\/\">leida toimetulekuks t\u00f6\u00f6d<\/a>, teine osa v\u00f5tab \u00f5ppelaenu. Lisaks saab taotleda stipendiumi v\u00f5i toetust. \u00d5pinguid on v\u00f5imalik h\u00f5lbustada ka muul viisil, n\u00e4iteks kasutada akadeemilist puhkust, pikendada \u00f5pinguid, maksta \u00f5ppetasu, arvestada varasemat \u00f5pi- ja t\u00f6\u00f6kogemust <a href=\"https:\/\/ut.ee\/et\/sisu\/varasemate-opingute-ja-tookogemuse-arvestamine-vota\">(V\u00d5TA)<\/a> jne. Kui Sul on erivajadusi, v\u00f5tab \u00fclikool seda arvesse. Ka juhul, kui \u00f5pingud on pooleli j\u00e4\u00e4nud, saab neid teatud tingimustel j\u00e4tkata.<\/p>\n\n\n\n<div style=\"height:25px\" aria-hidden=\"true\" class=\"wp-block-spacer\"><\/div>\n\n\n<div class=\"accordion-block mb-3\">\n\t\t<div class=\"accordion \" id=\"accordion-accordion-69da781fb71ba\">\n\t\t\t\t\t\t\t<div class=\"accordion-item accordion-item--blue\">\n\t\t\t\t\t<h2 class=\"accordion-header\" id=\"accordion-69da781fb71ba-heading-1\">\n\t\t\t\t\t\t<button class=\"accordion-button collapsed\" type=\"button\" data-bs-toggle=\"collapse\" data-bs-target=\"#accordion-69da781fb71ba-collapse-1\" aria-expanded=\"true\" aria-controls=\"accordion-69da781fb71ba-collapse-1\">\n\t\t\t\t\t\t\tMilleks ja millal akadeemilist puhkust v\u00f5tta?\n\t\t\t\t\t\t<\/button>\n\t\t\t\t\t<\/h2>\n\t\t\t\t\t<div id=\"accordion-69da781fb71ba-collapse-1\" class=\"accordion-collapse collapse \" aria-labelledby=\"accordion-69da781fb71ba-heading-1\">\n\t\t\t\t\t\t<div class=\"accordion-body\">\n\t\t\t\t\t\t\t<p>Akadeemiline puhkus vabastab \u00fcli\u00f5pilase \u00f5ppe- ja teadust\u00f6\u00f6 kohustustest, kuid ta j\u00e4\u00e4b edasi \u00fcli\u00f5pilaste nimekirja. See on hea v\u00f5imalus neile, kellel on vaja oma \u00f5pingutes pausi teha, \u00f5ppekoormust reguleerida v\u00f5i \u00f5ppev\u00f5lgnevusi likvideerida. Akadeemilist puhkust on v\u00f5imalik v\u00f5tta omal soovil v\u00f5i tervislikel p\u00f5hjustel.<\/p>\n<p>Eraldi v\u00f5imalused on veel puhkus aja- v\u00f5i asendusteenistuse ajaks ning lapse hooldamiseks.<br>\nT\u00e4psem teave <a href=\"https:\/\/ut.ee\/et\/sisu\/akadeemiline-puhkus\">akadeemilise puhkuse v\u00f5tmise kohta<\/a> on \u00fclikooli veebilehel.<\/p>\n\n\t\t\t\t\t\t<\/div>\n\t\t\t\t\t<\/div>\n\t\t\t\t<\/div>\n\t\t\t\t\t\t\t<div class=\"accordion-item accordion-item--blue\">\n\t\t\t\t\t<h2 class=\"accordion-header\" id=\"accordion-69da781fb71ba-heading-2\">\n\t\t\t\t\t\t<button class=\"accordion-button collapsed\" type=\"button\" data-bs-toggle=\"collapse\" data-bs-target=\"#accordion-69da781fb71ba-collapse-2\" aria-expanded=\"true\" aria-controls=\"accordion-69da781fb71ba-collapse-2\">\n\t\t\t\t\t\t\tKas \u00f5pinguid on v\u00f5imalik pikendada?\n\t\t\t\t\t\t<\/button>\n\t\t\t\t\t<\/h2>\n\t\t\t\t\t<div id=\"accordion-69da781fb71ba-collapse-2\" class=\"accordion-collapse collapse \" aria-labelledby=\"accordion-69da781fb71ba-heading-2\">\n\t\t\t\t\t\t<div class=\"accordion-body\">\n\t\t\t\t\t\t\t<p>Jah. \u00d5pingud pikenevad n\u00e4iteks <a href=\"https:\/\/ut.ee\/et\/sisu\/akadeemiline-puhkus\">akadeemilisel puhkusel<\/a> ja <a href=\"https:\/\/ut.ee\/et\/opirande-asjaajamine\">v\u00e4lis\u00f5pingutel<\/a> oldud aja v\u00f5rra. Sealjuures tuleb arvesse v\u00f5tta, et akadeemilise puhkuse korral loetakse pikendatud aega p\u00e4evades, v\u00e4lis\u00f5pingute korral semestrites. Lisaks on v\u00f5imalik taotleda <a href=\"https:\/\/ut.ee\/et\/sisu\/opingute-pikendamine\">\u00f5pingute pikendamist<\/a> (\u00f5ppe l\u00f5pukuup\u00e4eva edasil\u00fckkamist) \u00f5ppev\u00f5lgnevuste likvideerimiseks.<\/p>\n\n\t\t\t\t\t\t<\/div>\n\t\t\t\t\t<\/div>\n\t\t\t\t<\/div>\n\t\t\t\t\t\t\t<div class=\"accordion-item accordion-item--blue\">\n\t\t\t\t\t<h2 class=\"accordion-header\" id=\"accordion-69da781fb71ba-heading-3\">\n\t\t\t\t\t\t<button class=\"accordion-button collapsed\" type=\"button\" data-bs-toggle=\"collapse\" data-bs-target=\"#accordion-69da781fb71ba-collapse-3\" aria-expanded=\"true\" aria-controls=\"accordion-69da781fb71ba-collapse-3\">\n\t\t\t\t\t\t\tMillal peab \u00f5pingute eest maksma ja millal on v\u00f5imalik saada \u00f5ppetasust vabastust?\n\t\t\t\t\t\t<\/button>\n\t\t\t\t\t<\/h2>\n\t\t\t\t\t<div id=\"accordion-69da781fb71ba-collapse-3\" class=\"accordion-collapse collapse \" aria-labelledby=\"accordion-69da781fb71ba-heading-3\">\n\t\t\t\t\t\t<div class=\"accordion-body\">\n\t\t\t\t\t\t\t<p>Enamiku eestikeelsete \u00f5ppekavade ja osa ingliskeelsete \u00f5ppekavade alusel \u00f5ppimine <a href=\"https:\/\/ut.ee\/et\/sisu\/tais-ja-osakoormus\">t\u00e4iskoormuse<\/a>l on tasuta. Tasuta kohale vastu v\u00f5etud \u00fcli\u00f5pilasel tuleb koguda semestris n\u00f5utav hulk ainepunkte. Selle n\u00f5ude t\u00e4itmataj\u00e4tmisel tuleb tasuda \u00f5ppetasu.<\/p>\n<p>Paljude v\u00f5\u00f5rkeelsete \u00f5ppekavade alusel ja osakoormusega \u00f5ppimine on tasuline. \u00d5ppetasu suurus s\u00f5ltub \u00f5ppekohast ja -kavast. \u00dclikooli veebilehelt leiab <a href=\"https:\/\/ut.ee\/et\/sisu\/oppetasud\">kogu info \u00f5ppetasu kohta<\/a>.<\/p>\n\n\t\t\t\t\t\t<\/div>\n\t\t\t\t\t<\/div>\n\t\t\t\t<\/div>\n\t\t\t\t\t\t\t<div class=\"accordion-item accordion-item--blue\">\n\t\t\t\t\t<h2 class=\"accordion-header\" id=\"accordion-69da781fb71ba-heading-4\">\n\t\t\t\t\t\t<button class=\"accordion-button collapsed\" type=\"button\" data-bs-toggle=\"collapse\" data-bs-target=\"#accordion-69da781fb71ba-collapse-4\" aria-expanded=\"true\" aria-controls=\"accordion-69da781fb71ba-collapse-4\">\n\t\t\t\t\t\t\tMis on V\u00d5TA?\n\t\t\t\t\t\t<\/button>\n\t\t\t\t\t<\/h2>\n\t\t\t\t\t<div id=\"accordion-69da781fb71ba-collapse-4\" class=\"accordion-collapse collapse \" aria-labelledby=\"accordion-69da781fb71ba-heading-4\">\n\t\t\t\t\t\t<div class=\"accordion-body\">\n\t\t\t\t\t\t\t<p><a href=\"https:\/\/ut.ee\/et\/sisu\/varasemate-opingute-ja-tookogemuse-arvestamine-vota\">Varasemate \u00f5pingute ja t\u00f6\u00f6kogemuse arvestamine<\/a> v\u00f5imaldab k\u00f5rgkoolides ja koolitusasutustes l\u00e4bitud taseme- ja t\u00e4iendus\u00f5pet, t\u00f6\u00f6kogemust ja muul viisil \u00f5pitut arvesse v\u00f5tta, kui see on koosk\u00f5las vastuv\u00f5tutingimuste ja \u00f5ppekavaga. Seda, mida ja kui palju Sinu varasemast \u00f5pi- ja t\u00f6\u00f6kogemusest \u00fclikooli\u00f5pingute osana arvestada saab, hindab Sinu taotluse alusel V\u00d5TA komisjon.<\/p>\n<p>Kui soovid V\u00d5TA asjus n\u00f5ustamist, v\u00f5ta \u00fchendust oma \u00f5ppekava <a href=\"https:\/\/ut.ee\/et\/sisu\/vota-noustajad\">V\u00d5TA n\u00f5ustajaga<\/a>. \u00dcldiste k\u00fcsimuste korral v\u00f5id p\u00f6\u00f6rduda ka e-posti aadressil <a href=\"mailto:vota@ut.ee\">vota@ut.ee<\/a>.<\/p>\n\n\t\t\t\t\t\t<\/div>\n\t\t\t\t\t<\/div>\n\t\t\t\t<\/div>\n\t\t\t\t\t\t\t<div class=\"accordion-item accordion-item--blue\">\n\t\t\t\t\t<h2 class=\"accordion-header\" id=\"accordion-69da781fb71ba-heading-5\">\n\t\t\t\t\t\t<button class=\"accordion-button collapsed\" type=\"button\" data-bs-toggle=\"collapse\" data-bs-target=\"#accordion-69da781fb71ba-collapse-5\" aria-expanded=\"true\" aria-controls=\"accordion-69da781fb71ba-collapse-5\">\n\t\t\t\t\t\t\tMillised on v\u00f5imalused erivajadustega \u00f5ppijale?\n\t\t\t\t\t\t<\/button>\n\t\t\t\t\t<\/h2>\n\t\t\t\t\t<div id=\"accordion-69da781fb71ba-collapse-5\" class=\"accordion-collapse collapse \" aria-labelledby=\"accordion-69da781fb71ba-heading-5\">\n\t\t\t\t\t\t<div class=\"accordion-body\">\n\t\t\t\t\t\t\t<p>Erivajadusega on \u00fcli\u00f5pilane, kes vajab \u00f5piv\u00e4ljundite saavutamiseks tuge. Seda saab pakkuda \u00f5ppeaine korralduse v\u00f5i \u00f5pikeskkonna muutmise teel.<br>\nErivajadus v\u00f5ib tuleneda tervisest: \u00fcli\u00f5pilasel v\u00f5ib olla pikaajaline terviseh\u00e4ire, vaimse v\u00f5i f\u00fc\u00fcsilise erip\u00e4raga kaasnevad raskused. Suurem paindlikkus hariduse omandamisel v\u00f5ib olla vajalik ka n\u00e4iteks \u00fcli\u00f5pilase andekuse, aktiivse sportlaskarj\u00e4\u00e4ri v\u00f5i l\u00e4hedaste hooldamise korral, samuti poliitilise v\u00f5i s\u00f5jalise olukorra t\u00f5ttu.<\/p>\n<p>Loe l\u00e4hemalt, <a href=\"https:\/\/ut.ee\/et\/sisu\/erivajadustega-uliopilaste-noustamine\">kellele ja milliseid kohandusi on v\u00f5imalik \u00f5ppet\u00f6\u00f6s teha<\/a>, ja v\u00f5ta \u00fchendust erivajadustega \u00fcli\u00f5pilaste n\u00f5ustajaga, et arutada, milliseid kohandusi vajad sisseastumisel, \u00f5ppet\u00f6\u00f6s osalemisel, eksamite ja arvestuste tegemisel, \u00f5ppevahendite hankimisel v\u00f5i sobiva sotsiaalse ja f\u00fc\u00fcsilise keskkonna loomisel.<\/p>\n<p><a class=\"wp-block-button__link wp-element-button\" style=\"padding-right: var(--wp--preset--spacing--20); padding-left: var(--wp--preset--spacing--20);\" href=\"https:\/\/outlook.office365.com\/book\/Tnustamiskeskus-Bookings@TartuUlikool.onmicrosoft.com\/\" target=\"_blank\" rel=\"noopener\">Broneeri aeg erivajadustega \u00fcli\u00f5pilaste n\u00f5ustaja juurde<\/a><\/p>\n\n\t\t\t\t\t\t<\/div>\n\t\t\t\t\t<\/div>\n\t\t\t\t<\/div>\n\t\t\t\t\t\t\t<div class=\"accordion-item accordion-item--blue\">\n\t\t\t\t\t<h2 class=\"accordion-header\" id=\"accordion-69da781fb71ba-heading-6\">\n\t\t\t\t\t\t<button class=\"accordion-button collapsed\" type=\"button\" data-bs-toggle=\"collapse\" data-bs-target=\"#accordion-69da781fb71ba-collapse-6\" aria-expanded=\"true\" aria-controls=\"accordion-69da781fb71ba-collapse-6\">\n\t\t\t\t\t\t\tKuidas pooleli j\u00e4\u00e4nud \u00fclikooli\u00f5pinguid j\u00e4tkata?\n\t\t\t\t\t\t<\/button>\n\t\t\t\t\t<\/h2>\n\t\t\t\t\t<div id=\"accordion-69da781fb71ba-collapse-6\" class=\"accordion-collapse collapse \" aria-labelledby=\"accordion-69da781fb71ba-heading-6\">\n\t\t\t\t\t\t<div class=\"accordion-body\">\n\t\t\t\t\t\t\t<p>Kui \u00f5pingud Tartu \u00dclikoolis on mingil p\u00f5hjusel katkenud, aga soovid neid j\u00e4tkata, on v\u00f5imalik taotleda <a href=\"https:\/\/ut.ee\/et\/sisu\/opingud-pooleli-jaanud\">reimmatrikuleerimist<\/a> pooleli j\u00e4\u00e4nud \u00f5ppekava \u00f5ppekohale v\u00f5i \u00f5ppida edasi <a href=\"https:\/\/ut.ee\/et\/sisu\/oppimine-eksternina\">eksternina<\/a>.<\/p>\n<p>\u00d5pinguid saab j\u00e4tkata ka m\u00f5ne muu \u00f5ppekava j\u00e4rgi. Sel juhul tuleb kandideerida selle \u00f5ppekava <a href=\"https:\/\/ut.ee\/et\/sisu\/vabad-oppekohad\">vabale \u00f5ppekohale<\/a> v\u00f5i astuda uuesti \u00fclikooli. Taas \u00fclikooli astudes tuleb arvestada <a href=\"https:\/\/ut.ee\/et\/teist-korda-oppimise-piirangud\">teist v\u00f5i enamat korda tasuta \u00f5ppimise piirangutega<\/a>.<\/p>\n\n\t\t\t\t\t\t<\/div>\n\t\t\t\t\t<\/div>\n\t\t\t\t<\/div>\n\t\t\t\t\t\t\t<div class=\"accordion-item accordion-item--blue\">\n\t\t\t\t\t<h2 class=\"accordion-header\" id=\"accordion-69da781fb71ba-heading-7\">\n\t\t\t\t\t\t<button class=\"accordion-button collapsed\" type=\"button\" data-bs-toggle=\"collapse\" data-bs-target=\"#accordion-69da781fb71ba-collapse-7\" aria-expanded=\"true\" aria-controls=\"accordion-69da781fb71ba-collapse-7\">\n\t\t\t\t\t\t\tKas \u00fclikoolis saavad \u00f5ppida ka need, kes pole \u00fcli\u00f5pilased?\n\t\t\t\t\t\t<\/button>\n\t\t\t\t\t<\/h2>\n\t\t\t\t\t<div id=\"accordion-69da781fb71ba-collapse-7\" class=\"accordion-collapse collapse \" aria-labelledby=\"accordion-69da781fb71ba-heading-7\">\n\t\t\t\t\t\t<div class=\"accordion-body\">\n\t\t\t\t\t\t\t<p>Jah, Tartu \u00dclikoolis saab kindla \u00f5ppekava alusel \u00f5ppida ka <a href=\"https:\/\/ut.ee\/et\/sisu\/oppimine-eksternina\">eksternina<\/a>. Ekstern ei ole \u00fcli\u00f5pilane, kuid tal on lubatud t\u00e4ita \u00f5ppekava, sh sooritada eksameid ja arvestusi (kuni 30\u00a0EAP-d \u00f5ppeaastas), teha praktikat ja kaitsta l\u00f5put\u00f6\u00f6 v\u00f5i sooritada l\u00f5pueksam.<\/p>\n<p><a href=\"https:\/\/ut.ee\/et\/koolitus\">Tartu \u00dclikool on Eesti suurim t\u00e4iendus\u00f5ppe pakkuja<\/a> v\u00e4ga mitmekesiste v\u00f5imalustega, mille hulka kuuluvad avatud registreerimisega kursused k\u00f5ikidele huvilistele enesearendamiseks, eri- v\u00f5i ametialase p\u00e4devuse suurendamiseks; tellimuskoolitused organisatsioonidele; suve- ja talve\u00fclikooli kursused; e-kursused, sh vaba juurdep\u00e4\u00e4suga e-kursused (MOOC-id); mikrokraadiprogrammid; \u00fcksikud taseme\u00f5ppeained; loengu- ja seminarisarjad jm \u00fcle Eesti.<\/p>\n\n\t\t\t\t\t\t<\/div>\n\t\t\t\t\t<\/div>\n\t\t\t\t<\/div>\n\t\t\t\t\t<\/div>\n\t<\/div>\n","protected":false},"excerpt":{"rendered":"<p>Lisaks \u00f5pinguid puudutavatele plaanidele tuleb \u00fclikooli ajal korraldada ka oma elu olmeline ja majanduslik pool, n\u00e4iteks otsustada, kus elada, kuidas hankida toitu, riideid ja \u00f5ppevahendeid. Selleks on vaja l\u00e4bi m\u00f5elda, millised on Sinu sissetulekud ja kas need katavad vajalikud kulud. &#8230;<\/p>\n","protected":false},"author":346,"featured_media":0,"parent":0,"menu_order":0,"comment_status":"closed","ping_status":"closed","template":"","meta":{"_acf_changed":false,"inline_featured_image":false,"footnotes":""},"class_list":["post-1315","page","type-page","status-publish","hentry"],"acf":[],"_links":{"self":[{"href":"https:\/\/sisu.ut.ee\/karjaarivarav\/wp-json\/wp\/v2\/pages\/1315","targetHints":{"allow":["GET"]}}],"collection":[{"href":"https:\/\/sisu.ut.ee\/karjaarivarav\/wp-json\/wp\/v2\/pages"}],"about":[{"href":"https:\/\/sisu.ut.ee\/karjaarivarav\/wp-json\/wp\/v2\/types\/page"}],"author":[{"embeddable":true,"href":"https:\/\/sisu.ut.ee\/karjaarivarav\/wp-json\/wp\/v2\/users\/346"}],"replies":[{"embeddable":true,"href":"https:\/\/sisu.ut.ee\/karjaarivarav\/wp-json\/wp\/v2\/comments?post=1315"}],"version-history":[{"count":9,"href":"https:\/\/sisu.ut.ee\/karjaarivarav\/wp-json\/wp\/v2\/pages\/1315\/revisions"}],"predecessor-version":[{"id":1602,"href":"https:\/\/sisu.ut.ee\/karjaarivarav\/wp-json\/wp\/v2\/pages\/1315\/revisions\/1602"}],"wp:attachment":[{"href":"https:\/\/sisu.ut.ee\/karjaarivarav\/wp-json\/wp\/v2\/media?parent=1315"}],"curies":[{"name":"wp","href":"https:\/\/api.w.org\/{rel}","templated":true}]}}