{"id":1313,"date":"2025-03-04T13:23:23","date_gmt":"2025-03-04T11:23:23","guid":{"rendered":"https:\/\/sisu.ut.ee\/karjaarivarav\/?page_id=1313"},"modified":"2025-04-24T16:30:37","modified_gmt":"2025-04-24T13:30:37","slug":"kui-vahe-voi-palju-voib-oppida","status":"publish","type":"page","link":"https:\/\/sisu.ut.ee\/karjaarivarav\/kui-vahe-voi-palju-voib-oppida\/","title":{"rendered":"Kui v\u00e4he v\u00f5i palju v\u00f5ib \u00f5ppida?"},"content":{"rendered":"<div style=\"height:14px\" aria-hidden=\"true\" class=\"wp-block-spacer\"><\/div>\n\n\n\n<figure class=\"wp-block-image alignright size-large is-resized\"><img loading=\"lazy\" decoding=\"async\" width=\"1024\" height=\"724\" src=\"https:\/\/sisu.ut.ee\/wp-content\/uploads\/sites\/644\/Juhin-oma-opinguid-1024x724.jpg\" alt=\"\" class=\"wp-image-1283\" style=\"width:471px;height:auto\" srcset=\"https:\/\/sisu.ut.ee\/wp-content\/uploads\/sites\/644\/Juhin-oma-opinguid-1024x724.jpg 1024w, https:\/\/sisu.ut.ee\/wp-content\/uploads\/sites\/644\/Juhin-oma-opinguid-300x212.jpg 300w, https:\/\/sisu.ut.ee\/wp-content\/uploads\/sites\/644\/Juhin-oma-opinguid-768x543.jpg 768w, https:\/\/sisu.ut.ee\/wp-content\/uploads\/sites\/644\/Juhin-oma-opinguid-1536x1086.jpg 1536w, https:\/\/sisu.ut.ee\/wp-content\/uploads\/sites\/644\/Juhin-oma-opinguid-2048x1448.jpg 2048w, https:\/\/sisu.ut.ee\/wp-content\/uploads\/sites\/644\/Juhin-oma-opinguid-1920x1357.jpg 1920w\" sizes=\"auto, (max-width: 1024px) 100vw, 1024px\"><figcaption class=\"wp-element-caption\">Autor: K\u00e4triin S\u00e4de<\/figcaption><\/figure>\n\n\n\n<p>V\u00e4rske \u00fcli\u00f5pilasena v\u00f5id m\u00f5elda, et kui t\u00e4iskoormusega \u00f5ppemaht \u00fches semestris on 30 EAP-d, siis<\/p>\n\n\n\n<ul class=\"wp-block-list\">\n<li>mis saab, kui \u00f5ppida \u00fches semestris sellest v\u00e4hem;<\/li>\n\n\n\n<li>kas on v\u00f5imalik ka rohkem \u00f5ppida, sest huvipakkuvaid \u00f5ppeaineid on nii palju.<\/li>\n<\/ul>\n\n\n\n<p>Vastus esimesele k\u00fcsimusele s\u00f5ltub sellest, millise s\u00fcsteemi j\u00e4rgi Sa \u00f5pid. <strong>Enamasti on Tartu \u00dclikooli \u00f5ppet\u00f6\u00f6 aines\u00fcsteemis<\/strong>, kus saab aineid v\u00f5tta vabalt valitud j\u00e4rjekorras, arvestades eeldusainete n\u00f5uet. Aines\u00fcsteemis \u00f5ppides tuleb arvestada, et<\/p>\n\n\n\n<ul class=\"wp-block-list\">\n<li><strong>esimese semestri l\u00f5puks<\/strong> peab olema l\u00e4bitud v\u00e4hemalt 15 EAP ulatuses oma \u00f5ppekava aineid, et p\u00fcsida \u00fclikoolis.<\/li>\n\n\n\n<li><strong>iga \u00f5ppeaasta l\u00f5pus<\/strong> hinnatakse, kas oled piisavas mahus \u00f5ppekava l\u00e4binud s\u00f5ltuvalt sellest, kas \u00f5pid <a href=\"https:\/\/ut.ee\/et\/sisu\/tais-ja-osakoormus\">t\u00e4is- v\u00f5i osakoormusega<\/a>. T\u00e4iskoormusega \u00f5ppides peab saama esimese aasta l\u00f5puks v\u00e4hemalt 45 EAP-d, teise aasta l\u00f5puks v\u00e4hemalt 90 EAP-d ja kolmanda aasta l\u00f5puks v\u00e4hemalt 134 EAP-d. Osakoormusekorral\u00a0on \u00f5ppemaht 30\u201344 EAP-d \u00f5ppeaastas.<\/li>\n\n\n\n<li><strong>iga semestri l\u00f5pus<\/strong> hinnatakse, kas oled t\u00e4itnud tasuta \u00f5ppe miinimummahus. Kui t\u00e4iskoormusega tasuta \u00f5ppes on etten\u00e4htud maht 30 EAP-d semestris, siis k\u00f5ikide l\u00e4bitud semestrite peale ei tohi tasuta \u00f5ppimise tingimuse t\u00e4itmiseks olla puudu rohkem kui 6\u00a0EAP-d. Kui puuduj\u00e4\u00e4k on suurem, tuleb puuduvate EAP-de ulatuses maksta <a href=\"https:\/\/ut.ee\/et\/sisu\/oppetasud\">\u00f5ppetasu<\/a>.<\/li>\n<\/ul>\n\n\n\n<p>Arsti-, hambaarsti- ja proviisori\u00f5ppes kehtib <strong>kursuses\u00fcsteem<\/strong>. Selle korral tuleb \u00f5ppeained l\u00e4bida \u00f5ppekavas kehtestatud j\u00e4rjekorras ning t\u00e4ita iga semestri ja \u00f5ppeaasta l\u00f5puks 100% kohustusliku \u00f5ppe mahust.<\/p>\n","protected":false},"excerpt":{"rendered":"<p>V\u00e4rske \u00fcli\u00f5pilasena v\u00f5id m\u00f5elda, et kui t\u00e4iskoormusega \u00f5ppemaht \u00fches semestris on 30 EAP-d, siis Vastus esimesele k\u00fcsimusele s\u00f5ltub sellest, millise s\u00fcsteemi j\u00e4rgi Sa \u00f5pid. Enamasti on Tartu \u00dclikooli \u00f5ppet\u00f6\u00f6 aines\u00fcsteemis, kus saab aineid v\u00f5tta vabalt valitud j\u00e4rjekorras, arvestades eeldusainete n\u00f5uet. &#8230;<\/p>\n","protected":false},"author":346,"featured_media":0,"parent":0,"menu_order":0,"comment_status":"closed","ping_status":"closed","template":"","meta":{"_acf_changed":false,"inline_featured_image":false,"footnotes":""},"class_list":["post-1313","page","type-page","status-publish","hentry"],"acf":[],"_links":{"self":[{"href":"https:\/\/sisu.ut.ee\/karjaarivarav\/wp-json\/wp\/v2\/pages\/1313","targetHints":{"allow":["GET"]}}],"collection":[{"href":"https:\/\/sisu.ut.ee\/karjaarivarav\/wp-json\/wp\/v2\/pages"}],"about":[{"href":"https:\/\/sisu.ut.ee\/karjaarivarav\/wp-json\/wp\/v2\/types\/page"}],"author":[{"embeddable":true,"href":"https:\/\/sisu.ut.ee\/karjaarivarav\/wp-json\/wp\/v2\/users\/346"}],"replies":[{"embeddable":true,"href":"https:\/\/sisu.ut.ee\/karjaarivarav\/wp-json\/wp\/v2\/comments?post=1313"}],"version-history":[{"count":2,"href":"https:\/\/sisu.ut.ee\/karjaarivarav\/wp-json\/wp\/v2\/pages\/1313\/revisions"}],"predecessor-version":[{"id":1601,"href":"https:\/\/sisu.ut.ee\/karjaarivarav\/wp-json\/wp\/v2\/pages\/1313\/revisions\/1601"}],"wp:attachment":[{"href":"https:\/\/sisu.ut.ee\/karjaarivarav\/wp-json\/wp\/v2\/media?parent=1313"}],"curies":[{"name":"wp","href":"https:\/\/api.w.org\/{rel}","templated":true}]}}