{"id":1307,"date":"2025-03-04T13:23:14","date_gmt":"2025-03-04T11:23:14","guid":{"rendered":"https:\/\/sisu.ut.ee\/karjaarivarav\/?page_id=1307"},"modified":"2025-04-24T16:30:00","modified_gmt":"2025-04-24T13:30:00","slug":"millal-teha-oppimisvalikuid-oppekavas","status":"publish","type":"page","link":"https:\/\/sisu.ut.ee\/karjaarivarav\/millal-teha-oppimisvalikuid-oppekavas\/","title":{"rendered":"Millal teha \u00f5ppimisvalikuid \u00f5ppekavas?"},"content":{"rendered":"<div style=\"height:14px\" aria-hidden=\"true\" class=\"wp-block-spacer\"><\/div>\n\n\n\n<figure class=\"wp-block-image alignright size-large is-resized\"><img loading=\"lazy\" decoding=\"async\" width=\"1024\" height=\"724\" src=\"https:\/\/sisu.ut.ee\/wp-content\/uploads\/sites\/644\/Juhin-oma-opinguid-1024x724.jpg\" alt=\"\" class=\"wp-image-1283\" style=\"width:471px;height:auto\" srcset=\"https:\/\/sisu.ut.ee\/wp-content\/uploads\/sites\/644\/Juhin-oma-opinguid-1024x724.jpg 1024w, https:\/\/sisu.ut.ee\/wp-content\/uploads\/sites\/644\/Juhin-oma-opinguid-300x212.jpg 300w, https:\/\/sisu.ut.ee\/wp-content\/uploads\/sites\/644\/Juhin-oma-opinguid-768x543.jpg 768w, https:\/\/sisu.ut.ee\/wp-content\/uploads\/sites\/644\/Juhin-oma-opinguid-1536x1086.jpg 1536w, https:\/\/sisu.ut.ee\/wp-content\/uploads\/sites\/644\/Juhin-oma-opinguid-2048x1448.jpg 2048w, https:\/\/sisu.ut.ee\/wp-content\/uploads\/sites\/644\/Juhin-oma-opinguid-1920x1357.jpg 1920w\" sizes=\"auto, (max-width: 1024px) 100vw, 1024px\"><figcaption class=\"wp-element-caption\">Autor: K\u00e4triin S\u00e4de<\/figcaption><\/figure>\n\n\n\n<p>Esialgu v\u00f5ib oma \u00f5pingute planeerimine \u00fclikoolis suure valikuvabaduse t\u00f5ttu \u00fcksjagu segadust tekitada. Raske v\u00f5ib olla aru saada k\u00f5ikidest v\u00f5imalustest ja tingimustest, millega tuleb arvestada. Ka iseenda soove, vajadusi ja huvisid ei pruugi veel v\u00e4ga t\u00e4pselt teada, kui \u00f5ppekavaga pole s\u00fcgavat kokkupuudet olnud.<\/p>\n\n\n\n<p><strong>Kohe \u00f5pingute algul ei peagi oma \u00f5pingute plaani l\u00f5plikult paika panema.<\/strong> Kui \u00f5pid bakalaureuse\u00f5ppes, tuleb<\/p>\n\n\n\n<ul class=\"wp-block-list\">\n<li><strong>esimese semestri l\u00f5puks <\/strong>\u00e4ra valida peaeriala moodulid: kaks alusmoodulit, \u00fcks suunamoodul \u00fcks erialamoodul ja \u00fcks valikmoodul;<\/li>\n\n\n\n<li><strong>kolmanda semestri l\u00f5puks <\/strong>\u00e4ra valida k\u00f5ik \u00f5ppekava t\u00e4itmiseks vajalikud moodulid(kas k\u00f5rvaleriala moodulid v\u00f5i peaeriala mahtu suurendavad moodulid). Seda v\u00f5ib ka varem teha, ent kolmanda semestri l\u00f5puni saad valikuid vajaduse korral vabalt muuta.<\/li>\n<\/ul>\n\n\n\n<p>Uuri t\u00e4psemalt, kuidas <a href=\"https:\/\/ut.ee\/et\/sisu\/moodulite-valimine\">valida mooduleid<\/a> bakalaureuse-, rakendusk\u00f5rgharidus- ja magistri\u00f5ppes ning klassi\u00f5petaja bakalaureuse- ja magistri\u00f5ppe integreeritud \u00f5ppekava korral.<\/p>\n","protected":false},"excerpt":{"rendered":"<p>Esialgu v\u00f5ib oma \u00f5pingute planeerimine \u00fclikoolis suure valikuvabaduse t\u00f5ttu \u00fcksjagu segadust tekitada. Raske v\u00f5ib olla aru saada k\u00f5ikidest v\u00f5imalustest ja tingimustest, millega tuleb arvestada. Ka iseenda soove, vajadusi ja huvisid ei pruugi veel v\u00e4ga t\u00e4pselt teada, kui \u00f5ppekavaga pole s\u00fcgavat &#8230;<\/p>\n","protected":false},"author":346,"featured_media":0,"parent":0,"menu_order":0,"comment_status":"closed","ping_status":"closed","template":"","meta":{"_acf_changed":false,"inline_featured_image":false,"footnotes":""},"class_list":["post-1307","page","type-page","status-publish","hentry"],"acf":[],"_links":{"self":[{"href":"https:\/\/sisu.ut.ee\/karjaarivarav\/wp-json\/wp\/v2\/pages\/1307","targetHints":{"allow":["GET"]}}],"collection":[{"href":"https:\/\/sisu.ut.ee\/karjaarivarav\/wp-json\/wp\/v2\/pages"}],"about":[{"href":"https:\/\/sisu.ut.ee\/karjaarivarav\/wp-json\/wp\/v2\/types\/page"}],"author":[{"embeddable":true,"href":"https:\/\/sisu.ut.ee\/karjaarivarav\/wp-json\/wp\/v2\/users\/346"}],"replies":[{"embeddable":true,"href":"https:\/\/sisu.ut.ee\/karjaarivarav\/wp-json\/wp\/v2\/comments?post=1307"}],"version-history":[{"count":5,"href":"https:\/\/sisu.ut.ee\/karjaarivarav\/wp-json\/wp\/v2\/pages\/1307\/revisions"}],"predecessor-version":[{"id":1600,"href":"https:\/\/sisu.ut.ee\/karjaarivarav\/wp-json\/wp\/v2\/pages\/1307\/revisions\/1600"}],"wp:attachment":[{"href":"https:\/\/sisu.ut.ee\/karjaarivarav\/wp-json\/wp\/v2\/media?parent=1307"}],"curies":[{"name":"wp","href":"https:\/\/api.w.org\/{rel}","templated":true}]}}