{"id":1300,"date":"2025-03-04T13:22:52","date_gmt":"2025-03-04T11:22:52","guid":{"rendered":"https:\/\/sisu.ut.ee\/karjaarivarav\/?page_id=1300"},"modified":"2026-01-16T08:38:35","modified_gmt":"2026-01-16T06:38:35","slug":"kui-palju-on-sul-vabadust-oma-opingute-kujundamisel","status":"publish","type":"page","link":"https:\/\/sisu.ut.ee\/karjaarivarav\/kui-palju-on-sul-vabadust-oma-opingute-kujundamisel\/","title":{"rendered":"Kui palju on Sul vabadust oma \u00f5pingute kujundamisel?"},"content":{"rendered":"<div style=\"height:14px\" aria-hidden=\"true\" class=\"wp-block-spacer\"><\/div>\n\n\n\n<figure class=\"wp-block-image alignright size-large is-resized\"><img loading=\"lazy\" decoding=\"async\" width=\"1024\" height=\"724\" src=\"https:\/\/sisu.ut.ee\/wp-content\/uploads\/sites\/644\/Juhin-oma-opinguid-1024x724.jpg\" alt=\"\" class=\"wp-image-1283\" style=\"width:471px;height:auto\" srcset=\"https:\/\/sisu.ut.ee\/wp-content\/uploads\/sites\/644\/Juhin-oma-opinguid-1024x724.jpg 1024w, https:\/\/sisu.ut.ee\/wp-content\/uploads\/sites\/644\/Juhin-oma-opinguid-300x212.jpg 300w, https:\/\/sisu.ut.ee\/wp-content\/uploads\/sites\/644\/Juhin-oma-opinguid-768x543.jpg 768w, https:\/\/sisu.ut.ee\/wp-content\/uploads\/sites\/644\/Juhin-oma-opinguid-1536x1086.jpg 1536w, https:\/\/sisu.ut.ee\/wp-content\/uploads\/sites\/644\/Juhin-oma-opinguid-2048x1448.jpg 2048w, https:\/\/sisu.ut.ee\/wp-content\/uploads\/sites\/644\/Juhin-oma-opinguid-1920x1357.jpg 1920w\" sizes=\"auto, (max-width: 1024px) 100vw, 1024px\"><figcaption class=\"wp-element-caption\">Autor: K\u00e4triin S\u00e4de<\/figcaption><\/figure>\n\n\n\n<p>Tartu \u00dclikoolis on mitut liiki \u00f5ppekavasid. Bakalaureuse\u00f5ppes on need \u00fcldjuhul paindlikumad kui rakendusk\u00f5rgharidus- ja integreeritud \u00f5ppes.<\/p>\n\n\n\n<figure class=\"wp-block-table\"><table class=\"table table-hover\"><tbody><tr><td><strong>M\u00f5ttehetk<\/strong> Kui h\u00e4sti oled kursis oma \u00f5ppekavaga \u2013 millised \u00f5ppeained v\u00f5i moodulid on kohustuslikud? Mida, millal ja kuidas saad \u00f5ppida lisaks valik- ja vabaainetena? Kas saad ja tahad valida k\u00f5rvaleriala? Kas ja kuhu soovid minna \u00f5pir\u00e4ndesse, k\u00fclalis\u00fcli\u00f5pilaseks v\u00f5i praktikale? <strong>\u00a0<\/strong><\/td><\/tr><\/tbody><\/table><\/figure>\n\n\n\n<p>Need k\u00fcsimused n\u00f5uavad p\u00f5hjalikku l\u00e4bim\u00f5tlemist ja head planeerimist, et mahutada \u00f5pinguaastatesse nii \u00f5ppekava kohustuslik osa kui k\u00f5ik ka muu huvitav ja kasulik, mida \u00fclikoolist saada soovid. <strong>Alusta planeerimist kohustusliku osaga.<\/strong> Selleks uuri \u00fcldisi <a href=\"https:\/\/ut.ee\/et\/sisu\/oppekava-ulesehitus\">\u00f5ppekava \u00fclesehituse<\/a> p\u00f5him\u00f5tteid ja oma <a href=\"https:\/\/ut.ee\/et\/oppekavad\">\u00f5ppekava mooduleid ja \u00f5ppeaineid<\/a> l\u00e4hemalt.<\/p>\n\n\n\n<p><strong>Bakalaureuse\u00f5ppes<\/strong> saad kohustusliku osa suurel m\u00e4\u00e4ral ise kujundada, sest iga \u00f5ppekava koosneb moodulitest, mille saad oma huvide ja soovide p\u00f5hjal kokku panna nagu pusle.<\/p>\n\n\n<div class=\"accordion-block mb-3\">\n\t\t<div class=\"accordion \" id=\"accordion-accordion-69da33f82e8b3\">\n\t\t\t\t\t\t\t<div class=\"accordion-item accordion-item--blue\">\n\t\t\t\t\t<h2 class=\"accordion-header\" id=\"accordion-69da33f82e8b3-heading-1\">\n\t\t\t\t\t\t<button class=\"accordion-button collapsed\" type=\"button\" data-bs-toggle=\"collapse\" data-bs-target=\"#accordion-69da33f82e8b3-collapse-1\" aria-expanded=\"true\" aria-controls=\"accordion-69da33f82e8b3-collapse-1\">\n\t\t\t\t\t\t\t\u00d5ppekava mudel\n\t\t\t\t\t\t<\/button>\n\t\t\t\t\t<\/h2>\n\t\t\t\t\t<div id=\"accordion-69da33f82e8b3-collapse-1\" class=\"accordion-collapse collapse \" aria-labelledby=\"accordion-69da33f82e8b3-heading-1\">\n\t\t\t\t\t\t<div class=\"accordion-body\">\n\t\t\t\t\t\t\t<p><img loading=\"lazy\" decoding=\"async\" class=\"size-full wp-image-1301 aligncenter\" src=\"https:\/\/sisu.ut.ee\/wp-content\/uploads\/sites\/644\/Picture1.jpg\" alt=\"\" width=\"301\" height=\"256\"><\/p>\n\n\t\t\t\t\t\t<\/div>\n\t\t\t\t\t<\/div>\n\t\t\t\t<\/div>\n\t\t\t\t\t<\/div>\n\t<\/div>\n\n\n\n<ul class=\"wp-block-list\">\n<li>J\u00e4lgi hoolega, millised moodulid on Sinu <a href=\"https:\/\/wiki.ut.ee\/pages\/viewpage.action?pageId=69305632\">\u00f5ppekavas<\/a> kohustuslikud ja millised vabalt valitavad.<\/li>\n\n\n\n<li>M\u00f5tle, millised Sinu \u00f5ppekava suuna- ja erialamoodulid pakuvad Sulle rohkem huvi.<\/li>\n\n\n\n<li>Kui moodulis on \u00f5ppeaineid suuremas mahus, kui moodul ette n\u00e4eb (24 v\u00f5i 12 EAP-d), saad valida endale meelep\u00e4rasemad \u00f5ppeained.<\/li>\n\n\n\n<li><a href=\"https:\/\/ut.ee\/et\/sisu\/oppekava-ulesehitus\">Mooduleid on v\u00f5imalik valida ka teistest \u00f5ppekavadest<\/a> kas \u00fcksiku suuna- v\u00f5i erialamoodulina v\u00f5i lausa k\u00f5rvaleriala mahus (k\u00f5rvaleriala koosneb \u00fchest suuna-, \u00fchest eriala- ja \u00fchest valikmoodulist). K\u00f5rvaleriala v\u00f5id valida ka m\u00f5ne teise k\u00f5rgkooli bakalaureuse\u00f5ppekavast.<\/li>\n\n\n\n<li>Huvipakkuvaid \u00f5ppeaineid, mis ei kuulu Sinu valitud moodulitesse, v\u00f5id valida nii oma \u00f5ppekavast valik- v\u00f5i vabaainetena kui ka teistest \u00f5ppekavadest vabaainetena.<\/li>\n<\/ul>\n\n\n\n<p>Oma \u00f5pingute ajal saad kasutada ka muid p\u00f5nevaid ja arendavaid v\u00f5imalusi.<\/p>\n\n\n<div class=\"accordion-block mb-3\">\n\t\t<div class=\"accordion \" id=\"accordion-accordion-69da33f82f20e\">\n\t\t\t\t\t\t\t<div class=\"accordion-item accordion-item--blue\">\n\t\t\t\t\t<h2 class=\"accordion-header\" id=\"accordion-69da33f82f20e-heading-1\">\n\t\t\t\t\t\t<button class=\"accordion-button collapsed\" type=\"button\" data-bs-toggle=\"collapse\" data-bs-target=\"#accordion-69da33f82f20e-collapse-1\" aria-expanded=\"true\" aria-controls=\"accordion-69da33f82f20e-collapse-1\">\n\t\t\t\t\t\t\t\u00d5pir\u00e4nne v\u00e4lismaale\n\t\t\t\t\t\t<\/button>\n\t\t\t\t\t<\/h2>\n\t\t\t\t\t<div id=\"accordion-69da33f82f20e-collapse-1\" class=\"accordion-collapse collapse \" aria-labelledby=\"accordion-69da33f82f20e-heading-1\">\n\t\t\t\t\t\t<div class=\"accordion-body\">\n\t\t\t\t\t\t\t<p>Kui m\u00f5tled minna v\u00e4lismaale \u00f5ppima, praktikale v\u00f5i suvekooli, tutvu pakutavate v\u00f5imalustega aegsasti. Planeerimisel m\u00f5tle l\u00e4bi, millal ja kuidas \u00f5pir\u00e4ndele minna ning mil viisil kavandada oma siinseid \u00f5pinguid, kui viibid l\u00fchema v\u00f5i pikema aja kodu\u00fclikoolist eemal. <a href=\"https:\/\/sisu.ut.ee\/karjaarivarav\/rahvusvaheline-kogemus\/\">Loe rohkem<\/a>.<\/p>\n\n\t\t\t\t\t\t<\/div>\n\t\t\t\t\t<\/div>\n\t\t\t\t<\/div>\n\t\t\t\t\t\t\t<div class=\"accordion-item accordion-item--blue\">\n\t\t\t\t\t<h2 class=\"accordion-header\" id=\"accordion-69da33f82f20e-heading-2\">\n\t\t\t\t\t\t<button class=\"accordion-button collapsed\" type=\"button\" data-bs-toggle=\"collapse\" data-bs-target=\"#accordion-69da33f82f20e-collapse-2\" aria-expanded=\"true\" aria-controls=\"accordion-69da33f82f20e-collapse-2\">\n\t\t\t\t\t\t\tK\u00fclalis\u00fcli\u00f5pilaseks teise Eesti k\u00f5rgkooli\n\t\t\t\t\t\t<\/button>\n\t\t\t\t\t<\/h2>\n\t\t\t\t\t<div id=\"accordion-69da33f82f20e-collapse-2\" class=\"accordion-collapse collapse \" aria-labelledby=\"accordion-69da33f82f20e-heading-2\">\n\t\t\t\t\t\t<div class=\"accordion-body\">\n\t\t\t\t\t\t\t<p>Tartu \u00dclikooli \u00fcli\u00f5pilasena v\u00f5id soovi korral v\u00f5tta <a href=\"https:\/\/ut.ee\/et\/sisu\/kulalisuliopilaseks-teise-ulikooli\">k\u00fclalis\u00fcli\u00f5pilasena<\/a> \u00f5ppeaineid teistes Eesti k\u00f5rgkoolides. K\u00fclalis\u00fcli\u00f5pilasena sooritatud aineid arvestatakse \u00fcli\u00f5pilase soovi korral Tartu \u00dclikooli \u00f5ppekava t\u00e4itmisel, kui need sobivad \u00f5ppekavva, ja neid v\u00f5ib arvesse v\u00f5tta ka vabaainetena.<\/p>\n\n\t\t\t\t\t\t<\/div>\n\t\t\t\t\t<\/div>\n\t\t\t\t<\/div>\n\t\t\t\t\t\t\t<div class=\"accordion-item accordion-item--blue\">\n\t\t\t\t\t<h2 class=\"accordion-header\" id=\"accordion-69da33f82f20e-heading-3\">\n\t\t\t\t\t\t<button class=\"accordion-button collapsed\" type=\"button\" data-bs-toggle=\"collapse\" data-bs-target=\"#accordion-69da33f82f20e-collapse-3\" aria-expanded=\"true\" aria-controls=\"accordion-69da33f82f20e-collapse-3\">\n\t\t\t\t\t\t\tPraktika\n\t\t\t\t\t\t<\/button>\n\t\t\t\t\t<\/h2>\n\t\t\t\t\t<div id=\"accordion-69da33f82f20e-collapse-3\" class=\"accordion-collapse collapse \" aria-labelledby=\"accordion-69da33f82f20e-heading-3\">\n\t\t\t\t\t\t<div class=\"accordion-body\">\n\t\t\t\t\t\t\t<p>Tartu \u00dclikoolis on praktikaaine olemas k\u00f5ikides \u00f5ppekavades kas v\u00e4iksemas v\u00f5i suuremas mahus ning \u00fche v\u00f5i mitme kohustusliku v\u00f5i valikainena. Praktikat saab teha nii Eestis kui ka v\u00e4lismaal.<\/p>\n<p>Praktika on suurep\u00e4rane v\u00f5imalus omandada t\u00f6\u00f6kogemus, rakendada oma erialateadmisi ja \u2011oskusi ning saada laiem ettekujutus t\u00f6\u00f6turuv\u00f5imalustest. Praktika k\u00e4igus saad ennast anal\u00fc\u00fcsides t\u00e4psustada oma t\u00f6\u00f6soove ja arenguvajadusi ning koguda kogemusi, ideid ja kontakte oma karj\u00e4\u00e4ri planeerimiseks. \u00dchtlasi antakse praktika eest EAP-sid. <a href=\"https:\/\/sisu.ut.ee\/karjaarivarav\/praktika\/\">Loe rohkem.<\/a><\/p>\n\n\t\t\t\t\t\t<\/div>\n\t\t\t\t\t<\/div>\n\t\t\t\t<\/div>\n\t\t\t\t\t<\/div>\n\t<\/div>\n","protected":false},"excerpt":{"rendered":"<p>Tartu \u00dclikoolis on mitut liiki \u00f5ppekavasid. Bakalaureuse\u00f5ppes on need \u00fcldjuhul paindlikumad kui rakendusk\u00f5rgharidus- ja integreeritud \u00f5ppes. M\u00f5ttehetk Kui h\u00e4sti oled kursis oma \u00f5ppekavaga \u2013 millised \u00f5ppeained v\u00f5i moodulid on kohustuslikud? Mida, millal ja kuidas saad \u00f5ppida lisaks valik- ja vabaainetena? &#8230;<\/p>\n","protected":false},"author":346,"featured_media":0,"parent":0,"menu_order":0,"comment_status":"closed","ping_status":"closed","template":"","meta":{"_acf_changed":false,"inline_featured_image":false,"footnotes":""},"class_list":["post-1300","page","type-page","status-publish","hentry"],"acf":[],"_links":{"self":[{"href":"https:\/\/sisu.ut.ee\/karjaarivarav\/wp-json\/wp\/v2\/pages\/1300","targetHints":{"allow":["GET"]}}],"collection":[{"href":"https:\/\/sisu.ut.ee\/karjaarivarav\/wp-json\/wp\/v2\/pages"}],"about":[{"href":"https:\/\/sisu.ut.ee\/karjaarivarav\/wp-json\/wp\/v2\/types\/page"}],"author":[{"embeddable":true,"href":"https:\/\/sisu.ut.ee\/karjaarivarav\/wp-json\/wp\/v2\/users\/346"}],"replies":[{"embeddable":true,"href":"https:\/\/sisu.ut.ee\/karjaarivarav\/wp-json\/wp\/v2\/comments?post=1300"}],"version-history":[{"count":8,"href":"https:\/\/sisu.ut.ee\/karjaarivarav\/wp-json\/wp\/v2\/pages\/1300\/revisions"}],"predecessor-version":[{"id":1897,"href":"https:\/\/sisu.ut.ee\/karjaarivarav\/wp-json\/wp\/v2\/pages\/1300\/revisions\/1897"}],"wp:attachment":[{"href":"https:\/\/sisu.ut.ee\/karjaarivarav\/wp-json\/wp\/v2\/media?parent=1300"}],"curies":[{"name":"wp","href":"https:\/\/api.w.org\/{rel}","templated":true}]}}