{"id":1281,"date":"2025-03-04T13:22:46","date_gmt":"2025-03-04T11:22:46","guid":{"rendered":"https:\/\/sisu.ut.ee\/karjaarivarav\/?page_id=1281"},"modified":"2026-01-16T08:34:42","modified_gmt":"2026-01-16T06:34:42","slug":"kuidas-opingute-juhtimine-kaib","status":"publish","type":"page","link":"https:\/\/sisu.ut.ee\/karjaarivarav\/kuidas-opingute-juhtimine-kaib\/","title":{"rendered":"Kuidas \u00f5pingute juhtimine k\u00e4ib?"},"content":{"rendered":"<div style=\"height:14px\" aria-hidden=\"true\" class=\"wp-block-spacer\"><\/div>\n\n\n\n<figure class=\"wp-block-image alignright size-large is-resized\"><img loading=\"lazy\" decoding=\"async\" width=\"1024\" height=\"724\" src=\"https:\/\/sisu.ut.ee\/wp-content\/uploads\/sites\/644\/Juhin-oma-opinguid-1024x724.jpg\" alt=\"\" class=\"wp-image-1283\" style=\"width:471px;height:auto\" srcset=\"https:\/\/sisu.ut.ee\/wp-content\/uploads\/sites\/644\/Juhin-oma-opinguid-1024x724.jpg 1024w, https:\/\/sisu.ut.ee\/wp-content\/uploads\/sites\/644\/Juhin-oma-opinguid-300x212.jpg 300w, https:\/\/sisu.ut.ee\/wp-content\/uploads\/sites\/644\/Juhin-oma-opinguid-768x543.jpg 768w, https:\/\/sisu.ut.ee\/wp-content\/uploads\/sites\/644\/Juhin-oma-opinguid-1536x1086.jpg 1536w, https:\/\/sisu.ut.ee\/wp-content\/uploads\/sites\/644\/Juhin-oma-opinguid-2048x1448.jpg 2048w, https:\/\/sisu.ut.ee\/wp-content\/uploads\/sites\/644\/Juhin-oma-opinguid-1920x1357.jpg 1920w\" sizes=\"auto, (max-width: 1024px) 100vw, 1024px\"><figcaption class=\"wp-element-caption\">Autor: K\u00e4triin S\u00e4de<\/figcaption><\/figure>\n\n\n\n<p>Oled asunud \u00f5ppima \u00fclikooli ja Sinu ees avaneb terve uus maailm. V\u00f5ib tulla \u00fcllatusena ja tekitada ka omajagu segadust, et \u00fclikool ei olegi Sinu \u00f5ppeaineid selgelt paika pannud, koolisk\u00e4imist ei kontrollita ja igap\u00e4evaseid kodu\u00fclesandeid ja hindeid v\u00f5i punkte v\u00f5ib-olla polegi. Kuidas siis teada, kuhu on vaja minna ja mida teha ning kuidas olla kindel, et oled oma \u00f5pingutega ilusti j\u00e4rje peal?<\/p>\n\n\n\n<p><strong>Pane t\u00e4hele, et Tartu \u00dclikoolis on eri liiki \u00f5ppekavasid. Bakalaureuse\u00f5ppes on need \u00fcldjuhul paindlikumad kui rakendusk\u00f5rgharidus- ja integreeritud \u00f5ppes.<\/strong> N\u00e4iteks arstiteaduse \u00f5ppuritele on \u00f5pitee selgemalt ette m\u00e4\u00e4ratud, neil on teada, millisel semestril milliseid aineid tuleb l\u00e4bida ja \u00fcli\u00f5pilased on jaotatud r\u00fchmadesse, kellega koos iga p\u00e4ev \u00fchiselt \u00f5pitakse. Seevastu n\u00e4iteks ajaloo \u00f5ppekava \u00fcli\u00f5pilaste valikuvabadus on suurem \u2013 neil on mitu spetsialiseerumissuunda, eri semestritel saab valida eri mooduleid ja \u00f5ppeaineid, samuti s\u00f5ltub tunniplaani sisu ja \u00f5ppekoormus vaba- ja valikainetest ning k\u00f5rvalerialast. Ka \u00f5pingukaaslased on igas loengus v\u00f5i seminaris erinevad.<\/p>\n\n\n\n<figure class=\"wp-block-table\"><table class=\"table table-hover\"><tbody><tr><td><strong>M\u00f5ttehetk.<\/strong> Milline on Sinu \u00f5ppekava? Mis on \u00f5ppekavas kohustuslik ja kui palju on valikuvabadust, mida ja millal \u00f5ppida? Kust Sa leiad selle kohta rohkem infot ja kes v\u00f5iks Sulle eri v\u00f5imalusi selgitada? \u00a0<\/td><\/tr><\/tbody><\/table><\/figure>\n\n\n\n<p>Kui tunned, et vajad rohkem infot ja selgust, siis r\u00e4\u00e4gi oma <a href=\"https:\/\/ut.ee\/et\/sisu\/tugi-tuutorilt\">tuutori<\/a>, \u00f5ppekorraldusspetsialisti v\u00f5i programmijuhiga. Samuti v\u00f5id pidada n\u00f5u <a href=\"https:\/\/ut.ee\/et\/noustamiskeskus\">n\u00f5ustamiskeskuse<\/a> \u00f5ppekorraldusn\u00f5ustaja v\u00f5i karj\u00e4\u00e4rin\u00f5ustajaga.<\/p>\n\n\n\n<div class=\"wp-block-buttons is-layout-flex wp-block-buttons-is-layout-flex\">\n<div class=\"wp-block-button\"><a class=\"wp-block-button__link wp-element-button\" href=\"https:\/\/outlook.office365.com\/book\/Tnustamiskeskus-Bookings@TartuUlikool.onmicrosoft.com\/\">Broneeri aeg karj\u00e4\u00e4rin\u00f5ustaja juurde<\/a><\/div>\n<\/div>\n\n\n\n<div style=\"height:13px\" aria-hidden=\"true\" class=\"wp-block-spacer\"><\/div>\n\n\n\n<p><strong>Suure valikuvabadusega toimetulekuks tuleb oma \u00f5pinguid teadlikult juhtida. <\/strong>Nii \u00f5pingute algul kui ka kestel tasub teada,<\/p>\n\n\n\n<ul class=\"wp-block-list\">\n<li>kuhu tahad j\u00f5uda,<\/li>\n\n\n\n<li>kus Sa oled,<\/li>\n\n\n\n<li>kuidas Sa sinna saad.<\/li>\n<\/ul>\n\n\n\n<p>Et osata valida nii \u00f5ppekava kui ka kogu \u00fclikooli ainete hulgast, on vaja h\u00e4sti tunda iseenda huvisid ja soove, v\u00f5imeid ja v\u00e4\u00e4rtusi ning n\u00e4ha \u00f5pi- ja t\u00f6\u00f6turuv\u00f5imaluste seoseid. See aitab seada endale selgeid eesm\u00e4rke ning motiveerib \u00f5ppima ja tegutsema. <\/p>\n\n\n\n<p><strong>Oma \u00f5pingute juhtimine on pidev protsess.<\/strong> J\u00e4lgi, kas oled oma \u00f5pingutega graafikus. Kui tekib ootamatusi ja muutusi, pead oma plaani v\u00e4hem v\u00f5i rohkem korrigeerima. \u00d5pingute jooksul v\u00f5ib muutuda ka Sinu arusaam sellest, mida Sa tahad ja millised v\u00f5imalused tunduvad Sulle kasulikud ja p\u00f5nevad. See avab uued v\u00f5imalused enda arendamiseks.<\/p>\n","protected":false},"excerpt":{"rendered":"<p>Oled asunud \u00f5ppima \u00fclikooli ja Sinu ees avaneb terve uus maailm. V\u00f5ib tulla \u00fcllatusena ja tekitada ka omajagu segadust, et \u00fclikool ei olegi Sinu \u00f5ppeaineid selgelt paika pannud, koolisk\u00e4imist ei kontrollita ja igap\u00e4evaseid kodu\u00fclesandeid ja hindeid v\u00f5i punkte v\u00f5ib-olla polegi. &#8230;<\/p>\n","protected":false},"author":346,"featured_media":0,"parent":0,"menu_order":0,"comment_status":"closed","ping_status":"closed","template":"","meta":{"_acf_changed":false,"inline_featured_image":false,"footnotes":""},"class_list":["post-1281","page","type-page","status-publish","hentry"],"acf":[],"_links":{"self":[{"href":"https:\/\/sisu.ut.ee\/karjaarivarav\/wp-json\/wp\/v2\/pages\/1281","targetHints":{"allow":["GET"]}}],"collection":[{"href":"https:\/\/sisu.ut.ee\/karjaarivarav\/wp-json\/wp\/v2\/pages"}],"about":[{"href":"https:\/\/sisu.ut.ee\/karjaarivarav\/wp-json\/wp\/v2\/types\/page"}],"author":[{"embeddable":true,"href":"https:\/\/sisu.ut.ee\/karjaarivarav\/wp-json\/wp\/v2\/users\/346"}],"replies":[{"embeddable":true,"href":"https:\/\/sisu.ut.ee\/karjaarivarav\/wp-json\/wp\/v2\/comments?post=1281"}],"version-history":[{"count":13,"href":"https:\/\/sisu.ut.ee\/karjaarivarav\/wp-json\/wp\/v2\/pages\/1281\/revisions"}],"predecessor-version":[{"id":1895,"href":"https:\/\/sisu.ut.ee\/karjaarivarav\/wp-json\/wp\/v2\/pages\/1281\/revisions\/1895"}],"wp:attachment":[{"href":"https:\/\/sisu.ut.ee\/karjaarivarav\/wp-json\/wp\/v2\/media?parent=1281"}],"curies":[{"name":"wp","href":"https:\/\/api.w.org\/{rel}","templated":true}]}}