{"id":1238,"date":"2025-03-05T16:37:05","date_gmt":"2025-03-05T14:37:05","guid":{"rendered":"https:\/\/sisu.ut.ee\/karjaarivarav\/?page_id=1238"},"modified":"2025-04-29T09:48:10","modified_gmt":"2025-04-29T06:48:10","slug":"rahvusvaheline-kust-saad-tuge","status":"publish","type":"page","link":"https:\/\/sisu.ut.ee\/karjaarivarav\/rahvusvaheline-kust-saad-tuge\/","title":{"rendered":"Kust saad tuge?"},"content":{"rendered":"<div style=\"height:15px\" aria-hidden=\"true\" class=\"wp-block-spacer\"><\/div>\n\n\n\n<p>\u00d5pir\u00e4nnet planeerides v\u00f5id tunda end suure infohulga keskel \u00fcsna segaduses ja vahel ka p\u00e4ris \u00fcksi. R\u00e4\u00e4gi ja aruta julgesti<\/p>\n\n\n\n<ul class=\"wp-block-list\">\n<li>oma juhendaja, \u00f5ppekava programmijuhi v\u00f5i praktika\u00f5ppeaine juhendajaga, kuidas p\u00f5imida \u00f5pir\u00e4nne oma \u00f5ppeplaani,<\/li>\n\n\n\n<li>oma <a href=\"https:\/\/ut.ee\/et\/sisu\/erasmus-opirande-koordinaatorid-valdkondades\">valdkonna Erasmus+ \u00f5pir\u00e4nde koordinaatoriga<\/a>,<\/li>\n\n\n\n<li><a href=\"https:\/\/ut.ee\/et\/sisu\/oppekorralduslik-noustamine\">T\u00dc n\u00f5ustamiskeskuse \u00f5ppekorraldusn\u00f5ustaja<\/a> v\u00f5i oma eriala \u00f5ppekorralduse spetsialistiga <a href=\"https:\/\/ut.ee\/et\/opirande-asjaajamine\">v\u00e4lismaal \u00f5ppimise korraldusest ja asjaajamisest,<\/a><\/li>\n\n\n\n<li><a href=\"https:\/\/ut.ee\/et\/sisu\/karjaarinoustamine\">T\u00dc karj\u00e4\u00e4rin\u00f5ustajaga<\/a> oma \u00f5pir\u00e4ndeplaanist ja karj\u00e4\u00e4ri kujundamisest.<\/li>\n<\/ul>\n","protected":false},"excerpt":{"rendered":"<p>\u00d5pir\u00e4nnet planeerides v\u00f5id tunda end suure infohulga keskel \u00fcsna segaduses ja vahel ka p\u00e4ris \u00fcksi. R\u00e4\u00e4gi ja aruta julgesti<\/p>\n","protected":false},"author":346,"featured_media":0,"parent":0,"menu_order":0,"comment_status":"closed","ping_status":"closed","template":"","meta":{"_acf_changed":false,"inline_featured_image":false,"footnotes":""},"class_list":["post-1238","page","type-page","status-publish","hentry"],"acf":[],"_links":{"self":[{"href":"https:\/\/sisu.ut.ee\/karjaarivarav\/wp-json\/wp\/v2\/pages\/1238","targetHints":{"allow":["GET"]}}],"collection":[{"href":"https:\/\/sisu.ut.ee\/karjaarivarav\/wp-json\/wp\/v2\/pages"}],"about":[{"href":"https:\/\/sisu.ut.ee\/karjaarivarav\/wp-json\/wp\/v2\/types\/page"}],"author":[{"embeddable":true,"href":"https:\/\/sisu.ut.ee\/karjaarivarav\/wp-json\/wp\/v2\/users\/346"}],"replies":[{"embeddable":true,"href":"https:\/\/sisu.ut.ee\/karjaarivarav\/wp-json\/wp\/v2\/comments?post=1238"}],"version-history":[{"count":1,"href":"https:\/\/sisu.ut.ee\/karjaarivarav\/wp-json\/wp\/v2\/pages\/1238\/revisions"}],"predecessor-version":[{"id":1239,"href":"https:\/\/sisu.ut.ee\/karjaarivarav\/wp-json\/wp\/v2\/pages\/1238\/revisions\/1239"}],"wp:attachment":[{"href":"https:\/\/sisu.ut.ee\/karjaarivarav\/wp-json\/wp\/v2\/media?parent=1238"}],"curies":[{"name":"wp","href":"https:\/\/api.w.org\/{rel}","templated":true}]}}