{"id":1234,"date":"2025-03-05T16:37:10","date_gmt":"2025-03-05T14:37:10","guid":{"rendered":"https:\/\/sisu.ut.ee\/karjaarivarav\/?page_id=1234"},"modified":"2026-01-16T08:49:18","modified_gmt":"2026-01-16T06:49:18","slug":"rahvusvaheline-kogemus-koduulikoolis","status":"publish","type":"page","link":"https:\/\/sisu.ut.ee\/karjaarivarav\/rahvusvaheline-kogemus-koduulikoolis\/","title":{"rendered":"Rahvusvaheline kogemus kodu\u00fclikoolis"},"content":{"rendered":"<figure class=\"wp-block-image aligncenter size-large is-resized\"><img loading=\"lazy\" decoding=\"async\" width=\"1024\" height=\"323\" src=\"https:\/\/sisu.ut.ee\/wp-content\/uploads\/sites\/644\/Rahvusvaheline-opikogemus-1024x323.jpg\" alt=\"\" class=\"wp-image-1225\" style=\"width:701px;height:auto\" srcset=\"https:\/\/sisu.ut.ee\/wp-content\/uploads\/sites\/644\/Rahvusvaheline-opikogemus-1024x323.jpg 1024w, https:\/\/sisu.ut.ee\/wp-content\/uploads\/sites\/644\/Rahvusvaheline-opikogemus-300x95.jpg 300w, https:\/\/sisu.ut.ee\/wp-content\/uploads\/sites\/644\/Rahvusvaheline-opikogemus-768x242.jpg 768w, https:\/\/sisu.ut.ee\/wp-content\/uploads\/sites\/644\/Rahvusvaheline-opikogemus-1536x484.jpg 1536w, https:\/\/sisu.ut.ee\/wp-content\/uploads\/sites\/644\/Rahvusvaheline-opikogemus-2048x646.jpg 2048w, https:\/\/sisu.ut.ee\/wp-content\/uploads\/sites\/644\/Rahvusvaheline-opikogemus-1920x605.jpg 1920w\" sizes=\"auto, (max-width: 1024px) 100vw, 1024px\"><figcaption class=\"wp-element-caption\">Autor: K\u00e4triin S\u00e4de<\/figcaption><\/figure>\n\n\n\n<p>Kui v\u00e4lis\u00f5ppesse ei ole v\u00f5imalik minna, aga soovid mitmekesistada oma \u00f5piteekonda, m\u00f5tle l\u00e4bi oma v\u00f5imalused kodu\u00fclikoolis ja tee selle p\u00f5hjal teadlikke valikuid.<\/p>\n\n\n<div class=\"accordion-block mb-3\">\n\t\t<div class=\"accordion \" id=\"accordion-accordion-69dce34977575\">\n\t\t\t\t\t\t\t<div class=\"accordion-item accordion-item--blue\">\n\t\t\t\t\t<h2 class=\"accordion-header\" id=\"accordion-69dce34977575-heading-1\">\n\t\t\t\t\t\t<button class=\"accordion-button collapsed\" type=\"button\" data-bs-toggle=\"collapse\" data-bs-target=\"#accordion-69dce34977575-collapse-1\" aria-expanded=\"true\" aria-controls=\"accordion-69dce34977575-collapse-1\">\n\t\t\t\t\t\t\tLisa oma \u00f5ppeplaani v\u00f5\u00f5rkeelseid \u00f5ppeaineid. \n\t\t\t\t\t\t<\/button>\n\t\t\t\t\t<\/h2>\n\t\t\t\t\t<div id=\"accordion-69dce34977575-collapse-1\" class=\"accordion-collapse collapse \" aria-labelledby=\"accordion-69dce34977575-heading-1\">\n\t\t\t\t\t\t<div class=\"accordion-body\">\n\t\t\t\t\t\t\t<p>Uuri \u00f5ppeinfos\u00fcsteemist v\u00f5i \u00f5ppekorralduse spetsialistilt, kas ja milliseid v\u00f5\u00f5rkeelseid \u00f5ppeaineid Sinu \u00f5ppekavas v\u00f5i \u00fclikoolis leidub. Kursused, kus \u00f5pivad koos kohalikud ja v\u00e4lis\u00fcli\u00f5pilased, lubavad Sul panna proovile oma kohanemisoskus, katsetada oma piire ning teha arendavat koost\u00f6\u00f6d eri kultuuriruumist p\u00e4rit inimestega. Ole avatud ja aktiivne \u2013 kui v\u00f5imalik, vali oma r\u00fchmat\u00f6\u00f6 kaaslasteks v\u00e4lis\u00fcli\u00f5pilased.<\/p>\n\n\t\t\t\t\t\t<\/div>\n\t\t\t\t\t<\/div>\n\t\t\t\t<\/div>\n\t\t\t\t\t\t\t<div class=\"accordion-item accordion-item--blue\">\n\t\t\t\t\t<h2 class=\"accordion-header\" id=\"accordion-69dce34977575-heading-2\">\n\t\t\t\t\t\t<button class=\"accordion-button collapsed\" type=\"button\" data-bs-toggle=\"collapse\" data-bs-target=\"#accordion-69dce34977575-collapse-2\" aria-expanded=\"true\" aria-controls=\"accordion-69dce34977575-collapse-2\">\n\t\t\t\t\t\t\tOsale v\u00e4lisk\u00fclalislektorite loengutes ja seminarides.\n\t\t\t\t\t\t<\/button>\n\t\t\t\t\t<\/h2>\n\t\t\t\t\t<div id=\"accordion-69dce34977575-collapse-2\" class=\"accordion-collapse collapse \" aria-labelledby=\"accordion-69dce34977575-heading-2\">\n\t\t\t\t\t\t<div class=\"accordion-body\">\n\t\t\t\t\t\t\t<p>See v\u00f5imaldab Sul saada aimu teiste k\u00f5rgkoolide \u00f5petamisviisidest ja -kultuurist.<\/p>\n\n\t\t\t\t\t\t<\/div>\n\t\t\t\t\t<\/div>\n\t\t\t\t<\/div>\n\t\t\t\t\t\t\t<div class=\"accordion-item accordion-item--blue\">\n\t\t\t\t\t<h2 class=\"accordion-header\" id=\"accordion-69dce34977575-heading-3\">\n\t\t\t\t\t\t<button class=\"accordion-button collapsed\" type=\"button\" data-bs-toggle=\"collapse\" data-bs-target=\"#accordion-69dce34977575-collapse-3\" aria-expanded=\"true\" aria-controls=\"accordion-69dce34977575-collapse-3\">\n\t\t\t\t\t\t\tOsale v\u00e4lis\u00fclikoolide veebip\u00f5histel kursustel ja \u00fcritustel.\n\t\t\t\t\t\t<\/button>\n\t\t\t\t\t<\/h2>\n\t\t\t\t\t<div id=\"accordion-69dce34977575-collapse-3\" class=\"accordion-collapse collapse \" aria-labelledby=\"accordion-69dce34977575-heading-3\">\n\t\t\t\t\t\t<div class=\"accordion-body\">\n\t\t\t\t\t\t\t<p>Vaata v\u00f5imalusi n\u00e4iteks vaba juurdep\u00e4\u00e4suga e-kursustel (<i><span style=\"font-weight: normal !msorm;\">MOOC<\/span><\/i>). Uuri ka <a href=\"https:\/\/ut.ee\/et\/enlight\">Enlighti v\u00e4lis\u00f5ppe v\u00f5imalusi \u00fcli\u00f5pilastele<\/a>.<\/p>\n\n\t\t\t\t\t\t<\/div>\n\t\t\t\t\t<\/div>\n\t\t\t\t<\/div>\n\t\t\t\t\t\t\t<div class=\"accordion-item accordion-item--blue\">\n\t\t\t\t\t<h2 class=\"accordion-header\" id=\"accordion-69dce34977575-heading-4\">\n\t\t\t\t\t\t<button class=\"accordion-button collapsed\" type=\"button\" data-bs-toggle=\"collapse\" data-bs-target=\"#accordion-69dce34977575-collapse-4\" aria-expanded=\"true\" aria-controls=\"accordion-69dce34977575-collapse-4\">\n\t\t\t\t\t\t\tOsale tuutorite v\u00e4lja\u00f5ppes.\n\t\t\t\t\t\t<\/button>\n\t\t\t\t\t<\/h2>\n\t\t\t\t\t<div id=\"accordion-69dce34977575-collapse-4\" class=\"accordion-collapse collapse \" aria-labelledby=\"accordion-69dce34977575-heading-4\">\n\t\t\t\t\t\t<div class=\"accordion-body\">\n\t\t\t\t\t\t\t<p>Kasuta v\u00f5imalust olla \u00fchel s\u00fcgissemestril toeks ingliskeelse \u00f5ppekava \u00fcli\u00f5pilastele. <a href=\"https:\/\/ut.ee\/et\/sisu\/tugi-tuutorilt\">Tuutorina<\/a> saad aidata neil kohaneda (\u00fcli\u00f5pilas)eluga uues riigis ja k\u00f5rgkoolis ning arendada enda kohanemis-, suhtlemis-, organiseerimis-, koost\u00f6\u00f6- ja juhendamisoskusi. Samuti saad aimu sellest, mis v\u00f5ib Sind ennast v\u00e4listudengina ees oodata.<\/p>\n\n\t\t\t\t\t\t<\/div>\n\t\t\t\t\t<\/div>\n\t\t\t\t<\/div>\n\t\t\t\t\t<\/div>\n\t<\/div>\n","protected":false},"excerpt":{"rendered":"<p>Kui v\u00e4lis\u00f5ppesse ei ole v\u00f5imalik minna, aga soovid mitmekesistada oma \u00f5piteekonda, m\u00f5tle l\u00e4bi oma v\u00f5imalused kodu\u00fclikoolis ja tee selle p\u00f5hjal teadlikke valikuid.<\/p>\n","protected":false},"author":346,"featured_media":0,"parent":0,"menu_order":0,"comment_status":"closed","ping_status":"closed","template":"","meta":{"_acf_changed":false,"inline_featured_image":false,"footnotes":""},"class_list":["post-1234","page","type-page","status-publish","hentry"],"acf":[],"_links":{"self":[{"href":"https:\/\/sisu.ut.ee\/karjaarivarav\/wp-json\/wp\/v2\/pages\/1234","targetHints":{"allow":["GET"]}}],"collection":[{"href":"https:\/\/sisu.ut.ee\/karjaarivarav\/wp-json\/wp\/v2\/pages"}],"about":[{"href":"https:\/\/sisu.ut.ee\/karjaarivarav\/wp-json\/wp\/v2\/types\/page"}],"author":[{"embeddable":true,"href":"https:\/\/sisu.ut.ee\/karjaarivarav\/wp-json\/wp\/v2\/users\/346"}],"replies":[{"embeddable":true,"href":"https:\/\/sisu.ut.ee\/karjaarivarav\/wp-json\/wp\/v2\/comments?post=1234"}],"version-history":[{"count":7,"href":"https:\/\/sisu.ut.ee\/karjaarivarav\/wp-json\/wp\/v2\/pages\/1234\/revisions"}],"predecessor-version":[{"id":1899,"href":"https:\/\/sisu.ut.ee\/karjaarivarav\/wp-json\/wp\/v2\/pages\/1234\/revisions\/1899"}],"wp:attachment":[{"href":"https:\/\/sisu.ut.ee\/karjaarivarav\/wp-json\/wp\/v2\/media?parent=1234"}],"curies":[{"name":"wp","href":"https:\/\/api.w.org\/{rel}","templated":true}]}}