{"id":1232,"date":"2025-03-05T16:37:14","date_gmt":"2025-03-05T14:37:14","guid":{"rendered":"https:\/\/sisu.ut.ee\/karjaarivarav\/?page_id=1232"},"modified":"2026-01-16T08:47:10","modified_gmt":"2026-01-16T06:47:10","slug":"milliseid-opirandevoimalusi-pakutakse","status":"publish","type":"page","link":"https:\/\/sisu.ut.ee\/karjaarivarav\/milliseid-opirandevoimalusi-pakutakse\/","title":{"rendered":"Milliseid \u00f5pir\u00e4ndev\u00f5imalusi pakutakse?"},"content":{"rendered":"<figure class=\"wp-block-image aligncenter size-large is-resized\"><img loading=\"lazy\" decoding=\"async\" width=\"1024\" height=\"323\" src=\"https:\/\/sisu.ut.ee\/wp-content\/uploads\/sites\/644\/Rahvusvaheline-opikogemus-1024x323.jpg\" alt=\"\" class=\"wp-image-1225\" style=\"width:701px;height:auto\" srcset=\"https:\/\/sisu.ut.ee\/wp-content\/uploads\/sites\/644\/Rahvusvaheline-opikogemus-1024x323.jpg 1024w, https:\/\/sisu.ut.ee\/wp-content\/uploads\/sites\/644\/Rahvusvaheline-opikogemus-300x95.jpg 300w, https:\/\/sisu.ut.ee\/wp-content\/uploads\/sites\/644\/Rahvusvaheline-opikogemus-768x242.jpg 768w, https:\/\/sisu.ut.ee\/wp-content\/uploads\/sites\/644\/Rahvusvaheline-opikogemus-1536x484.jpg 1536w, https:\/\/sisu.ut.ee\/wp-content\/uploads\/sites\/644\/Rahvusvaheline-opikogemus-2048x646.jpg 2048w, https:\/\/sisu.ut.ee\/wp-content\/uploads\/sites\/644\/Rahvusvaheline-opikogemus-1920x605.jpg 1920w\" sizes=\"auto, (max-width: 1024px) 100vw, 1024px\"><figcaption class=\"wp-element-caption\">Autor: K\u00e4triin S\u00e4de<\/figcaption><\/figure>\n\n\n\n<ul class=\"wp-block-list\">\n<li>Et veeta semester v\u00f5i \u00f5ppeaasta v\u00e4lisk\u00f5rgkoolis, uuri l\u00e4hemalt programmi \u201eErasmus+\u201c <a href=\"https:\/\/ut.ee\/et\/erasmus-euroopa-sisene-opiranne\">Euroopa-sisese \u00f5pir\u00e4nde<\/a> ja <a href=\"https:\/\/ut.ee\/et\/sisu\/erasmus-uleilmne-opiranne-0\">\u00fcleilmse \u00f5pir\u00e4nde<\/a> v\u00f5imaluste kohta Tartu \u00dclikoolis. Vaata ka, milliseid <a href=\"https:\/\/ut.ee\/et\/sisu\/valismaale-oppima-planeerimine\">\u00f5pir\u00e4ndeprogramme<\/a> Tartu \u00dclikool veel pakub.<\/li>\n\n\n\n<li><a href=\"https:\/\/ut.ee\/et\/erasmusepraktika\"><strong>Programmiga \u201eErasmus+\u201c saab minna praktikale<\/strong><\/a><strong> <\/strong>nii \u00f5pingute ajal kui ka hiljem, \u00fche aasta jooksul p\u00e4rast l\u00f5petamist. Praktika sooritamiseks tuleb Sul leida vastuv\u00f5ttev asutus v\u00f5i ettev\u00f5te, mille tegevusala ja profiil sobivad Sinu eriala ja isikliku arengu huvidega. Praktikakoha otsimisel on abiks <a href=\"https:\/\/ut.ee\/et\/praktikale-voi-suvekooli\">T\u00dc \u00f5pir\u00e4ndekeskuse soovitused<\/a> ja <a href=\"https:\/\/erasmusintern.org\/\">Erasmuse praktikaportaal<\/a>.<\/li>\n\n\n\n<li><a href=\"https:\/\/ut.ee\/et\/poimitud-opiranne\"><strong>L\u00fchiajaline p\u00f5imitud \u00f5pir\u00e4nne<\/strong><\/a> v\u00f5imaldab \u00f5ppida 5\u201330 p\u00e4eva sihtriigis kohapeal ja j\u00e4tkata seej\u00e4rel veebip\u00f5hise \u00f5ppe v\u00f5i praktikaga. See on hea lahendus ka neile, kes ei saa mingil p\u00f5hjusel pikemat \u00f5pir\u00e4nnet ette v\u00f5tta.<\/li>\n\n\n\n<li><a href=\"https:\/\/ut.ee\/et\/sisu\/summer-schools\"><strong>Rahvusvahelised suve- ja talvekoolid<\/strong><\/a>on \u00f5pinguid rikastavad l\u00fchikesed programmid, mille jooksul saad koguda teadmisi loengutes, veeta aega rahvusvahelises seltskonnas ja osaleda mitmekesises vaba aja programmis.<\/li>\n\n\n\n<li>Kui soovid l\u00e4bida kogu <strong>bakalaureuse-, magistri- v\u00f5i doktori\u00f5ppe v\u00e4lisk\u00f5rgkoolis<\/strong>, leia endale sobiv \u00f5ppeasutus ning uuri nende kodulehelt \u00f5piv\u00f5imaluste ja vastuv\u00f5tutingimuste kohta. Vii end aegsasti kurssi ka sihtriigi elamistingimuste ja muu vajaliku infoga.<\/li>\n<\/ul>\n","protected":false},"excerpt":{"rendered":"","protected":false},"author":346,"featured_media":0,"parent":0,"menu_order":0,"comment_status":"closed","ping_status":"closed","template":"","meta":{"_acf_changed":false,"inline_featured_image":false,"footnotes":""},"class_list":["post-1232","page","type-page","status-publish","hentry"],"acf":[],"_links":{"self":[{"href":"https:\/\/sisu.ut.ee\/karjaarivarav\/wp-json\/wp\/v2\/pages\/1232","targetHints":{"allow":["GET"]}}],"collection":[{"href":"https:\/\/sisu.ut.ee\/karjaarivarav\/wp-json\/wp\/v2\/pages"}],"about":[{"href":"https:\/\/sisu.ut.ee\/karjaarivarav\/wp-json\/wp\/v2\/types\/page"}],"author":[{"embeddable":true,"href":"https:\/\/sisu.ut.ee\/karjaarivarav\/wp-json\/wp\/v2\/users\/346"}],"replies":[{"embeddable":true,"href":"https:\/\/sisu.ut.ee\/karjaarivarav\/wp-json\/wp\/v2\/comments?post=1232"}],"version-history":[{"count":4,"href":"https:\/\/sisu.ut.ee\/karjaarivarav\/wp-json\/wp\/v2\/pages\/1232\/revisions"}],"predecessor-version":[{"id":1898,"href":"https:\/\/sisu.ut.ee\/karjaarivarav\/wp-json\/wp\/v2\/pages\/1232\/revisions\/1898"}],"wp:attachment":[{"href":"https:\/\/sisu.ut.ee\/karjaarivarav\/wp-json\/wp\/v2\/media?parent=1232"}],"curies":[{"name":"wp","href":"https:\/\/api.w.org\/{rel}","templated":true}]}}