{"id":1145,"date":"2025-03-10T10:05:12","date_gmt":"2025-03-10T08:05:12","guid":{"rendered":"https:\/\/sisu.ut.ee\/karjaarivarav\/?page_id=1145"},"modified":"2026-01-16T09:17:27","modified_gmt":"2026-01-16T07:17:27","slug":"enesearendamise-voimalused-valjaspool-ulikooli","status":"publish","type":"page","link":"https:\/\/sisu.ut.ee\/karjaarivarav\/enesearendamise-voimalused-valjaspool-ulikooli\/","title":{"rendered":"Enesearendamise v\u00f5imalused v\u00e4ljaspool \u00fclikooli\u00a0"},"content":{"rendered":"<div style=\"height:16px\" aria-hidden=\"true\" class=\"wp-block-spacer\"><\/div>\n\n\n\n<figure class=\"wp-block-image alignright size-large is-resized\"><img loading=\"lazy\" decoding=\"async\" width=\"1024\" height=\"878\" src=\"https:\/\/sisu.ut.ee\/wp-content\/uploads\/sites\/644\/Osale-ja-arene-1024x878.jpg\" alt=\"\" class=\"wp-image-1138\" style=\"width:380px;height:auto\" srcset=\"https:\/\/sisu.ut.ee\/wp-content\/uploads\/sites\/644\/Osale-ja-arene-1024x878.jpg 1024w, https:\/\/sisu.ut.ee\/wp-content\/uploads\/sites\/644\/Osale-ja-arene-300x257.jpg 300w, https:\/\/sisu.ut.ee\/wp-content\/uploads\/sites\/644\/Osale-ja-arene-768x658.jpg 768w, https:\/\/sisu.ut.ee\/wp-content\/uploads\/sites\/644\/Osale-ja-arene-1536x1317.jpg 1536w, https:\/\/sisu.ut.ee\/wp-content\/uploads\/sites\/644\/Osale-ja-arene.jpg 1578w\" sizes=\"auto, (max-width: 1024px) 100vw, 1024px\"><\/figure>\n\n\n\n<p>V\u00e4ljaspool \u00fclikooli saab ennast proovile panna ja arendada arvukatel viisidel.\u00a0<\/p>\n\n\n\n<p><a href=\"https:\/\/vabatahtlikud.ee\/\" target=\"_blank\" rel=\"noreferrer noopener\"><strong>Vabatahtlikuna<\/strong><\/a> on v\u00f5imalik panustada ja ennast arendada pea k\u00f5ikides valdkondades, saada uusi oskusi ja laiendada oma suhtlusv\u00f5rgustikku, olgu selleks Tartu \u00dclikooli Sihtasutuse tegevuse reklaamimine, kellegi pildistamine, \u00fcrituste korraldamine v\u00f5i osalemine ehituslaagris Soomaal. Sa v\u00f5id otsustada, kas l\u00e4hed vabatahtlikuks enda huvide p\u00f5hjal v\u00f5i proovid hoopis midagi uut.\u00a0<\/p>\n\n\n\n<p><strong>Praktika<\/strong> on sageli \u00f5ppekava k\u00f5ige p\u00f5nevam osa, mis v\u00f5ib olla kohustuslik v\u00f5i vabatahtlik. Erialasel praktikal saad juba rakendada oma erialateadmisi ja -oskusi, arendada ennast ning luua vajalikke kontakte t\u00f6\u00f6maailmas. <a href=\"https:\/\/praktika.ut.ee\/\">Praktikaveebi<\/a>  lehelt leiad nii projektipraktika kui ka teisi p\u00f5nevaid v\u00f5imalusi. Rubriigis<a href=\"https:\/\/sisu.ut.ee\/karjaarivarav\/praktika\/\"> \u201ePraktika\u201c<\/a> saad p\u00f5hjaliku \u00fclevaate praktikal k\u00e4imisest.\u00a0<\/p>\n\n\n\n<p>\u00d5pingute k\u00f5rvalt on v\u00f5imalik aidata <strong>korraldada \u00fcritusi<\/strong> n\u00e4iteks tudengiorganisatsioonis. Nii saad katsetada ja arendada oma planeerimis- ja organiseerimisoskusi, meeskonnat\u00f6\u00f6d ja suhtlemisoskust. Need oskused on Sulle hiljem igal pool vajalikud.\u00a0<\/p>\n\n\n\n<p><strong>Taskuh\u00e4\u00e4lingud<\/strong> on lihtne viis enda arendamiseks ja silmaringi laiendamiseks, sest Sa saad neid kuulata muu tegevuse ajal ja \u00fchendada nii meeldiva kasulikuga. Ka <strong>blogisid<\/strong> on tohutult palju, sealhulgas teemadel, mis v\u00f5ivad Sind huvitada. Uuri, milliseid blogisid loevad sinu valdkonna arvamusliidrid, see v\u00f5ib anda inspiratsiooni. Kuna internetist v\u00f5ib leida igasugust informatsiooni, on oluline osata hinnata seda kriitiliselt.\u00a0<\/p>\n\n\n\n<p>T\u00f6\u00f6maailm pakub rohkeid v\u00f5imalusi t\u00f6\u00f6elus osalemiseks. \u00dcks neist on <strong>projektip\u00f5hine t\u00f6\u00f6<\/strong>, mis v\u00f5ib kesta m\u00f5nest kuust mitme aastani. Ka l\u00fchiajalised projektid pakuvad arenemisv\u00f5imalust ja nende k\u00e4igus saab luua uusi kontakte.\u00a0<\/p>\n\n\n\n<p>\u00d5pingute k\u00f5rvalt <strong>t\u00f6\u00f6tamine<\/strong> on \u00f5petlik ka siis, kui see pole \u00fcldse Sinu erialaga seotud. See arendab tervet hulka \u00fcldoskusi, mis tulevad kasuks nii \u00f5pingutes kui ka mujal, n\u00e4iteks koost\u00f6\u00f6oskus, anal\u00fc\u00fcsi- ja kriitilise m\u00f5tlemise oskus, veenmis- ja l\u00e4bir\u00e4\u00e4kimisoskus. Kui otsustad t\u00f6\u00f6tada \u00f5pingute k\u00f5rvalt, tasub enne m\u00f5elda, kuidas hoida tasakaalu \u00f5pingute ja t\u00f6\u00f6 vahel. Rubriigis <a href=\"https:\/\/sisu.ut.ee\/karjaarivarav\/tooelu-planeerimine\/\">\u201eT\u00f6\u00f6elu planeerimine\u201c<\/a> saad p\u00f5hjaliku \u00fclevaate sellest, mil viisil oma t\u00f6\u00f6elu kavandada.\u00a0<\/p>\n\n\n\n<p>Nimekiri <strong>hobidest<\/strong> v\u00f5ib olla l\u00f5putu: olgu see sport, lugemine, blogi pidamine, laulmine, tantsimine, looduses uitamine, reisimine v\u00f5i midagi muud. Iga hobi rikastab Su elu, teeb Sind \u00f5nnelikumaks ja arendab Sind. Mida \u00f5nnelikum Sa oled, seda parem on Sinu suhe nii enda kui ka teistega.\u00a0<\/p>\n\n\n\n<p>Kokkuv\u00f5ttes saab \u00f6elda, et iga asi, mille ette v\u00f5tad, arendab Sind. Ole lihtsalt avatud ja m\u00e4rka v\u00f5imalusi enda \u00fcmber. Pane t\u00e4hele, mis Sinus muutub, kui teed midagi uut, ja m\u00f5tle, kuidas uued teadmised ja oskused Sind edaspidi toetavad. Viise enesearenguks on palju. Esimene samm on v\u00f5tta omaks arengule keskenduv m\u00f5tteviis.<\/p>\n","protected":false},"excerpt":{"rendered":"<p>V\u00e4ljaspool \u00fclikooli saab ennast proovile panna ja arendada arvukatel viisidel.\u00a0 Vabatahtlikuna on v\u00f5imalik panustada ja ennast arendada pea k\u00f5ikides valdkondades, saada uusi oskusi ja laiendada oma suhtlusv\u00f5rgustikku, olgu selleks Tartu \u00dclikooli Sihtasutuse tegevuse reklaamimine, kellegi pildistamine, \u00fcrituste korraldamine v\u00f5i osalemine &#8230;<\/p>\n","protected":false},"author":346,"featured_media":0,"parent":0,"menu_order":0,"comment_status":"closed","ping_status":"closed","template":"","meta":{"_acf_changed":false,"inline_featured_image":false,"footnotes":""},"class_list":["post-1145","page","type-page","status-publish","hentry"],"acf":[],"_links":{"self":[{"href":"https:\/\/sisu.ut.ee\/karjaarivarav\/wp-json\/wp\/v2\/pages\/1145","targetHints":{"allow":["GET"]}}],"collection":[{"href":"https:\/\/sisu.ut.ee\/karjaarivarav\/wp-json\/wp\/v2\/pages"}],"about":[{"href":"https:\/\/sisu.ut.ee\/karjaarivarav\/wp-json\/wp\/v2\/types\/page"}],"author":[{"embeddable":true,"href":"https:\/\/sisu.ut.ee\/karjaarivarav\/wp-json\/wp\/v2\/users\/346"}],"replies":[{"embeddable":true,"href":"https:\/\/sisu.ut.ee\/karjaarivarav\/wp-json\/wp\/v2\/comments?post=1145"}],"version-history":[{"count":5,"href":"https:\/\/sisu.ut.ee\/karjaarivarav\/wp-json\/wp\/v2\/pages\/1145\/revisions"}],"predecessor-version":[{"id":1908,"href":"https:\/\/sisu.ut.ee\/karjaarivarav\/wp-json\/wp\/v2\/pages\/1145\/revisions\/1908"}],"wp:attachment":[{"href":"https:\/\/sisu.ut.ee\/karjaarivarav\/wp-json\/wp\/v2\/media?parent=1145"}],"curies":[{"name":"wp","href":"https:\/\/api.w.org\/{rel}","templated":true}]}}