{"id":1133,"date":"2025-03-10T10:05:19","date_gmt":"2025-03-10T08:05:19","guid":{"rendered":"https:\/\/sisu.ut.ee\/karjaarivarav\/?page_id=1133"},"modified":"2024-09-18T11:09:38","modified_gmt":"2024-09-18T08:09:38","slug":"enese-arendamise-voimalused-ulikoolis","status":"publish","type":"page","link":"https:\/\/sisu.ut.ee\/karjaarivarav\/enese-arendamise-voimalused-ulikoolis\/","title":{"rendered":"Enesearendamise v\u00f5imalused \u00fclikoolis"},"content":{"rendered":"<div style=\"height:18px\" aria-hidden=\"true\" class=\"wp-block-spacer\"><\/div>\n\n\n\n<figure class=\"wp-block-image alignright size-large is-resized\"><img loading=\"lazy\" decoding=\"async\" width=\"1024\" height=\"878\" src=\"https:\/\/sisu.ut.ee\/wp-content\/uploads\/sites\/644\/Osale-ja-arene-1024x878.jpg\" alt=\"\" class=\"wp-image-1138\" style=\"width:396px;height:auto\" srcset=\"https:\/\/sisu.ut.ee\/wp-content\/uploads\/sites\/644\/Osale-ja-arene-1024x878.jpg 1024w, https:\/\/sisu.ut.ee\/wp-content\/uploads\/sites\/644\/Osale-ja-arene-300x257.jpg 300w, https:\/\/sisu.ut.ee\/wp-content\/uploads\/sites\/644\/Osale-ja-arene-768x658.jpg 768w, https:\/\/sisu.ut.ee\/wp-content\/uploads\/sites\/644\/Osale-ja-arene-1536x1317.jpg 1536w, https:\/\/sisu.ut.ee\/wp-content\/uploads\/sites\/644\/Osale-ja-arene.jpg 1578w\" sizes=\"auto, (max-width: 1024px) 100vw, 1024px\"><\/figure>\n\n\n\n<p>\u00dclikoolis \u00f5ppimine ei t\u00e4henda ainult erialateadmiste omandamist, vaid laiemalt ja teadlikumalt m\u00f5tlemist, uurimist ja avastamist, mida \u00fclikool veel pakub. Allolevast tabelist leiad mitmesuguseid \u00fclikoolis leiduvaid eneset\u00e4iendusv\u00f5imalusi. Uuri ka rubriigist \u201e\u00d5pingute planeerimine\u201c, kuidas kavandada oma \u00f5pinguid ja mahutada nende k\u00f5rvale muu tegevus.<\/p>\n\n\n\n<div style=\"height:18px\" aria-hidden=\"true\" class=\"wp-block-spacer\"><\/div>\n\n\n<div class=\"accordion-block mb-3\">\n\t\t<div class=\"accordion \" id=\"accordion-accordion-69da6194ebd6d\">\n\t\t\t\t\t\t\t<div class=\"accordion-item accordion-item--blue\">\n\t\t\t\t\t<h2 class=\"accordion-header\" id=\"accordion-69da6194ebd6d-heading-1\">\n\t\t\t\t\t\t<button class=\"accordion-button collapsed\" type=\"button\" data-bs-toggle=\"collapse\" data-bs-target=\"#accordion-69da6194ebd6d-collapse-1\" aria-expanded=\"true\" aria-controls=\"accordion-69da6194ebd6d-collapse-1\">\n\t\t\t\t\t\t\tKOOLITUSED JA KURSUSED\n\t\t\t\t\t\t<\/button>\n\t\t\t\t\t<\/h2>\n\t\t\t\t\t<div id=\"accordion-69da6194ebd6d-collapse-1\" class=\"accordion-collapse collapse \" aria-labelledby=\"accordion-69da6194ebd6d-heading-1\">\n\t\t\t\t\t\t<div class=\"accordion-body\">\n\t\t\t\t\t\t\t<p><!-- wp:table {\"hasFixedLayout\":true,\"className\":\"is-style-regular\"} --><\/p>\n<figure class=\"wp-block-table is-style-regular\">\n<table class=\"table table-hover\" style=\"height: 599px;\" width=\"665\">\n<tbody>\n<tr>\n<td class=\"has-text-align-center\" data-align=\"center\"><strong>V\u00f5imalused<\/strong><\/td>\n<td class=\"has-text-align-center\" data-align=\"center\"><strong>Kirjeldus<\/strong><\/td>\n<td class=\"has-text-align-center\" data-align=\"center\"><strong>Sihtr\u00fchm<\/strong><\/td>\n<td class=\"has-text-align-center\" data-align=\"center\"><strong>Osalustasu<\/strong><\/td>\n<\/tr>\n<tr>\n<td class=\"has-text-align-center\" data-align=\"center\"><a href=\"https:\/\/ut.ee\/et\/sisu\/noustamiskeskuse-koolitused\">Tartu \u00dclikooli n\u00f5ustamiskeskuse koolitused\u00a0<\/a><\/td>\n<td class=\"has-text-align-center\" data-align=\"center\">Karj\u00e4\u00e4ri kujundamise,<br>\nvaimse heaolu ja \u00f5pioskuste<br>\nteemalised l\u00fchikoolitused<\/td>\n<td class=\"has-text-align-center\" data-align=\"center\">\u00dcli\u00f5pilased,<br>\nsh doktorandid<\/td>\n<td class=\"has-text-align-center\" data-align=\"center\">Tasuta<\/td>\n<\/tr>\n<tr>\n<td class=\"has-text-align-center\" data-align=\"center\"><a href=\"https:\/\/ois2.ut.ee\/#\/dashboard\/new\">Vaba- ja valikained<\/a><\/td>\n<td class=\"has-text-align-center\" data-align=\"center\">\u00d5IS-i abil saab leida<br>\nkasulikke ja huvitavaid \u00f5ppeaineid k\u00f5ikide \u00f5ppekavade seast<\/td>\n<td class=\"has-text-align-center\" data-align=\"center\">\u00dcli\u00f5pilased<\/td>\n<td class=\"has-text-align-center\" data-align=\"center\">Tasuta<\/td>\n<\/tr>\n<tr>\n<td class=\"has-text-align-center\" data-align=\"center\"><a href=\"https:\/\/ut.ee\/et\/sisu\/moocide-nimekiri\">Tartu \u00dclikooli Mooc-id<\/a><\/td>\n<td class=\"has-text-align-center\" data-align=\"center\">Vaba juurdep\u00e4\u00e4suga e-<br>\nkursused<\/td>\n<td class=\"has-text-align-center\" data-align=\"center\">K\u00f5ik huvilised<\/td>\n<td class=\"has-text-align-center\" data-align=\"center\">Tasuta<\/td>\n<\/tr>\n<tr>\n<td class=\"has-text-align-center\" data-align=\"center\"><a href=\"https:\/\/ut.ee\/et\/e-taiendusope\">Tartu \u00dclikooli e-<\/a><br>\n<a href=\"https:\/\/ut.ee\/et\/e-taiendusope\">t\u00e4iendus\u00f5pe<\/a><\/td>\n<td class=\"has-text-align-center\" data-align=\"center\">Veebi- ja p\u00f5im\u00f5ppe kursused<\/td>\n<td class=\"has-text-align-center\" data-align=\"center\">K\u00f5ik huvilised<\/td>\n<td class=\"has-text-align-center\" data-align=\"center\">Tasuta ja tasuline<\/td>\n<\/tr>\n<tr>\n<td class=\"has-text-align-center\" data-align=\"center\"><a href=\"https:\/\/ut.ee\/et\/suveulikool\">Tartu \u00dclikooli suve\u00fclikool<\/a><\/td>\n<td class=\"has-text-align-center\" data-align=\"center\">Kursused \u00fcle Eesti ja veebis<\/td>\n<td class=\"has-text-align-center\" data-align=\"center\">K\u00f5ik huvilised<\/td>\n<td class=\"has-text-align-center\" data-align=\"center\">Tasuline<\/td>\n<\/tr>\n<tr>\n<td class=\"has-text-align-center\" data-align=\"center\"><a href=\"https:\/\/e-oppekeskus.ee\/kursused\/\">Tartu \u00dclikooli Teaduskooli e-\u00f5ppekeskus<\/a><\/td>\n<td class=\"has-text-align-center\" data-align=\"center\">E-kursused eri teemadel<\/td>\n<td class=\"has-text-align-center\" data-align=\"center\">P\u00f5hikooli- ja g\u00fcmnaasiumi\u00f5pilased<\/td>\n<td class=\"has-text-align-center\" data-align=\"center\">Tasuta ja tasuline<\/td>\n<\/tr>\n<tr>\n<td class=\"has-text-align-center\" data-align=\"center\"><a href=\"https:\/\/ut.ee\/et\/sisu\/ettevalmistavad-kursused-pohikooli-ja-gumnaasiumiopilastele\">Eksamiteks ettevalmistavad kursused<\/a><\/td>\n<td class=\"has-text-align-center\" data-align=\"center\">Eksamiteks ettevalmistavad ja \u00f5ppimist toetavad kursused<\/td>\n<td class=\"has-text-align-center\" data-align=\"center\">P\u00f5hikooli- ja g\u00fcmnaasiumi\u00f5pilased<\/td>\n<td class=\"has-text-align-center\" data-align=\"center\">Tasuline<\/td>\n<\/tr>\n<\/tbody>\n<\/table>\n<\/figure>\n<p><!-- \/wp:heading --><\/p>\n\n\t\t\t\t\t\t<\/div>\n\t\t\t\t\t<\/div>\n\t\t\t\t<\/div>\n\t\t\t\t\t\t\t<div class=\"accordion-item accordion-item--blue\">\n\t\t\t\t\t<h2 class=\"accordion-header\" id=\"accordion-69da6194ebd6d-heading-2\">\n\t\t\t\t\t\t<button class=\"accordion-button collapsed\" type=\"button\" data-bs-toggle=\"collapse\" data-bs-target=\"#accordion-69da6194ebd6d-collapse-2\" aria-expanded=\"true\" aria-controls=\"accordion-69da6194ebd6d-collapse-2\">\n\t\t\t\t\t\t\t\u00dcRITUSED\n\t\t\t\t\t\t<\/button>\n\t\t\t\t\t<\/h2>\n\t\t\t\t\t<div id=\"accordion-69da6194ebd6d-collapse-2\" class=\"accordion-collapse collapse \" aria-labelledby=\"accordion-69da6194ebd6d-heading-2\">\n\t\t\t\t\t\t<div class=\"accordion-body\">\n\t\t\t\t\t\t\t<p><!-- wp:table {\"className\":\"is-style-regular\"} --><\/p>\n<figure class=\"wp-block-table is-style-regular\">\n<table class=\"table table-hover\">\n<tbody>\n<tr>\n<td class=\"has-text-align-center\" data-align=\"center\"><strong>V\u00f5imalused<\/strong><\/td>\n<td class=\"has-text-align-center\" data-align=\"center\"><strong>Kirjeldus<\/strong><\/td>\n<td class=\"has-text-align-center\" data-align=\"center\"><strong>Sihtr\u00fchm<\/strong><\/td>\n<td class=\"has-text-align-center\" data-align=\"center\"><strong>Osalustasu<\/strong><\/td>\n<\/tr>\n<tr>\n<td class=\"has-text-align-center\" data-align=\"center\">Tartu \u00dclikooli karj\u00e4\u00e4rip\u00e4evad, n\u00e4iteks<br>\n*<a href=\"https:\/\/cs.ut.ee\/et\/sisu\/delta-karjaaripaev\" target=\"_blank\" rel=\"noreferrer noopener\">Delta karj\u00e4\u00e4rip\u00e4ev<\/a><br>\n*<a href=\"https:\/\/humanitaarteadused.ut.ee\/et\/sisu\/humanitaarteaduste-ja-kunstide-valdkonna-karjaaripaev\" target=\"_blank\" rel=\"noreferrer noopener\">Humanitaarteaduste ja kunstide valdkonna karj\u00e4\u00e4rip\u00e4ev<\/a><br>\n*<a href=\"https:\/\/reaalteadused.ut.ee\/et\/sisu\/maarjavalja-karjaaripaev-2024\" target=\"_blank\" rel=\"noreferrer noopener\">Maarjav\u00e4lja karj\u00e4\u00e4rip\u00e4ev<\/a><\/td>\n<td class=\"has-text-align-center\" data-align=\"center\">Kevadsemestril valdkondades ja instituutides toimuvate karj\u00e4\u00e4rip\u00e4evade kohta saab teavet tudengite infokirjast, erialade siselistidest, \u00f5ppehoonete siseekraanidelt ja instituutide kodulehtedelt<\/td>\n<td class=\"has-text-align-center\" data-align=\"center\">\u00dcli\u00f5pilased<\/td>\n<td class=\"has-text-align-center\" data-align=\"center\">Tasuta<\/td>\n<\/tr>\n<tr>\n<td class=\"has-text-align-center\" data-align=\"center\"><a href=\"https:\/\/www.startupday.ee\/\" target=\"_blank\" rel=\"noreferrer noopener\">Startup Day<\/a><\/td>\n<td class=\"has-text-align-center\" data-align=\"center\">Iduettev\u00f5tlusteemaline \u00fcritus<\/td>\n<td class=\"has-text-align-center\" data-align=\"center\">K\u00f5ik huvilised<\/td>\n<td class=\"has-text-align-center\" data-align=\"center\">Tasuline<\/td>\n<\/tr>\n<tr>\n<td class=\"has-text-align-center\" data-align=\"center\">Valdkondade, instituutide ja erialav\u00f5rgustike \u00fcritused<\/td>\n<td class=\"has-text-align-center\" data-align=\"center\">Kohtumiste kohta vilistlaste ja t\u00f6\u00f6andjatega ning muude \u00fcrituste kohta saab teavet erialade siselistidest, \u00f5ppehoonete siseekraanidelt ja stendidelt<\/td>\n<td class=\"has-text-align-center\" data-align=\"center\">\u00dcli\u00f5pilased<\/td>\n<td class=\"has-text-align-center\" data-align=\"center\">Tasuta<\/td>\n<\/tr>\n<\/tbody>\n<\/table>\n<\/figure>\n<p><!-- \/wp:table --><\/p>\n\n\t\t\t\t\t\t<\/div>\n\t\t\t\t\t<\/div>\n\t\t\t\t<\/div>\n\t\t\t\t\t\t\t<div class=\"accordion-item accordion-item--blue\">\n\t\t\t\t\t<h2 class=\"accordion-header\" id=\"accordion-69da6194ebd6d-heading-3\">\n\t\t\t\t\t\t<button class=\"accordion-button collapsed\" type=\"button\" data-bs-toggle=\"collapse\" data-bs-target=\"#accordion-69da6194ebd6d-collapse-3\" aria-expanded=\"true\" aria-controls=\"accordion-69da6194ebd6d-collapse-3\">\n\t\t\t\t\t\t\tMUU TEGEVUS\n\t\t\t\t\t\t<\/button>\n\t\t\t\t\t<\/h2>\n\t\t\t\t\t<div id=\"accordion-69da6194ebd6d-collapse-3\" class=\"accordion-collapse collapse \" aria-labelledby=\"accordion-69da6194ebd6d-heading-3\">\n\t\t\t\t\t\t<div class=\"accordion-body\">\n\t\t\t\t\t\t\t<p><!-- wp:table {\"className\":\"is-style-regular\"} --><\/p>\n<figure class=\"wp-block-table is-style-regular\">\n<table class=\"table table-hover\">\n<tbody>\n<tr>\n<td class=\"has-text-align-center\" data-align=\"center\"><strong>V\u00f5imalused<\/strong><\/td>\n<td class=\"has-text-align-center\" data-align=\"center\"><strong>Kirjeldus<\/strong><\/td>\n<td class=\"has-text-align-center\" data-align=\"center\"><strong>Sihtr\u00fchm<\/strong><\/td>\n<td class=\"has-text-align-center\" data-align=\"center\"><strong>Osalustasu<\/strong><\/td>\n<\/tr>\n<tr>\n<td class=\"has-text-align-center\" data-align=\"center\"><a href=\"https:\/\/tyye.ut.ee\/et\/avaleht\">T\u00dc\u00dcE<\/a><\/td>\n<td class=\"has-text-align-center\" data-align=\"center\">Tegutsemine<br>\n\u00fcli\u00f5pilasesindajana<\/td>\n<td class=\"has-text-align-center\" data-align=\"center\">\u00dcli\u00f5pilased<\/td>\n<td class=\"has-text-align-center\" data-align=\"center\">Tasuta<\/td>\n<\/tr>\n<tr>\n<td class=\"has-text-align-center\" data-align=\"center\"><a href=\"https:\/\/olerohkem.ee\/\">Ole Rohkem<\/a><\/td>\n<td class=\"has-text-align-center\" data-align=\"center\">Tegutsemine huvipakkuvas<br>\ntudengiorganisatsioonis<\/td>\n<td class=\"has-text-align-center\" data-align=\"center\">\u00dcli\u00f5pilased<\/td>\n<td class=\"has-text-align-center\" data-align=\"center\">Tasuta<\/td>\n<\/tr>\n<tr>\n<td class=\"has-text-align-center\" data-align=\"center\"><a href=\"https:\/\/liider.ut.ee\/et\/esilehekulg\/\">Liidriprogramm<\/a><\/td>\n<td class=\"has-text-align-center\" data-align=\"center\">\u00dcrituste ja muu tegevuse<br>\nkorraldamine ning esinemine<\/td>\n<td class=\"has-text-align-center\" data-align=\"center\">\u00dcli\u00f5pilased<\/td>\n<td class=\"has-text-align-center\" data-align=\"center\">Tasuta<\/td>\n<\/tr>\n<tr>\n<td class=\"has-text-align-center\" data-align=\"center\"><a href=\"https:\/\/futulab.ut.ee\/projektipraktika\/\">Projektipraktika<\/a><\/td>\n<td class=\"has-text-align-center\" data-align=\"center\">Praktika m\u00f5nes projektis<br>\nosalemisel<\/td>\n<td class=\"has-text-align-center\" data-align=\"center\">\u00dcli\u00f5pilased<\/td>\n<td class=\"has-text-align-center\" data-align=\"center\">Tasuta<\/td>\n<\/tr>\n<tr>\n<td class=\"has-text-align-center\" data-align=\"center\"><a href=\"https:\/\/ut.ee\/et\/sisu\/tugi-tuutorilt\">Tuutorlus<\/a><\/td>\n<td class=\"has-text-align-center\" data-align=\"center\">Alustavate \u00fcli\u00f5pilaste<br>\ntoetamine<br>\n\u00fclikooliga kohanemisel<\/td>\n<td class=\"has-text-align-center\" data-align=\"center\">\u00dcli\u00f5pilased<\/td>\n<td class=\"has-text-align-center\" data-align=\"center\">Tasuta<\/td>\n<\/tr>\n<tr>\n<td class=\"has-text-align-center\" data-align=\"center\"><a href=\"https:\/\/ut.ee\/et\/mentorlusprogramm\">Mentorlusprogramm<\/a><\/td>\n<td class=\"has-text-align-center\" data-align=\"center\">Eneseareng vilistlaste ja<br>\n\u00fcli\u00f5pilaste koost\u00f6\u00f6s<\/td>\n<td class=\"has-text-align-center\" data-align=\"center\">\u00dcli\u00f5pilased<\/td>\n<td class=\"has-text-align-center\" data-align=\"center\">Tasuta<\/td>\n<\/tr>\n<tr>\n<td class=\"has-text-align-center\" data-align=\"center\">Konkursid, v\u00f5istlused,<br>\nprojektid<\/td>\n<td class=\"has-text-align-center\" data-align=\"center\">Teavet saab tudengite<br>\ninfokirjast, erialade siselistidest,<br>\n\u00f5ppehoonete siseekraanidelt ja<br>\ninstituutide kodulehtedelt<\/td>\n<td class=\"has-text-align-center\" data-align=\"center\">\u00dcli\u00f5pilased<\/td>\n<td class=\"has-text-align-center\" data-align=\"center\">Tasuta<\/td>\n<\/tr>\n<tr>\n<td class=\"has-text-align-center\" data-align=\"center\"><a href=\"https:\/\/teaduskool.ut.ee\/et\/talendid-tartusse\">Programm \u201eTalendid <\/a><br>\n<a href=\"https:\/\/teaduskool.ut.ee\/et\/talendid-tartusse\">Tartusse\u201c<\/a><\/td>\n<td class=\"has-text-align-center\" data-align=\"center\">Teadus-, ettev\u00f5tlus- ja noore<br>\n\u00f5petaja projekt<\/td>\n<td class=\"has-text-align-center\" data-align=\"center\">Esmakursuslased<\/td>\n<td class=\"has-text-align-center\" data-align=\"center\">Tasuta<\/td>\n<\/tr>\n<\/tbody>\n<\/table>\n<\/figure>\n<p><!-- \/wp:table --><\/p>\n\n\t\t\t\t\t\t<\/div>\n\t\t\t\t\t<\/div>\n\t\t\t\t<\/div>\n\t\t\t\t\t<\/div>\n\t<\/div>\n","protected":false},"excerpt":{"rendered":"<p>\u00dclikoolis \u00f5ppimine ei t\u00e4henda ainult erialateadmiste omandamist, vaid laiemalt ja teadlikumalt m\u00f5tlemist, uurimist ja avastamist, mida \u00fclikool veel pakub. Allolevast tabelist leiad mitmesuguseid \u00fclikoolis leiduvaid eneset\u00e4iendusv\u00f5imalusi. Uuri ka rubriigist \u201e\u00d5pingute planeerimine\u201c, kuidas kavandada oma \u00f5pinguid ja mahutada nende k\u00f5rvale muu &#8230;<\/p>\n","protected":false},"author":346,"featured_media":0,"parent":0,"menu_order":0,"comment_status":"closed","ping_status":"closed","template":"","meta":{"_acf_changed":false,"inline_featured_image":false,"footnotes":""},"class_list":["post-1133","page","type-page","status-publish","hentry"],"acf":[],"_links":{"self":[{"href":"https:\/\/sisu.ut.ee\/karjaarivarav\/wp-json\/wp\/v2\/pages\/1133","targetHints":{"allow":["GET"]}}],"collection":[{"href":"https:\/\/sisu.ut.ee\/karjaarivarav\/wp-json\/wp\/v2\/pages"}],"about":[{"href":"https:\/\/sisu.ut.ee\/karjaarivarav\/wp-json\/wp\/v2\/types\/page"}],"author":[{"embeddable":true,"href":"https:\/\/sisu.ut.ee\/karjaarivarav\/wp-json\/wp\/v2\/users\/346"}],"replies":[{"embeddable":true,"href":"https:\/\/sisu.ut.ee\/karjaarivarav\/wp-json\/wp\/v2\/comments?post=1133"}],"version-history":[{"count":13,"href":"https:\/\/sisu.ut.ee\/karjaarivarav\/wp-json\/wp\/v2\/pages\/1133\/revisions"}],"predecessor-version":[{"id":1467,"href":"https:\/\/sisu.ut.ee\/karjaarivarav\/wp-json\/wp\/v2\/pages\/1133\/revisions\/1467"}],"wp:attachment":[{"href":"https:\/\/sisu.ut.ee\/karjaarivarav\/wp-json\/wp\/v2\/media?parent=1133"}],"curies":[{"name":"wp","href":"https:\/\/api.w.org\/{rel}","templated":true}]}}