{"id":1055,"date":"2025-03-07T15:31:16","date_gmt":"2025-03-07T13:31:16","guid":{"rendered":"https:\/\/sisu.ut.ee\/karjaarivarav\/?page_id=1055"},"modified":"2026-01-16T09:10:10","modified_gmt":"2026-01-16T07:10:10","slug":"kust-saad-tuge","status":"publish","type":"page","link":"https:\/\/sisu.ut.ee\/karjaarivarav\/kust-saad-tuge\/","title":{"rendered":"Kust saad tuge?"},"content":{"rendered":"<div style=\"height:19px\" aria-hidden=\"true\" class=\"wp-block-spacer\"><\/div>\n\n\n\n<p>T\u00f6\u00f6 otsimisel ja t\u00f6\u00f6le kandideerimisel v\u00f5id m\u00f5nikord tunda, et see protsess ise on justkui t\u00e4iskohaga t\u00f6\u00f6, mis v\u00f5tab palju aega ja energiat. Eriti mahukas on ettevalmistuste tegemine. Samuti v\u00f5ib tunduda, et oled selles karussellis \u00fcsna \u00fcksi, ja see v\u00f5ib suurendada ebakindlust. Sel juhul on hea oma kogemust, m\u00f5tteid, kahtlusi ja k\u00fcsimusi kellegagi arutada.<\/p>\n\n\n\n<div class=\"wp-block-buttons is-layout-flex wp-container-core-buttons-is-layout-a74382ec wp-block-buttons-is-layout-flex\">\n<div class=\"wp-block-button\"><a class=\"wp-block-button__link wp-element-button\" href=\"https:\/\/outlook.office365.com\/owa\/calendar\/Tnustamiskeskus-Bookings@TartuUlikool.onmicrosoft.com\/bookings\/?skipRedirect=1\" style=\"padding-right:var(--wp--preset--spacing--40);padding-left:var(--wp--preset--spacing--40)\" target=\"_blank\" rel=\"noreferrer noopener\">Broneeri aeg karj\u00e4\u00e4rin\u00f5ustaja juurde<\/a><\/div>\n<\/div>\n","protected":false},"excerpt":{"rendered":"<p>T\u00f6\u00f6 otsimisel ja t\u00f6\u00f6le kandideerimisel v\u00f5id m\u00f5nikord tunda, et see protsess ise on justkui t\u00e4iskohaga t\u00f6\u00f6, mis v\u00f5tab palju aega ja energiat. Eriti mahukas on ettevalmistuste tegemine. Samuti v\u00f5ib tunduda, et oled selles karussellis \u00fcsna \u00fcksi, ja see v\u00f5ib suurendada &#8230;<\/p>\n","protected":false},"author":346,"featured_media":0,"parent":0,"menu_order":0,"comment_status":"closed","ping_status":"closed","template":"","meta":{"_acf_changed":false,"inline_featured_image":false,"footnotes":""},"class_list":["post-1055","page","type-page","status-publish","hentry"],"acf":[],"_links":{"self":[{"href":"https:\/\/sisu.ut.ee\/karjaarivarav\/wp-json\/wp\/v2\/pages\/1055","targetHints":{"allow":["GET"]}}],"collection":[{"href":"https:\/\/sisu.ut.ee\/karjaarivarav\/wp-json\/wp\/v2\/pages"}],"about":[{"href":"https:\/\/sisu.ut.ee\/karjaarivarav\/wp-json\/wp\/v2\/types\/page"}],"author":[{"embeddable":true,"href":"https:\/\/sisu.ut.ee\/karjaarivarav\/wp-json\/wp\/v2\/users\/346"}],"replies":[{"embeddable":true,"href":"https:\/\/sisu.ut.ee\/karjaarivarav\/wp-json\/wp\/v2\/comments?post=1055"}],"version-history":[{"count":2,"href":"https:\/\/sisu.ut.ee\/karjaarivarav\/wp-json\/wp\/v2\/pages\/1055\/revisions"}],"predecessor-version":[{"id":1905,"href":"https:\/\/sisu.ut.ee\/karjaarivarav\/wp-json\/wp\/v2\/pages\/1055\/revisions\/1905"}],"wp:attachment":[{"href":"https:\/\/sisu.ut.ee\/karjaarivarav\/wp-json\/wp\/v2\/media?parent=1055"}],"curies":[{"name":"wp","href":"https:\/\/api.w.org\/{rel}","templated":true}]}}