{"id":1052,"date":"2024-07-10T11:27:35","date_gmt":"2024-07-10T08:27:35","guid":{"rendered":"https:\/\/sisu.ut.ee\/karjaarivarav\/?page_id=1052"},"modified":"2024-07-10T11:27:36","modified_gmt":"2024-07-10T08:27:36","slug":"kuidas-labida-toovestlus-edukalt","status":"publish","type":"page","link":"https:\/\/sisu.ut.ee\/karjaarivarav\/kuidas-labida-toovestlus-edukalt\/","title":{"rendered":"Kuidas l\u00e4bida t\u00f6\u00f6vestlus edukalt?"},"content":{"rendered":"<div style=\"height:20px\" aria-hidden=\"true\" class=\"wp-block-spacer\"><\/div>\n\n\n\n<p>Kutse t\u00f6\u00f6vestlusele on saavutus, millest r\u00f5\u00f5mu tunda, sest see n\u00e4itab, et Su eelnevad sammud on olnud edukad. T\u00f6\u00f6vestlusel soovib t\u00f6\u00f6andja Sinu ja Su kogemuste kohta rohkem teada saada ning uurida, kuidas Sa pakutavale t\u00f6\u00f6le ja meeskonda sobid. Pea meeles, et t\u00f6\u00f6vestlus on vastastikune tutvumine, kus m\u00f5lemad pooled vahetavad olulist infot ja langetavad hilisema anal\u00fc\u00fcsi tulemusena otsuse, kas soovitakse koost\u00f6\u00f6d teha v\u00f5i mitte.<\/p>\n\n\n\n<p>T\u00f6\u00f6vestlused v\u00f5ivad erineda vormi, kestuse, osalejate hulga ja ka sisu poolest. M\u00f5nikord annab t\u00f6\u00f6andja eelinfot, mis h\u00f5lbustab intervjuuks ettevalmistumist. Kui ta seda ei tee, tuleb sellele vaatamata v\u00f5imalikult p\u00f5hjalikult ja teadlikult valmistuda. H\u00e4sti tehtud kodut\u00f6\u00f6 lubab Sul end t\u00f6\u00f6vestlusel mugavalt ja enesekindlalt tunda.<\/p>\n\n\n\n<h5 class=\"wp-block-heading has-extra-large-font-size\"><strong>Mida saad teha, et t\u00f6\u00f6vestlusel silma paista?<\/strong><\/h5>\n\n\n<div class=\"accordion-block mb-3\">\n\t\t<div class=\"accordion \" id=\"accordion-accordion-69dcf9a81cfca\">\n\t\t\t\t\t\t\t<div class=\"accordion-item accordion-item--blue\">\n\t\t\t\t\t<h2 class=\"accordion-header\" id=\"accordion-69dcf9a81cfca-heading-1\">\n\t\t\t\t\t\t<button class=\"accordion-button collapsed\" type=\"button\" data-bs-toggle=\"collapse\" data-bs-target=\"#accordion-69dcf9a81cfca-collapse-1\" aria-expanded=\"true\" aria-controls=\"accordion-69dcf9a81cfca-collapse-1\">\n\t\t\t\t\t\t\tSammud enne vestlust\n\t\t\t\t\t\t<\/button>\n\t\t\t\t\t<\/h2>\n\t\t\t\t\t<div id=\"accordion-69dcf9a81cfca-collapse-1\" class=\"accordion-collapse collapse \" aria-labelledby=\"accordion-69dcf9a81cfca-heading-1\">\n\t\t\t\t\t\t<div class=\"accordion-body\">\n\t\t\t\t\t\t\t<ul>\n<li>Uuri ettev\u00f5tte kohta p\u00f5hjalikult: millega see tegeleb, mis tooteid v\u00f5i teenuseid seal pakutakse, millised on ettev\u00f5tte eesm\u00e4rgid, milline on tema turuolukord sektoris jne. V\u00f5imaluse korral otsi teavet ettev\u00f5tte v\u00e4\u00e4rtuste ja suhtluskultuuri kohta ning m\u00f5tle, kuidas need Sulle sobivad. Infoallikad v\u00f5ivad olla ettev\u00f5tte veebileht, artiklid, pressiteated, aastaaruanded, sotsiaalmeedia, ettev\u00f5ttes t\u00f6\u00f6tavad v\u00f5i t\u00f6\u00f6tanud inimesed jne.<\/li>\n<li>Uuri veel kord p\u00f5hjalikult t\u00f6\u00f6pakkumist ja m\u00f5tle, kuidas Sinu teadmised, oskused ja kogemused sobivad t\u00f6\u00f6andja ootuste ja n\u00f5uetega. Lisaks sellele, mida oma kandideerimisdokumentidesse juba kirja panid, kaalu, milliseid n\u00e4iteid soovid oma kogemuste ja oskuste selgitamiseks tuua ning kuidas kirjeldad oma motivatsiooni sellel ametikohal ja ettev\u00f5ttes t\u00f6\u00f6tamiseks.<\/li>\n<li>M\u00f5tle l\u00e4bi, kuidas vastaksid vestlusel k\u00fcsimustele ja milliseid n\u00e4iteid tood. Oma vastuseid s\u00f5nastades ja harjutades v\u00f5ib Sul olla abi CAR-meetodist (<em>context, action, result<\/em>), mis on laialdaselt tuntud intervjuuvastuste liigendamise viis. Et hoida s\u00f5numid selged ja vestluspartnerite t\u00e4helepanu sellel, mida Sul on neile \u00f6elda, kirjelda l\u00fchidalt:\n<ul>\n<li>konteksti ja \u00fclesannet, mida lahendasid v\u00f5i mille lahendamisel osalesid,<\/li>\n<li>tegevus(i), mida olukorra\/\u00fclesande lahendamiseks tegid,<\/li>\n<li>tulemust, milleni j\u00f5udsid v\u00f5i kuidas Sinu ideed, tegevus m\u00f5jutasid nt eesm\u00e4rkide saavutamist.<\/li>\n<\/ul>\n<\/li>\n<li>M\u00f5tle, mida soovid ettev\u00f5tte kohta teada saada, ja valmista ette k\u00fcsimused, mida vestlusel t\u00f6\u00f6andjale esitada. K\u00fcsimused peaksid olema piisavalt \u00fcksikasjalikud ja n\u00e4itama, et oled teinud oma kodut\u00f6\u00f6 h\u00e4sti ega piirdu pinnapealse l\u00e4henemisega. N\u00e4iteks v\u00f5id uurida ettev\u00f5ttesisese kultuuri kohta: kuidas toimub suhtlus eri \u00fcksuste vahel, kuidas on meeskond varem probleeme lahendanud, millised on inimeste juhtimise p\u00f5him\u00f5tted, kuidas m\u00f5\u00f5detakse edu jne. Samuti tasub uurida tiimi kohta, kellega asud k\u00f5ige tihedamalt koos t\u00f6\u00f6tama, selle kohta, mida vestluspartnerid ise ettev\u00f5ttes t\u00f6\u00f6tades k\u00f5ige enam hindavad jne.<\/li>\n<li>Harjuta v\u00f5imaluse korral eelnevalt vestlusolukord l\u00e4bi. Palu kellelgi esitada n\u00e4idisk\u00fcsimusi ja harjuta neile vastamist, et saaksid \u00f6eldud olulise, mida t\u00f6\u00f6andja Sinust teadma peaks.<\/li>\n<\/ul>\n\n\t\t\t\t\t\t<\/div>\n\t\t\t\t\t<\/div>\n\t\t\t\t<\/div>\n\t\t\t\t\t\t\t<div class=\"accordion-item accordion-item--blue\">\n\t\t\t\t\t<h2 class=\"accordion-header\" id=\"accordion-69dcf9a81cfca-heading-2\">\n\t\t\t\t\t\t<button class=\"accordion-button collapsed\" type=\"button\" data-bs-toggle=\"collapse\" data-bs-target=\"#accordion-69dcf9a81cfca-collapse-2\" aria-expanded=\"true\" aria-controls=\"accordion-69dcf9a81cfca-collapse-2\">\n\t\t\t\t\t\t\tSammud vestluse ajal\n\t\t\t\t\t\t<\/button>\n\t\t\t\t\t<\/h2>\n\t\t\t\t\t<div id=\"accordion-69dcf9a81cfca-collapse-2\" class=\"accordion-collapse collapse \" aria-labelledby=\"accordion-69dcf9a81cfca-heading-2\">\n\t\t\t\t\t\t<div class=\"accordion-body\">\n\t\t\t\t\t\t\t<ul>\n<li>Ole positiivne ja enesekindel. Keskendu optimistlikule vaatele, r\u00f5huta oma v\u00e4\u00e4rtuslikke \u00f5pikogemusi. Hea esmamulje on oluline.<\/li>\n<li>V\u00e4ljenda ennast selgelt ja t\u00e4pselt. Siin v\u00f5ib olla abi eelnevast harjutamisest CAR-meetodi abil.<\/li>\n<li>J\u00e4lgi oma kehakeelt. Naerata ja hoia silmsidet k\u00f5igi vestluspartneritega.<\/li>\n<li>J\u00e4\u00e4 iseendaks. T\u00f6\u00f6andjad vajavad oma meeskondadesse erinevaid inimesi ja Sul pole vajadust n\u00e4ida keegi, kes Sa tegelikult pole. R\u00e4\u00e4gi selgelt ja positiivselt oma kogemustest ja tugevatest k\u00fclgedest. R\u00f5huta oma edusamme ja isikup\u00e4ra, j\u00e4\u00e4des seejuures professionaalseks.<\/li>\n<li>Kuula t\u00e4helepanelikult, et paremini m\u00f5ista, mida Sinult k\u00fcsiti. Vestluse algusest alates annavad Su vestluspartnerid Sulle infot. Kasuta seda.<\/li>\n<li>N\u00e4ita \u00fcles oma huvi ja entusiasmi ettev\u00f5tte ja selle tulevikusuundade suhtes. R\u00e4\u00e4gi, kuidas saaksid aidata neil seatud eesm\u00e4rke saavutada ning samal ajal ka ennast arendada ja oma unistuste poole liikuda.<\/li>\n<li>Kasuta vestluses sobivat asjalikku suhtlusviisi. P\u00fc\u00fca v\u00e4ltida sl\u00e4ngi ja familiaarset k\u00f5nepruuki. Ehkki vanust, religiooni, rassi, poliitilisi ja seksuaalse orientatsiooni puudutavatel teemadel ei peaks olema t\u00f6\u00f6vestluses kohta ega kaalu, v\u00f5ib juhtuda, et need kerkivad esile. M\u00f5tle l\u00e4bi, kuidas end sel juhul tunned ja mil viisil reageeriksid.<\/li>\n<\/ul>\n\n\t\t\t\t\t\t<\/div>\n\t\t\t\t\t<\/div>\n\t\t\t\t<\/div>\n\t\t\t\t\t\t\t<div class=\"accordion-item accordion-item--blue\">\n\t\t\t\t\t<h2 class=\"accordion-header\" id=\"accordion-69dcf9a81cfca-heading-3\">\n\t\t\t\t\t\t<button class=\"accordion-button collapsed\" type=\"button\" data-bs-toggle=\"collapse\" data-bs-target=\"#accordion-69dcf9a81cfca-collapse-3\" aria-expanded=\"true\" aria-controls=\"accordion-69dcf9a81cfca-collapse-3\">\n\t\t\t\t\t\t\tSammud p\u00e4rast intervjuud\n\t\t\t\t\t\t<\/button>\n\t\t\t\t\t<\/h2>\n\t\t\t\t\t<div id=\"accordion-69dcf9a81cfca-collapse-3\" class=\"accordion-collapse collapse \" aria-labelledby=\"accordion-69dcf9a81cfca-heading-3\">\n\t\t\t\t\t\t<div class=\"accordion-body\">\n\t\t\t\t\t\t\t<ul>\n<li>Soovi korral v\u00f5id saata e-posti teel t\u00e4nukirja sisuka kohtumise eest.<\/li>\n<li>Vajaduse korral v\u00f5id lisada midagi, mis j\u00e4i vestlusel \u00fctlemata, v\u00f5i veel kord r\u00f5hutada, miks soovid just sellesse ettev\u00f5ttesse t\u00f6\u00f6le asuda.<\/li>\n<\/ul>\n\n\t\t\t\t\t\t<\/div>\n\t\t\t\t\t<\/div>\n\t\t\t\t<\/div>\n\t\t\t\t\t\t\t<div class=\"accordion-item accordion-item--blue\">\n\t\t\t\t\t<h2 class=\"accordion-header\" id=\"accordion-69dcf9a81cfca-heading-4\">\n\t\t\t\t\t\t<button class=\"accordion-button collapsed\" type=\"button\" data-bs-toggle=\"collapse\" data-bs-target=\"#accordion-69dcf9a81cfca-collapse-4\" aria-expanded=\"true\" aria-controls=\"accordion-69dcf9a81cfca-collapse-4\">\n\t\t\t\t\t\t\tT\u00f6\u00f6vestlusel p\u00fc\u00fca v\u00e4ltida\n\t\t\t\t\t\t<\/button>\n\t\t\t\t\t<\/h2>\n\t\t\t\t\t<div id=\"accordion-69dcf9a81cfca-collapse-4\" class=\"accordion-collapse collapse \" aria-labelledby=\"accordion-69dcf9a81cfca-heading-4\">\n\t\t\t\t\t\t<div class=\"accordion-body\">\n\t\t\t\t\t\t\t<ul>\n<li>enese saboteerimist: \u00e4ra pisenda oma saavutusi, teadmisi ega oskusi fraasidega \u201eMa olin ainult \u2026\u201c, \u201eTegin vaid \u2026\u201c, \u201eOlen t\u00f6\u00f6tanud ainult \u2026\u201c, \u201eMul on alles nii v\u00e4he kogemusi \u2026\u201c;<\/li>\n<li>liigset lobisemist: see kipub juhtuma siis, kui Sa pole vestluseks ja k\u00fcsimustele vastamiseks piisavalt valmistunud;<\/li>\n<li>meeleheitel olekut: Sa suudad t\u00f6\u00f6andjat veenda paremini oma sobivuses, kui j\u00e4\u00e4d rahulikuks ja enesekindlaks;<\/li>\n<li>\u00fclbet suhtlusviisi: joon enesekindluse, professionaalsuse ja tagasihoidlikkuse vahel on \u00fcsna habras;<\/li>\n<li>liigset familiaarsust: on k\u00fcll oluline olla pigem energiline ja entusiastlik, kuid siiski oled Sa vestlusel selleks, et t\u00f6\u00f6le kandideerida.<\/li>\n<\/ul>\n\n\t\t\t\t\t\t<\/div>\n\t\t\t\t\t<\/div>\n\t\t\t\t<\/div>\n\t\t\t\t\t<\/div>\n\t<\/div>\n","protected":false},"excerpt":{"rendered":"<p>Kutse t\u00f6\u00f6vestlusele on saavutus, millest r\u00f5\u00f5mu tunda, sest see n\u00e4itab, et Su eelnevad sammud on olnud edukad. T\u00f6\u00f6vestlusel soovib t\u00f6\u00f6andja Sinu ja Su kogemuste kohta rohkem teada saada ning uurida, kuidas Sa pakutavale t\u00f6\u00f6le ja meeskonda sobid. Pea meeles, et &#8230;<\/p>\n","protected":false},"author":346,"featured_media":0,"parent":0,"menu_order":3,"comment_status":"closed","ping_status":"closed","template":"","meta":{"_acf_changed":false,"inline_featured_image":false,"footnotes":""},"class_list":["post-1052","page","type-page","status-publish","hentry"],"acf":[],"_links":{"self":[{"href":"https:\/\/sisu.ut.ee\/karjaarivarav\/wp-json\/wp\/v2\/pages\/1052","targetHints":{"allow":["GET"]}}],"collection":[{"href":"https:\/\/sisu.ut.ee\/karjaarivarav\/wp-json\/wp\/v2\/pages"}],"about":[{"href":"https:\/\/sisu.ut.ee\/karjaarivarav\/wp-json\/wp\/v2\/types\/page"}],"author":[{"embeddable":true,"href":"https:\/\/sisu.ut.ee\/karjaarivarav\/wp-json\/wp\/v2\/users\/346"}],"replies":[{"embeddable":true,"href":"https:\/\/sisu.ut.ee\/karjaarivarav\/wp-json\/wp\/v2\/comments?post=1052"}],"version-history":[{"count":1,"href":"https:\/\/sisu.ut.ee\/karjaarivarav\/wp-json\/wp\/v2\/pages\/1052\/revisions"}],"predecessor-version":[{"id":1053,"href":"https:\/\/sisu.ut.ee\/karjaarivarav\/wp-json\/wp\/v2\/pages\/1052\/revisions\/1053"}],"wp:attachment":[{"href":"https:\/\/sisu.ut.ee\/karjaarivarav\/wp-json\/wp\/v2\/media?parent=1052"}],"curies":[{"name":"wp","href":"https:\/\/api.w.org\/{rel}","templated":true}]}}