{"id":1049,"date":"2024-07-10T11:16:15","date_gmt":"2024-07-10T08:16:15","guid":{"rendered":"https:\/\/sisu.ut.ee\/karjaarivarav\/?page_id=1049"},"modified":"2024-07-10T11:16:16","modified_gmt":"2024-07-10T08:16:16","slug":"kaaskirja-ja-motivatsioonikirja-koostamine","status":"publish","type":"page","link":"https:\/\/sisu.ut.ee\/karjaarivarav\/kaaskirja-ja-motivatsioonikirja-koostamine\/","title":{"rendered":"Kaaskirja ja motivatsioonikirja koostamine"},"content":{"rendered":"<div style=\"height:23px\" aria-hidden=\"true\" class=\"wp-block-spacer\"><\/div>\n\n\n\n<p>Olemuselt pole kaaskirjal ja motivatsioonikirjal palju erinevusi ning neil on sama eesm\u00e4rk \u2013 toetada ja t\u00e4iendada CV-s esitatud andmeid, tutvustada Sind t\u00f6\u00f6andjale ning anda vastus k\u00fcsimusele, miks just Sina oled nende jaoks sobivaim kandidaat.<\/p>\n\n\n\n<p>M\u00f5nikord on t\u00f6\u00f6pakkumises \u00f6eldud, et koos CV-ga soovitakse kaas- v\u00f5i motivatsioonikirja. Teinekord pole kumbagi neist k\u00fcsitud, kuid soovitatav on \u00fcks neist siiski lisada. See n\u00e4itab Sinu tahet ja t\u00f5elist huvi ning aitab Sul teistest kandidaatidest eristuda.<\/p>\n\n\n\n<p><strong>Kaaskiri <\/strong>on lihtne ja kompaktne (kuni pool A4 lehek\u00fclge) p\u00f6\u00f6rdumine t\u00f6\u00f6andja poole, mis peaks \u00fcldjuhul koosnema:<\/p>\n\n\n\n<ul class=\"wp-block-list\">\n<li>selgitusest, millisele kohale kandideerid;<\/li>\n\n\n\n<li>l\u00fchi\u00fclevaatest ja p\u00f5hjendustest selle kohta, kuidas Sa sobitud t\u00f6\u00f6kuulutuses esitatud n\u00f5uetega ja miks Sa soovid t\u00f6\u00f6pakkuja ettev\u00f5ttega liituda;<\/li>\n\n\n\n<li>viisakast l\u00f5pulausest, milles saab v\u00e4ljendada oma valmidust edasiseks suhtlemiseks ja innustada t\u00f6\u00f6andjat endaga \u00fchendust v\u00f5tma;<\/li>\n\n\n\n<li>Sinu kontaktandmetest.<\/li>\n<\/ul>\n\n\n\n<p><strong>Motivatsioonikiri <\/strong>on kaaskirja p\u00f5hjalikum (kuni \u00fcks A4 lehek\u00fclg) versioon, mis v\u00f5imaldab juhtida t\u00f6\u00f6andja t\u00e4helepanu Sinu tugevatele k\u00fclgedele, saavutustele ja motivatsioonile siduda end selle ametikoha ja ettev\u00f5ttega. Motivatsioonikirjas on v\u00f5imalik tuua rohkem asjakohaseid n\u00e4iteid ja esitada veenvaid p\u00f5hjendusi.<\/p>\n\n\n\n<p>Motivatsioonikirjas ei tasu piirduda CV-s loetletud oskuste ja kogemuste nimetamisega, vaid r\u00f5hutada n\u00e4idete varal neid, mis on t\u00f6\u00f6andja ootuste ja vajadustega koosk\u00f5las. See, millised on olulisemad kogemused ja oskused, otsusta selle p\u00f5hjal, mida ettev\u00f5te otsib ja mida Sina saaksid talle pakkuda. T\u00f6\u00f6andja jaoks on t\u00e4htis n\u00e4ha, kas oled ettev\u00f5tte k\u00e4ek\u00e4igu ja tegevuse kohta uurinud ning m\u00f5istad selle vajadusi ja eesm\u00e4rke.<\/p>\n\n\n\n<p>Motivatsioonikirja sisu ja kujundus on suuresti Sinu enda otsustada. Allpool on esitatud soovitused loogiliselt \u00fcles ehitatud ja h\u00e4sti j\u00e4lgitava struktuuriga motivatsioonikirja koostamise kohta.<\/p>\n\n\n<div class=\"accordion-block mb-3\">\n\t\t<div class=\"accordion \" id=\"accordion-accordion-69daf23c31bc5\">\n\t\t\t\t\t\t\t<div class=\"accordion-item accordion-item--blue\">\n\t\t\t\t\t<h2 class=\"accordion-header\" id=\"accordion-69daf23c31bc5-heading-1\">\n\t\t\t\t\t\t<button class=\"accordion-button collapsed\" type=\"button\" data-bs-toggle=\"collapse\" data-bs-target=\"#accordion-69daf23c31bc5-collapse-1\" aria-expanded=\"true\" aria-controls=\"accordion-69daf23c31bc5-collapse-1\">\n\t\t\t\t\t\t\tMillele esmalt m\u00f5elda?\n\t\t\t\t\t\t<\/button>\n\t\t\t\t\t<\/h2>\n\t\t\t\t\t<div id=\"accordion-69daf23c31bc5-collapse-1\" class=\"accordion-collapse collapse \" aria-labelledby=\"accordion-69daf23c31bc5-heading-1\">\n\t\t\t\t\t\t<div class=\"accordion-body\">\n\t\t\t\t\t\t\t<ul>\n<li>Pane end t\u00f6\u00f6andja asemele. Millist inimest Sa otsiksid ja millist motivatsioonikirja sooviksid lugeda?<\/li>\n<li>Vaata t\u00f6\u00f6pakkumist ka endast l\u00e4htudes. Mille poolest on see t\u00f6\u00f6andja Sinu jaoks atraktiivne?<\/li>\n<li>Mis Sind selle ametikoha puhul k\u00f5netab?<\/li>\n<li>Kuidas saaksid oma oskusi ja kogemusi rakendada?<\/li>\n<li>Millised on Sinu senised kogemused t\u00f6\u00f6andja tegevusalal, millised on Su t\u00e4helepanekud ja soovitused, kas oled osalenud valdkonna aruteludel, puutunud teemaga kokku eriala\u00fcritustel jne?<\/li>\n<li>Millised on seosed ettev\u00f5tte vajaduste ja eesm\u00e4rkide ning Sinu ideede ja kogemuste vahel?<\/li>\n<\/ul>\n\n\t\t\t\t\t\t<\/div>\n\t\t\t\t\t<\/div>\n\t\t\t\t<\/div>\n\t\t\t\t\t\t\t<div class=\"accordion-item accordion-item--blue\">\n\t\t\t\t\t<h2 class=\"accordion-header\" id=\"accordion-69daf23c31bc5-heading-2\">\n\t\t\t\t\t\t<button class=\"accordion-button collapsed\" type=\"button\" data-bs-toggle=\"collapse\" data-bs-target=\"#accordion-69daf23c31bc5-collapse-2\" aria-expanded=\"true\" aria-controls=\"accordion-69daf23c31bc5-collapse-2\">\n\t\t\t\t\t\t\tMotivatsioonikirja struktuur ja sisu\n\t\t\t\t\t\t<\/button>\n\t\t\t\t\t<\/h2>\n\t\t\t\t\t<div id=\"accordion-69daf23c31bc5-collapse-2\" class=\"accordion-collapse collapse \" aria-labelledby=\"accordion-69daf23c31bc5-heading-2\">\n\t\t\t\t\t\t<div class=\"accordion-body\">\n\t\t\t\t\t\t\t<ul>\n<li>Kontaktinfo: Sinu nimi, aadress, telefoni number ja e-posti aadress, mille kaudu t\u00f6\u00f6andja saab Sinuga \u00fchendust v\u00f5tta.<\/li>\n<li>Tervitus t\u00f6\u00f6andjale v\u00f5i v\u00e4rbajale.<\/li>\n<li>Aval\u00f5ik v\u00f5iks sisaldada teavet selle kohta, millisele ametikohale kandideerid ja kust p\u00e4rineb info t\u00f6\u00f6pakkumise kohta. Haara lugeja t\u00e4helepanu, too n\u00e4iteks esile m\u00f5ni edukas ettev\u00f5tmine, enda tugev k\u00fclg v\u00f5i m\u00f5tteviis, mis loob olulisi seoseid Sinu ja ettev\u00f5tte vahel.<\/li>\n<li>Teises teemal\u00f5igus selgita, miks oled parim kandidaat, ja lisa n\u00e4iteid, mis kirjeldavad Su oskusi veenvalt. Eelk\u00f5ige esita t\u00e4pne info oma kogemuste ja saavutuste kohta, n\u00e4iteks millistes projektides oled osalenud, milliseid algatanud ja juhtinud, kuidas probleemidele l\u00e4henenud, vastutustega toime tulnud, raskusi \u00fcletanud, meeskonnas t\u00f6\u00f6tanud jne.<\/li>\n<li>Kolmandas teemal\u00f5igus kirjelda, miks oled parim valik ettev\u00f5tte vajaduste ja ootuste seisukohalt. Millist v\u00e4\u00e4rtust Sinu t\u00f6\u00f6lev\u00f5tmine pakub? Kuidas saaksid oma teadmisi, oskusi ja kogemusi soovitud ametikohal kasutada? N\u00e4iteks v\u00f5id t\u00f6\u00f6andjale teada anda, et Sul on kogemusi ja ideid, kuidas m\u00f5nda ettev\u00f5tte eesm\u00e4rkidest saavutada v\u00f5i p\u00e4evakorral olevat probleemi lahendada, ettepanekuid ettev\u00f5tte toote v\u00f5i teenuse arendamiseks (enda kliendikogemuse p\u00f5hjal), oskusi, millega ettev\u00f5tte sotsiaalmeediaturundust hoogsalt arendada jne.<\/li>\n<\/ul>\n<p style=\"padding-left: 40px;\">M\u00f5tle l\u00e4bi ja pane kirja, millist v\u00e4\u00e4rtust ja v\u00f5imalusi sellel ametikohal t\u00f6\u00f6tamine Sulle pakub. N\u00e4iteks v\u00f5id \u00f6elda, et uuel t\u00f6\u00f6kohal on Sul v\u00f5imalus teha ja arendada midagi uut, see pakub suuremat vastutust, Sa saad aidata kaasa valdkonna v\u00f5i \u00fchiskonna arengule, sellega kaasneb isiklik ja t\u00f6\u00f6alane areng jne. Kirjelda, milline on Sinu ja ettev\u00f5tte ootuste, vajaduste, eesm\u00e4rkide ja v\u00f5imaluste \u00fchisosa.<\/p>\n<ul>\n<li>Kokkuv\u00f5ttes t\u00e4na t\u00f6\u00f6andjat tema aja ja t\u00e4helepanu eest ning v\u00e4ljenda oma valmidust edasi suhelda. Sellega saad justkui m\u00fcksata t\u00f6\u00f6andjat endaga \u00fchendust v\u00f5tma.<\/li>\n<\/ul>\n\n\t\t\t\t\t\t<\/div>\n\t\t\t\t\t<\/div>\n\t\t\t\t<\/div>\n\t\t\t\t\t<\/div>\n\t<\/div>\n","protected":false},"excerpt":{"rendered":"<p>Olemuselt pole kaaskirjal ja motivatsioonikirjal palju erinevusi ning neil on sama eesm\u00e4rk \u2013 toetada ja t\u00e4iendada CV-s esitatud andmeid, tutvustada Sind t\u00f6\u00f6andjale ning anda vastus k\u00fcsimusele, miks just Sina oled nende jaoks sobivaim kandidaat. M\u00f5nikord on t\u00f6\u00f6pakkumises \u00f6eldud, et koos &#8230;<\/p>\n","protected":false},"author":346,"featured_media":0,"parent":0,"menu_order":2,"comment_status":"closed","ping_status":"closed","template":"","meta":{"_acf_changed":false,"inline_featured_image":false,"footnotes":""},"class_list":["post-1049","page","type-page","status-publish","hentry"],"acf":[],"_links":{"self":[{"href":"https:\/\/sisu.ut.ee\/karjaarivarav\/wp-json\/wp\/v2\/pages\/1049","targetHints":{"allow":["GET"]}}],"collection":[{"href":"https:\/\/sisu.ut.ee\/karjaarivarav\/wp-json\/wp\/v2\/pages"}],"about":[{"href":"https:\/\/sisu.ut.ee\/karjaarivarav\/wp-json\/wp\/v2\/types\/page"}],"author":[{"embeddable":true,"href":"https:\/\/sisu.ut.ee\/karjaarivarav\/wp-json\/wp\/v2\/users\/346"}],"replies":[{"embeddable":true,"href":"https:\/\/sisu.ut.ee\/karjaarivarav\/wp-json\/wp\/v2\/comments?post=1049"}],"version-history":[{"count":1,"href":"https:\/\/sisu.ut.ee\/karjaarivarav\/wp-json\/wp\/v2\/pages\/1049\/revisions"}],"predecessor-version":[{"id":1050,"href":"https:\/\/sisu.ut.ee\/karjaarivarav\/wp-json\/wp\/v2\/pages\/1049\/revisions\/1050"}],"wp:attachment":[{"href":"https:\/\/sisu.ut.ee\/karjaarivarav\/wp-json\/wp\/v2\/media?parent=1049"}],"curies":[{"name":"wp","href":"https:\/\/api.w.org\/{rel}","templated":true}]}}