{"id":1035,"date":"2024-07-10T10:53:42","date_gmt":"2024-07-10T07:53:42","guid":{"rendered":"https:\/\/sisu.ut.ee\/karjaarivarav\/?page_id=1035"},"modified":"2024-07-16T14:00:32","modified_gmt":"2024-07-16T11:00:32","slug":"millised-on-olulised-sammud-toootsimisel","status":"publish","type":"page","link":"https:\/\/sisu.ut.ee\/karjaarivarav\/millised-on-olulised-sammud-toootsimisel\/","title":{"rendered":"Millised on olulised sammud t\u00f6\u00f6otsimisel?"},"content":{"rendered":"<div style=\"height:21px\" aria-hidden=\"true\" class=\"wp-block-spacer\"><\/div>\n\n\n\n<figure class=\"wp-block-image alignright size-large is-resized\"><img loading=\"lazy\" decoding=\"async\" width=\"1024\" height=\"900\" src=\"https:\/\/sisu.ut.ee\/wp-content\/uploads\/sites\/644\/Too-otsimine-1024x900.jpg\" alt=\"\" class=\"wp-image-137\" style=\"width:258px;height:auto\" srcset=\"https:\/\/sisu.ut.ee\/wp-content\/uploads\/sites\/644\/Too-otsimine-1024x900.jpg 1024w, https:\/\/sisu.ut.ee\/wp-content\/uploads\/sites\/644\/Too-otsimine-300x264.jpg 300w, https:\/\/sisu.ut.ee\/wp-content\/uploads\/sites\/644\/Too-otsimine-768x675.jpg 768w, https:\/\/sisu.ut.ee\/wp-content\/uploads\/sites\/644\/Too-otsimine-1536x1350.jpg 1536w, https:\/\/sisu.ut.ee\/wp-content\/uploads\/sites\/644\/Too-otsimine-2048x1799.jpg 2048w, https:\/\/sisu.ut.ee\/wp-content\/uploads\/sites\/644\/Too-otsimine-1920x1687.jpg 1920w\" sizes=\"auto, (max-width: 1024px) 100vw, 1024px\"><\/figure>\n\n\n\n<p>T\u00f6\u00f6 otsimine on sageli stressirohke: infot, keskkondi ja t\u00f6\u00f6pakkumisi on palju, k\u00fcsimusi on rohkem kui vastuseid. Kuidas eristada olulist infot ebaolulisest ja sobivaid pakkumisi sobimatutest? Kuidas end n\u00e4htavaks teha ja kandideerida? Mida peab teadma ja tegema?<\/p>\n\n\n\n<p>Soovitud t\u00f6\u00f6kohani on lihtsam j\u00f5uda, kui valmistud selleks p\u00f5hjalikult. Selleks kuluvad \u00e4ra j\u00e4rgmised soovitused.<\/p>\n\n\n\n<div style=\"height:5px\" aria-hidden=\"true\" class=\"wp-block-spacer\"><\/div>\n\n\n<div class=\"accordion-block mb-3\">\n\t\t<div class=\"accordion \" id=\"accordion-accordion-69da18720e496\">\n\t\t\t\t\t\t\t<div class=\"accordion-item accordion-item--blue\">\n\t\t\t\t\t<h2 class=\"accordion-header\" id=\"accordion-69da18720e496-heading-1\">\n\t\t\t\t\t\t<button class=\"accordion-button collapsed\" type=\"button\" data-bs-toggle=\"collapse\" data-bs-target=\"#accordion-69da18720e496-collapse-1\" aria-expanded=\"true\" aria-controls=\"accordion-69da18720e496-collapse-1\">\n\t\t\t\t\t\t\tTunne iseennast\n\t\t\t\t\t\t<\/button>\n\t\t\t\t\t<\/h2>\n\t\t\t\t\t<div id=\"accordion-69da18720e496-collapse-1\" class=\"accordion-collapse collapse \" aria-labelledby=\"accordion-69da18720e496-heading-1\">\n\t\t\t\t\t\t<div class=\"accordion-body\">\n\t\t\t\t\t\t\t<p>\u00d5pi aru saama enda v\u00e4\u00e4rtusest ning sellest, mis on Sulle elus ja t\u00f6\u00f6s oluline. Millised on Su vajadused, eesm\u00e4rgid, huvid ja eelistused? Missugused on Su tugevad k\u00fcljed, oskused ja kogemused? Milliseid arenguv\u00f5imalusi otsid? Mis Sind motiveerib? Millised hoiakud ja m\u00f5tteviis Sind toetavad ja mis takistavad? Mis valdkonnas ja ametikohal soovid p\u00e4riselt t\u00f6\u00f6tada? Millised on ametikohad, kus oled n\u00f5us t\u00f6\u00f6tama? Millist t\u00f6\u00f6tamisviisi eelistad (t\u00e4iskohaga v\u00f5i osaajaga t\u00f6\u00f6, kaugt\u00f6\u00f6, projektip\u00f5hine t\u00f6\u00f6, ettev\u00f5tlus jne)? M\u00f5tle rahulikult ja vasta neile k\u00fcsimustele enne, kui asud t\u00f6\u00f6d otsima. T\u00f6\u00f6andjad oskavad hinnata eneseteadlikku t\u00f6\u00f6tajat.<\/p>\n\n\t\t\t\t\t\t<\/div>\n\t\t\t\t\t<\/div>\n\t\t\t\t<\/div>\n\t\t\t\t\t\t\t<div class=\"accordion-item accordion-item--blue\">\n\t\t\t\t\t<h2 class=\"accordion-header\" id=\"accordion-69da18720e496-heading-2\">\n\t\t\t\t\t\t<button class=\"accordion-button collapsed\" type=\"button\" data-bs-toggle=\"collapse\" data-bs-target=\"#accordion-69da18720e496-collapse-2\" aria-expanded=\"true\" aria-controls=\"accordion-69da18720e496-collapse-2\">\n\t\t\t\t\t\t\tUuri v\u00f5imalusi ja pane need kirja\n\t\t\t\t\t\t<\/button>\n\t\t\t\t\t<\/h2>\n\t\t\t\t\t<div id=\"accordion-69da18720e496-collapse-2\" class=\"accordion-collapse collapse \" aria-labelledby=\"accordion-69da18720e496-heading-2\">\n\t\t\t\t\t\t<div class=\"accordion-body\">\n\t\t\t\t\t\t\t<p>Loe huvipakkuv t\u00f6\u00f6kuulutus alati p\u00f5hjalikult l\u00e4bi. Mis on seal kirjas ettev\u00f5tte, pakutava t\u00f6\u00f6 ja ametikoha kohta? Millised on ootused kandidaadile \u2013 missugust haridust, kogemust, m\u00f5tteviisi temalt eeldatakse? Milliseid oskusi t\u00f6\u00f6pakkuja vajab? Vajaduse korral k\u00fcsi lisainfot, et teha teadlik otsus kandideerimise kohta. Uuri v\u00f5imalikult p\u00f5hjalikult t\u00f6\u00f6andja tegevusala ning tausta \u2013 kui suur on ettev\u00f5tte usaldusv\u00e4\u00e4rsus, millised on sealsed v\u00e4\u00e4rtused, hoiakud jm. Vaata ka ettev\u00f5tet puudutavaid meediakajastusi. Kogu s\u00f5pradelt ja tuttavatelt lisainfot.<\/p>\n\n\t\t\t\t\t\t<\/div>\n\t\t\t\t\t<\/div>\n\t\t\t\t<\/div>\n\t\t\t\t\t\t\t<div class=\"accordion-item accordion-item--blue\">\n\t\t\t\t\t<h2 class=\"accordion-header\" id=\"accordion-69da18720e496-heading-3\">\n\t\t\t\t\t\t<button class=\"accordion-button collapsed\" type=\"button\" data-bs-toggle=\"collapse\" data-bs-target=\"#accordion-69da18720e496-collapse-3\" aria-expanded=\"true\" aria-controls=\"accordion-69da18720e496-collapse-3\">\n\t\t\t\t\t\t\tOtsi infot teadlikult, s\u00fcsteemselt ja eri kanalitest\n\t\t\t\t\t\t<\/button>\n\t\t\t\t\t<\/h2>\n\t\t\t\t\t<div id=\"accordion-69da18720e496-collapse-3\" class=\"accordion-collapse collapse \" aria-labelledby=\"accordion-69da18720e496-heading-3\">\n\t\t\t\t\t\t<div class=\"accordion-body\">\n\t\t\t\t\t\t\t<p>Hoia silma peal t\u00f6\u00f6portaalidel, otsi sihip\u00e4raselt pakkumisi ja kandideeri. Ole aktiivne, suhtle s\u00f5prade ja \u00f5pingukaaslastega: ehkki oskused on olulised, v\u00f5ivad \u00f5iged kontaktid aidata Sul m\u00f5nikord kiiremini otsitavat leida. N\u00e4ita \u00fcles initsiatiivi ja v\u00f5ta otse \u00fchendust Sulle huvipakkuva ettev\u00f5ttega, k\u00fcsi sealsete t\u00f6\u00f6v\u00f5imaluste kohta ja kirjelda oma motivatsiooni. Igal p\u00f6\u00f6rdumisel arenevad Su oskused, mida on vaja nii t\u00f6\u00f6 otsimisel kui ka t\u00f6\u00f6elus.<\/p>\n\n\t\t\t\t\t\t<\/div>\n\t\t\t\t\t<\/div>\n\t\t\t\t<\/div>\n\t\t\t\t\t\t\t<div class=\"accordion-item accordion-item--blue\">\n\t\t\t\t\t<h2 class=\"accordion-header\" id=\"accordion-69da18720e496-heading-4\">\n\t\t\t\t\t\t<button class=\"accordion-button collapsed\" type=\"button\" data-bs-toggle=\"collapse\" data-bs-target=\"#accordion-69da18720e496-collapse-4\" aria-expanded=\"true\" aria-controls=\"accordion-69da18720e496-collapse-4\">\n\t\t\t\t\t\t\tAnal\u00fc\u00fcsi, v\u00f5rdle ja kaalu hoolega\n\t\t\t\t\t\t<\/button>\n\t\t\t\t\t<\/h2>\n\t\t\t\t\t<div id=\"accordion-69da18720e496-collapse-4\" class=\"accordion-collapse collapse \" aria-labelledby=\"accordion-69da18720e496-heading-4\">\n\t\t\t\t\t\t<div class=\"accordion-body\">\n\t\t\t\t\t\t\t<p>M\u00f5tle, mis Sind selle pakkumise ja ettev\u00f5tte juures k\u00f6idab. Miks soovid just sellele ametikohale kandideerida? Millised Sinu v\u00e4\u00e4rtused kattuvad ettev\u00f5tte omadega? Millised Sinu ootused, huvid ja oskused sobituvad pakutud ametikoha ja \u00fclesannetega? Mida oled valmis tulevasele t\u00f6\u00f6andjale pakkuma?<\/p>\n\n\t\t\t\t\t\t<\/div>\n\t\t\t\t\t<\/div>\n\t\t\t\t<\/div>\n\t\t\t\t\t\t\t<div class=\"accordion-item accordion-item--blue\">\n\t\t\t\t\t<h2 class=\"accordion-header\" id=\"accordion-69da18720e496-heading-5\">\n\t\t\t\t\t\t<button class=\"accordion-button collapsed\" type=\"button\" data-bs-toggle=\"collapse\" data-bs-target=\"#accordion-69da18720e496-collapse-5\" aria-expanded=\"true\" aria-controls=\"accordion-69da18720e496-collapse-5\">\n\t\t\t\t\t\t\tKandideeri teadlikult\n\t\t\t\t\t\t<\/button>\n\t\t\t\t\t<\/h2>\n\t\t\t\t\t<div id=\"accordion-69da18720e496-collapse-5\" class=\"accordion-collapse collapse \" aria-labelledby=\"accordion-69da18720e496-heading-5\">\n\t\t\t\t\t\t<div class=\"accordion-body\">\n\t\t\t\t\t\t\t<p>Vali hoolikalt, kuhu kandideerid, ja tee seda korrektselt ja l\u00e4bim\u00f5eldult. Vajaduse korral v\u00f5id enne pidada n\u00f5u karj\u00e4\u00e4rin\u00f5ustajaga, kellega saad oma plaanid, kandideerimisdokumendid ja t\u00f6\u00f6vestluseks valmistumise seisu \u00fcle vaadata.<\/p>\n<p><!-- wp:button --><\/p>\n<div class=\"wp-block-button\"><a class=\"wp-block-button__link wp-element-button\" href=\"https:\/\/outlook.office365.com\/owa\/calendar\/Tnustamiskeskus-Bookings@TartuUlikool.onmicrosoft.com\/bookings\/?skipRedirect=1\" target=\"_blank\" rel=\"noreferrer noopener\">Broneeri aeg karj\u00e4\u00e4rin\u00f5ustaja juurde<\/a><\/div>\n<p><!-- \/wp:button --><\/p>\n\n\t\t\t\t\t\t<\/div>\n\t\t\t\t\t<\/div>\n\t\t\t\t<\/div>\n\t\t\t\t\t<\/div>\n\t<\/div>\n","protected":false},"excerpt":{"rendered":"<p>T\u00f6\u00f6 otsimine on sageli stressirohke: infot, keskkondi ja t\u00f6\u00f6pakkumisi on palju, k\u00fcsimusi on rohkem kui vastuseid. Kuidas eristada olulist infot ebaolulisest ja sobivaid pakkumisi sobimatutest? Kuidas end n\u00e4htavaks teha ja kandideerida? Mida peab teadma ja tegema? Soovitud t\u00f6\u00f6kohani on lihtsam &#8230;<\/p>\n","protected":false},"author":346,"featured_media":0,"parent":0,"menu_order":2,"comment_status":"closed","ping_status":"closed","template":"","meta":{"_acf_changed":false,"inline_featured_image":false,"footnotes":""},"class_list":["post-1035","page","type-page","status-publish","hentry"],"acf":[],"_links":{"self":[{"href":"https:\/\/sisu.ut.ee\/karjaarivarav\/wp-json\/wp\/v2\/pages\/1035","targetHints":{"allow":["GET"]}}],"collection":[{"href":"https:\/\/sisu.ut.ee\/karjaarivarav\/wp-json\/wp\/v2\/pages"}],"about":[{"href":"https:\/\/sisu.ut.ee\/karjaarivarav\/wp-json\/wp\/v2\/types\/page"}],"author":[{"embeddable":true,"href":"https:\/\/sisu.ut.ee\/karjaarivarav\/wp-json\/wp\/v2\/users\/346"}],"replies":[{"embeddable":true,"href":"https:\/\/sisu.ut.ee\/karjaarivarav\/wp-json\/wp\/v2\/comments?post=1035"}],"version-history":[{"count":4,"href":"https:\/\/sisu.ut.ee\/karjaarivarav\/wp-json\/wp\/v2\/pages\/1035\/revisions"}],"predecessor-version":[{"id":1209,"href":"https:\/\/sisu.ut.ee\/karjaarivarav\/wp-json\/wp\/v2\/pages\/1035\/revisions\/1209"}],"wp:attachment":[{"href":"https:\/\/sisu.ut.ee\/karjaarivarav\/wp-json\/wp\/v2\/media?parent=1035"}],"curies":[{"name":"wp","href":"https:\/\/api.w.org\/{rel}","templated":true}]}}