{"id":1014,"date":"2024-07-09T10:42:51","date_gmt":"2024-07-09T07:42:51","guid":{"rendered":"https:\/\/sisu.ut.ee\/karjaarivarav\/?page_id=1014"},"modified":"2024-07-10T10:58:34","modified_gmt":"2024-07-10T07:58:34","slug":"kuidas-toole-kandideerida","status":"publish","type":"page","link":"https:\/\/sisu.ut.ee\/karjaarivarav\/kuidas-toole-kandideerida\/","title":{"rendered":"Kuidas t\u00f6\u00f6le kandideerida?"},"content":{"rendered":"<div style=\"height:23px\" aria-hidden=\"true\" class=\"wp-block-spacer\"><\/div>\n\n\n\n<figure class=\"wp-block-image alignright size-large is-resized\"><img loading=\"lazy\" decoding=\"async\" width=\"1024\" height=\"900\" src=\"https:\/\/sisu.ut.ee\/wp-content\/uploads\/sites\/644\/Too-otsimine-1024x900.jpg\" alt=\"\" class=\"wp-image-137\" style=\"width:259px;height:auto\" srcset=\"https:\/\/sisu.ut.ee\/wp-content\/uploads\/sites\/644\/Too-otsimine-1024x900.jpg 1024w, https:\/\/sisu.ut.ee\/wp-content\/uploads\/sites\/644\/Too-otsimine-300x264.jpg 300w, https:\/\/sisu.ut.ee\/wp-content\/uploads\/sites\/644\/Too-otsimine-768x675.jpg 768w, https:\/\/sisu.ut.ee\/wp-content\/uploads\/sites\/644\/Too-otsimine-1536x1350.jpg 1536w, https:\/\/sisu.ut.ee\/wp-content\/uploads\/sites\/644\/Too-otsimine-2048x1799.jpg 2048w, https:\/\/sisu.ut.ee\/wp-content\/uploads\/sites\/644\/Too-otsimine-1920x1687.jpg 1920w\" sizes=\"auto, (max-width: 1024px) 100vw, 1024px\"><\/figure>\n\n\n\n<p>Nagu eespool kirjeldatud, algab t\u00f6\u00f6le kandideerimine ammu enne seda, kui Sa dokumendid teele paned. K\u00f5igepealt tasub eneseanal\u00fc\u00fcsi abil teada saada, <a href=\"https:\/\/sisu.ut.ee\/karjaarivarav\/milline-too-mulle-sobib\/\" target=\"_blank\" rel=\"noreferrer noopener\">milline t\u00f6\u00f6 Sulle sobib<\/a>, seej\u00e4rel leida huvipakkuvad v\u00f5imalused ning uurida, kuidas kattuvad Su eelistused ettev\u00f5tte ja t\u00f6\u00f6pakkumises kirjas oleva infoga. Kui Sa otsustad kandideerida, siis tavaliselt oodatakse Sinult j\u00e4rgmisi dokumente:<\/p>\n\n\n\n<ul class=\"wp-block-list\">\n<li><strong>CV<\/strong> <em>(curriculum vitae)<\/em> on elulookirjeldus ehk ametlikul eesm\u00e4rgil kasutatav l\u00fchi\u00fclevaade esmajoones Su \u00f5pingutest ja t\u00f6\u00f6k\u00e4igust;<\/li>\n\n\n\n<li><strong>kaas- v\u00f5i motivatsioonikiri<\/strong> t\u00e4iendab CV-d ning annab l\u00fchikese ja selge \u00fclevaate Sinu huvist, motivatsioonist, oskustest ja varasematest kogemustest.<\/li>\n<\/ul>\n\n\n\n<p>CV ja kaas- v\u00f5i motivatsioonikiri on \u00fcksteist t\u00e4iendavad kandideerimisdokumendid, mis peavad alati olema kohandatud konkreetse t\u00f6\u00f6pakkumise j\u00e4rgi. Kui t\u00f6\u00f6andja on andnud lisajuhiseid selle kohta, mida ta t\u00e4pselt soovib kandideerimisdokumentides n\u00e4ha, j\u00e4rgi neid kindlasti.<\/p>\n\n\n<div class=\"accordion-block mb-3\">\n\t\t<div class=\"accordion \" id=\"accordion-accordion-69da4d84e9a0b\">\n\t\t\t\t\t\t\t<div class=\"accordion-item accordion-item--blue\">\n\t\t\t\t\t<h2 class=\"accordion-header\" id=\"accordion-69da4d84e9a0b-heading-1\">\n\t\t\t\t\t\t<button class=\"accordion-button collapsed\" type=\"button\" data-bs-toggle=\"collapse\" data-bs-target=\"#accordion-69da4d84e9a0b-collapse-1\" aria-expanded=\"true\" aria-controls=\"accordion-69da4d84e9a0b-collapse-1\">\n\t\t\t\t\t\t\t\u00dcldised soovitused kandideerimisdokumentide koostamiseks\n\t\t\t\t\t\t<\/button>\n\t\t\t\t\t<\/h2>\n\t\t\t\t\t<div id=\"accordion-69da4d84e9a0b-collapse-1\" class=\"accordion-collapse collapse \" aria-labelledby=\"accordion-69da4d84e9a0b-heading-1\">\n\t\t\t\t\t\t<div class=\"accordion-body\">\n\t\t\t\t\t\t\t<p><strong>Kirjuta oma CV ja motivatsioonikiri ise. <\/strong>Abi kasutamine pole iseenesest patt, aga kui k\u00fcsid kaaslase, pereliikme, n\u00f5ustaja soovitusi, siis kaalu saadud n\u00f5uanded hoolega l\u00e4bi ja tee valikud enda j\u00e4rgi. Tehisaru kasutamisel loe saadud tekst alati \u00fcle ja kohanda seda nii, et see iseloomustaks sind k\u00f5ige paremini. Kandideerimisdokumendid peavad olema Sinu n\u00e4gu ja r\u00e4\u00e4kima Sinu lugu selgelt s\u00f5nastatuna nii, et t\u00f6\u00f6andjal oleks lihtne \u00fcles leida need oskused ja kogemused, mida ta sobivas t\u00f6\u00f6tajas otsib.<\/p>\n<p><strong>Keskendu oma tugevatele k\u00fclgedele. <\/strong>Too esile eelk\u00f5ige teadmised, oskused, kogemused, m\u00f5tteviis ja isikuomadused, mis on vajalikud selles ametis, kuhu kandideerid. Pane julgelt kirja oma varasemad t\u00f6\u00f6\u00fclesanded ja saavutused, mis seostuvad kas otse v\u00f5i vajalike \u00fcldoskuste kaudu ametikoha ja t\u00f6\u00f6andja ootustega.<\/p>\n<p><strong>Loo<\/strong><strong> liigendatud \u00fclevaade<\/strong>, mis muudab lugejale info lihtsalt ja kiiresti haaratavaks.<\/p>\n<ul>\n<li>Jaota info l\u00f5ikudesse ja\/v\u00f5i veergudesse, kasuta t\u00e4pploendeid ja alapealkirju.<\/li>\n<li>Jaga konkreetse t\u00f6\u00f6pakkumise seisukohast asjakohast ja olulist teavet.<\/li>\n<li>Kirjuta CV-sse v\u00f5imalikult v\u00e4he jutustavaid lauseid, motivatsioonikirja aga teemal\u00f5ike ja t\u00e4islauseid.<\/li>\n<li>J\u00e4rgi vormistamisel \u00fchtsust.<\/li>\n<\/ul>\n<p><strong>Kasuta selget ja korrektset v\u00e4ljendusviisi. <\/strong>Veendu, et Sinu kirjapandu on asjakohane, v\u00e4ldi liiga detailseid kirjeldusi ja sl\u00e4ngi<em>.<\/em> Kontrolli \u00f5igekirja ja kasuta kirjutamiseks m\u00f5nda levinud fonti.<\/p>\n<p><strong>Mahuta CV \u00fchele-kahele A4 lehek\u00fcljele<\/strong>. Akadeemilised CV-d v\u00f5ivad olla ka pikemad. <strong>Motivatsioonikiri peaks mahtuma \u00fchele A4 lehek\u00fcljele.<\/strong><\/p>\n<p><strong>Nimeta fail korrektselt. <\/strong>Pane kirja oma ees-ja perenimi, ametikoht, millele kandideerid, ja dokumendi nimetus.<\/p>\n<p><strong>Salvesta dokumendid PDF-failina. <\/strong>Sel juhul j\u00e4\u00e4b dokumendi avamisel teises seadmes selle vorming muutumatuks.<\/p>\n<p><strong>Kasuta sobivat e-posti aadressi. <\/strong>T\u00f6\u00f6le kandideerimisel ja \u00fcldises ametlikus suhtluses on kohane kasutada aadressi Eesnimi.perenimi@\u2026 H\u00fc\u00fcd- ja hellitusnimesid sisaldavad e-posti aadressid tasub j\u00e4tta l\u00e4hemasse suhtlusringi.<\/p>\n<p><strong>Loe oma dokumendid alati enne teelepanekut \u00fcle, soovitatavalt kohe mitu korda.<\/strong><\/p>\n<p><strong>Leia v\u00e4hemalt \u00fcks inimene, kes loeb Su dokumendid enne \u00e4rasaatmist l\u00e4bi <\/strong>ja pakub Sulle kinnitust, teist arvamust, esitab soovitusi v\u00f5i k\u00fcsimusi. Tee saadud m\u00e4rkuste p\u00f5hjal vajaduse korral oma dokumentidesse t\u00e4iendusi.<\/p>\n\n\t\t\t\t\t\t<\/div>\n\t\t\t\t\t<\/div>\n\t\t\t\t<\/div>\n\t\t\t\t\t<\/div>\n\t<\/div>\n","protected":false},"excerpt":{"rendered":"<p>Nagu eespool kirjeldatud, algab t\u00f6\u00f6le kandideerimine ammu enne seda, kui Sa dokumendid teele paned. K\u00f5igepealt tasub eneseanal\u00fc\u00fcsi abil teada saada, milline t\u00f6\u00f6 Sulle sobib, seej\u00e4rel leida huvipakkuvad v\u00f5imalused ning uurida, kuidas kattuvad Su eelistused ettev\u00f5tte ja t\u00f6\u00f6pakkumises kirjas oleva infoga. &#8230;<\/p>\n","protected":false},"author":346,"featured_media":0,"parent":0,"menu_order":2,"comment_status":"closed","ping_status":"closed","template":"","meta":{"_acf_changed":false,"inline_featured_image":false,"footnotes":""},"class_list":["post-1014","page","type-page","status-publish","hentry"],"acf":[],"_links":{"self":[{"href":"https:\/\/sisu.ut.ee\/karjaarivarav\/wp-json\/wp\/v2\/pages\/1014","targetHints":{"allow":["GET"]}}],"collection":[{"href":"https:\/\/sisu.ut.ee\/karjaarivarav\/wp-json\/wp\/v2\/pages"}],"about":[{"href":"https:\/\/sisu.ut.ee\/karjaarivarav\/wp-json\/wp\/v2\/types\/page"}],"author":[{"embeddable":true,"href":"https:\/\/sisu.ut.ee\/karjaarivarav\/wp-json\/wp\/v2\/users\/346"}],"replies":[{"embeddable":true,"href":"https:\/\/sisu.ut.ee\/karjaarivarav\/wp-json\/wp\/v2\/comments?post=1014"}],"version-history":[{"count":4,"href":"https:\/\/sisu.ut.ee\/karjaarivarav\/wp-json\/wp\/v2\/pages\/1014\/revisions"}],"predecessor-version":[{"id":1043,"href":"https:\/\/sisu.ut.ee\/karjaarivarav\/wp-json\/wp\/v2\/pages\/1014\/revisions\/1043"}],"wp:attachment":[{"href":"https:\/\/sisu.ut.ee\/karjaarivarav\/wp-json\/wp\/v2\/media?parent=1014"}],"curies":[{"name":"wp","href":"https:\/\/api.w.org\/{rel}","templated":true}]}}