{"id":10,"date":"2024-04-04T08:52:35","date_gmt":"2024-04-04T05:52:35","guid":{"rendered":"https:\/\/sisu.ut.ee\/karjaarivarav\/avaleht\/"},"modified":"2025-04-24T16:17:53","modified_gmt":"2025-04-24T13:17:53","slug":"avaleht","status":"publish","type":"page","link":"https:\/\/sisu.ut.ee\/karjaarivarav\/","title":{"rendered":"Avaleht"},"content":{"rendered":"<figure class=\"wp-block-image aligncenter is-resized\"><img loading=\"lazy\" decoding=\"async\" width=\"1920\" height=\"1080\" src=\"https:\/\/sisu.ut.ee\/wp-content\/uploads\/sites\/644\/taburet.jpg\" alt=\"Taburet\" class=\"wp-image-36\" style=\"width:764px;height:auto\" title=\"taburet.jpg\" srcset=\"https:\/\/sisu.ut.ee\/wp-content\/uploads\/sites\/644\/taburet.jpg 1920w, https:\/\/sisu.ut.ee\/wp-content\/uploads\/sites\/644\/taburet-300x169.jpg 300w, https:\/\/sisu.ut.ee\/wp-content\/uploads\/sites\/644\/taburet-1024x576.jpg 1024w, https:\/\/sisu.ut.ee\/wp-content\/uploads\/sites\/644\/taburet-768x432.jpg 768w, https:\/\/sisu.ut.ee\/wp-content\/uploads\/sites\/644\/taburet-1536x864.jpg 1536w\" sizes=\"auto, (max-width: 1920px) 100vw, 1920px\"><figcaption class=\"wp-element-caption\">Autor: Signe Oidekivi<\/figcaption><\/figure>\n\n\n\n<p class=\"has-extra-large-font-size\"><strong>Tere tulemast karj\u00e4\u00e4riv\u00e4rava kodulehele!\u00a0<\/strong><\/p>\n\n\n\n<p>Soovime, et kasutaksid oma \u00fclikoolikogemust enda tundma\u00f5ppimiseks, enese t\u00e4iendamiseks ja edasise t\u00f6\u00f6elu planeerimiseks. Et olla Sulle selle juures toeks, oleme siia koondanud Sinu \u00f5piteekonda ja karj\u00e4\u00e4ri planeerimist toetavat infot ja soovitusi.\u00a0<\/p>\n\n\n\n<p>Karj\u00e4\u00e4r on inimesele rahuldust pakkuv t\u00f6\u00f6alane eneseteostus. Karj\u00e4\u00e4ri planeerimine t\u00e4hendab oma elu juhtimist ja teadlike valikute tegemist. Selleks on vaja tunda iseennast, otsida ja uurida v\u00f5imalusi, osata kavandada, otsustada ja tegutseda.\u00a0<\/p>\n\n\n\n<figure class=\"wp-block-table\"><table class=\"table table-hover\"><tbody><tr><td><strong>Enesetundmine:<\/strong> edukateks \u00f5pinguteks ja t\u00f6\u00f6eluks on oluline tunda oma vajadusi, v\u00f5imeid ja oskusi, huvisid ja isikuomadusi, v\u00e4\u00e4rtusi ja piiranguid.<br><strong>V\u00f5imaluste uurimine<\/strong>: on hea olla teadlik eri \u00f5ppimis-, t\u00f6\u00f6tamis- ja tegutsemisv\u00f5imalustest, samuti haridus- ja t\u00f6\u00f6maailma seostest ning suundumustest. Kust seda infot otsida? Kes saab selle juures abiks olla?<br><strong>Planeerimine:<\/strong> ennast tundes ja eri v\u00f5imalusi teades saab seada eesm\u00e4rgid, teha endale meelep\u00e4rased valikud ja otsused ning koostada aja- ja tegevuskava oma elu teadlikuks juhtimiseks.<br><strong>Tegutsemine: <\/strong>kui plaan paigas, on seda v\u00f5imalik hakata ellu viima ja kui vaja, siis kohandada v\u00f5i muuta.\u00a0<\/td><\/tr><\/tbody><\/table><\/figure>\n\n\n\n<p>Oma karj\u00e4\u00e4ri kujundamine on pidev protsess, sest muutumises oleme nii ise koos oma eesm\u00e4rkide ja plaanidega kui ka maailm meie \u00fcmber.\u00a0<\/p>\n","protected":false},"excerpt":{"rendered":"<p>Tere tulemast karj\u00e4\u00e4riv\u00e4rava kodulehele!\u00a0 Soovime, et kasutaksid oma \u00fclikoolikogemust enda tundma\u00f5ppimiseks, enese t\u00e4iendamiseks ja edasise t\u00f6\u00f6elu planeerimiseks. Et olla Sulle selle juures toeks, oleme siia koondanud Sinu \u00f5piteekonda ja karj\u00e4\u00e4ri planeerimist toetavat infot ja soovitusi.\u00a0 Karj\u00e4\u00e4r on inimesele rahuldust pakkuv &#8230;<\/p>\n","protected":false},"author":228,"featured_media":0,"parent":0,"menu_order":0,"comment_status":"closed","ping_status":"closed","template":"","meta":{"_acf_changed":false,"inline_featured_image":false,"footnotes":""},"class_list":["post-10","page","type-page","status-publish","hentry"],"acf":[],"_links":{"self":[{"href":"https:\/\/sisu.ut.ee\/karjaarivarav\/wp-json\/wp\/v2\/pages\/10","targetHints":{"allow":["GET"]}}],"collection":[{"href":"https:\/\/sisu.ut.ee\/karjaarivarav\/wp-json\/wp\/v2\/pages"}],"about":[{"href":"https:\/\/sisu.ut.ee\/karjaarivarav\/wp-json\/wp\/v2\/types\/page"}],"author":[{"embeddable":true,"href":"https:\/\/sisu.ut.ee\/karjaarivarav\/wp-json\/wp\/v2\/users\/228"}],"replies":[{"embeddable":true,"href":"https:\/\/sisu.ut.ee\/karjaarivarav\/wp-json\/wp\/v2\/comments?post=10"}],"version-history":[{"count":32,"href":"https:\/\/sisu.ut.ee\/karjaarivarav\/wp-json\/wp\/v2\/pages\/10\/revisions"}],"predecessor-version":[{"id":1617,"href":"https:\/\/sisu.ut.ee\/karjaarivarav\/wp-json\/wp\/v2\/pages\/10\/revisions\/1617"}],"wp:attachment":[{"href":"https:\/\/sisu.ut.ee\/karjaarivarav\/wp-json\/wp\/v2\/media?parent=10"}],"curies":[{"name":"wp","href":"https:\/\/api.w.org\/{rel}","templated":true}]}}