{"id":1126,"date":"2024-04-04T08:52:36","date_gmt":"2024-04-04T05:52:36","guid":{"rendered":"https:\/\/sisu.ut.ee\/karjaarivarav\/?page_id=1126"},"modified":"2025-04-24T16:12:27","modified_gmt":"2025-04-24T13:12:27","slug":"sustainable-mindset","status":"publish","type":"page","link":"https:\/\/sisu.ut.ee\/karjaarivarav\/en\/sustainable-mindset\/","title":{"rendered":"Sustainable mindset"},"content":{"rendered":"<div style=\"height:16px\" aria-hidden=\"true\" class=\"wp-block-spacer\"><\/div>\n\n\n\n<div class=\"wp-block-buttons is-layout-flex wp-block-buttons-is-layout-flex\">\n<div class=\"wp-block-button\"><a class=\"wp-block-button__link wp-element-button\" style=\"padding-top:var(--wp--preset--spacing--20);padding-bottom:var(--wp--preset--spacing--20)\">understanding the essence of sustainable development<\/a><\/div>\n\n\n\n<div class=\"wp-block-button\"><a class=\"wp-block-button__link wp-element-button\" style=\"padding-top:var(--wp--preset--spacing--20);padding-bottom:var(--wp--preset--spacing--20)\">evaluating the impact of your actions<\/a><\/div>\n\n\n\n<div class=\"wp-block-button\"><a class=\"wp-block-button__link wp-element-button\" style=\"padding-top:var(--wp--preset--spacing--20);padding-bottom:var(--wp--preset--spacing--20)\">forward-looking mentality<\/a><\/div>\n<\/div>\n\n\n\n<div style=\"height:16px\" aria-hidden=\"true\" class=\"wp-block-spacer\"><\/div>\n\n\n\n<figure class=\"wp-block-image alignright size-large is-resized\"><img loading=\"lazy\" decoding=\"async\" width=\"1024\" height=\"851\" src=\"https:\/\/sisu.ut.ee\/wp-content\/uploads\/sites\/644\/Kestlik-motteviis-1024x851.jpg\" alt=\"\" class=\"wp-image-134\" style=\"width:335px;height:auto\" srcset=\"https:\/\/sisu.ut.ee\/wp-content\/uploads\/sites\/644\/Kestlik-motteviis-1024x851.jpg 1024w, https:\/\/sisu.ut.ee\/wp-content\/uploads\/sites\/644\/Kestlik-motteviis-300x249.jpg 300w, https:\/\/sisu.ut.ee\/wp-content\/uploads\/sites\/644\/Kestlik-motteviis-768x638.jpg 768w, https:\/\/sisu.ut.ee\/wp-content\/uploads\/sites\/644\/Kestlik-motteviis-1536x1276.jpg 1536w, https:\/\/sisu.ut.ee\/wp-content\/uploads\/sites\/644\/Kestlik-motteviis-2048x1701.jpg 2048w, https:\/\/sisu.ut.ee\/wp-content\/uploads\/sites\/644\/Kestlik-motteviis-1920x1595.jpg 1920w\" sizes=\"auto, (max-width: 1024px) 100vw, 1024px\"><figcaption class=\"wp-element-caption\">Author: K\u00e4triin S\u00e4de<\/figcaption><\/figure>\n\n\n\n<p><strong>A sustainable mindset involves the ability to assess and manage the wider impacts of one\u2019s actions on the environment, health and cultural sustainability. <\/strong>A sustainably thinking and functioning person understands the limits of the Earth\u2019s carrying capacity, can analyse the need to conserve the natural environment, achieve social well-being and justice, and propose solutions. As a professional and as a citizen, they can act in ways that reduce negative and increase positive environmental impacts and shape a more sustainable society. They are able to critically analyse how to work towards the sustainable development goals in their chosen field.<br><br>Sustainability requires cross-disciplinary thinking, i.e. the ability to find and use methods and knowledge outside one\u2019s own discipline and to make connections between them. A sustainability advocate is aware of value-based and other ways of thinking about human society and the natural environment.<br><br>Someone with a sustainable mindset knows how and dares to act for a better future. Forward-looking means, among other things, the ability to adapt to technological and other changes.<\/p>\n\n\n\n<figure class=\"wp-block-table\"><table class=\"table table-hover\"><tbody><tr><td><strong>A moment of reflection:\u00a0<\/strong>What is a good life and what does it take? Recall the great inventions that have influenced humankind and think about how our modern way of life depends on them. How much energy and other resources do we need to live our normal lives? How many people are out of reach of this level of well-being? What big, global changes are you aware of? How do they affect us here, now and in the future?<br>What can you do to adapt to climate change, halt biodiversity loss and resource depletion, and cope with increasing migratory pressures from areas where extreme temperatures and water scarcity make living impossible?<\/td><\/tr><\/tbody><\/table><\/figure>\n\n\n\n<p class=\"has-extra-large-font-size\"><strong>Inspiratsiooni tegutsemiseks<\/strong><\/p>\n\n\n\n<div class=\"wp-block-columns is-layout-flex wp-container-core-columns-is-layout-9d6595d7 wp-block-columns-is-layout-flex\">\n<div class=\"wp-block-column is-layout-flow wp-block-column-is-layout-flow\"><div class=\"accordion-block mb-3\">\n\t\t<div class=\"accordion \" id=\"accordion-accordion-69da6eb98cd65\">\n\t\t\t\t\t\t\t<div class=\"accordion-item accordion-item--blue\">\n\t\t\t\t\t<h2 class=\"accordion-header\" id=\"accordion-69da6eb98cd65-heading-1\">\n\t\t\t\t\t\t<button class=\"accordion-button collapsed\" type=\"button\" data-bs-toggle=\"collapse\" data-bs-target=\"#accordion-69da6eb98cd65-collapse-1\" aria-expanded=\"true\" aria-controls=\"accordion-69da6eb98cd65-collapse-1\">\n\t\t\t\t\t\t\tSmall steps\n\t\t\t\t\t\t<\/button>\n\t\t\t\t\t<\/h2>\n\t\t\t\t\t<div id=\"accordion-69da6eb98cd65-collapse-1\" class=\"accordion-collapse collapse \" aria-labelledby=\"accordion-69da6eb98cd65-heading-1\">\n\t\t\t\t\t\t<div class=\"accordion-body\">\n\t\t\t\t\t\t\t<ul>\n<li>Think about what basic <a href=\"https:\/\/www.youtube.com\/watch?v=FyT9TMlzC6s\">human needs<\/a> are, and how they can be redefined into more sustainable solutions.<\/li>\n<li>Explore <a href=\"https:\/\/www.youtube.com\/watch?v=bbrYODvkvGk\">simple suggestions<\/a> to promote sustainability. Can you come up with some ideas to consider in your future behaviour and choices?<\/li>\n<li>Find out where the products you consume every day come from. How can we support local producers and shorter supply chains that respect the environment?<\/li>\n<li>Find out what <a href=\"https:\/\/overshoot.footprintnetwork.org\/about-earth-overshoot-day\/\">Earth Overshoot Day<\/a> is about and what date it fell on this year.<\/li>\n<li><a href=\"https:\/\/www.footprintcalculator.org\/home\/en\">Calculate your ecological footprint<\/a>. How many planets of resources are needed to continue your current consumption patterns?<\/li>\n<li>See how man\u2019s relationship with nature has been addressed through <a href=\"https:\/\/www.youtube.com\/watch?v=WfGMYdalClU\">black humour<\/a>.<\/li>\n<\/ul>\n\n\t\t\t\t\t\t<\/div>\n\t\t\t\t\t<\/div>\n\t\t\t\t<\/div>\n\t\t\t\t\t<\/div>\n\t<\/div>\n<\/div>\n\n\n\n<div class=\"wp-block-column is-layout-flow wp-block-column-is-layout-flow\"><div class=\"accordion-block mb-3\">\n\t\t<div class=\"accordion \" id=\"accordion-accordion-69da6eb98d23b\">\n\t\t\t\t\t\t\t<div class=\"accordion-item accordion-item--blue\">\n\t\t\t\t\t<h2 class=\"accordion-header\" id=\"accordion-69da6eb98d23b-heading-1\">\n\t\t\t\t\t\t<button class=\"accordion-button collapsed\" type=\"button\" data-bs-toggle=\"collapse\" data-bs-target=\"#accordion-69da6eb98d23b-collapse-1\" aria-expanded=\"true\" aria-controls=\"accordion-69da6eb98d23b-collapse-1\">\n\t\t\t\t\t\t\tBig steps\n\t\t\t\t\t\t<\/button>\n\t\t\t\t\t<\/h2>\n\t\t\t\t\t<div id=\"accordion-69da6eb98d23b-collapse-1\" class=\"accordion-collapse collapse \" aria-labelledby=\"accordion-69da6eb98d23b-heading-1\">\n\t\t\t\t\t\t<div class=\"accordion-body\">\n\t\t\t\t\t\t\t<ul>\n<li>Check out the UN <a href=\"https:\/\/sdgs.un.org\/goals\">Sustainable Development Goals (SDGs)<\/a> and see <a href=\"https:\/\/dashboards.sdgindex.org\/profiles\/estonia\">Estonia\u2019s progress<\/a> towards them.<\/li>\n<li>Explore possible <a href=\"https:\/\/www.cscp.org\/wp-content\/uploads\/2016\/05\/Scenarios-for-Sustainanle-Lifestyles_2050.pdf\">future scenarios<\/a> and think about which one you would choose and how you would act to achieve it.<\/li>\n<li>To find out whether the Estonian way of life fits within Earth\u2019s quantitative limits, see the concept of <a href=\"https:\/\/roheline.ee\/wp-content\/uploads\/Planetaarsete-piiride-kontseptsioon_SEI-aruanne-1.pdf\">Planetary Boundaries<\/a> (in Estonian).<\/li>\n<li>Get involved in non-profit organisations promoting sustainable thinking, e.g. MT\u00dc Mondo, MT\u00dc Arengukoost\u00f6\u00f6 \u00dcmarlaud, Eesti Roheline Liikumine, and others.<\/li>\n<\/ul>\n\n\t\t\t\t\t\t<\/div>\n\t\t\t\t\t<\/div>\n\t\t\t\t<\/div>\n\t\t\t\t\t<\/div>\n\t<\/div>\n<\/div>\n<\/div>\n\n\n<div class=\"accordion-block mb-3\">\n\t\t<div class=\"accordion \" id=\"accordion-accordion-69da6eb98d563\">\n\t\t\t\t\t\t\t<div class=\"accordion-item accordion-item--white\">\n\t\t\t\t\t<h2 class=\"accordion-header\" id=\"accordion-69da6eb98d563-heading-1\">\n\t\t\t\t\t\t<button class=\"accordion-button collapsed\" type=\"button\" data-bs-toggle=\"collapse\" data-bs-target=\"#accordion-69da6eb98d563-collapse-1\" aria-expanded=\"true\" aria-controls=\"accordion-69da6eb98d563-collapse-1\">\n\t\t\t\t\t\t\tOpportunities for self-improvement\n\t\t\t\t\t\t<\/button>\n\t\t\t\t\t<\/h2>\n\t\t\t\t\t<div id=\"accordion-69da6eb98d563-collapse-1\" class=\"accordion-collapse collapse \" aria-labelledby=\"accordion-69da6eb98d563-heading-1\">\n\t\t\t\t\t\t<div class=\"accordion-body\">\n\t\t\t\t\t\t\t<ul>\n<li><a href=\"https:\/\/ut.ee\/en\/sustainability-topics-in-university-of-tartu-courses\">Courses and traineeship opportunities<\/a> related to sustainable development goals<\/li>\n<\/ul>\n\n\t\t\t\t\t\t<\/div>\n\t\t\t\t\t<\/div>\n\t\t\t\t<\/div>\n\t\t\t\t\t\t\t<div class=\"accordion-item accordion-item--white\">\n\t\t\t\t\t<h2 class=\"accordion-header\" id=\"accordion-69da6eb98d563-heading-2\">\n\t\t\t\t\t\t<button class=\"accordion-button collapsed\" type=\"button\" data-bs-toggle=\"collapse\" data-bs-target=\"#accordion-69da6eb98d563-collapse-2\" aria-expanded=\"true\" aria-controls=\"accordion-69da6eb98d563-collapse-2\">\n\t\t\t\t\t\t\tRecommendations for reading and watching\n\t\t\t\t\t\t<\/button>\n\t\t\t\t\t<\/h2>\n\t\t\t\t\t<div id=\"accordion-69da6eb98d563-collapse-2\" class=\"accordion-collapse collapse \" aria-labelledby=\"accordion-69da6eb98d563-heading-2\">\n\t\t\t\t\t\t<div class=\"accordion-body\">\n\t\t\t\t\t\t\t<ul>\n<li>See the webpage of the University of Tartu <a href=\"https:\/\/kestlikuarengukeskus.ut.ee\/en\">Centre for Sustainable Development<\/a> and the material available.<\/li>\n<li><a href=\"https:\/\/kliimatarkused.ut.ee\/kliimamuutuste-abc\">Study material \u201cClimate change ABC\u201d<\/a> (in Estonian)<\/li>\n<li><a href=\"https:\/\/www.youtube.com\/watch?v=B5NiTN0chj0\">Sustainability explained through animation<\/a><\/li>\n<\/ul>\n\n\t\t\t\t\t\t<\/div>\n\t\t\t\t\t<\/div>\n\t\t\t\t<\/div>\n\t\t\t\t\t<\/div>\n\t<\/div>\n","protected":false},"excerpt":{"rendered":"<p>A sustainable mindset involves the ability to assess and manage the wider impacts of one\u2019s actions on the environment, health and cultural sustainability. A sustainably thinking and functioning person understands the limits of the Earth\u2019s carrying capacity, can analyse the &#8230;<\/p>\n","protected":false},"author":346,"featured_media":0,"parent":0,"menu_order":0,"comment_status":"closed","ping_status":"closed","template":"","meta":{"_acf_changed":false,"inline_featured_image":false,"footnotes":""},"class_list":["post-1126","page","type-page","status-publish","hentry"],"acf":[],"_links":{"self":[{"href":"https:\/\/sisu.ut.ee\/karjaarivarav\/en\/wp-json\/wp\/v2\/pages\/1126","targetHints":{"allow":["GET"]}}],"collection":[{"href":"https:\/\/sisu.ut.ee\/karjaarivarav\/en\/wp-json\/wp\/v2\/pages"}],"about":[{"href":"https:\/\/sisu.ut.ee\/karjaarivarav\/en\/wp-json\/wp\/v2\/types\/page"}],"author":[{"embeddable":true,"href":"https:\/\/sisu.ut.ee\/karjaarivarav\/en\/wp-json\/wp\/v2\/users\/346"}],"replies":[{"embeddable":true,"href":"https:\/\/sisu.ut.ee\/karjaarivarav\/en\/wp-json\/wp\/v2\/comments?post=1126"}],"version-history":[{"count":2,"href":"https:\/\/sisu.ut.ee\/karjaarivarav\/en\/wp-json\/wp\/v2\/pages\/1126\/revisions"}],"predecessor-version":[{"id":1581,"href":"https:\/\/sisu.ut.ee\/karjaarivarav\/en\/wp-json\/wp\/v2\/pages\/1126\/revisions\/1581"}],"wp:attachment":[{"href":"https:\/\/sisu.ut.ee\/karjaarivarav\/en\/wp-json\/wp\/v2\/media?parent=1126"}],"curies":[{"name":"wp","href":"https:\/\/api.w.org\/{rel}","templated":true}]}}